{"id":2506,"date":"2025-07-14T16:25:06","date_gmt":"2025-07-14T19:25:06","guid":{"rendered":"https:\/\/wp.ufpel.edu.br\/cinema\/?page_id=2506"},"modified":"2025-08-25T17:56:06","modified_gmt":"2025-08-25T20:56:06","slug":"coordenacao","status":"publish","type":"page","link":"https:\/\/wp.ufpel.edu.br\/cinema\/coordenacao\/","title":{"rendered":"coordena\u00e7\u00e3o"},"content":{"rendered":"<p>Conhe\u00e7a o <strong>Plano de A\u00e7\u00e3o da Coordena\u00e7\u00e3o<\/strong> do Colegiado dos Cursos de Cinema para o bi\u00eanio 2025-2027 <a href=\"https:\/\/docs.google.com\/document\/d\/1PlWjgWYAzMgfsWpnHskxS8W6nuvnl2aN\/edit?usp=sharing&amp;ouid=117624016406434439638&amp;rtpof=true&amp;sd=true\" target=\"_blank\" rel=\"noopener\">neste link<\/a>. O atendimento da Coordena\u00e7\u00e3o do Colegiado dos Cursos de Cinema <strong>pode ser feito por meio dos canais indicados abaixo:<\/strong><\/p>\n<p><span style=\"color: #2ed6de;\">\u00a0 \u00a0 \u00a0<span style=\"font-size: 18pt;\">PRESENCIAL<\/span><\/span><\/p>\n<span class=\"collapseomatic \" id=\"id69fbbb4cc6855\"  tabindex=\"0\" title=\"\"    ><\/span><div id=\"target-id69fbbb4cc6855\" class=\"collapseomatic_content \">\n<p>\u00c9 poss\u00edvel solicitar um hor\u00e1rio com a coordena\u00e7\u00e3o enviando e-mail para <strong>cinema@ufpel.edu.br<\/strong>, observando os hor\u00e1rios e dias dispon\u00edveis na agenda da coordena\u00e7\u00e3o, dispon\u00edvel abaixo. No e-mail \u00e0 coordena\u00e7\u00e3o, informe seu <strong>nome, assunto, e sugest\u00e3o de dia\/hor\u00e1rio<\/strong>.<\/p>\n\n<!-- iframe plugin v.6.0 wordpress.org\/plugins\/iframe\/ -->\n<iframe loading=\"lazy\" src=\"https:\/\/calendar.google.com\/calendar\/embed?src=cintialangie%40gmail.com&#038;ctz=America%2FSao_Paulo&#038;showPrint=0&#038;showNav=0&#038;showTabs=0&#038;showCalendars=0&#038;showTz=0&#038;mode=WEEK&#038;hl=pt_BR\" style=\"border-width: 10px; border-color: rgb(240 244 249); \" width=\"100%\" height=\"400\" frameborder=\"0\" scrolling=\"no\" class=\"iframe-class\"><\/iframe>\n\n<\/div>\n<p><span style=\"color: #2ed6de;\">\u00a0 \u00a0 \u00a0<span style=\"font-size: 18pt;\">PONTO DE ESCUTA<\/span><\/span><\/p>\n<span class=\"collapseomatic \" id=\"id69fbbb4cc6a97\"  tabindex=\"0\" title=\"\"    ><\/span><div id=\"target-id69fbbb4cc6a97\" class=\"collapseomatic_content \">\n<p>O Ponto de Escuta \u00e9 um formul\u00e1rio online <a href=\"https:\/\/wp.ufpel.edu.br\/cinema\/escuta\/\" target=\"_blank\" rel=\"noopener\">dispon\u00edvel neste link<\/a> e criado como um <strong>canal de escuta ativa diretamente e exclusivamente com a coordena\u00e7\u00e3o<\/strong> para ouvir demandas, inquieta\u00e7\u00f5es, sugest\u00f5es e quest\u00f5es sens\u00edveis, buscando sempre melhorias para o funcionamento dos cursos.<\/p>\n<\/div>\n","protected":false},"excerpt":{"rendered":"<p>Conhe\u00e7a o Plano de A\u00e7\u00e3o da Coordena\u00e7\u00e3o do Colegiado dos Cursos de Cinema para o bi\u00eanio 2025-2027 neste link. O atendimento da Coordena\u00e7\u00e3o do Colegiado dos Cursos de Cinema pode ser feito por meio dos canais indicados abaixo: \u00a0 \u00a0&#8230; <a class=\"more-link\" href=\"https:\/\/wp.ufpel.edu.br\/cinema\/coordenacao\/\">Continue lendo &rarr;<\/a><\/p>\n","protected":false},"author":573,"featured_media":0,"parent":0,"menu_order":0,"comment_status":"closed","ping_status":"closed","template":"template-fullwidth.php","meta":{"footnotes":""},"class_list":["post-2506","page","type-page","status-publish","hentry"],"_links":{"self":[{"href":"https:\/\/wp.ufpel.edu.br\/cinema\/wp-json\/wp\/v2\/pages\/2506","targetHints":{"allow":["GET"]}}],"collection":[{"href":"https:\/\/wp.ufpel.edu.br\/cinema\/wp-json\/wp\/v2\/pages"}],"about":[{"href":"https:\/\/wp.ufpel.edu.br\/cinema\/wp-json\/wp\/v2\/types\/page"}],"author":[{"embeddable":true,"href":"https:\/\/wp.ufpel.edu.br\/cinema\/wp-json\/wp\/v2\/users\/573"}],"replies":[{"embeddable":true,"href":"https:\/\/wp.ufpel.edu.br\/cinema\/wp-json\/wp\/v2\/comments?post=2506"}],"version-history":[{"count":4,"href":"https:\/\/wp.ufpel.edu.br\/cinema\/wp-json\/wp\/v2\/pages\/2506\/revisions"}],"predecessor-version":[{"id":2548,"href":"https:\/\/wp.ufpel.edu.br\/cinema\/wp-json\/wp\/v2\/pages\/2506\/revisions\/2548"}],"wp:attachment":[{"href":"https:\/\/wp.ufpel.edu.br\/cinema\/wp-json\/wp\/v2\/media?parent=2506"}],"curies":[{"name":"wp","href":"https:\/\/api.w.org\/{rel}","templated":true}]}}