{"id":2450,"date":"2025-07-09T16:10:26","date_gmt":"2025-07-09T19:10:26","guid":{"rendered":"https:\/\/wp.ufpel.edu.br\/cinema\/?page_id=2450"},"modified":"2026-03-10T16:49:27","modified_gmt":"2026-03-10T19:49:27","slug":"chaves","status":"publish","type":"page","link":"https:\/\/wp.ufpel.edu.br\/cinema\/chaves\/","title":{"rendered":"salas e chaves"},"content":{"rendered":"<div style=\"background-color: #f5e7e7; width: 100%; margin: 20px 0 20px 0; height: 100%; padding: 1rem; border: 3.5px dashed #f193a7; color: #a43f54;\">\n<p>\u25ba O <strong>formul\u00e1rio<\/strong> de solicita\u00e7\u00e3o de salas e chaves que econtrava-se neste endere\u00e7o <strong>foi desativado<\/strong>. Veja <strong>nos itens abaixo os procedimentos atuais para solicita\u00e7\u00e3o de salas e acesso<\/strong> (chaves) para atividades vinculadas aos Cursos de Cinema:<\/p>\n<\/div>\n<p><span style=\"color: #999999;\">\u25ba acesse [+] para expandir os t\u00f3picos<\/span><\/p>\n<p><span style=\"color: #2ed6de;\">\u00a0 \u00a0 \u00a0<span style=\"font-size: 18pt;\">COMO SOLICITAR<\/span><\/span><\/p>\n<span class=\"collapseomatic \" id=\"id69fb1562a1057\"  tabindex=\"0\" title=\"\"    ><\/span><div id=\"target-id69fb1562a1057\" class=\"collapseomatic_content \">\n<p>\u25ba Para atividades vinculadas \u00e0s disciplinas (como casting, ensaios e di\u00e1rias de curta-metragens), o pedido de sala deve ser feito <strong>diretamente ao(\u00e0) professor(a) da disciplina respons\u00e1vel pela orienta\u00e7\u00e3o da atividade<\/strong>, <strong>preferencialmente por e-mail<\/strong>.<\/p>\n<p>\u25ba Para atividades independentes, extracurriculares ou outras demandas espec\u00edficas, a solicita\u00e7\u00e3o deve ser feita para o(a)<strong> professor(a) envolvido(a)<\/strong> com a atividade ou \u00e0 pr\u00f3pria <strong>coordena\u00e7\u00e3o dos cursos<\/strong>, <strong>tamb\u00e9m preferencialmente por e-mail<\/strong>.<\/p>\n<p>\u25ba Consulte o <a href=\"https:\/\/wp.ufpel.edu.br\/ca\/salas\/\" target=\"_blank\" rel=\"noopener\">Mapa de Salas do CA<\/a> para ver a disponibilidade da sala antes de solicitar reserva. <strong>Salas com possibilidades de reserva est\u00e3o listadas no item abaixo (salas dispon\u00edveis).<\/strong><\/p>\n<p>\u25ba Caso a\/o <strong>docente n\u00e3o saiba como proceder<\/strong> para realizar o agendamento, <a href=\"https:\/\/youtu.be\/qOc1Osfr3vg\" target=\"_blank\" rel=\"noopener\">indique o tutorial dispon\u00edvel neste link.<\/a><\/p>\n<p><span style=\"color: #999999;\">\u25bc Para atividades programadas para s\u00e1bado veja as informa\u00e7\u00f5es abaixo. <strong>N\u00e3o \u00e9 poss\u00edvel usar espa\u00e7os do CA aos domingos e feriados.<\/strong><\/span><\/p>\n<\/div>\n<p><span style=\"color: #2ed6de;\">\u00a0 \u00a0 \u00a0<span style=\"font-size: 18pt;\">SALAS DISPON\u00cdVEIS<\/span><\/span><\/p>\n<span class=\"collapseomatic \" id=\"id69fb1562a10ec\"  tabindex=\"0\" title=\"\"    ><\/span><div id=\"target-id69fb1562a10ec\" class=\"collapseomatic_content \">\n<p>Para conhecer a estrutura, veja as imagens das salas <a href=\"https:\/\/wp.ufpel.edu.br\/ca\/salas\/\" target=\"_blank\" rel=\"noopener\">neste link<\/a>. Salas dispon\u00edveis para agendamento dos estudantes dos cursos de Cinema s\u00e3o <strong>estritamente as indicadas abaixo:<\/strong><\/p>\n<table style=\"border-collapse: collapse; width: 100%;\" border=\"1\">\n<tbody>\n<tr>\n<td style=\"width: 50%;\" colspan=\"2\"><strong>Bloco 1 (Rua Alberto Rosa)<\/strong><\/td>\n<td style=\"width: 50%;\" colspan=\"2\"><strong>Bloco 2 (Rua \u00c1lvaro Chaves)<\/strong><\/td>\n<\/tr>\n<tr>\n<td style=\"width: 9.43154%;\"><strong>AR 02<\/strong><\/td>\n<td style=\"width: 40.5685%;\">Sala Multiuso<\/td>\n<td style=\"width: 9.14191%;\"><strong>AC 101<\/strong><\/td>\n<td style=\"width: 40.8581%;\">Laborat\u00f3rio Digital (PC)<\/td>\n<\/tr>\n<tr>\n<td style=\"width: 9.43154%;\"><strong>AR 204<\/strong><\/td>\n<td style=\"width: 40.5685%;\">Sala Te\u00f3rica<\/td>\n<td style=\"width: 9.14191%;\"><strong>AC 202<\/strong><\/td>\n<td style=\"width: 40.8581%;\">Laborat\u00f3rio Desenho\/Fundamentos<\/td>\n<\/tr>\n<tr>\n<td style=\"width: 9.43154%;\"><strong>AR 205<\/strong><\/td>\n<td style=\"width: 40.5685%;\">Sala Te\u00f3rica<\/td>\n<td style=\"width: 9.14191%;\"><strong>AC 203<\/strong><\/td>\n<td style=\"width: 40.8581%;\">Laborat\u00f3rio Digital (Mac)<\/td>\n<\/tr>\n<tr>\n<td style=\"width: 9.43154%;\"><strong>AR 207<\/strong><\/td>\n<td style=\"width: 40.5685%;\">Sala Te\u00f3rica<\/td>\n<td style=\"width: 9.14191%;\"><strong>AC 204<\/strong><\/td>\n<td style=\"width: 40.8581%;\">Laborat\u00f3rio Fotografia Digital<\/td>\n<\/tr>\n<tr>\n<td style=\"width: 9.43154%;\"><strong>AR 208<\/strong><\/td>\n<td style=\"width: 40.5685%;\">Figura Humana <strong>(somente noite)<\/strong><\/td>\n<td style=\"width: 9.14191%;\"><strong>AC 204B<\/strong><\/td>\n<td style=\"width: 40.8581%;\">Est\u00fadio Foto Digital<\/td>\n<\/tr>\n<tr>\n<td style=\"width: 9.43154%;\"><strong>AR 210<\/strong><\/td>\n<td style=\"width: 40.5685%;\">Desenho\/Fundamentos <strong>(somente noite)<\/strong><\/td>\n<td style=\"width: 9.14191%;\"><strong>AC 209<\/strong><\/td>\n<td style=\"width: 40.8581%;\">Laborat\u00f3rio Keying<\/td>\n<\/tr>\n<tr>\n<td style=\"width: 9.43154%;\"><strong>AR 314<\/strong><\/td>\n<td style=\"width: 40.5685%;\">Sala Te\u00f3rica<\/td>\n<td style=\"width: 9.14191%;\"><strong>AC 302<\/strong><\/td>\n<td style=\"width: 40.8581%;\">Laborat\u00f3rio Digital (PC)<\/td>\n<\/tr>\n<tr>\n<td style=\"width: 9.43154%;\"><strong>AR 317<\/strong><\/td>\n<td style=\"width: 40.5685%;\">Sala Te\u00f3rica<\/td>\n<td style=\"width: 9.14191%;\"><strong>AC 303<\/strong><\/td>\n<td style=\"width: 40.8581%;\">Laborat\u00f3rio Digital (PC)<\/td>\n<\/tr>\n<tr>\n<td style=\"width: 9.43154%;\"><strong>AR 318<\/strong><\/td>\n<td style=\"width: 40.5685%;\">Sala Te\u00f3rica<\/td>\n<td style=\"width: 9.14191%;\"><strong>AC 304<\/strong><\/td>\n<td style=\"width: 40.8581%;\">Laborat\u00f3rio Digital (PC)<\/td>\n<\/tr>\n<tr>\n<td style=\"width: 9.43154%;\"><\/td>\n<td style=\"width: 40.5685%;\"><\/td>\n<td style=\"width: 9.14191%;\"><strong>AC 306<\/strong><\/td>\n<td style=\"width: 40.8581%;\">Laborat\u00f3rio Papel e Tela<\/td>\n<\/tr>\n<\/tbody>\n<\/table>\n<\/div>\n<p><span style=\"color: #2ed6de;\">\u00a0 \u00a0 \u00a0<span style=\"font-size: 18pt;\">PRAZOS E CONFIRMA\u00c7\u00d5ES<\/span><\/span><\/p>\n<span class=\"collapseomatic \" id=\"id69fb1562a1119\"  tabindex=\"0\" title=\"\"    ><\/span><div id=\"target-id69fb1562a1119\" class=\"collapseomatic_content \">\n<p>\u25ba As solicita\u00e7\u00f5es devem ser feitas com <strong>no m\u00ednimo 7 dias de anteced\u00eancia<\/strong>, para que o(a) professor(a) possa realizar e confirmar a reserva.<\/p>\n<p>\u25ba Ap\u00f3s a confirma\u00e7\u00e3o, n\u00e3o ser\u00e3o permitidas trocas de dias ou hor\u00e1rios.<\/p>\n<p>\u25ba <strong>N\u00e3o \u00e9 recomend\u00e1vel<\/strong> solicitar libera\u00e7\u00e3o de salas <strong>diretamente na sala dos professores (AC 201)<\/strong>. Esse tipo de abordagem pode gerar desencontro de informa\u00e7\u00f5es e desorganiza\u00e7\u00e3o.<\/p>\n<\/div>\n<p><span style=\"color: #2ed6de;\">\u00a0 \u00a0 \u00a0<span style=\"font-size: 18pt;\">USO AOS S\u00c1BADOS<\/span><\/span><\/p>\n<span class=\"collapseomatic \" id=\"id69fb1562a1139\"  tabindex=\"0\" title=\"\"    ><\/span><div id=\"target-id69fb1562a1139\" class=\"collapseomatic_content \">\n<p>\u25ba Quando houver<strong> necessidade de utilizar salas aos s\u00e1bados<\/strong>, o pedido tamb\u00e9m <strong>dever\u00e1 ser feito ao professor(a) da disciplina respons\u00e1vel<\/strong>, com pelo menos <strong>14 dias de anteced\u00eancia e incluindo na solicita\u00e7\u00e3o ao professor(a), feita atrav\u00e9s do e-mail, nome completo e RG de todos os participantes da atividade<\/strong>. Essas informa\u00e7\u00f5es s\u00e3o exig\u00eancia da NUSEG\/UFPEL para a libera\u00e7\u00e3o de uso fora do hor\u00e1rio regular e exigem prazo de tramita\u00e7\u00e3o para libera\u00e7\u00e3o.<\/p>\n<p>\u25ba A\/o docente <strong>dever\u00e1 primeiro preencher uma autoriza\u00e7\u00e3o de uso e chaves<\/strong>, como \u00e9 feito em dias \u00fateis, <a href=\"https:\/\/youtu.be\/qOc1Osfr3vg\" target=\"_blank\" rel=\"noopener\">seguindo este tutorial caso n\u00e3o saiba<\/a>. <strong>Ap\u00f3s dever\u00e1 abrir no SEI\/UFPEL um pedido de acesso aos s\u00e1bados que ser\u00e1 encaminhado ao NUSEG<\/strong> e avisar a secretaria do CA. Caso a\/o docente n\u00e3o saiba como fazer, <a href=\"https:\/\/youtu.be\/_CvOBhyn4es\" target=\"_blank\" rel=\"noopener\">indique este tutorial que mostra o procedimento<\/a>.<\/p>\n<p>\u25ba <strong>N\u00e3o \u00e9 poss\u00edvel agendar espa\u00e7os aos domingos e feriados.<\/strong> Alguns s\u00e1bados<strong> tamb\u00e9m podem ficar indispon\u00edveis para agendamento<\/strong>, a depender do funcionamento da portaria do CA. Na d\u00favida, consulte a coordena\u00e7\u00e3o dos cursos.<\/p>\n<\/div>\n","protected":false},"excerpt":{"rendered":"<p>\u25ba O formul\u00e1rio de solicita\u00e7\u00e3o de salas e chaves que econtrava-se neste endere\u00e7o foi desativado. Veja nos itens abaixo os procedimentos atuais para solicita\u00e7\u00e3o de salas e acesso (chaves) para atividades vinculadas aos Cursos de Cinema: \u25ba acesse [+] para&#8230; <a class=\"more-link\" href=\"https:\/\/wp.ufpel.edu.br\/cinema\/chaves\/\">Continue lendo &rarr;<\/a><\/p>\n","protected":false},"author":573,"featured_media":0,"parent":0,"menu_order":0,"comment_status":"closed","ping_status":"closed","template":"template-fullwidth.php","meta":{"footnotes":""},"class_list":["post-2450","page","type-page","status-publish","hentry"],"_links":{"self":[{"href":"https:\/\/wp.ufpel.edu.br\/cinema\/wp-json\/wp\/v2\/pages\/2450","targetHints":{"allow":["GET"]}}],"collection":[{"href":"https:\/\/wp.ufpel.edu.br\/cinema\/wp-json\/wp\/v2\/pages"}],"about":[{"href":"https:\/\/wp.ufpel.edu.br\/cinema\/wp-json\/wp\/v2\/types\/page"}],"author":[{"embeddable":true,"href":"https:\/\/wp.ufpel.edu.br\/cinema\/wp-json\/wp\/v2\/users\/573"}],"replies":[{"embeddable":true,"href":"https:\/\/wp.ufpel.edu.br\/cinema\/wp-json\/wp\/v2\/comments?post=2450"}],"version-history":[{"count":4,"href":"https:\/\/wp.ufpel.edu.br\/cinema\/wp-json\/wp\/v2\/pages\/2450\/revisions"}],"predecessor-version":[{"id":2711,"href":"https:\/\/wp.ufpel.edu.br\/cinema\/wp-json\/wp\/v2\/pages\/2450\/revisions\/2711"}],"wp:attachment":[{"href":"https:\/\/wp.ufpel.edu.br\/cinema\/wp-json\/wp\/v2\/media?parent=2450"}],"curies":[{"name":"wp","href":"https:\/\/api.w.org\/{rel}","templated":true}]}}