{"id":226,"date":"2021-01-11T08:03:51","date_gmt":"2021-01-11T11:03:51","guid":{"rendered":"https:\/\/wp.ufpel.edu.br\/cinema\/?page_id=226"},"modified":"2026-03-11T20:32:12","modified_gmt":"2026-03-11T23:32:12","slug":"cinema-de-animacao","status":"publish","type":"page","link":"https:\/\/wp.ufpel.edu.br\/cinema\/cinema-de-animacao\/","title":{"rendered":"cinema de anima\u00e7\u00e3o"},"content":{"rendered":"<p><span style=\"color: #999999;\">\u25ba acesse [+] para expandir o t\u00f3pico.<\/span><\/p>\n<p><span style=\"font-size: 18pt; color: #2ed6de;\">\u00a0 \u00a0 TOTAIS DO CURSO<\/span><\/p>\n<span class=\"collapseomatic \" id=\"id69fcda7f64fcb\"  tabindex=\"0\" title=\"\"    ><\/span><div id=\"target-id69fcda7f64fcb\" class=\"collapseomatic_content \"><span style=\"display: block; overflow: auto;\"><img loading=\"lazy\" decoding=\"async\" class=\"alignnone size-full wp-image-2719\" src=\"https:\/\/wp.ufpel.edu.br\/cinema\/files\/2026\/03\/grafico_5020-scaled.png\" alt=\"\" width=\"2560\" height=\"1318\" srcset=\"https:\/\/wp.ufpel.edu.br\/cinema\/files\/2026\/03\/grafico_5020-scaled.png 2560w, https:\/\/wp.ufpel.edu.br\/cinema\/files\/2026\/03\/grafico_5020-400x206.png 400w, https:\/\/wp.ufpel.edu.br\/cinema\/files\/2026\/03\/grafico_5020-1024x527.png 1024w, https:\/\/wp.ufpel.edu.br\/cinema\/files\/2026\/03\/grafico_5020-768x395.png 768w, https:\/\/wp.ufpel.edu.br\/cinema\/files\/2026\/03\/grafico_5020-1536x791.png 1536w, https:\/\/wp.ufpel.edu.br\/cinema\/files\/2026\/03\/grafico_5020-2048x1055.png 2048w, https:\/\/wp.ufpel.edu.br\/cinema\/files\/2026\/03\/grafico_5020-600x309.png 600w, https:\/\/wp.ufpel.edu.br\/cinema\/files\/2026\/03\/grafico_5020-945x487.png 945w\" sizes=\"auto, (max-width: 2560px) 100vw, 2560px\" \/><\/span><\/p>\n<\/div>\n<table class=\"dados-cobalto tabela-disciplinas\"><tr><th colspan=\"5\" class=\"tabela-quebra\">1\u00ba Semestre<\/th><\/tr><tr><th>C\u00f3digo<\/th><th>Disciplina \/ Pr\u00e9-requisitos<\/th><th>Car\u00e1ter<\/th><th>Cr.<\/th><th>Horas<\/th><\/tr><tr><td>05001982<\/td><td><a href=\"https:\/\/institucional.ufpel.edu.br\/disciplinas\/id\/52186\" target=\"_blank\">DIRE\u00c7\u00c3O DE ARTE<\/a><\/td><td>Obrigat\u00f3ria<\/td><td>4<\/td><td>60<\/td><\/tr><tr><td>05001986<\/td><td><a href=\"https:\/\/institucional.ufpel.edu.br\/disciplinas\/id\/52190\" target=\"_blank\">FUNDAMENTOS DA ANIMA\u00c7\u00c3O<\/a><\/td><td>Obrigat\u00f3ria<\/td><td>4<\/td><td>60<\/td><\/tr><tr><td>05001983<\/td><td><a href=\"https:\/\/institucional.ufpel.edu.br\/disciplinas\/id\/52187\" target=\"_blank\">FUNDAMENTOS DO DESENHO<\/a><\/td><td>Obrigat\u00f3ria<\/td><td>4<\/td><td>60<\/td><\/tr><tr><td>05001984<\/td><td><a href=\"https:\/\/institucional.ufpel.edu.br\/disciplinas\/id\/52188\" target=\"_blank\">HIST\u00d3RIA DO CINEMA<\/a><\/td><td>Obrigat\u00f3ria<\/td><td>4<\/td><td>60<\/td><\/tr><tr><td>05001985<\/td><td><a href=\"https:\/\/institucional.ufpel.edu.br\/disciplinas\/id\/52189\" target=\"_blank\">IMAGEM DIGITAL<\/a><\/td><td>Obrigat\u00f3ria<\/td><td>4<\/td><td>60<\/td><\/tr><tr><td>05001988<\/td><td><a href=\"https:\/\/institucional.ufpel.edu.br\/disciplinas\/id\/52192\" target=\"_blank\">INTRODU\u00c7\u00c3O AO 3D<\/a><\/td><td>Obrigat\u00f3ria<\/td><td>4<\/td><td>60<\/td><\/tr><tr><td>05001987<\/td><td><a href=\"https:\/\/institucional.ufpel.edu.br\/disciplinas\/id\/52191\" target=\"_blank\">ROTEIRO I<\/a><\/td><td>Obrigat\u00f3ria<\/td><td>4<\/td><td>60<\/td><\/tr><tr><th colspan=\"5\" class=\"tabela-quebra\">2\u00ba Semestre<\/th><\/tr><tr><th>C\u00f3digo<\/th><th>Disciplina \/ Pr\u00e9-requisitos<\/th><th>Car\u00e1ter<\/th><th>Cr.<\/th><th>Horas<\/th><\/tr><tr><td>05001989<\/td><td><a href=\"https:\/\/institucional.ufpel.edu.br\/disciplinas\/id\/52193\" target=\"_blank\">ANIMA\u00c7\u00c3O 2D<\/a><div class=\"tabela-detalhe-info\">05001986 - FUNDAMENTOS DA ANIMA\u00c7\u00c3O<\/div><\/td><td>Obrigat\u00f3ria<\/td><td>8<\/td><td>120<\/td><\/tr><tr><td>05001994<\/td><td><a href=\"https:\/\/institucional.ufpel.edu.br\/disciplinas\/id\/52198\" target=\"_blank\">\u00c1UDIO I<\/a><\/td><td>Obrigat\u00f3ria<\/td><td>3<\/td><td>45<\/td><\/tr><tr><td>05001992<\/td><td><a href=\"https:\/\/institucional.ufpel.edu.br\/disciplinas\/id\/52196\" target=\"_blank\">COMPOSI\u00c7\u00c3O<\/a><div class=\"tabela-detalhe-info\">05001985 - IMAGEM DIGITAL<\/div><\/td><td>Obrigat\u00f3ria<\/td><td>4<\/td><td>60<\/td><\/tr><tr><td>05001990<\/td><td><a href=\"https:\/\/institucional.ufpel.edu.br\/disciplinas\/id\/52194\" target=\"_blank\">DESENHO PARA ANIMA\u00c7\u00c3O<\/a><div class=\"tabela-detalhe-info\">05001983 - FUNDAMENTOS DO DESENHO<\/div><\/td><td>Obrigat\u00f3ria<\/td><td>4<\/td><td>60<\/td><\/tr><tr><td>05001991<\/td><td><a href=\"https:\/\/institucional.ufpel.edu.br\/disciplinas\/id\/52195\" target=\"_blank\">HIST\u00d3RIA DA ANIMA\u00c7\u00c3O<\/a><\/td><td>Obrigat\u00f3ria<\/td><td>4<\/td><td>60<\/td><\/tr><tr><td>05001993<\/td><td><a href=\"https:\/\/institucional.ufpel.edu.br\/disciplinas\/id\/52197\" target=\"_blank\">ROTEIRO II<\/a><div class=\"tabela-detalhe-info\">05001987 - ROTEIRO I<\/div><\/td><td>Obrigat\u00f3ria<\/td><td>4<\/td><td>60<\/td><\/tr><tr><td>05001995<\/td><td><a href=\"https:\/\/institucional.ufpel.edu.br\/disciplinas\/id\/52199\" target=\"_blank\">STORYBOARD E ANIMATIC<\/a><\/td><td>Obrigat\u00f3ria<\/td><td>4<\/td><td>60<\/td><\/tr><tr><th colspan=\"5\" class=\"tabela-quebra\">3\u00ba Semestre<\/th><\/tr><tr><th>C\u00f3digo<\/th><th>Disciplina \/ Pr\u00e9-requisitos<\/th><th>Car\u00e1ter<\/th><th>Cr.<\/th><th>Horas<\/th><\/tr><tr><td>05001999<\/td><td><a href=\"https:\/\/institucional.ufpel.edu.br\/disciplinas\/id\/52203\" target=\"_blank\">ARTE APLICADA<\/a><\/td><td>Obrigat\u00f3ria<\/td><td>4<\/td><td>60<\/td><\/tr><tr><td>05001998<\/td><td><a href=\"https:\/\/institucional.ufpel.edu.br\/disciplinas\/id\/52202\" target=\"_blank\">\u00c1UDIO II<\/a><div class=\"tabela-detalhe-info\">05001994 - \u00c1UDIO I<\/div><\/td><td>Obrigat\u00f3ria<\/td><td>3<\/td><td>45<\/td><\/tr><tr><td>05001996<\/td><td><a href=\"https:\/\/institucional.ufpel.edu.br\/disciplinas\/id\/52200\" target=\"_blank\">DESIGN DE PERSONAGENS<\/a><\/td><td>Obrigat\u00f3ria<\/td><td>4<\/td><td>60<\/td><\/tr><tr><td>05001997<\/td><td><a href=\"https:\/\/institucional.ufpel.edu.br\/disciplinas\/id\/52201\" target=\"_blank\">MODELAGEM 3D<\/a><div class=\"tabela-detalhe-info\">05001988 - INTRODU\u00c7\u00c3O AO 3D<\/div><\/td><td>Obrigat\u00f3ria<\/td><td>8<\/td><td>120<\/td><\/tr><tr><th colspan=\"5\" class=\"tabela-quebra\">4\u00ba Semestre<\/th><\/tr><tr><th>C\u00f3digo<\/th><th>Disciplina \/ Pr\u00e9-requisitos<\/th><th>Car\u00e1ter<\/th><th>Cr.<\/th><th>Horas<\/th><\/tr><tr><td>05002000<\/td><td><a href=\"https:\/\/institucional.ufpel.edu.br\/disciplinas\/id\/52204\" target=\"_blank\">ANIMA\u00c7\u00c3O 3D<\/a><div class=\"tabela-detalhe-info\">05001997 - MODELAGEM 3D<\/div><\/td><td>Obrigat\u00f3ria<\/td><td>8<\/td><td>120<\/td><\/tr><tr><td>05002002<\/td><td><a href=\"https:\/\/institucional.ufpel.edu.br\/disciplinas\/id\/52206\" target=\"_blank\">PR\u00c1TICAS DE SET<\/a><\/td><td>Obrigat\u00f3ria<\/td><td>4<\/td><td>60<\/td><\/tr><tr><td>05002001<\/td><td><a href=\"https:\/\/institucional.ufpel.edu.br\/disciplinas\/id\/52205\" target=\"_blank\">PRODU\u00c7\u00c3O EXECUTIVA<\/a><\/td><td>Obrigat\u00f3ria<\/td><td>2<\/td><td>30<\/td><\/tr><tr><th colspan=\"5\" class=\"tabela-quebra\">5\u00ba Semestre<\/th><\/tr><tr><th>C\u00f3digo<\/th><th>Disciplina \/ Pr\u00e9-requisitos<\/th><th>Car\u00e1ter<\/th><th>Cr.<\/th><th>Horas<\/th><\/tr><tr><td>05002006<\/td><td><a href=\"https:\/\/institucional.ufpel.edu.br\/disciplinas\/id\/52211\" target=\"_blank\">CINEMA DE ANIMA\u00c7\u00c3O BRASILEIRO<\/a><\/td><td>Obrigat\u00f3ria<\/td><td>4<\/td><td>60<\/td><\/tr><tr><td>05002005<\/td><td><a href=\"https:\/\/institucional.ufpel.edu.br\/disciplinas\/id\/52209\" target=\"_blank\">FINALIZA\u00c7\u00c3O<\/a><div class=\"tabela-detalhe-info\">05001992 - COMPOSI\u00c7\u00c3O<\/div><\/td><td>Obrigat\u00f3ria<\/td><td>4<\/td><td>60<\/td><\/tr><tr><td>05002004<\/td><td><a href=\"https:\/\/institucional.ufpel.edu.br\/disciplinas\/id\/52208\" target=\"_blank\">MONTAGEM<\/a><\/td><td>Obrigat\u00f3ria<\/td><td>4<\/td><td>60<\/td><\/tr><tr><td>05002003<\/td><td><a href=\"https:\/\/institucional.ufpel.edu.br\/disciplinas\/id\/52207\" target=\"_blank\">STOP MOTION<\/a><div class=\"tabela-detalhe-info\">05002002 - PR\u00c1TICAS DE SET<\/div><\/td><td>Obrigat\u00f3ria<\/td><td>8<\/td><td>120<\/td><\/tr><tr><th colspan=\"5\" class=\"tabela-quebra\">6\u00ba Semestre<\/th><\/tr><tr><th>C\u00f3digo<\/th><th>Disciplina \/ Pr\u00e9-requisitos<\/th><th>Car\u00e1ter<\/th><th>Cr.<\/th><th>Horas<\/th><\/tr><tr><td>05002007<\/td><td><a href=\"https:\/\/institucional.ufpel.edu.br\/disciplinas\/id\/52219\" target=\"_blank\">\u00c1UDIO III<\/a><div class=\"tabela-detalhe-info\">05001998 - \u00c1UDIO II<\/div><\/td><td>Obrigat\u00f3ria<\/td><td>1<\/td><td>15<\/td><\/tr><tr><td>05002009<\/td><td><a href=\"https:\/\/institucional.ufpel.edu.br\/disciplinas\/id\/52225\" target=\"_blank\">DESIGN PARA AUDIOVISUAL<\/a><div class=\"tabela-detalhe-info\">05001985 - IMAGEM DIGITAL<\/div><\/td><td>Obrigat\u00f3ria<\/td><td>2<\/td><td>30<\/td><\/tr><tr><td>05002008<\/td><td><a href=\"https:\/\/institucional.ufpel.edu.br\/disciplinas\/id\/52223\" target=\"_blank\">INSER\u00c7\u00c3O NO MERCADO<\/a><\/td><td>Obrigat\u00f3ria<\/td><td>2<\/td><td>30<\/td><\/tr><tr><td>05002010<\/td><td><a href=\"https:\/\/institucional.ufpel.edu.br\/disciplinas\/id\/52228\" target=\"_blank\">TCCP I<\/a><div class=\"tabela-detalhe-info\">05002003 - STOP MOTION<\/div><\/td><td>Obrigat\u00f3ria<\/td><td>2<\/td><td>30<\/td><\/tr><tr><th colspan=\"5\" class=\"tabela-quebra\">7\u00ba Semestre<\/th><\/tr><tr><th>C\u00f3digo<\/th><th>Disciplina \/ Pr\u00e9-requisitos<\/th><th>Car\u00e1ter<\/th><th>Cr.<\/th><th>Horas<\/th><\/tr><tr><td>05002011<\/td><td><a href=\"https:\/\/institucional.ufpel.edu.br\/disciplinas\/id\/52233\" target=\"_blank\">\u00c1UDIO IV<\/a><div class=\"tabela-detalhe-info\">05002007 - \u00c1UDIO III<\/div><\/td><td>Obrigat\u00f3ria<\/td><td>1<\/td><td>15<\/td><\/tr><tr><td>05002012<\/td><td><a href=\"https:\/\/institucional.ufpel.edu.br\/disciplinas\/id\/52234\" target=\"_blank\">DISTRIBUI\u00c7\u00c3O E EXIBI\u00c7\u00c3O<\/a><div class=\"tabela-detalhe-info\">05002001 - PRODU\u00c7\u00c3O EXECUTIVA<\/div><\/td><td>Obrigat\u00f3ria<\/td><td>2<\/td><td>30<\/td><\/tr><tr><td>05002013<\/td><td><a href=\"https:\/\/institucional.ufpel.edu.br\/disciplinas\/id\/52235\" target=\"_blank\">TCCP II<\/a><div class=\"tabela-detalhe-info\">05002010 - TCCP I<\/div><\/td><td>Obrigat\u00f3ria<\/td><td>2<\/td><td>30<\/td><\/tr><tr><th colspan=\"5\" class=\"tabela-quebra\">8\u00ba Semestre<\/th><\/tr><tr><th>C\u00f3digo<\/th><th>Disciplina \/ Pr\u00e9-requisitos<\/th><th>Car\u00e1ter<\/th><th>Cr.<\/th><th>Horas<\/th><\/tr><tr><td>05002014<\/td><td><a href=\"https:\/\/institucional.ufpel.edu.br\/disciplinas\/id\/52236\" target=\"_blank\">EST\u00c1GIO CURRICULAR<\/a><div class=\"tabela-detalhe-info\">Todas Disciplinas at\u00e9 o 2 semestre<\/div><\/td><td>Obrigat\u00f3ria<\/td><td>12<\/td><td>180<\/td><\/tr><tr><td>05002015<\/td><td><a href=\"https:\/\/institucional.ufpel.edu.br\/disciplinas\/id\/52237\" target=\"_blank\">TCCP III<\/a><div class=\"tabela-detalhe-info\">05002013 - TCCP II<\/div><\/td><td>Obrigat\u00f3ria<\/td><td>2<\/td><td>30<\/td><\/tr><tr><th colspan=\"5\" class=\"tabela-quebra\">COMPLEMENTARES<\/th><\/tr><tr><th>C\u00f3digo<\/th><th>Disciplina \/ Pr\u00e9-requisitos<\/th><th>Car\u00e1ter<\/th><th>Cr.<\/th><th>Horas<\/th><\/tr><tr><td>05002016<\/td><td><a href=\"https:\/\/institucional.ufpel.edu.br\/disciplinas\/id\/52280\" target=\"_blank\">ATIVIDADES COMPLEMENTARES<\/a><\/td><td>Atividade complementar<\/td><td>12<\/td><td>180<\/td><\/tr><tr><td>05002017<\/td><td><a href=\"https:\/\/institucional.ufpel.edu.br\/disciplinas\/id\/52282\" target=\"_blank\">ATIVIDADES CURRICULARES EM EXTENS\u00c3O (ACE)<\/a><\/td><td>Obrigat\u00f3ria<\/td><td>20<\/td><td>300<\/td><\/tr><tr><th colspan=\"5\" class=\"tabela-quebra\">OPTATIVAS<\/th><\/tr><tr><th>C\u00f3digo<\/th><th>Disciplina \/ Pr\u00e9-requisitos<\/th><th>Car\u00e1ter<\/th><th>Cr.<\/th><th>Horas<\/th><\/tr><tr><td>05002050<\/td><td><a href=\"https:\/\/institucional.ufpel.edu.br\/disciplinas\/id\/52370\" target=\"_blank\">ANIMA\u00c7\u00c3O<\/a><\/td><td>Optativa<\/td><td>4<\/td><td>60<\/td><\/tr><tr><td>05002022<\/td><td><a href=\"https:\/\/institucional.ufpel.edu.br\/disciplinas\/id\/52308\" target=\"_blank\">ANIMA\u00c7\u00c3O EXPERIMENTAL<\/a><\/td><td>Optativa<\/td><td>4<\/td><td>60<\/td><\/tr><tr><td>05002021<\/td><td><a href=\"https:\/\/institucional.ufpel.edu.br\/disciplinas\/id\/52306\" target=\"_blank\">ATUA\u00c7\u00c3O PARA AUDIOVISUAL<\/a><\/td><td>Optativa<\/td><td>4<\/td><td>60<\/td><\/tr><tr><td>05002045<\/td><td><a href=\"https:\/\/institucional.ufpel.edu.br\/disciplinas\/id\/52365\" target=\"_blank\">CIBERCULTURA E AUDIOVISUAL<\/a><\/td><td>Optativa<\/td><td>4<\/td><td>60<\/td><\/tr><tr><td>05002056<\/td><td><a href=\"https:\/\/institucional.ufpel.edu.br\/disciplinas\/id\/52376\" target=\"_blank\">CICLO DE CINEMA I<\/a><\/td><td>Optativa<\/td><td>4<\/td><td>60<\/td><\/tr><tr><td>05002057<\/td><td><a href=\"https:\/\/institucional.ufpel.edu.br\/disciplinas\/id\/52377\" target=\"_blank\">CICLO DE CINEMA II<\/a><\/td><td>Optativa<\/td><td>4<\/td><td>60<\/td><\/tr><tr><td>05002058<\/td><td><a href=\"https:\/\/institucional.ufpel.edu.br\/disciplinas\/id\/52378\" target=\"_blank\">CICLO DE CINEMA III<\/a><\/td><td>Optativa<\/td><td>4<\/td><td>60<\/td><\/tr><tr><td>05002059<\/td><td><a href=\"https:\/\/institucional.ufpel.edu.br\/disciplinas\/id\/52379\" target=\"_blank\">CICLO DE CINEMA IV<\/a><\/td><td>Optativa<\/td><td>4<\/td><td>60<\/td><\/tr><tr><td>05002060<\/td><td><a href=\"https:\/\/institucional.ufpel.edu.br\/disciplinas\/id\/52380\" target=\"_blank\">CICLO DE CINEMA V<\/a><\/td><td>Optativa<\/td><td>4<\/td><td>60<\/td><\/tr><tr><td>05002061<\/td><td><a href=\"https:\/\/institucional.ufpel.edu.br\/disciplinas\/id\/52381\" target=\"_blank\">CICLO DE CINEMA VI<\/a><\/td><td>Optativa<\/td><td>4<\/td><td>60<\/td><\/tr><tr><td>05002062<\/td><td><a href=\"https:\/\/institucional.ufpel.edu.br\/disciplinas\/id\/52382\" target=\"_blank\">CICLO DE CINEMA VII<\/a><\/td><td>Optativa<\/td><td>4<\/td><td>60<\/td><\/tr><tr><td>05002063<\/td><td><a href=\"https:\/\/institucional.ufpel.edu.br\/disciplinas\/id\/52383\" target=\"_blank\">CICLO DE CINEMA VIII<\/a><\/td><td>Optativa<\/td><td>4<\/td><td>60<\/td><\/tr><tr><td>05002033<\/td><td><a href=\"https:\/\/institucional.ufpel.edu.br\/disciplinas\/id\/52345\" target=\"_blank\">CICLO DE CURTAS<\/a><\/td><td>Optativa<\/td><td>4<\/td><td>60<\/td><\/tr><tr><td>05002041<\/td><td><a href=\"https:\/\/institucional.ufpel.edu.br\/disciplinas\/id\/52361\" target=\"_blank\">CINEMA BRASILEIRO, EDUCA\u00c7\u00c3O E DIVERSIDADE<\/a><\/td><td>Optativa<\/td><td>4<\/td><td>60<\/td><\/tr><tr><td>05002031<\/td><td><a href=\"https:\/\/institucional.ufpel.edu.br\/disciplinas\/id\/52335\" target=\"_blank\">CINEMA DE ARQUIVO<\/a><\/td><td>Optativa<\/td><td>4<\/td><td>60<\/td><\/tr><tr><td>05002028<\/td><td><a href=\"https:\/\/institucional.ufpel.edu.br\/disciplinas\/id\/52325\" target=\"_blank\">CINEMA E PSIQUE<\/a><div class=\"tabela-detalhe-info\">05001984 - HIST\u00d3RIA DO CINEMA<\/div><\/td><td>Optativa<\/td><td>4<\/td><td>60<\/td><\/tr><tr><td>05002034<\/td><td><a href=\"https:\/\/institucional.ufpel.edu.br\/disciplinas\/id\/52346\" target=\"_blank\">CINEMA EXPERIMENTAL<\/a><\/td><td>Optativa<\/td><td>4<\/td><td>60<\/td><\/tr><tr><td>05002035<\/td><td><a href=\"https:\/\/institucional.ufpel.edu.br\/disciplinas\/id\/52348\" target=\"_blank\">CINEMA P\u00d3S -MODERNO<\/a><\/td><td>Optativa<\/td><td>4<\/td><td>60<\/td><\/tr><tr><td>05002030<\/td><td><a href=\"https:\/\/institucional.ufpel.edu.br\/disciplinas\/id\/52331\" target=\"_blank\">CINEMA SUPER 8<\/a><\/td><td>Optativa<\/td><td>4<\/td><td>60<\/td><\/tr><tr><td>05000873<\/td><td><a href=\"https:\/\/institucional.ufpel.edu.br\/disciplinas\/id\/26325\" target=\"_blank\">CINEMATOGRAFIAS PERIF\u00c9RICAS<\/a><\/td><td>Optativa<\/td><td>2<\/td><td>30<\/td><\/tr><tr><td>05002055<\/td><td><a href=\"https:\/\/institucional.ufpel.edu.br\/disciplinas\/id\/52375\" target=\"_blank\">COMUNICA\u00c7\u00c3O E CULTURA<\/a><\/td><td>Optativa<\/td><td>2<\/td><td>30<\/td><\/tr><tr><td>05002032<\/td><td><a href=\"https:\/\/institucional.ufpel.edu.br\/disciplinas\/id\/52343\" target=\"_blank\">CRIATIVIDADE MEDIADA<\/a><\/td><td>Optativa<\/td><td>2<\/td><td>30<\/td><\/tr><tr><td>05002040<\/td><td><a href=\"https:\/\/institucional.ufpel.edu.br\/disciplinas\/id\/52360\" target=\"_blank\">CURADORIA E PROGRAMA\u00c7\u00c3O DE FILMES<\/a><\/td><td>Optativa<\/td><td>2<\/td><td>30<\/td><\/tr><tr><td>05002038<\/td><td><a href=\"https:\/\/institucional.ufpel.edu.br\/disciplinas\/id\/52358\" target=\"_blank\">CURTA-METRAGEM: HIST\u00d3RIA E LINGUAGEM<\/a><\/td><td>Optativa<\/td><td>2<\/td><td>30<\/td><\/tr><tr><td>05002020<\/td><td><a href=\"https:\/\/institucional.ufpel.edu.br\/disciplinas\/id\/52305\" target=\"_blank\">DESENHO DA FIGURA HUMANA<\/a><\/td><td>Optativa<\/td><td>4<\/td><td>60<\/td><\/tr><tr><td>05002052<\/td><td><a href=\"https:\/\/institucional.ufpel.edu.br\/disciplinas\/id\/52372\" target=\"_blank\">DIRE\u00c7\u00c3O DE ATORES<\/a><\/td><td>Optativa<\/td><td>4<\/td><td>60<\/td><\/tr><tr><td>05002024<\/td><td><a href=\"https:\/\/institucional.ufpel.edu.br\/disciplinas\/id\/52313\" target=\"_blank\">EFEITOS VISUAIS<\/a><div class=\"tabela-detalhe-info\">05002000 - ANIMA\u00c7\u00c3O 3D<\/div><\/td><td>Optativa<\/td><td>2<\/td><td>30<\/td><\/tr><tr><td>05002051<\/td><td><a href=\"https:\/\/institucional.ufpel.edu.br\/disciplinas\/id\/52371\" target=\"_blank\">ELEMENTOS DE LINGUAGEM MUSICAL<\/a><\/td><td>Optativa<\/td><td>2<\/td><td>30<\/td><\/tr><tr><td>05002049<\/td><td><a href=\"https:\/\/institucional.ufpel.edu.br\/disciplinas\/id\/52369\" target=\"_blank\">ESTUDOS FEMINISTAS, M\u00cdDIA E AUDIOVISUAL<\/a><\/td><td>Optativa<\/td><td>4<\/td><td>60<\/td><\/tr><tr><td>05002042<\/td><td><a href=\"https:\/\/institucional.ufpel.edu.br\/disciplinas\/id\/52362\" target=\"_blank\">FILMES DE MONTAGEM<\/a><\/td><td>Optativa<\/td><td>2<\/td><td>30<\/td><\/tr><tr><td>05002054<\/td><td><a href=\"https:\/\/institucional.ufpel.edu.br\/disciplinas\/id\/52374\" target=\"_blank\">FOTOGRAFIA: HIST\u00d3RIA E COMPOSI\u00c7\u00c3O<\/a><\/td><td>Optativa<\/td><td>4<\/td><td>60<\/td><\/tr><tr><td>05002025<\/td><td><a href=\"https:\/\/institucional.ufpel.edu.br\/disciplinas\/id\/52316\" target=\"_blank\">HIST\u00d3RIA E TEORIA DO DOCUMENT\u00c1RIO<\/a><div class=\"tabela-detalhe-info\">05001984 - HIST\u00d3RIA DO CINEMA<\/div><\/td><td>Optativa<\/td><td>2<\/td><td>30<\/td><\/tr><tr><td>05000876<\/td><td><a href=\"https:\/\/institucional.ufpel.edu.br\/disciplinas\/id\/26328\" target=\"_blank\">HIST\u00d3RIAS EM QUADRINHOS<\/a><\/td><td>Optativa<\/td><td>4<\/td><td>60<\/td><\/tr><tr><td>05002023<\/td><td><a href=\"https:\/\/institucional.ufpel.edu.br\/disciplinas\/id\/52311\" target=\"_blank\">JOGOS DIGITAIS<\/a><\/td><td>Optativa<\/td><td>4<\/td><td>60<\/td><\/tr><tr><td>20000084<\/td><td><a href=\"https:\/\/institucional.ufpel.edu.br\/disciplinas\/id\/28026\" target=\"_blank\">L\u00cdNGUA BRASILEIRA DE SINAIS I ( LIBRAS I )<\/a><\/td><td>Optativa<\/td><td>4<\/td><td>60<\/td><\/tr><tr><td>05002037<\/td><td><a href=\"https:\/\/institucional.ufpel.edu.br\/disciplinas\/id\/52357\" target=\"_blank\">LINGUAGENS AUDIOVISUAIS<\/a><\/td><td>Optativa<\/td><td>2<\/td><td>30<\/td><\/tr><tr><td>05002053<\/td><td><a href=\"https:\/\/institucional.ufpel.edu.br\/disciplinas\/id\/52373\" target=\"_blank\">MATERIALIDADES DA ARTE<\/a><\/td><td>Optativa<\/td><td>4<\/td><td>60<\/td><\/tr><tr><td>05002029<\/td><td><a href=\"https:\/\/institucional.ufpel.edu.br\/disciplinas\/id\/52328\" target=\"_blank\">MITOS, ARQU\u00c9TIPOS E JORNADA DO HEROI<\/a><\/td><td>Optativa<\/td><td>4<\/td><td>60<\/td><\/tr><tr><td>05002047<\/td><td><a href=\"https:\/\/institucional.ufpel.edu.br\/disciplinas\/id\/52367\" target=\"_blank\">NARRATIVAS SERIADAS<\/a><\/td><td>Optativa<\/td><td>2<\/td><td>30<\/td><\/tr><tr><td>05002046<\/td><td><a href=\"https:\/\/institucional.ufpel.edu.br\/disciplinas\/id\/52366\" target=\"_blank\">NARRATIVAS SONORAS<\/a><div class=\"tabela-detalhe-info\">05001994 - \u00c1UDIO I<\/div><\/td><td>Optativa<\/td><td>2<\/td><td>30<\/td><\/tr><tr><td>05002039<\/td><td><a href=\"https:\/\/institucional.ufpel.edu.br\/disciplinas\/id\/52359\" target=\"_blank\">OFICINA DE ESCRITA AUDIOVISUAL<\/a><\/td><td>Optativa<\/td><td>2<\/td><td>30<\/td><\/tr><tr><td>05002043<\/td><td><a href=\"https:\/\/institucional.ufpel.edu.br\/disciplinas\/id\/52363\" target=\"_blank\">OFICINA DE PRODU\u00c7\u00c3O DE ROTEIRO PARA AUDIOVISUAL<\/a><\/td><td>Optativa<\/td><td>2<\/td><td>30<\/td><\/tr><tr><td>05000864<\/td><td><a href=\"https:\/\/institucional.ufpel.edu.br\/disciplinas\/id\/26316\" target=\"_blank\">PASSAGENS AUDIOVISUAIS<\/a><\/td><td>Optativa<\/td><td>2<\/td><td>30<\/td><\/tr><tr><td>05002036<\/td><td><a href=\"https:\/\/institucional.ufpel.edu.br\/disciplinas\/id\/52356\" target=\"_blank\">POL\u00cdTICAS P\u00daBLICAS PARA AUDIOVISUAL<\/a><\/td><td>Optativa<\/td><td>2<\/td><td>30<\/td><\/tr><tr><td>05002026<\/td><td><a href=\"https:\/\/institucional.ufpel.edu.br\/disciplinas\/id\/52319\" target=\"_blank\">PRESERVA\u00c7\u00c3O AUDIOVISUAL<\/a><\/td><td>Optativa<\/td><td>2<\/td><td>30<\/td><\/tr><tr><td>05002027<\/td><td><a href=\"https:\/\/institucional.ufpel.edu.br\/disciplinas\/id\/52322\" target=\"_blank\">PROGRAMA\u00c7\u00c3O ORIENTADA<\/a><div class=\"tabela-detalhe-info\">05002023 - JOGOS DIGITAIS<\/div><\/td><td>Optativa<\/td><td>2<\/td><td>30<\/td><\/tr><tr><td>05002018<\/td><td><a href=\"https:\/\/institucional.ufpel.edu.br\/disciplinas\/id\/52303\" target=\"_blank\">TCCT I<\/a><div class=\"tabela-detalhe-info\">05002003 - STOP MOTION<\/div><\/td><td>Optativa<\/td><td>4<\/td><td>60<\/td><\/tr><tr><td>05002019<\/td><td><a href=\"https:\/\/institucional.ufpel.edu.br\/disciplinas\/id\/52304\" target=\"_blank\">TCCT II<\/a><div class=\"tabela-detalhe-info\">05002018 - TCCT I<\/div><\/td><td>Optativa<\/td><td>4<\/td><td>60<\/td><\/tr><tr><td>05002064<\/td><td><a href=\"https:\/\/institucional.ufpel.edu.br\/disciplinas\/id\/52386\" target=\"_blank\">T\u00d3PICOS ESPECIAIS I<\/a><\/td><td>Optativa<\/td><td>4<\/td><td>60<\/td><\/tr><tr><td>05002065<\/td><td><a href=\"https:\/\/institucional.ufpel.edu.br\/disciplinas\/id\/52387\" target=\"_blank\">T\u00d3PICOS ESPECIAIS II<\/a><\/td><td>Optativa<\/td><td>4<\/td><td>60<\/td><\/tr><tr><td>05002066<\/td><td><a href=\"https:\/\/institucional.ufpel.edu.br\/disciplinas\/id\/52388\" target=\"_blank\">T\u00d3PICOS ESPECIAIS III<\/a><\/td><td>Optativa<\/td><td>4<\/td><td>60<\/td><\/tr><tr><td>05002067<\/td><td><a href=\"https:\/\/institucional.ufpel.edu.br\/disciplinas\/id\/52389\" target=\"_blank\">T\u00d3PICOS ESPECIAIS IV<\/a><\/td><td>Optativa<\/td><td>4<\/td><td>60<\/td><\/tr><tr><td>05002068<\/td><td><a href=\"https:\/\/institucional.ufpel.edu.br\/disciplinas\/id\/52390\" target=\"_blank\">T\u00d3PICOS ESPECIAIS V<\/a><\/td><td>Optativa<\/td><td>4<\/td><td>60<\/td><\/tr><tr><td>05002069<\/td><td><a href=\"https:\/\/institucional.ufpel.edu.br\/disciplinas\/id\/52391\" target=\"_blank\">T\u00d3PICOS ESPECIAIS VI<\/a><\/td><td>Optativa<\/td><td>4<\/td><td>60<\/td><\/tr><tr><td>05002070<\/td><td><a href=\"https:\/\/institucional.ufpel.edu.br\/disciplinas\/id\/52392\" target=\"_blank\">T\u00d3PICOS ESPECIAIS VII<\/a><\/td><td>Optativa<\/td><td>4<\/td><td>60<\/td><\/tr><tr><td>05002071<\/td><td><a href=\"https:\/\/institucional.ufpel.edu.br\/disciplinas\/id\/52393\" target=\"_blank\">T\u00d3PICOS ESPECIAIS VIII<\/a><\/td><td>Optativa<\/td><td>4<\/td><td>60<\/td><\/tr><tr><td>05002048<\/td><td><a href=\"https:\/\/institucional.ufpel.edu.br\/disciplinas\/id\/52368\" target=\"_blank\">VIDEOCLIPE<\/a><div class=\"tabela-detalhe-info\">05001987 - ROTEIRO I<\/div><\/td><td>Optativa<\/td><td>2<\/td><td>30<\/td><\/tr><tr><td>05002044<\/td><td><a href=\"https:\/\/institucional.ufpel.edu.br\/disciplinas\/id\/52364\" target=\"_blank\">VIDEODAN\u00c7A<\/a><\/td><td>Optativa<\/td><td>4<\/td><td>60<\/td><\/tr><\/table>\n","protected":false},"excerpt":{"rendered":"<p>\u25ba acesse [+] para expandir o t\u00f3pico. \u00a0 \u00a0 TOTAIS DO CURSO<\/p>\n","protected":false},"author":573,"featured_media":0,"parent":0,"menu_order":0,"comment_status":"closed","ping_status":"closed","template":"template-fullwidth.php","meta":{"footnotes":""},"class_list":["post-226","page","type-page","status-publish","hentry"],"_links":{"self":[{"href":"https:\/\/wp.ufpel.edu.br\/cinema\/wp-json\/wp\/v2\/pages\/226","targetHints":{"allow":["GET"]}}],"collection":[{"href":"https:\/\/wp.ufpel.edu.br\/cinema\/wp-json\/wp\/v2\/pages"}],"about":[{"href":"https:\/\/wp.ufpel.edu.br\/cinema\/wp-json\/wp\/v2\/types\/page"}],"author":[{"embeddable":true,"href":"https:\/\/wp.ufpel.edu.br\/cinema\/wp-json\/wp\/v2\/users\/573"}],"replies":[{"embeddable":true,"href":"https:\/\/wp.ufpel.edu.br\/cinema\/wp-json\/wp\/v2\/comments?post=226"}],"version-history":[{"count":4,"href":"https:\/\/wp.ufpel.edu.br\/cinema\/wp-json\/wp\/v2\/pages\/226\/revisions"}],"predecessor-version":[{"id":2748,"href":"https:\/\/wp.ufpel.edu.br\/cinema\/wp-json\/wp\/v2\/pages\/226\/revisions\/2748"}],"wp:attachment":[{"href":"https:\/\/wp.ufpel.edu.br\/cinema\/wp-json\/wp\/v2\/media?parent=226"}],"curies":[{"name":"wp","href":"https:\/\/api.w.org\/{rel}","templated":true}]}}