{"id":2,"date":"2018-05-15T11:09:05","date_gmt":"2018-05-15T14:09:05","guid":{"rendered":"https:\/\/wp.ufpel.edu.br\/cinema\/?page_id=2"},"modified":"2026-03-24T13:39:58","modified_gmt":"2026-03-24T16:39:58","slug":"pagina-exemplo","status":"publish","type":"page","link":"https:\/\/wp.ufpel.edu.br\/cinema\/","title":{"rendered":"\u25bc atendimento"},"content":{"rendered":"<div class=\"bg_cursos\"><a href=\"https:\/\/wp.ufpel.edu.br\/cinema\/cursos\/\">\u25ba conhe\u00e7a os cursos<\/a><\/div>\n<div class=\"bg_portfolio\"><a href=\"https:\/\/wp.ufpel.edu.br\/curtas\/\" target=\"_blank\" rel=\"noopener noreferrer\">\u25ba veja os filmes<\/a><\/div>\n<div class=\"bg_tccs\"><a href=\"https:\/\/acervosvirtuais.ufpel.edu.br\/tccscinema\" target=\"_blank\" rel=\"noopener noreferrer\">\u25ba acervo tccts<\/a><\/div>\n<div class=\"bg_yt\"><a href=\"https:\/\/www.youtube.com\/user\/cinemaufpel\" target=\"_blank\" rel=\"noopener noreferrer\">\u25ba yt cinema ufpel<\/a><\/div>\n<div style=\"background-color: #f0f2a2; display: none;\"><img loading=\"lazy\" decoding=\"async\" class=\"alignnone wp-image-683\" src=\"https:\/\/wp.ufpel.edu.br\/cinema\/files\/2022\/12\/correcao_icon.png\" alt=\"\" width=\"102\" height=\"95\" \/><a href=\"https:\/\/forms.gle\/gTrc4TMNLWWr5kp26\" target=\"_blank\" rel=\"noopener\"><strong>corre\u00e7\u00e3o de matr\u00edcula 2026\/1<\/strong><\/a><br \/>\nFormul\u00e1rio encerrado para corre\u00e7\u00f5es em 2026\/1.<\/div>\n<div style=\"background-color: #f0f2a2; display: none;\"><img loading=\"lazy\" decoding=\"async\" class=\"alignnone wp-image-674\" src=\"https:\/\/wp.ufpel.edu.br\/cinema\/files\/2022\/12\/especial_icon.png\" alt=\"\" width=\"102\" height=\"95\" \/><a href=\"https:\/\/forms.gle\/DPQbc1iLr3o4wfQQ9\" target=\"_blank\" rel=\"noopener\"><strong>matr\u00edcula especial (outros cursos)<\/strong><\/a><br \/>\n<strong>Ainda n\u00e3o dispon\u00edvel<\/strong> para 2026\/1.<\/div>\n<div style=\"background-color: #f0f2a2; display: none;\"><img loading=\"lazy\" decoding=\"async\" class=\"alignnone wp-image-683\" src=\"https:\/\/wp.ufpel.edu.br\/cinema\/files\/2022\/12\/orient_icon-1.png\" alt=\"\" width=\"108\" height=\"101\" \/><a href=\"https:\/\/docs.google.com\/document\/d\/1Zk-ObXOEnmcNV85_YZkxvBbeE3IRiPqIw0f7XYiu7wk\/edit?usp=sharing\" target=\"_blank\" rel=\"noopener\"><strong>orienta\u00e7\u00f5es matr\u00edcula 2026\/1<\/strong><\/a><br \/>\n<strong>Dispon\u00edveis<\/strong> para 2026\/1.<\/div>\n<div style=\"background-color: #f0f2a2; display: none;\"><img loading=\"lazy\" decoding=\"async\" class=\"alignnone wp-image-683\" style=\"margin-top: -10px;\" src=\"https:\/\/wp.ufpel.edu.br\/cinema\/files\/2023\/06\/Asset-6@2x.png\" alt=\"\" width=\"108\" height=\"101\" \/><a href=\"#\" rel=\"noopener\"><strong>ofertas banco universal 2026\/1<\/strong><\/a><br \/>\n<strong>Ainda n\u00e3o dispon\u00edveis<\/strong> para 2026\/1.<\/div>\n<div style=\"background-color: #bbe9e1;\"><img loading=\"lazy\" decoding=\"async\" class=\"alignnone wp-image-691\" src=\"https:\/\/wp.ufpel.edu.br\/cinema\/files\/2021\/01\/schedule-400x374.png\" alt=\"\" width=\"111\" height=\"104\" srcset=\"https:\/\/wp.ufpel.edu.br\/cinema\/files\/2021\/01\/schedule-400x374.png 400w, https:\/\/wp.ufpel.edu.br\/cinema\/files\/2021\/01\/schedule.png 427w\" sizes=\"auto, (max-width: 111px) 100vw, 111px\" \/><strong><a href=\"https:\/\/docs.google.com\/document\/d\/1zm_buIyCfNdbQlFjpUKFDsPEtNIdvohyYCOJJRpjXQM\/edit?usp=sharing\" target=\"_blank\" rel=\"noopener noreferrer\">cinema de anima\u00e7\u00e3o 2026\/1<\/a><\/strong><br \/>\nHor\u00e1rios primeiro semestre letivo de 2026 (2026\/1).<\/div>\n<div style=\"background-color: #b4d0e5;\"><img loading=\"lazy\" decoding=\"async\" class=\"alignnone wp-image-691\" src=\"https:\/\/wp.ufpel.edu.br\/cinema\/files\/2021\/01\/schedule-400x374.png\" alt=\"\" width=\"111\" height=\"104\" srcset=\"https:\/\/wp.ufpel.edu.br\/cinema\/files\/2021\/01\/schedule-400x374.png 400w, https:\/\/wp.ufpel.edu.br\/cinema\/files\/2021\/01\/schedule.png 427w\" sizes=\"auto, (max-width: 111px) 100vw, 111px\" \/><strong><a href=\"https:\/\/docs.google.com\/document\/d\/1xG-_2YkoLtm4RTwSvSr9lSi2igj42CfOvUsMljNOf_w\/edit?usp=sharing\" target=\"_blank\" rel=\"noopener noreferrer\">cinema e audiovisual 2026\/1<\/a><\/strong><br \/>\nHor\u00e1rios primeiro semestre letivo de 2026 (2026\/1).<\/div>\n<div style=\"background-color: #bbe9e1;\"><img loading=\"lazy\" decoding=\"async\" class=\"alignnone wp-image-309\" src=\"https:\/\/wp.ufpel.edu.br\/cinema\/files\/2021\/01\/grade_icone-400x374.png\" alt=\"\" width=\"111\" height=\"104\" srcset=\"https:\/\/wp.ufpel.edu.br\/cinema\/files\/2021\/01\/grade_icone-400x374.png 400w, https:\/\/wp.ufpel.edu.br\/cinema\/files\/2021\/01\/grade_icone.png 427w\" sizes=\"auto, (max-width: 111px) 100vw, 111px\" \/><strong><a href=\"https:\/\/wp.ufpel.edu.br\/cinema\/cinema-de-animacao\/\">curr\u00edculo cinema de anima\u00e7\u00e3o<\/a><br \/>\n<\/strong>Acesso \u00e0s disciplinas separadas por semestre.<\/div>\n<div style=\"background-color: #b4d0e5;\"><img loading=\"lazy\" decoding=\"async\" class=\"alignnone wp-image-309\" src=\"https:\/\/wp.ufpel.edu.br\/cinema\/files\/2021\/01\/grade_icone-400x374.png\" alt=\"\" width=\"110\" height=\"103\" srcset=\"https:\/\/wp.ufpel.edu.br\/cinema\/files\/2021\/01\/grade_icone-400x374.png 400w, https:\/\/wp.ufpel.edu.br\/cinema\/files\/2021\/01\/grade_icone.png 427w\" sizes=\"auto, (max-width: 110px) 100vw, 110px\" \/><strong><a href=\"https:\/\/wp.ufpel.edu.br\/cinema\/cinema-e-audiovisual\/\">curr\u00edculo cinema e audiovisual<\/a><\/strong><br \/>\nAcesso \u00e0s disciplinas separadas por semestre.<\/div>\n<div style=\"background-color: #bbe9e1;\"><img loading=\"lazy\" decoding=\"async\" class=\"alignnone wp-image-738\" src=\"https:\/\/wp.ufpel.edu.br\/cinema\/files\/2021\/01\/horizontalidade-400x374.png\" alt=\"\" width=\"107\" height=\"101\" srcset=\"https:\/\/wp.ufpel.edu.br\/cinema\/files\/2021\/01\/horizontalidade-400x374.png 400w, https:\/\/wp.ufpel.edu.br\/cinema\/files\/2021\/01\/horizontalidade.png 427w\" sizes=\"auto, (max-width: 107px) 100vw, 107px\" \/><a href=\"https:\/\/wp.ufpel.edu.br\/cinema\/horizontalidade-5020\/\"><strong>horizontalidade anima\u00e7\u00e3o<\/strong><\/a><br \/>\nFluxo pr\u00e1tico da horizontalidade do curso de Cinema de Anima\u00e7\u00e3o.<\/div>\n<div style=\"background-color: #b4d0e5;\"><img loading=\"lazy\" decoding=\"async\" class=\"alignnone wp-image-738\" src=\"https:\/\/wp.ufpel.edu.br\/cinema\/files\/2021\/01\/horizontalidade-400x374.png\" alt=\"\" width=\"107\" height=\"101\" srcset=\"https:\/\/wp.ufpel.edu.br\/cinema\/files\/2021\/01\/horizontalidade-400x374.png 400w, https:\/\/wp.ufpel.edu.br\/cinema\/files\/2021\/01\/horizontalidade.png 427w\" sizes=\"auto, (max-width: 107px) 100vw, 107px\" \/><strong><a href=\"https:\/\/wp.ufpel.edu.br\/cinema\/horizontalidade-5010\/\" target=\"_blank\" rel=\"noopener\">horizontalidade audiovisual<\/a><br \/>\n<\/strong>Fluxo pr\u00e1tico da horizontalidade do curso de Cinema e Audiovisual.<\/div>\n<div><img loading=\"lazy\" decoding=\"async\" class=\"alignnone wp-image-734\" src=\"https:\/\/wp.ufpel.edu.br\/cinema\/files\/2025\/07\/coord.png\" alt=\"\" width=\"113\" height=\"106\" \/><strong><a href=\"https:\/\/wp.ufpel.edu.br\/cinema\/coordenacao\/\" target=\"_blank\" rel=\"noopener\">atendimento coordena\u00e7\u00e3o<\/a><br \/>\n<\/strong>Informa\u00e7\u00f5es sobre plano de a\u00e7\u00e3o, atendimento e agenda da Coordena\u00e7\u00e3o dos Cursos de Cinema.<\/div>\n<div><img loading=\"lazy\" decoding=\"async\" class=\"alignnone wp-image-734\" src=\"https:\/\/wp.ufpel.edu.br\/cinema\/files\/2025\/07\/ponto.png\" alt=\"\" width=\"113\" height=\"106\" \/><strong><a href=\"https:\/\/wp.ufpel.edu.br\/cinema\/escuta\" target=\"_blank\" rel=\"noopener\">ponto de escuta<\/a><br \/>\n<\/strong>Canal de escuta exclusivo para estudantes para assuntos relacionados com a viv\u00eancia nos cursos.<\/div>\n<div><img loading=\"lazy\" decoding=\"async\" class=\"alignnone wp-image-1811 \" src=\"https:\/\/wp.ufpel.edu.br\/cinema\/files\/2023\/06\/Asset-6@2x.png\" alt=\"\" width=\"104\" height=\"103\" \/><a href=\"https:\/\/wp.ufpel.edu.br\/cinema\/precisa-conhecer\"><strong>precisa conhecer<\/strong><\/a><br \/>\nInforma\u00e7\u00f5es importantes que a comunidade dos cursos precisa conhecer.<\/div>\n<div><img loading=\"lazy\" decoding=\"async\" class=\"alignnone wp-image-734\" src=\"https:\/\/wp.ufpel.edu.br\/cinema\/files\/2022\/12\/gender_icon-1.png\" alt=\"\" width=\"113\" height=\"106\" \/><strong><a href=\"https:\/\/wp.ufpel.edu.br\/cinema\/genero\/\">identidade de g\u00eanero<\/a><br \/>\n<\/strong>Informa\u00e7\u00f5es e solicita\u00e7\u00e3o sobre identidade de g\u00eanero para estudantes .<\/div>\n<div><strong><img loading=\"lazy\" decoding=\"async\" class=\"alignnone wp-image-694\" src=\"https:\/\/wp.ufpel.edu.br\/cinema\/files\/2021\/01\/calendar-400x374.png\" alt=\"\" width=\"115\" height=\"107\" srcset=\"https:\/\/wp.ufpel.edu.br\/cinema\/files\/2021\/01\/calendar-400x374.png 400w, https:\/\/wp.ufpel.edu.br\/cinema\/files\/2021\/01\/calendar.png 427w\" sizes=\"auto, (max-width: 115px) 100vw, 115px\" \/><a href=\"https:\/\/wp.ufpel.edu.br\/cinema\/calendario\">datas e prazos do colegiado<\/a><\/strong><br \/>\nCronograma de datas do Colegiado dos Cursos de Cinema.<\/div>\n<div><strong><img loading=\"lazy\" decoding=\"async\" class=\"alignnone wp-image-696\" src=\"https:\/\/wp.ufpel.edu.br\/cinema\/files\/2021\/01\/calendario_ufpel-400x374.png\" alt=\"\" width=\"113\" height=\"105\" srcset=\"https:\/\/wp.ufpel.edu.br\/cinema\/files\/2021\/01\/calendario_ufpel-400x374.png 400w, https:\/\/wp.ufpel.edu.br\/cinema\/files\/2021\/01\/calendario_ufpel.png 427w\" sizes=\"auto, (max-width: 113px) 100vw, 113px\" \/><a href=\"https:\/\/wp.ufpel.edu.br\/cinema\/calendario-academico\/\">calend\u00e1rio acad\u00eamico ufpel<\/a><\/strong><br \/>\nCalend\u00e1rio Acad\u00eamico vigente da Universidade Federal de Pelotas.<\/div>\n<div><img loading=\"lazy\" decoding=\"async\" class=\"alignnone wp-image-705\" src=\"https:\/\/wp.ufpel.edu.br\/cinema\/files\/2021\/01\/equips-400x374.png\" alt=\"\" width=\"115\" height=\"108\" srcset=\"https:\/\/wp.ufpel.edu.br\/cinema\/files\/2021\/01\/equips-400x374.png 400w, https:\/\/wp.ufpel.edu.br\/cinema\/files\/2021\/01\/equips.png 427w\" sizes=\"auto, (max-width: 115px) 100vw, 115px\" \/><a href=\"https:\/\/wp.ufpel.edu.br\/cinema\/equipamentos\/\" rel=\"noopener noreferrer\"><strong>normas e termo de empr\u00e9stimo<\/strong><\/a><br \/>\nNormas, hor\u00e1rios e termo empr\u00e9stimo de equipamentos.<\/div>\n<div><img loading=\"lazy\" decoding=\"async\" class=\"alignnone wp-image-710\" src=\"https:\/\/wp.ufpel.edu.br\/cinema\/files\/2021\/01\/normas-400x374.png\" alt=\"\" width=\"115\" height=\"108\" srcset=\"https:\/\/wp.ufpel.edu.br\/cinema\/files\/2021\/01\/normas-400x374.png 400w, https:\/\/wp.ufpel.edu.br\/cinema\/files\/2021\/01\/normas.png 427w\" sizes=\"auto, (max-width: 115px) 100vw, 115px\" \/><strong><a href=\"https:\/\/wp.ufpel.edu.br\/cinema\/normas\/\">normas de realiza\u00e7\u00e3o e assinatura<\/a>\u00a0<\/strong><br \/>\nNormas para realiza\u00e7\u00e3o e assinatura para produtos audiovisuais.<\/div>\n<div><strong><img loading=\"lazy\" decoding=\"async\" class=\"alignnone wp-image-719\" src=\"https:\/\/wp.ufpel.edu.br\/cinema\/files\/2021\/01\/complementares-400x374.png\" alt=\"\" width=\"113\" height=\"106\" srcset=\"https:\/\/wp.ufpel.edu.br\/cinema\/files\/2021\/01\/complementares-400x374.png 400w, https:\/\/wp.ufpel.edu.br\/cinema\/files\/2021\/01\/complementares.png 427w\" sizes=\"auto, (max-width: 113px) 100vw, 113px\" \/><a href=\"https:\/\/wp.ufpel.edu.br\/cinema\/complementares\/\">atividades complementares<\/a><\/strong><br \/>\nInforma\u00e7\u00f5es e envio de comprovantes ao Colegiado.<\/div>\n<div style=\"background-color: #cfcfcf;\"><img loading=\"lazy\" decoding=\"async\" class=\"alignnone wp-image-1810 \" src=\"https:\/\/wp.ufpel.edu.br\/cinema\/files\/2023\/06\/Asset-7@2x.png\" alt=\"\" width=\"109\" height=\"108\" \/><a href=\"https:\/\/wp.ufpel.edu.br\/cinema\/producao\/\"><strong>ferramentas de produ\u00e7\u00e3o<\/strong><\/a><br \/>\nInforma\u00e7\u00f5es e servi\u00e7os \u00fateis para produ\u00e7\u00e3o audiovisual<em>.<\/em><\/div>\n<div><img loading=\"lazy\" decoding=\"async\" class=\"alignnone wp-image-1810 \" src=\"https:\/\/wp.ufpel.edu.br\/cinema\/files\/2023\/07\/Asset-1.png\" alt=\"\" width=\"109\" height=\"108\" \/><strong><a href=\"https:\/\/wp.ufpel.edu.br\/cinema\/npa-ofcine\/\">conv\u00eanio npa ofcine<\/a><\/strong><br \/>\nOrienta\u00e7\u00f5es sobre o conv\u00eanio com o NPA Ofcine (IFRS)<em>.<\/em><\/div>\n<div><img loading=\"lazy\" decoding=\"async\" class=\"alignnone wp-image-734\" src=\"https:\/\/wp.ufpel.edu.br\/cinema\/files\/2022\/12\/diploma_icon-1.png\" alt=\"\" width=\"113\" height=\"106\" \/><strong><a href=\"https:\/\/wp.ufpel.edu.br\/cinema\/formatura\">requisitos para formatura<\/a><br \/>\n<\/strong>Requisitos para cola\u00e7\u00e3o de grau no Cinema UFPEL (ambos os cursos).<\/div>\n<div><img loading=\"lazy\" decoding=\"async\" class=\"alignnone wp-image-734\" src=\"https:\/\/wp.ufpel.edu.br\/cinema\/files\/2021\/01\/estagios-400x374.png\" alt=\"\" width=\"113\" height=\"106\" srcset=\"https:\/\/wp.ufpel.edu.br\/cinema\/files\/2021\/01\/estagios-400x374.png 400w, https:\/\/wp.ufpel.edu.br\/cinema\/files\/2021\/01\/estagios.png 427w\" sizes=\"auto, (max-width: 113px) 100vw, 113px\" \/><strong><a href=\"https:\/\/wp.ufpel.edu.br\/cinema\/estagios\/\">informa\u00e7\u00f5es est\u00e1gios<\/a><br \/>\n<\/strong>Informa\u00e7\u00f5es e downloads para est\u00e1gios (ambos os cursos).<\/div>\n<div><img loading=\"lazy\" decoding=\"async\" class=\"alignnone wp-image-734\" src=\"https:\/\/wp.ufpel.edu.br\/cinema\/files\/2022\/12\/chave_icon.png\" alt=\"\" width=\"113\" height=\"106\" \/><strong><a href=\"https:\/\/wp.ufpel.edu.br\/cinema\/chaves\/\" target=\"_blank\" rel=\"noopener\">salas e chaves (estudantes)<\/a><br \/>\n<\/strong>Agendamento de espa\u00e7os para uso de estudantes dos Cursos de Cinema no CA.<\/div>\n<div><img loading=\"lazy\" decoding=\"async\" class=\"alignnone wp-image-734\" src=\"https:\/\/wp.ufpel.edu.br\/cinema\/files\/2022\/12\/mapa_icon-1.png\" alt=\"\" width=\"113\" height=\"106\" \/><strong><a href=\"https:\/\/wp.ufpel.edu.br\/ca\/salas\/\" target=\"_blank\" rel=\"noopener\">mapa de salas do CA<\/a><br \/>\n<\/strong>Mapa com ocupa\u00e7\u00e3o de salas e audit\u00f3rios do CA.<\/div>\n<div><img loading=\"lazy\" decoding=\"async\" class=\"alignnone wp-image-734\" src=\"https:\/\/wp.ufpel.edu.br\/cinema\/files\/2026\/03\/headphones.png\" alt=\"\" width=\"115\" height=\"108\" \/><strong><a href=\"https:\/\/docs.google.com\/forms\/d\/e\/1FAIpQLSdn8AnfYXH1IPeSZv6Md3zqL1NTEwEgpQj3LR5CU2b0S9Geew\/viewform\" target=\"_blank\" rel=\"noopener noreferrer\">agendamento lab de \u00e1udio<\/a><\/strong><br \/>\nAgendamento do Laborat\u00f3rio de \u00c1udio (sala AR 316 Bloco 1).<\/div>\n<div><img loading=\"lazy\" decoding=\"async\" class=\"alignnone wp-image-740\" src=\"https:\/\/wp.ufpel.edu.br\/cinema\/files\/2021\/01\/extensao-400x374.png\" alt=\"\" width=\"109\" height=\"101\" srcset=\"https:\/\/wp.ufpel.edu.br\/cinema\/files\/2021\/01\/extensao-400x374.png 400w, https:\/\/wp.ufpel.edu.br\/cinema\/files\/2021\/01\/extensao.png 427w\" sizes=\"auto, (max-width: 109px) 100vw, 109px\" \/><strong><a href=\"https:\/\/wp.ufpel.edu.br\/cinema\/extensao\/\">atividades de extens\u00e3o<\/a><br \/>\n<\/strong>Informa\u00e7\u00f5es sobre as atividades obrigat\u00f3rias de extens\u00e3o nos cursos.<\/div>\n<div style=\"display: none;\"><img loading=\"lazy\" decoding=\"async\" class=\"alignnone wp-image-742\" src=\"https:\/\/wp.ufpel.edu.br\/cinema\/files\/2021\/01\/projetos_profs-400x374.png\" alt=\"\" width=\"113\" height=\"103\" \/><strong><a href=\"https:\/\/l.ufpel.edu.br\/projetos-cinema\" target=\"_blank\" rel=\"noopener noreferrer\">projetos de docentes e t\u00e9cnicos<\/a><\/strong><br \/>\nProjetos de docentes e t\u00e9cnicos para participa\u00e7\u00e3o.<\/div>\n<div><img loading=\"lazy\" decoding=\"async\" class=\"alignnone wp-image-724\" src=\"https:\/\/wp.ufpel.edu.br\/cinema\/files\/2021\/01\/submeter_tcct-400x374.png\" alt=\"\" width=\"112\" height=\"105\" srcset=\"https:\/\/wp.ufpel.edu.br\/cinema\/files\/2021\/01\/submeter_tcct-400x374.png 400w, https:\/\/wp.ufpel.edu.br\/cinema\/files\/2021\/01\/submeter_tcct.png 427w\" sizes=\"auto, (max-width: 112px) 100vw, 112px\" \/><strong><a href=\"https:\/\/acervosvirtuais.ufpel.edu.br\/tccscinema\/tccs-cinema\/enviar-tcc\/\" target=\"_blank\" rel=\"noopener noreferrer\">submeter tcct ao colegiado<\/a><br \/>\n<\/strong>Submiss\u00e3o de c\u00f3pia final para acervo do TCCT ao colegiado.<\/div>\n<div><img loading=\"lazy\" decoding=\"async\" class=\"alignnone wp-image-728\" src=\"https:\/\/wp.ufpel.edu.br\/cinema\/files\/2021\/01\/normas_tcct-400x374.png\" alt=\"\" width=\"119\" height=\"111\" srcset=\"https:\/\/wp.ufpel.edu.br\/cinema\/files\/2021\/01\/normas_tcct-400x374.png 400w, https:\/\/wp.ufpel.edu.br\/cinema\/files\/2021\/01\/normas_tcct.png 427w\" sizes=\"auto, (max-width: 119px) 100vw, 119px\" \/><strong><a href=\"https:\/\/wp.ufpel.edu.br\/cinema\/normas-tcct\/\">normas do tcc te\u00f3rico (TCCT)<\/a><\/strong><br \/>\nNormas e modelos para o TCC te\u00f3rico de ambos os cursos.<\/div>\n<div><img loading=\"lazy\" decoding=\"async\" class=\"alignnone wp-image-731\" src=\"https:\/\/wp.ufpel.edu.br\/cinema\/files\/2021\/01\/normas_tccp-400x374.png\" alt=\"\" width=\"115\" height=\"107\" srcset=\"https:\/\/wp.ufpel.edu.br\/cinema\/files\/2021\/01\/normas_tccp-400x374.png 400w, https:\/\/wp.ufpel.edu.br\/cinema\/files\/2021\/01\/normas_tccp.png 427w\" sizes=\"auto, (max-width: 115px) 100vw, 115px\" \/><strong><a href=\"https:\/\/wp.ufpel.edu.br\/cinema\/normas-tccp\/\">normas do tcc pr\u00e1tico (TCCP)<\/a><\/strong><br \/>\nNormas e modelos para o TCC pr\u00e1tico de ambos os cursos.<\/div>\n<div><img loading=\"lazy\" decoding=\"async\" class=\"alignnone wp-image-947\" src=\"https:\/\/wp.ufpel.edu.br\/cinema\/files\/2021\/01\/fluxo-400x374.png\" alt=\"\" width=\"121\" height=\"113\" srcset=\"https:\/\/wp.ufpel.edu.br\/cinema\/files\/2021\/01\/fluxo-400x374.png 400w, https:\/\/wp.ufpel.edu.br\/cinema\/files\/2021\/01\/fluxo.png 427w\" sizes=\"auto, (max-width: 121px) 100vw, 121px\" \/><a href=\"https:\/\/l.ufpel.edu.br\/fluxo\" target=\"_blank\" rel=\"noopener noreferrer\"><strong>fluxo de entrega de produtos<\/strong><\/a><br \/>\nFluxo das etapas de entrega dos produtos (ambos os cursos).<\/div>\n<div><img loading=\"lazy\" decoding=\"async\" class=\"alignnone wp-image-949\" src=\"https:\/\/wp.ufpel.edu.br\/cinema\/files\/2021\/01\/submissao-400x374.png\" alt=\"\" width=\"121\" height=\"116\" \/><strong><a href=\"https:\/\/l.ufpel.edu.br\/produtoscinema\" target=\"_blank\" rel=\"noopener noreferrer\">submiss\u00e3o produto e docs<\/a><\/strong><br \/>\nFormul\u00e1rio para envio de produtos e docs produ\u00e7\u00e3o ao Colegiado.<\/div>\n<div style=\"display: none;\"><img loading=\"lazy\" decoding=\"async\" class=\"alignnone wp-image-744\" src=\"https:\/\/wp.ufpel.edu.br\/cinema\/files\/2021\/01\/vimeo-400x374.png\" alt=\"\" width=\"105\" height=\"98\" srcset=\"https:\/\/wp.ufpel.edu.br\/cinema\/files\/2021\/01\/vimeo-400x374.png 400w, https:\/\/wp.ufpel.edu.br\/cinema\/files\/2021\/01\/vimeo.png 427w\" sizes=\"auto, (max-width: 105px) 100vw, 105px\" \/><strong><a href=\"https:\/\/l.ufpel.edu.br\/vimeocinema\" target=\"_blank\" rel=\"noopener noreferrer\">usar vimeo do cinema ufpel\u00a0<\/a><\/strong><br \/>\nSolicitar utiliza\u00e7\u00e3o Vimeo Plus para acervo e festivais\/mostras.<\/div>\n<div><img loading=\"lazy\" decoding=\"async\" class=\"alignnone wp-image-746\" src=\"https:\/\/wp.ufpel.edu.br\/cinema\/files\/2021\/01\/festivais-400x374.png\" alt=\"\" width=\"111\" height=\"104\" srcset=\"https:\/\/wp.ufpel.edu.br\/cinema\/files\/2021\/01\/festivais-400x374.png 400w, https:\/\/wp.ufpel.edu.br\/cinema\/files\/2021\/01\/festivais.png 427w\" sizes=\"auto, (max-width: 111px) 100vw, 111px\" \/><strong><a href=\"https:\/\/l.ufpel.edu.br\/trajetoria-cinema\" target=\"_blank\" rel=\"noopener noreferrer\">informar ou atualizar trajet\u00f3ria<\/a><\/strong><br \/>\nInformar ou atualizar trajet\u00f3ria de filmes em festivais e mostras.<\/div>\n<div><img loading=\"lazy\" decoding=\"async\" class=\"alignnone wp-image-748\" src=\"https:\/\/wp.ufpel.edu.br\/cinema\/files\/2021\/01\/listas-400x374.png\" alt=\"\" width=\"108\" height=\"98\" \/><strong><a href=\"https:\/\/wp.ufpel.edu.br\/cinema\/listas\/\">listas de e-mail cinema ufpel<\/a><\/strong><br \/>\nInscri\u00e7\u00e3o ou descadastro de e-mail nas listas de informa\u00e7\u00e3o do Colegiado.<\/div>\n","protected":false},"excerpt":{"rendered":"<p>\u25ba conhe\u00e7a os cursos \u25ba veja os filmes \u25ba acervo tccts \u25ba yt cinema ufpel corre\u00e7\u00e3o de matr\u00edcula 2026\/1 Formul\u00e1rio encerrado para corre\u00e7\u00f5es em 2026\/1. matr\u00edcula especial (outros cursos) Ainda n\u00e3o dispon\u00edvel para 2026\/1. orienta\u00e7\u00f5es matr\u00edcula 2026\/1 Dispon\u00edveis para 2026\/1&#8230;. <a class=\"more-link\" href=\"https:\/\/wp.ufpel.edu.br\/cinema\/\">Continue lendo &rarr;<\/a><\/p>\n","protected":false},"author":573,"featured_media":0,"parent":0,"menu_order":0,"comment_status":"closed","ping_status":"closed","template":"template-fullwidth.php","meta":{"footnotes":""},"class_list":["post-2","page","type-page","status-publish","hentry"],"_links":{"self":[{"href":"https:\/\/wp.ufpel.edu.br\/cinema\/wp-json\/wp\/v2\/pages\/2","targetHints":{"allow":["GET"]}}],"collection":[{"href":"https:\/\/wp.ufpel.edu.br\/cinema\/wp-json\/wp\/v2\/pages"}],"about":[{"href":"https:\/\/wp.ufpel.edu.br\/cinema\/wp-json\/wp\/v2\/types\/page"}],"author":[{"embeddable":true,"href":"https:\/\/wp.ufpel.edu.br\/cinema\/wp-json\/wp\/v2\/users\/573"}],"replies":[{"embeddable":true,"href":"https:\/\/wp.ufpel.edu.br\/cinema\/wp-json\/wp\/v2\/comments?post=2"}],"version-history":[{"count":3,"href":"https:\/\/wp.ufpel.edu.br\/cinema\/wp-json\/wp\/v2\/pages\/2\/revisions"}],"predecessor-version":[{"id":2933,"href":"https:\/\/wp.ufpel.edu.br\/cinema\/wp-json\/wp\/v2\/pages\/2\/revisions\/2933"}],"wp:attachment":[{"href":"https:\/\/wp.ufpel.edu.br\/cinema\/wp-json\/wp\/v2\/media?parent=2"}],"curies":[{"name":"wp","href":"https:\/\/api.w.org\/{rel}","templated":true}]}}