{"id":1874,"date":"2023-06-15T16:52:15","date_gmt":"2023-06-15T19:52:15","guid":{"rendered":"https:\/\/wp.ufpel.edu.br\/cinema\/?page_id=1874"},"modified":"2026-03-12T12:03:34","modified_gmt":"2026-03-12T15:03:34","slug":"horizontalidade-5010","status":"publish","type":"page","link":"https:\/\/wp.ufpel.edu.br\/cinema\/horizontalidade-5010\/","title":{"rendered":"horizontalidade 5010"},"content":{"rendered":"<p>O Cinema UFPEL, desde o ano de 2013, possui um <strong>v\u00ednculo entre disciplinas de um mesmo semestre chamado de horizontalidade<\/strong>. A din\u00e2mica permite o desenvolvimento de produtos audiovisuais aos estudantes ao longo da forma\u00e7\u00e3o e racionaliza tempo e recursos concentrando o trabalho no desenvolvimento de um \u00fanico projeto que pode ser semestral ou anual. Abaixo est\u00e3o dispon\u00edveis os fluxos pr\u00e1ticos da <strong>horizontalidade entre os semestres para o curso de 5010 Cinema e Audiovisual.<\/strong> Clique nos semestres para ver os esquemas. Observe as legendas abaixo:<\/p>\n<p><span style=\"display: block; overflow: auto;\"><br \/>\n<img decoding=\"async\" class=\"alignnone size-full wp-image-2751\" src=\"https:\/\/wp.ufpel.edu.br\/cinema\/files\/2026\/03\/legenda_5020-scaled.png\" alt=\"\" width=\"716\" srcset=\"https:\/\/wp.ufpel.edu.br\/cinema\/files\/2026\/03\/legenda_5020-scaled.png 2560w, https:\/\/wp.ufpel.edu.br\/cinema\/files\/2026\/03\/legenda_5020-400x53.png 400w, https:\/\/wp.ufpel.edu.br\/cinema\/files\/2026\/03\/legenda_5020-1024x136.png 1024w, https:\/\/wp.ufpel.edu.br\/cinema\/files\/2026\/03\/legenda_5020-768x102.png 768w, https:\/\/wp.ufpel.edu.br\/cinema\/files\/2026\/03\/legenda_5020-1536x204.png 1536w, https:\/\/wp.ufpel.edu.br\/cinema\/files\/2026\/03\/legenda_5020-2048x272.png 2048w, https:\/\/wp.ufpel.edu.br\/cinema\/files\/2026\/03\/legenda_5020-600x80.png 600w, https:\/\/wp.ufpel.edu.br\/cinema\/files\/2026\/03\/legenda_5020-945x125.png 945w\" sizes=\"(max-width: 2560px) 100vw, 2560px\" \/><\/span><\/p>\n<p><span style=\"color: #999999;\">\u25ba acesse [+] para expandir os t\u00f3picos<\/p>\n<p><\/span><span style=\"font-size: 18pt; color: #2ed6de;\">\u00a0 \u00a0 \u00a0 1\u00ba SEMESTRE\u00a0<\/span><\/p>\n<span class=\"collapseomatic \" id=\"id69d78e05b6d40\"  tabindex=\"0\" title=\"\"    ><\/span><div id=\"target-id69d78e05b6d40\" class=\"collapseomatic_content \"><span style=\"display: block; overflow: auto;\"><img decoding=\"async\" class=\"alignnone size-full wp-image-2780\" src=\"https:\/\/wp.ufpel.edu.br\/cinema\/files\/2026\/03\/1sem_5010-scaled.png\" alt=\"\" width=\"794\" srcset=\"https:\/\/wp.ufpel.edu.br\/cinema\/files\/2026\/03\/1sem_5010-scaled.png 2560w, https:\/\/wp.ufpel.edu.br\/cinema\/files\/2026\/03\/1sem_5010-400x131.png 400w, https:\/\/wp.ufpel.edu.br\/cinema\/files\/2026\/03\/1sem_5010-1024x334.png 1024w, https:\/\/wp.ufpel.edu.br\/cinema\/files\/2026\/03\/1sem_5010-768x251.png 768w, https:\/\/wp.ufpel.edu.br\/cinema\/files\/2026\/03\/1sem_5010-1536x501.png 1536w, https:\/\/wp.ufpel.edu.br\/cinema\/files\/2026\/03\/1sem_5010-2048x668.png 2048w, https:\/\/wp.ufpel.edu.br\/cinema\/files\/2026\/03\/1sem_5010-600x196.png 600w, https:\/\/wp.ufpel.edu.br\/cinema\/files\/2026\/03\/1sem_5010-945x308.png 945w\" sizes=\"(max-width: 2560px) 100vw, 2560px\" \/><\/span><\/p>\n<\/div>\n<p><span style=\"font-size: 18pt; color: #2ed6de;\">\u00a0 \u00a0 \u00a0 2\u00ba SEMESTRE\u00a0<\/span><\/p>\n<span class=\"collapseomatic \" id=\"id69d78e05b6dab\"  tabindex=\"0\" title=\"\"    ><\/span><div id=\"target-id69d78e05b6dab\" class=\"collapseomatic_content \"><span style=\"display: block; overflow: auto;\"><img decoding=\"async\" class=\"alignnone size-full wp-image-2783\" src=\"https:\/\/wp.ufpel.edu.br\/cinema\/files\/2026\/03\/2sem_5010-scaled.png\" alt=\"\" width=\"794\" srcset=\"https:\/\/wp.ufpel.edu.br\/cinema\/files\/2026\/03\/2sem_5010-scaled.png 2560w, https:\/\/wp.ufpel.edu.br\/cinema\/files\/2026\/03\/2sem_5010-400x178.png 400w, https:\/\/wp.ufpel.edu.br\/cinema\/files\/2026\/03\/2sem_5010-1024x456.png 1024w, https:\/\/wp.ufpel.edu.br\/cinema\/files\/2026\/03\/2sem_5010-768x342.png 768w, https:\/\/wp.ufpel.edu.br\/cinema\/files\/2026\/03\/2sem_5010-1536x683.png 1536w, https:\/\/wp.ufpel.edu.br\/cinema\/files\/2026\/03\/2sem_5010-2048x911.png 2048w, https:\/\/wp.ufpel.edu.br\/cinema\/files\/2026\/03\/2sem_5010-600x267.png 600w, https:\/\/wp.ufpel.edu.br\/cinema\/files\/2026\/03\/2sem_5010-945x420.png 945w\" sizes=\"(max-width: 2560px) 100vw, 2560px\" \/><\/span><\/p>\n<\/div>\n<p><span style=\"font-size: 18pt; color: #2ed6de;\">\u00a0 \u00a0 \u00a0 3\u00ba SEMESTRE\u00a0<\/span><\/p>\n<span class=\"collapseomatic \" id=\"id69d78e05b6dcf\"  tabindex=\"0\" title=\"\"    ><\/span><div id=\"target-id69d78e05b6dcf\" class=\"collapseomatic_content \">\n<span style=\"display: block; overflow: auto;\"><img loading=\"lazy\" decoding=\"async\" class=\"alignnone size-full wp-image-2786\" src=\"https:\/\/wp.ufpel.edu.br\/cinema\/files\/2026\/03\/3sem_5010-scaled.png\" alt=\"\" width=\"2560\" height=\"887\" srcset=\"https:\/\/wp.ufpel.edu.br\/cinema\/files\/2026\/03\/3sem_5010-scaled.png 2560w, https:\/\/wp.ufpel.edu.br\/cinema\/files\/2026\/03\/3sem_5010-400x139.png 400w, https:\/\/wp.ufpel.edu.br\/cinema\/files\/2026\/03\/3sem_5010-1024x355.png 1024w, https:\/\/wp.ufpel.edu.br\/cinema\/files\/2026\/03\/3sem_5010-768x266.png 768w, https:\/\/wp.ufpel.edu.br\/cinema\/files\/2026\/03\/3sem_5010-1536x532.png 1536w, https:\/\/wp.ufpel.edu.br\/cinema\/files\/2026\/03\/3sem_5010-2048x709.png 2048w, https:\/\/wp.ufpel.edu.br\/cinema\/files\/2026\/03\/3sem_5010-600x208.png 600w, https:\/\/wp.ufpel.edu.br\/cinema\/files\/2026\/03\/3sem_5010-945x327.png 945w\" sizes=\"auto, (max-width: 2560px) 100vw, 2560px\" \/><\/span><\/p>\n<\/div>\n<p><span style=\"font-size: 18pt; color: #2ed6de;\">\u00a0 \u00a0 \u00a0\u00a04\u00ba SEMESTRE\u00a0<\/span><\/p>\n<span class=\"collapseomatic \" id=\"id69d78e05b6dec\"  tabindex=\"0\" title=\"\"    ><\/span><div id=\"target-id69d78e05b6dec\" class=\"collapseomatic_content \">\n<span style=\"display: block; overflow: auto;\">\u200e<img decoding=\"async\" class=\"alignnone size-full wp-image-2789\" src=\"https:\/\/wp.ufpel.edu.br\/cinema\/files\/2026\/03\/4sem_5010-scaled.png\" alt=\"\" width=\"794\" srcset=\"https:\/\/wp.ufpel.edu.br\/cinema\/files\/2026\/03\/4sem_5010-scaled.png 2560w, https:\/\/wp.ufpel.edu.br\/cinema\/files\/2026\/03\/4sem_5010-400x178.png 400w, https:\/\/wp.ufpel.edu.br\/cinema\/files\/2026\/03\/4sem_5010-1024x456.png 1024w, https:\/\/wp.ufpel.edu.br\/cinema\/files\/2026\/03\/4sem_5010-768x342.png 768w, https:\/\/wp.ufpel.edu.br\/cinema\/files\/2026\/03\/4sem_5010-1536x684.png 1536w, https:\/\/wp.ufpel.edu.br\/cinema\/files\/2026\/03\/4sem_5010-2048x912.png 2048w, https:\/\/wp.ufpel.edu.br\/cinema\/files\/2026\/03\/4sem_5010-600x267.png 600w, https:\/\/wp.ufpel.edu.br\/cinema\/files\/2026\/03\/4sem_5010-945x421.png 945w\" sizes=\"(max-width: 2560px) 100vw, 2560px\" \/><\/span><\/p>\n<\/div>\n<span style=\"font-size: 18pt; color: #2ed6de;\">\u00a0 \u00a0 \u00a0\u00a05\u00ba SEMESTRE\u00a0<\/span><\/p>\n<span class=\"collapseomatic \" id=\"id69d78e05b6e0a\"  tabindex=\"0\" title=\"\"    ><\/span><div id=\"target-id69d78e05b6e0a\" class=\"collapseomatic_content \">\u200e<span style=\"display: block; overflow: auto;\"><img loading=\"lazy\" decoding=\"async\" class=\"alignnone size-full wp-image-2791\" src=\"https:\/\/wp.ufpel.edu.br\/cinema\/files\/2026\/03\/5sem_5010-scaled.png\" alt=\"\" width=\"2560\" height=\"884\" srcset=\"https:\/\/wp.ufpel.edu.br\/cinema\/files\/2026\/03\/5sem_5010-scaled.png 2560w, https:\/\/wp.ufpel.edu.br\/cinema\/files\/2026\/03\/5sem_5010-400x138.png 400w, https:\/\/wp.ufpel.edu.br\/cinema\/files\/2026\/03\/5sem_5010-1024x354.png 1024w, https:\/\/wp.ufpel.edu.br\/cinema\/files\/2026\/03\/5sem_5010-768x265.png 768w, https:\/\/wp.ufpel.edu.br\/cinema\/files\/2026\/03\/5sem_5010-1536x530.png 1536w, https:\/\/wp.ufpel.edu.br\/cinema\/files\/2026\/03\/5sem_5010-2048x707.png 2048w, https:\/\/wp.ufpel.edu.br\/cinema\/files\/2026\/03\/5sem_5010-600x207.png 600w, https:\/\/wp.ufpel.edu.br\/cinema\/files\/2026\/03\/5sem_5010-945x326.png 945w\" sizes=\"auto, (max-width: 2560px) 100vw, 2560px\" \/><\/span><\/p>\n<\/div>\n<p><span style=\"font-size: 18pt; color: #2ed6de;\">\u00a0 \u00a0 \u00a0\u00a06\u00ba SEMESTRE\u00a0<\/span><\/p>\n<span class=\"collapseomatic \" id=\"id69d78e05b6e24\"  tabindex=\"0\" title=\"\"    ><\/span><div id=\"target-id69d78e05b6e24\" class=\"collapseomatic_content \">\n<span style=\"display: block; overflow: auto;\">\u200e<img loading=\"lazy\" decoding=\"async\" class=\"alignnone size-full wp-image-2793\" src=\"https:\/\/wp.ufpel.edu.br\/cinema\/files\/2026\/03\/6sem_5010-scaled.png\" alt=\"\" width=\"2560\" height=\"887\" srcset=\"https:\/\/wp.ufpel.edu.br\/cinema\/files\/2026\/03\/6sem_5010-scaled.png 2560w, https:\/\/wp.ufpel.edu.br\/cinema\/files\/2026\/03\/6sem_5010-400x139.png 400w, https:\/\/wp.ufpel.edu.br\/cinema\/files\/2026\/03\/6sem_5010-1024x355.png 1024w, https:\/\/wp.ufpel.edu.br\/cinema\/files\/2026\/03\/6sem_5010-768x266.png 768w, https:\/\/wp.ufpel.edu.br\/cinema\/files\/2026\/03\/6sem_5010-1536x532.png 1536w, https:\/\/wp.ufpel.edu.br\/cinema\/files\/2026\/03\/6sem_5010-2048x709.png 2048w, https:\/\/wp.ufpel.edu.br\/cinema\/files\/2026\/03\/6sem_5010-600x208.png 600w, https:\/\/wp.ufpel.edu.br\/cinema\/files\/2026\/03\/6sem_5010-945x327.png 945w\" sizes=\"auto, (max-width: 2560px) 100vw, 2560px\" \/><\/span><\/p>\n<\/div>\n<p><span style=\"font-size: 18pt; color: #2ed6de;\">\u00a0 \u00a0 \u00a0\u00a07\u00ba SEMESTRE\u00a0<\/span><\/p>\n<span class=\"collapseomatic \" id=\"id69d78e05b6e3d\"  tabindex=\"0\" title=\"\"    ><\/span><div id=\"target-id69d78e05b6e3d\" class=\"collapseomatic_content \">\n<span style=\"display: block; overflow: auto;\">\u200e<img decoding=\"async\" class=\"alignnone size-full wp-image-2796\" src=\"https:\/\/wp.ufpel.edu.br\/cinema\/files\/2026\/03\/7sem_5010-scaled.png\" alt=\"\" width=\"794\" srcset=\"https:\/\/wp.ufpel.edu.br\/cinema\/files\/2026\/03\/7sem_5010-scaled.png 2560w, https:\/\/wp.ufpel.edu.br\/cinema\/files\/2026\/03\/7sem_5010-400x179.png 400w, https:\/\/wp.ufpel.edu.br\/cinema\/files\/2026\/03\/7sem_5010-1024x458.png 1024w, https:\/\/wp.ufpel.edu.br\/cinema\/files\/2026\/03\/7sem_5010-768x344.png 768w, https:\/\/wp.ufpel.edu.br\/cinema\/files\/2026\/03\/7sem_5010-1536x687.png 1536w, https:\/\/wp.ufpel.edu.br\/cinema\/files\/2026\/03\/7sem_5010-2048x916.png 2048w, https:\/\/wp.ufpel.edu.br\/cinema\/files\/2026\/03\/7sem_5010-600x268.png 600w, https:\/\/wp.ufpel.edu.br\/cinema\/files\/2026\/03\/7sem_5010-945x423.png 945w\" sizes=\"(max-width: 2560px) 100vw, 2560px\" \/><\/span><\/p>\n<\/div>\n","protected":false},"excerpt":{"rendered":"<p>O Cinema UFPEL, desde o ano de 2013, possui um v\u00ednculo entre disciplinas de um mesmo semestre chamado de horizontalidade. A din\u00e2mica permite o desenvolvimento de produtos audiovisuais aos estudantes ao longo da forma\u00e7\u00e3o e racionaliza tempo e recursos concentrando&#8230; <a class=\"more-link\" href=\"https:\/\/wp.ufpel.edu.br\/cinema\/horizontalidade-5010\/\">Continue lendo &rarr;<\/a><\/p>\n","protected":false},"author":573,"featured_media":0,"parent":0,"menu_order":0,"comment_status":"closed","ping_status":"closed","template":"template-fullwidth.php","meta":{"footnotes":""},"class_list":["post-1874","page","type-page","status-publish","hentry"],"_links":{"self":[{"href":"https:\/\/wp.ufpel.edu.br\/cinema\/wp-json\/wp\/v2\/pages\/1874","targetHints":{"allow":["GET"]}}],"collection":[{"href":"https:\/\/wp.ufpel.edu.br\/cinema\/wp-json\/wp\/v2\/pages"}],"about":[{"href":"https:\/\/wp.ufpel.edu.br\/cinema\/wp-json\/wp\/v2\/types\/page"}],"author":[{"embeddable":true,"href":"https:\/\/wp.ufpel.edu.br\/cinema\/wp-json\/wp\/v2\/users\/573"}],"replies":[{"embeddable":true,"href":"https:\/\/wp.ufpel.edu.br\/cinema\/wp-json\/wp\/v2\/comments?post=1874"}],"version-history":[{"count":4,"href":"https:\/\/wp.ufpel.edu.br\/cinema\/wp-json\/wp\/v2\/pages\/1874\/revisions"}],"predecessor-version":[{"id":2818,"href":"https:\/\/wp.ufpel.edu.br\/cinema\/wp-json\/wp\/v2\/pages\/1874\/revisions\/2818"}],"wp:attachment":[{"href":"https:\/\/wp.ufpel.edu.br\/cinema\/wp-json\/wp\/v2\/media?parent=1874"}],"curies":[{"name":"wp","href":"https:\/\/api.w.org\/{rel}","templated":true}]}}