{"id":1829,"date":"2023-06-15T14:28:33","date_gmt":"2023-06-15T17:28:33","guid":{"rendered":"https:\/\/wp.ufpel.edu.br\/cinema\/?page_id=1829"},"modified":"2026-03-12T12:04:05","modified_gmt":"2026-03-12T15:04:05","slug":"horizontalidade-5020","status":"publish","type":"page","link":"https:\/\/wp.ufpel.edu.br\/cinema\/horizontalidade-5020\/","title":{"rendered":"horizontalidade 5020"},"content":{"rendered":"<p>O Cinema UFPEL, desde o ano de 2013, possui um <strong>v\u00ednculo entre disciplinas de um mesmo semestre chamado de horizontalidade<\/strong>. A din\u00e2mica permite o desenvolvimento de produtos audiovisuais aos estudantes ao longo da forma\u00e7\u00e3o e racionaliza tempo e recursos concentrando o trabalho no desenvolvimento de um \u00fanico projeto que pode ser semestral ou anual. Abaixo est\u00e3o dispon\u00edveis os fluxos pr\u00e1ticos da <strong>horizontalidade entre os semestres para o curso de 5020 Cinema de Anima\u00e7\u00e3o<\/strong>. Clique nos semestres para ver os esquemas. Observe as legendas abaixo:<\/p>\n<p><span style=\"display: block; overflow: auto;\"><br \/>\n<img loading=\"lazy\" decoding=\"async\" class=\"alignnone wp-image-2751\" src=\"https:\/\/wp.ufpel.edu.br\/cinema\/files\/2026\/03\/legenda_5020-scaled.png\" alt=\"\" width=\"716\" height=\"95\" srcset=\"https:\/\/wp.ufpel.edu.br\/cinema\/files\/2026\/03\/legenda_5020-scaled.png 2560w, https:\/\/wp.ufpel.edu.br\/cinema\/files\/2026\/03\/legenda_5020-400x53.png 400w, https:\/\/wp.ufpel.edu.br\/cinema\/files\/2026\/03\/legenda_5020-1024x136.png 1024w, https:\/\/wp.ufpel.edu.br\/cinema\/files\/2026\/03\/legenda_5020-768x102.png 768w, https:\/\/wp.ufpel.edu.br\/cinema\/files\/2026\/03\/legenda_5020-1536x204.png 1536w, https:\/\/wp.ufpel.edu.br\/cinema\/files\/2026\/03\/legenda_5020-2048x272.png 2048w, https:\/\/wp.ufpel.edu.br\/cinema\/files\/2026\/03\/legenda_5020-600x80.png 600w, https:\/\/wp.ufpel.edu.br\/cinema\/files\/2026\/03\/legenda_5020-945x125.png 945w\" sizes=\"auto, (max-width: 716px) 100vw, 716px\" \/><br \/>\n<\/span><\/p>\n<p><span style=\"color: #999999;\">\u25ba acesse [+] para expandir os t\u00f3picos<\/p>\n<p><\/span><span style=\"display: block; overflow: auto;\"><span style=\"color: #2ed6de; font-size: 18pt;\">\u00a0 \u00a0 \u00a0 1\u00ba SEMESTRE\u00a0<\/span><\/span><\/p>\n<span class=\"collapseomatic \" id=\"id69f2c5415e325\"  tabindex=\"0\" title=\"\"    ><\/span><div id=\"target-id69f2c5415e325\" class=\"collapseomatic_content \">\n<span style=\"display: block; overflow: auto;\"><img loading=\"lazy\" decoding=\"async\" class=\"alignnone size-full wp-image-2756\" src=\"https:\/\/wp.ufpel.edu.br\/cinema\/files\/2026\/03\/1sem_5020-scaled.png\" alt=\"\" width=\"2560\" height=\"650\" srcset=\"https:\/\/wp.ufpel.edu.br\/cinema\/files\/2026\/03\/1sem_5020-scaled.png 2560w, https:\/\/wp.ufpel.edu.br\/cinema\/files\/2026\/03\/1sem_5020-400x102.png 400w, https:\/\/wp.ufpel.edu.br\/cinema\/files\/2026\/03\/1sem_5020-1024x260.png 1024w, https:\/\/wp.ufpel.edu.br\/cinema\/files\/2026\/03\/1sem_5020-768x195.png 768w, https:\/\/wp.ufpel.edu.br\/cinema\/files\/2026\/03\/1sem_5020-1536x390.png 1536w, https:\/\/wp.ufpel.edu.br\/cinema\/files\/2026\/03\/1sem_5020-2048x520.png 2048w, https:\/\/wp.ufpel.edu.br\/cinema\/files\/2026\/03\/1sem_5020-600x152.png 600w, https:\/\/wp.ufpel.edu.br\/cinema\/files\/2026\/03\/1sem_5020-945x240.png 945w\" sizes=\"auto, (max-width: 2560px) 100vw, 2560px\" \/><\/span><\/p>\n<\/div>\n<p><span style=\"font-size: 18pt; color: #2ed6de;\">\u00a0 \u00a0 \u00a0 2\u00ba SEMESTRE\u00a0<\/span><\/p>\n<span class=\"collapseomatic \" id=\"id69f2c5415e3b0\"  tabindex=\"0\" title=\"\"    ><\/span><div id=\"target-id69f2c5415e3b0\" class=\"collapseomatic_content \">\n<span style=\"display: block; overflow: auto;\"><img loading=\"lazy\" decoding=\"async\" class=\"alignnone size-full wp-image-2760\" src=\"https:\/\/wp.ufpel.edu.br\/cinema\/files\/2026\/03\/2sem_5020-scaled.png\" alt=\"\" width=\"2560\" height=\"886\" srcset=\"https:\/\/wp.ufpel.edu.br\/cinema\/files\/2026\/03\/2sem_5020-scaled.png 2560w, https:\/\/wp.ufpel.edu.br\/cinema\/files\/2026\/03\/2sem_5020-400x139.png 400w, https:\/\/wp.ufpel.edu.br\/cinema\/files\/2026\/03\/2sem_5020-1024x355.png 1024w, https:\/\/wp.ufpel.edu.br\/cinema\/files\/2026\/03\/2sem_5020-768x266.png 768w, https:\/\/wp.ufpel.edu.br\/cinema\/files\/2026\/03\/2sem_5020-1536x532.png 1536w, https:\/\/wp.ufpel.edu.br\/cinema\/files\/2026\/03\/2sem_5020-2048x709.png 2048w, https:\/\/wp.ufpel.edu.br\/cinema\/files\/2026\/03\/2sem_5020-600x208.png 600w, https:\/\/wp.ufpel.edu.br\/cinema\/files\/2026\/03\/2sem_5020-945x327.png 945w\" sizes=\"auto, (max-width: 2560px) 100vw, 2560px\" \/><\/span><\/p>\n<\/div>\n<p><span style=\"font-size: 18pt; color: #2ed6de;\">\u00a0 \u00a0 \u00a0 3\u00ba SEMESTRE\u00a0<\/span><\/p>\n<span class=\"collapseomatic \" id=\"id69f2c5415e3d5\"  tabindex=\"0\" title=\"\"    ><\/span><div id=\"target-id69f2c5415e3d5\" class=\"collapseomatic_content \">\n<span style=\"display: block; overflow: auto;\">\u200e<img loading=\"lazy\" decoding=\"async\" class=\"alignnone wp-image-2762\" src=\"https:\/\/wp.ufpel.edu.br\/cinema\/files\/2026\/03\/3sem_5020-scaled.png\" alt=\"\" width=\"794\" height=\"353\" srcset=\"https:\/\/wp.ufpel.edu.br\/cinema\/files\/2026\/03\/3sem_5020-scaled.png 2560w, https:\/\/wp.ufpel.edu.br\/cinema\/files\/2026\/03\/3sem_5020-400x178.png 400w, https:\/\/wp.ufpel.edu.br\/cinema\/files\/2026\/03\/3sem_5020-1024x456.png 1024w, https:\/\/wp.ufpel.edu.br\/cinema\/files\/2026\/03\/3sem_5020-768x342.png 768w, https:\/\/wp.ufpel.edu.br\/cinema\/files\/2026\/03\/3sem_5020-1536x684.png 1536w, https:\/\/wp.ufpel.edu.br\/cinema\/files\/2026\/03\/3sem_5020-2048x911.png 2048w, https:\/\/wp.ufpel.edu.br\/cinema\/files\/2026\/03\/3sem_5020-600x267.png 600w, https:\/\/wp.ufpel.edu.br\/cinema\/files\/2026\/03\/3sem_5020-945x421.png 945w\" sizes=\"auto, (max-width: 794px) 100vw, 794px\" \/><\/span><\/p>\n<\/div>\n<p><span style=\"font-size: 18pt; color: #2ed6de;\">\u00a0 \u00a0 \u00a0\u00a04\u00ba SEMESTRE\u00a0<\/span><\/p>\n<span class=\"collapseomatic \" id=\"id69f2c5415e3f3\"  tabindex=\"0\" title=\"\"    ><\/span><div id=\"target-id69f2c5415e3f3\" class=\"collapseomatic_content \">\n<span style=\"display: block; overflow: auto;\">\u200e<img decoding=\"async\" class=\"alignnone size-full wp-image-2767\" src=\"https:\/\/wp.ufpel.edu.br\/cinema\/files\/2026\/03\/4sem_5020-scaled.png\" alt=\"\" width=\"794\" srcset=\"https:\/\/wp.ufpel.edu.br\/cinema\/files\/2026\/03\/4sem_5020-scaled.png 2560w, https:\/\/wp.ufpel.edu.br\/cinema\/files\/2026\/03\/4sem_5020-400x178.png 400w, https:\/\/wp.ufpel.edu.br\/cinema\/files\/2026\/03\/4sem_5020-1024x456.png 1024w, https:\/\/wp.ufpel.edu.br\/cinema\/files\/2026\/03\/4sem_5020-768x342.png 768w, https:\/\/wp.ufpel.edu.br\/cinema\/files\/2026\/03\/4sem_5020-1536x684.png 1536w, https:\/\/wp.ufpel.edu.br\/cinema\/files\/2026\/03\/4sem_5020-2048x913.png 2048w, https:\/\/wp.ufpel.edu.br\/cinema\/files\/2026\/03\/4sem_5020-600x267.png 600w, https:\/\/wp.ufpel.edu.br\/cinema\/files\/2026\/03\/4sem_5020-945x421.png 945w\" sizes=\"(max-width: 2560px) 100vw, 2560px\" \/><\/span><\/p>\n<\/div>\n<p><span style=\"font-size: 18pt; color: #2ed6de;\">\u00a0 \u00a0 \u00a0\u00a05\u00ba SEMESTRE\u00a0<\/span><\/p>\n<span class=\"collapseomatic \" id=\"id69f2c5415e40d\"  tabindex=\"0\" title=\"\"    ><\/span><div id=\"target-id69f2c5415e40d\" class=\"collapseomatic_content \">\n<span style=\"display: block; overflow: auto;\"><img loading=\"lazy\" decoding=\"async\" class=\"alignnone size-full wp-image-2770\" src=\"https:\/\/wp.ufpel.edu.br\/cinema\/files\/2026\/03\/5sem_5020-scaled.png\" alt=\"\" width=\"2560\" height=\"884\" srcset=\"https:\/\/wp.ufpel.edu.br\/cinema\/files\/2026\/03\/5sem_5020-scaled.png 2560w, https:\/\/wp.ufpel.edu.br\/cinema\/files\/2026\/03\/5sem_5020-400x138.png 400w, https:\/\/wp.ufpel.edu.br\/cinema\/files\/2026\/03\/5sem_5020-1024x354.png 1024w, https:\/\/wp.ufpel.edu.br\/cinema\/files\/2026\/03\/5sem_5020-768x265.png 768w, https:\/\/wp.ufpel.edu.br\/cinema\/files\/2026\/03\/5sem_5020-1536x530.png 1536w, https:\/\/wp.ufpel.edu.br\/cinema\/files\/2026\/03\/5sem_5020-2048x707.png 2048w, https:\/\/wp.ufpel.edu.br\/cinema\/files\/2026\/03\/5sem_5020-600x207.png 600w, https:\/\/wp.ufpel.edu.br\/cinema\/files\/2026\/03\/5sem_5020-945x326.png 945w\" sizes=\"auto, (max-width: 2560px) 100vw, 2560px\" \/><\/span><\/p>\n<\/div>\n<p><span style=\"font-size: 18pt; color: #2ed6de;\">\u00a0 \u00a0 \u00a0\u00a06\u00ba SEMESTRE\u00a0<\/span><\/p>\n<span class=\"collapseomatic \" id=\"id69f2c5415e427\"  tabindex=\"0\" title=\"\"    ><\/span><div id=\"target-id69f2c5415e427\" class=\"collapseomatic_content \">\n<span style=\"display: block; overflow: auto;\"><img decoding=\"async\" class=\"alignnone size-full wp-image-2773\" src=\"https:\/\/wp.ufpel.edu.br\/cinema\/files\/2026\/03\/6sem_5020-scaled.png\" alt=\"\" width=\"794\" srcset=\"https:\/\/wp.ufpel.edu.br\/cinema\/files\/2026\/03\/6sem_5020-scaled.png 2560w, https:\/\/wp.ufpel.edu.br\/cinema\/files\/2026\/03\/6sem_5020-400x178.png 400w, https:\/\/wp.ufpel.edu.br\/cinema\/files\/2026\/03\/6sem_5020-1024x456.png 1024w, https:\/\/wp.ufpel.edu.br\/cinema\/files\/2026\/03\/6sem_5020-768x342.png 768w, https:\/\/wp.ufpel.edu.br\/cinema\/files\/2026\/03\/6sem_5020-1536x684.png 1536w, https:\/\/wp.ufpel.edu.br\/cinema\/files\/2026\/03\/6sem_5020-2048x911.png 2048w, https:\/\/wp.ufpel.edu.br\/cinema\/files\/2026\/03\/6sem_5020-600x267.png 600w, https:\/\/wp.ufpel.edu.br\/cinema\/files\/2026\/03\/6sem_5020-945x421.png 945w\" sizes=\"(max-width: 2560px) 100vw, 2560px\" \/><\/span><\/p>\n<\/div>\n<p><span style=\"font-size: 18pt; color: #2ed6de;\">\u00a0 \u00a0 \u00a0\u00a07\u00ba\/8\u00ba SEMESTRES\u00a0<\/span><\/p>\n<span class=\"collapseomatic \" id=\"id69f2c5415e440\"  tabindex=\"0\" title=\"\"    ><\/span><div id=\"target-id69f2c5415e440\" class=\"collapseomatic_content \">\n<span style=\"display: block; overflow: auto;\"><br \/>\n\u200e<img decoding=\"async\" class=\"alignnone size-full wp-image-2776\" src=\"https:\/\/wp.ufpel.edu.br\/cinema\/files\/2026\/03\/7_8sem_5020-scaled.png\" alt=\"\" width=\"794\" srcset=\"https:\/\/wp.ufpel.edu.br\/cinema\/files\/2026\/03\/7_8sem_5020-scaled.png 2560w, https:\/\/wp.ufpel.edu.br\/cinema\/files\/2026\/03\/7_8sem_5020-400x179.png 400w, https:\/\/wp.ufpel.edu.br\/cinema\/files\/2026\/03\/7_8sem_5020-1024x457.png 1024w, https:\/\/wp.ufpel.edu.br\/cinema\/files\/2026\/03\/7_8sem_5020-768x343.png 768w, https:\/\/wp.ufpel.edu.br\/cinema\/files\/2026\/03\/7_8sem_5020-1536x686.png 1536w, https:\/\/wp.ufpel.edu.br\/cinema\/files\/2026\/03\/7_8sem_5020-2048x914.png 2048w, https:\/\/wp.ufpel.edu.br\/cinema\/files\/2026\/03\/7_8sem_5020-600x268.png 600w, https:\/\/wp.ufpel.edu.br\/cinema\/files\/2026\/03\/7_8sem_5020-945x422.png 945w\" sizes=\"(max-width: 2560px) 100vw, 2560px\" \/><\/span><\/p>\n<\/div>\n","protected":false},"excerpt":{"rendered":"<p>O Cinema UFPEL, desde o ano de 2013, possui um v\u00ednculo entre disciplinas de um mesmo semestre chamado de horizontalidade. A din\u00e2mica permite o desenvolvimento de produtos audiovisuais aos estudantes ao longo da forma\u00e7\u00e3o e racionaliza tempo e recursos concentrando&#8230; <a class=\"more-link\" href=\"https:\/\/wp.ufpel.edu.br\/cinema\/horizontalidade-5020\/\">Continue lendo &rarr;<\/a><\/p>\n","protected":false},"author":573,"featured_media":0,"parent":0,"menu_order":0,"comment_status":"closed","ping_status":"closed","template":"template-fullwidth.php","meta":{"footnotes":""},"class_list":["post-1829","page","type-page","status-publish","hentry"],"_links":{"self":[{"href":"https:\/\/wp.ufpel.edu.br\/cinema\/wp-json\/wp\/v2\/pages\/1829","targetHints":{"allow":["GET"]}}],"collection":[{"href":"https:\/\/wp.ufpel.edu.br\/cinema\/wp-json\/wp\/v2\/pages"}],"about":[{"href":"https:\/\/wp.ufpel.edu.br\/cinema\/wp-json\/wp\/v2\/types\/page"}],"author":[{"embeddable":true,"href":"https:\/\/wp.ufpel.edu.br\/cinema\/wp-json\/wp\/v2\/users\/573"}],"replies":[{"embeddable":true,"href":"https:\/\/wp.ufpel.edu.br\/cinema\/wp-json\/wp\/v2\/comments?post=1829"}],"version-history":[{"count":4,"href":"https:\/\/wp.ufpel.edu.br\/cinema\/wp-json\/wp\/v2\/pages\/1829\/revisions"}],"predecessor-version":[{"id":2819,"href":"https:\/\/wp.ufpel.edu.br\/cinema\/wp-json\/wp\/v2\/pages\/1829\/revisions\/2819"}],"wp:attachment":[{"href":"https:\/\/wp.ufpel.edu.br\/cinema\/wp-json\/wp\/v2\/media?parent=1829"}],"curies":[{"name":"wp","href":"https:\/\/api.w.org\/{rel}","templated":true}]}}