{"id":1434,"date":"2021-02-25T16:02:53","date_gmt":"2021-02-25T19:02:53","guid":{"rendered":"https:\/\/wp.ufpel.edu.br\/cinema\/?page_id=1434"},"modified":"2021-08-06T15:50:39","modified_gmt":"2021-08-06T18:50:39","slug":"links","status":"publish","type":"page","link":"https:\/\/wp.ufpel.edu.br\/cinema\/links\/","title":{"rendered":"links"},"content":{"rendered":"<p><span style=\"color: #999999\">\u25ba acesse [+] para expandir os t\u00f3picos<\/span><\/p>\n<p><span style=\"color: #2ed6de\">\u00a0 \u00a0 \u00a0<span style=\"font-size: 18pt\">PROJETOS\u00a0<\/span><\/span><\/p>\n<span class=\"collapseomatic \" id=\"id69e291129ff0e\"  tabindex=\"0\" title=\"\"    ><\/span><div id=\"target-id69e291129ff0e\" class=\"collapseomatic_content \">\n<ul>\n<li><a href=\"https:\/\/pt-br.facebook.com\/cineufpel\/\" target=\"_blank\" rel=\"noopener\">Cine UFPEL<\/a>\n<ul>\n<li><a href=\"https:\/\/www.youtube.com\/c\/CineUFPel\/videos\" target=\"_blank\" rel=\"noopener\">Cine UFPEL no Youtube<\/a><\/li>\n<\/ul>\n<\/li>\n<li><a href=\"https:\/\/www.kinecom.org\/\" target=\"_blank\" rel=\"noopener\">Plataforma Kinecom<\/a><\/li>\n<li><a href=\"https:\/\/wp.ufpel.edu.br\/gp2ve\/\" target=\"_blank\" rel=\"noopener noreferrer\">Grupo de Pesquisa Produ\u00e7\u00e3o de V\u00eddeo Estudantil<\/a><\/li>\n<li><a href=\"https:\/\/wp.ufpel.edu.br\/labpve\/\" target=\"_blank\" rel=\"noopener noreferrer\">Laborat\u00f3rio Acad\u00eamico de Produ\u00e7\u00e3o de V\u00eddeo Estudantil<\/a><\/li>\n<li><a href=\"https:\/\/wp.ufpel.edu.br\/praciber\/\" target=\"_blank\" rel=\"noopener noreferrer\">PRACiber Grupo de Pesquisa<\/a><\/li>\n<li><a href=\"https:\/\/zero4cineclube.wordpress.com\/\" target=\"_blank\" rel=\"noopener noreferrer\">Zero4 Cineclube<\/a>\n<ul>\n<li><a href=\"https:\/\/www.youtube.com\/channel\/UCqQtgb7MiZdRBmMJarDNVTw\" target=\"_blank\" rel=\"noopener\">Zero4 no Youtube<\/a><\/li>\n<\/ul>\n<\/li>\n<li><a href=\"http:\/\/mulheranima.pro\/\" target=\"_blank\" rel=\"noopener noreferrer\">Mulher Anima<\/a>\n<ul>\n<li><a href=\"https:\/\/www.instagram.com\/mulheranima\/\" target=\"_blank\" rel=\"noopener noreferrer\">Instagram Mulher Anima<\/a><\/li>\n<li><a href=\"https:\/\/www.youtube.com\/channel\/UCjoqum7nfGl8jFJlEaxhDBw\" target=\"_blank\" rel=\"noopener noreferrer\">Mulher Anima Podcast<\/a><\/li>\n<\/ul>\n<\/li>\n<\/ul>\n<\/div>\n<p><span style=\"color: #2ed6de\">\u00a0 \u00a0 \u00a0<span style=\"font-size: 18pt\">INTERINSTITUCIONAL<\/span><\/span><\/p>\n<span class=\"collapseomatic \" id=\"id69e291129ffb6\"  tabindex=\"0\" title=\"\"    ><\/span><div id=\"target-id69e291129ffb6\" class=\"collapseomatic_content \">\n<ul>\n<li><a href=\"http:\/\/www.forcine.org.br\/\" target=\"_blank\" rel=\"noopener noreferrer\">FORCINE F\u00f3rum Brasileiro de Ensino de Cinema e Audiovisual<\/a><\/li>\n<li><a href=\"http:\/\/seanima.org\/\" target=\"_blank\" rel=\"noopener noreferrer\">SEANIMA Semin\u00e1rio Brasileiro de Estudos em Anima\u00e7\u00e3o<\/a><\/li>\n<li><a href=\"http:\/\/www.academicosdaanimacao.blog.br\/\" target=\"_blank\" rel=\"noopener noreferrer\">AdA Acad\u00eamicos da Anima\u00e7\u00e3o<\/a><\/li>\n<\/ul>\n<\/div>\n<p><span style=\"color: #2ed6de\">\u00a0 \u00a0 \u00a0<span style=\"font-size: 18pt\">PUBLICA\u00c7\u00d5ES<\/span><\/span><\/p>\n<span class=\"collapseomatic \" id=\"id69e291129ffdb\"  tabindex=\"0\" title=\"\"    ><\/span><div id=\"target-id69e291129ffdb\" class=\"collapseomatic_content \">\n<ul>\n<li><a href=\"https:\/\/orson.ufpel.edu.br\/content\/index.html\" target=\"_blank\" rel=\"noopener noreferrer\">ORSON Revista dos Cursos de Cinema do CA UFPEL<\/a><\/li>\n<li><a href=\"https:\/\/apichatpongblogue.wordpress.com\/\" target=\"_blank\" rel=\"noopener noreferrer\">APICHATPONG Blogue de Cr\u00edtica dos Cursos de Cinema da UFPEL<\/a><\/li>\n<\/ul>\n<\/div>\n","protected":false},"excerpt":{"rendered":"<p>\u25ba acesse [+] para expandir os t\u00f3picos \u00a0 \u00a0 \u00a0PROJETOS\u00a0 \u00a0 \u00a0 \u00a0INTERINSTITUCIONAL \u00a0 \u00a0 \u00a0PUBLICA\u00c7\u00d5ES<\/p>\n","protected":false},"author":573,"featured_media":0,"parent":0,"menu_order":0,"comment_status":"closed","ping_status":"closed","template":"template-fullwidth.php","meta":{"footnotes":""},"class_list":["post-1434","page","type-page","status-publish","hentry"],"_links":{"self":[{"href":"https:\/\/wp.ufpel.edu.br\/cinema\/wp-json\/wp\/v2\/pages\/1434","targetHints":{"allow":["GET"]}}],"collection":[{"href":"https:\/\/wp.ufpel.edu.br\/cinema\/wp-json\/wp\/v2\/pages"}],"about":[{"href":"https:\/\/wp.ufpel.edu.br\/cinema\/wp-json\/wp\/v2\/types\/page"}],"author":[{"embeddable":true,"href":"https:\/\/wp.ufpel.edu.br\/cinema\/wp-json\/wp\/v2\/users\/573"}],"replies":[{"embeddable":true,"href":"https:\/\/wp.ufpel.edu.br\/cinema\/wp-json\/wp\/v2\/comments?post=1434"}],"version-history":[{"count":8,"href":"https:\/\/wp.ufpel.edu.br\/cinema\/wp-json\/wp\/v2\/pages\/1434\/revisions"}],"predecessor-version":[{"id":1516,"href":"https:\/\/wp.ufpel.edu.br\/cinema\/wp-json\/wp\/v2\/pages\/1434\/revisions\/1516"}],"wp:attachment":[{"href":"https:\/\/wp.ufpel.edu.br\/cinema\/wp-json\/wp\/v2\/media?parent=1434"}],"curies":[{"name":"wp","href":"https:\/\/api.w.org\/{rel}","templated":true}]}}