{"id":1423,"date":"2021-02-25T15:27:47","date_gmt":"2021-02-25T18:27:47","guid":{"rendered":"https:\/\/wp.ufpel.edu.br\/cinema\/?page_id=1423"},"modified":"2021-08-02T20:23:38","modified_gmt":"2021-08-02T23:23:38","slug":"estudantes","status":"publish","type":"page","link":"https:\/\/wp.ufpel.edu.br\/cinema\/estudantes\/","title":{"rendered":"alumni"},"content":{"rendered":"<p><span style=\"color: #999999\">\u25ba acesse [+] para expandir os t\u00f3picos<\/span><\/p>\n<p><span style=\"color: #2ed6de\">\u00a0 \u00a0 \u00a0<span style=\"font-size: 18pt\">CACINE (DA)<\/span><\/span><\/p>\n<span class=\"collapseomatic \" id=\"id69d78edca5409\"  tabindex=\"0\" title=\"\"    ><\/span><div id=\"target-id69d78edca5409\" class=\"collapseomatic_content \">\n<p><a href=\"https:\/\/www.instagram.com\/cacineufpel\/\" target=\"_blank\" rel=\"noopener noreferrer\"><img loading=\"lazy\" decoding=\"async\" class=\"\" style=\"float: left;margin-right: 10px\" src=\"https:\/\/wp.ufpel.edu.br\/cinema\/files\/2021\/02\/brand_cacine.jpg\" alt=\"\" width=\"93\" height=\"93\" \/><\/a>O CACine, <strong>Centro Acad\u00eamico dos Cursos de Cinema<\/strong>, \u00e9 o meio de representa\u00e7\u00e3o discente dos cursos de 5020 Cinema de Anima\u00e7\u00e3o e 5010 Cinema de Audiovisual da Universidade Federal de Pelotas. Entre em contato pelo <a href=\"mailto:chaparessuscita2018@gmail.com\" target=\"_blank\" rel=\"noopener noreferrer\">e-mail do CAcine<\/a> e fique atenta\/o as novidades pelos links do Diret\u00f3rio Acad\u00eamico:<\/p>\n<p><a href=\"https:\/\/www.facebook.com\/CACinema.UFPel\/\" target=\"_blank\" rel=\"noopener noreferrer\">\u25ba Facebook do CACine<\/a><br \/>\n<a href=\"https:\/\/www.instagram.com\/cacineufpel\/\" target=\"_blank\" rel=\"noopener noreferrer\">\u25ba Instagram do CACine<\/a><\/p>\n<\/div>\n<p><span style=\"color: #2ed6de\">\u00a0 \u00a0 \u00a0<span style=\"font-size: 18pt\">ESTUDANTES<\/span><\/span><\/p>\n<span class=\"collapseomatic \" id=\"id69d78edca5498\"  tabindex=\"0\" title=\"\"    ><\/span><div id=\"target-id69d78edca5498\" class=\"collapseomatic_content \">\n<p><a href=\"https:\/\/institucional.ufpel.edu.br\/cursos\/cod\/5020#alunos\" target=\"_blank\" rel=\"noopener noreferrer\">\u25ba Estudantes vinculados ao curso 5020 Cinema de Anima\u00e7\u00e3o<\/a><br \/>\n<a href=\"https:\/\/institucional.ufpel.edu.br\/cursos\/cod\/5010#alunos\" target=\"_blank\" rel=\"noopener noreferrer\">\u25ba Estudantes vinculados ao curso 5010 Cinema e Audiovisual<\/a><\/p>\n<p><em><span style=\"color: #999999\">Informa\u00e7\u00f5es do website Institucional da UFPEL geradas pelo sistema COBALTO.<\/span><\/em><\/p>\n<\/div>\n<p><span style=\"color: #2ed6de\">\u00a0 \u00a0 \u00a0<span style=\"font-size: 18pt\">EGRESSOS<\/span><\/span><\/p>\n<span class=\"collapseomatic \" id=\"id69d78edca54bd\"  tabindex=\"0\" title=\"\"    ><\/span><div id=\"target-id69d78edca54bd\" class=\"collapseomatic_content \">\n<p><a href=\"https:\/\/institucional.ufpel.edu.br\/cursos\/cod\/5020#egressos\" target=\"_blank\" rel=\"noopener noreferrer\">\u25ba Egressas\/os do curso 5020 Cinema de Anima\u00e7\u00e3o<\/a><br \/>\n<a href=\"https:\/\/institucional.ufpel.edu.br\/cursos\/cod\/5010#egressos\" target=\"_blank\" rel=\"noopener noreferrer\">\u25ba Egressas\/os do curso 5010 Cinema e Audiovisual<\/a><br \/>\n<a href=\"https:\/\/institucional.ufpel.edu.br\/cursos\/cod\/5000#egressos\" target=\"_blank\" rel=\"noopener noreferrer\">\u25ba Egressas\/os do curso 5000 Cinema e Anima\u00e7\u00e3o<\/a> [extinto]\n<p><em><span style=\"color: #999999\">Informa\u00e7\u00f5es do website Institucional da UFPEL geradas pelo sistema COBALTO.<\/span><\/em><\/p>\n<\/div>\n","protected":false},"excerpt":{"rendered":"<p>\u25ba acesse [+] para expandir os t\u00f3picos \u00a0 \u00a0 \u00a0CACINE (DA) \u00a0 \u00a0 \u00a0ESTUDANTES \u00a0 \u00a0 \u00a0EGRESSOS<\/p>\n","protected":false},"author":573,"featured_media":0,"parent":0,"menu_order":0,"comment_status":"closed","ping_status":"closed","template":"template-fullwidth.php","meta":{"footnotes":""},"class_list":["post-1423","page","type-page","status-publish","hentry"],"_links":{"self":[{"href":"https:\/\/wp.ufpel.edu.br\/cinema\/wp-json\/wp\/v2\/pages\/1423","targetHints":{"allow":["GET"]}}],"collection":[{"href":"https:\/\/wp.ufpel.edu.br\/cinema\/wp-json\/wp\/v2\/pages"}],"about":[{"href":"https:\/\/wp.ufpel.edu.br\/cinema\/wp-json\/wp\/v2\/types\/page"}],"author":[{"embeddable":true,"href":"https:\/\/wp.ufpel.edu.br\/cinema\/wp-json\/wp\/v2\/users\/573"}],"replies":[{"embeddable":true,"href":"https:\/\/wp.ufpel.edu.br\/cinema\/wp-json\/wp\/v2\/comments?post=1423"}],"version-history":[{"count":8,"href":"https:\/\/wp.ufpel.edu.br\/cinema\/wp-json\/wp\/v2\/pages\/1423\/revisions"}],"predecessor-version":[{"id":1513,"href":"https:\/\/wp.ufpel.edu.br\/cinema\/wp-json\/wp\/v2\/pages\/1423\/revisions\/1513"}],"wp:attachment":[{"href":"https:\/\/wp.ufpel.edu.br\/cinema\/wp-json\/wp\/v2\/media?parent=1423"}],"curies":[{"name":"wp","href":"https:\/\/api.w.org\/{rel}","templated":true}]}}