{"id":1405,"date":"2021-02-25T13:50:24","date_gmt":"2021-02-25T16:50:24","guid":{"rendered":"https:\/\/wp.ufpel.edu.br\/cinema\/?page_id=1405"},"modified":"2025-05-19T15:58:31","modified_gmt":"2025-05-19T18:58:31","slug":"cineufpel","status":"publish","type":"page","link":"https:\/\/wp.ufpel.edu.br\/cinema\/cineufpel\/","title":{"rendered":"cine ufpel"},"content":{"rendered":"<p><img decoding=\"async\" src=\"https:\/\/wp.ufpel.edu.br\/cinema\/files\/2021\/02\/cineufpel.png\" alt=\"\" \/><\/p>\n<div style=\"background-color: #f5e7e7; width: 100%; margin: 20px 0 20px 0; height: 100%; padding: 2rem; border: 3.5px dashed #f193a7;\">\n<h1 style=\"font-family: 'Raleway', sans-serif; font-weight: 400; text-transform: uppercase; color: #e95876; margin: 0 0 2rem; font-size: 30px; line-height: 2.2rem;\">\u25bc edital de sele\u00e7\u00e3o bolsistas 2025<\/h1>\n<p>O Cine UFPEL torna p\u00fablico o <strong>Edital de Sele\u00e7\u00e3o Simplicado para sele\u00e7\u00e3o de<\/strong> <strong>oito bolsistas<\/strong> para o projeto com inscri\u00e7\u00f5es <strong>at\u00e9 16 de maio de 2025<\/strong>. Veja informa\u00e7\u00f5es nos links abaixo:<\/p>\n<p>\u25ba <a style=\"font-size: 18px; background-color: #ffcfcf;\" href=\"https:\/\/wp.ufpel.edu.br\/cinema\/files\/2025\/05\/edital_selecao_bolsas_cine_ufpel_2025.pdf\" target=\"_blank\" rel=\"noopener\"><strong>Edital<\/strong> de Sele\u00e7\u00e3o<\/a><br \/>\n\u25ba <a style=\"font-size: 18px; background-color: #ffcfcf;\" href=\"https:\/\/docs.google.com\/forms\/d\/1660Hx2A1M4St5Af8jxO5SXmtMupwVixABuOQWtDXnuQ\/viewform?edit_requested=true\" target=\"_blank\" rel=\"noopener\"><strong>Formul\u00e1rio<\/strong> de Inscri\u00e7\u00e3o (<strong>at\u00e9 16\/5<\/strong>)<\/a><br \/>\n\u25ba <a style=\"font-size: 18px; background-color: #ffcfcf;\" href=\"https:\/\/wp.ufpel.edu.br\/cinema\/files\/2025\/05\/cine_ufpel_resultado_bolsa_2025.pdf\" target=\"_blank\" rel=\"noopener\"><strong>Resultado<\/strong> Sele\u00e7\u00e3o Bolsistas 2025<\/a><\/p>\n<\/div>\n<p>Cine UFPEL \u00e9 a <strong>Sala Universit\u00e1ria de Cinema da UFPEL<\/strong>, sediada no pr\u00e9dio da Ag\u00eancia de Desenvolvimento da Lagoa Mirim. Trata-se de um <strong>cinema digital, gratuito, cujo foco \u00e9 exibir ao p\u00fablico filmes fora do circuito comercial<\/strong>. Al\u00e9m de oportunizar a democratiza\u00e7\u00e3o do acesso \u00e0 cultura para a comunidade interna e externa, o projeto abriga diferentes cineclubes e eventos de cinema de toda a Universidade, promovendo debates sobre diversas quest\u00f5es relevantes, com tem\u00e1ticas de impacto social.<\/p>\n<p>Constitu\u00edda por iniciativa dos docentes dos Cursos de Cinema da UFPEL, <strong>funciona desde 2015 e hoje \u00e9 um projeto estrat\u00e9gico da Universidade<\/strong>, atuando em parceria com a Pr\u00f3-reitoria de Extens\u00e3o e Cultura (PREC). Articula os projetos <strong><em>Cinemas em Rede<\/em><\/strong> da RNP, F<strong><em>orma\u00e7\u00e3o Continuada em Distribui\u00e7\u00e3o e Exibi\u00e7\u00e3o<\/em><\/strong> e <em><strong>Cine UFPEL para Escolas e Asilos<\/strong><\/em>. Abriga, entre outros, os cineclubes dos cursos de Cinema: <strong>Zero4 e Cassiop\u00e9ia<\/strong>.<\/p>\n<p><span style=\"color: #999999;\">\u25ba acesse [+] para expandir os t\u00f3picos<\/span><\/p>\n<p><span style=\"color: #2ed6de;\">\u00a0 \u00a0 \u00a0<span style=\"font-size: 18pt;\">OBJETIVOS<\/span><\/span><\/p>\n<span class=\"collapseomatic \" id=\"id69d665146ec15\"  tabindex=\"0\" title=\"\"    ><\/span><div id=\"target-id69d665146ec15\" class=\"collapseomatic_content \">\n<ul>\n<li>estimular a universaliza\u00e7\u00e3o do acesso e voca\u00e7\u00f5es para as obras cinematogr\u00e1ficas e audiovisuais, em especial as nacionais e latino-americanas;<\/li>\n<li>promover o conhecimento das e pelas artes cinematogr\u00e1ficas e audiovisuais;<\/li>\n<li>garantir a participa\u00e7\u00e3o diversificada de obras cinematogr\u00e1ficas e audiovisuais estrangeiras no mercado brasileiro;<\/li>\n<li>incentivar a reflex\u00e3o e a discuss\u00e3o de ideias atrav\u00e9s do cinema e de suas in\u00fameras interfaces culturais e sociais<\/li>\n<li>oportunizar atividades de ensino, pesquisa e extens\u00e3o relacionadas a obras cinematogr\u00e1ficas e audiovisuais<\/li>\n<li>Formar p\u00fablico (comunidade interna e externa) para as artes cinematogr\u00e1ficas e audiovisuais.<\/li>\n<\/ul>\n<\/div>\n<p><span style=\"color: #2ed6de;\">\u00a0 \u00a0 \u00a0<span style=\"font-size: 18pt;\">FUNCIONAMENTO<\/span><\/span><\/p>\n<span class=\"collapseomatic \" id=\"id69d665146eca5\"  tabindex=\"0\" title=\"\"    ><\/span><div id=\"target-id69d665146eca5\" class=\"collapseomatic_content \">\n<p><span style=\"color: #000000;\">Possibilidades de Sess\u00f5es nas Quintas e Sextas-feiras das 8h \u00e0s 18h30. Saiba da <strong>programa\u00e7\u00e3o<\/strong> pelo <a href=\"https:\/\/www.instagram.com\/cineufpel\/\" target=\"_blank\" rel=\"noopener\">Instagram<\/a>. Obtenha mais informa\u00e7\u00f5es sobre<strong> possibilidades de uso e agendamentos de exibi\u00e7\u00f5es<\/strong> (para comunidade UFPEL, terceiro setor e entidades p\u00fablicas) pelo e-mail <a href=\"mailto:saladecinema.ufpel@gmail.com\" target=\"_blank\" rel=\"noopener\">saladecinema.ufpel@gmail.com<\/a>.<\/span><\/p>\n<\/div>\n<p><span style=\"color: #2ed6de;\">\u00a0 \u00a0 \u00a0<span style=\"font-size: 18pt;\">LOCALIZA\u00c7\u00c3O<\/span><\/span><\/p>\n<span class=\"collapseomatic \" id=\"id69d665146eccf\"  tabindex=\"0\" title=\"\"    ><\/span><div id=\"target-id69d665146eccf\" class=\"collapseomatic_content \">\n<p><strong>\u25ba Rua Lobo da Costa, 447 Centro Pelotas\/RS<\/strong> <a href=\"https:\/\/goo.gl\/maps\/6qN9e91KYzr1dK5p9\" target=\"_blank\" rel=\"noopener noreferrer\">[Google Maps]<\/a><br \/>\n<em>Junto ao pr\u00e9dio da Ag\u00eancia de Desenvolvimento da Lagoa Mirim da UFPEL<\/em><\/p>\n<\/div>\n<p><span style=\"color: #2ed6de;\">\u00a0 \u00a0 \u00a0<span style=\"font-size: 18pt;\">LINKS<\/span><\/span><\/p>\n<span class=\"collapseomatic \" id=\"id69d665146ecf9\"  tabindex=\"0\" title=\"\"    ><\/span><div id=\"target-id69d665146ecf9\" class=\"collapseomatic_content \">\n<p><a href=\"https:\/\/wp.ufpel.edu.br\/cineufpel\" target=\"_blank\" rel=\"noopener noreferrer\">\u25ba Website Cine UFPEL<\/a><br \/>\n<a href=\"https:\/\/www.youtube.com\/channel\/UCtDpOQ_YU_Ijz047eQebyUg\" target=\"_blank\" rel=\"noopener noreferrer\">\u25ba Cine UFPEL no Youtube<\/a><br \/>\n<a href=\"https:\/\/pt-br.facebook.com\/cineufpel\/\" target=\"_blank\" rel=\"noopener noreferrer\">\u25ba Cine UFPEL no Facebook<\/a><br \/>\n<a href=\"https:\/\/www.instagram.com\/cineufpel\/\" target=\"_blank\" rel=\"noopener noreferrer\">\u25ba Cine UFPEL no Instagram<\/a><\/p>\n<\/div>\n<p><span style=\"color: #2ed6de;\">\u00a0 \u00a0 \u00a0<span style=\"font-size: 18pt;\">MARCA<\/span><\/span><\/p>\n<span class=\"collapseomatic \" id=\"id69d665146ed15\"  tabindex=\"0\" title=\"\"    ><\/span><div id=\"target-id69d665146ed15\" class=\"collapseomatic_content \">\n<p><a href=\"https:\/\/drive.google.com\/file\/d\/1DbO5FlXHQdg-qQ8qV4z5hxcRm7Wbmmlo\/view?usp=sharing\" target=\"_blank\" rel=\"noopener noreferrer\">\u25ba Em vetor (formato AI)<\/a><br \/>\n<a href=\"https:\/\/drive.google.com\/file\/d\/1Dkx1N7KRw1Xqo_6bI1-XHfKJDDFF-7Hy\/view?usp=sharing\" target=\"_blank\" rel=\"noopener noreferrer\">\u25ba Em bitmap (formato PNG)<\/a><\/p>\n<\/div>\n","protected":false},"excerpt":{"rendered":"<p>\u25bc edital de sele\u00e7\u00e3o bolsistas 2025 O Cine UFPEL torna p\u00fablico o Edital de Sele\u00e7\u00e3o Simplicado para sele\u00e7\u00e3o de oito bolsistas para o projeto com inscri\u00e7\u00f5es at\u00e9 16 de maio de 2025. Veja informa\u00e7\u00f5es nos links abaixo: \u25ba Edital de&#8230; <a class=\"more-link\" href=\"https:\/\/wp.ufpel.edu.br\/cinema\/cineufpel\/\">Continue lendo &rarr;<\/a><\/p>\n","protected":false},"author":573,"featured_media":0,"parent":0,"menu_order":0,"comment_status":"closed","ping_status":"closed","template":"template-fullwidth.php","meta":{"footnotes":""},"class_list":["post-1405","page","type-page","status-publish","hentry"],"_links":{"self":[{"href":"https:\/\/wp.ufpel.edu.br\/cinema\/wp-json\/wp\/v2\/pages\/1405","targetHints":{"allow":["GET"]}}],"collection":[{"href":"https:\/\/wp.ufpel.edu.br\/cinema\/wp-json\/wp\/v2\/pages"}],"about":[{"href":"https:\/\/wp.ufpel.edu.br\/cinema\/wp-json\/wp\/v2\/types\/page"}],"author":[{"embeddable":true,"href":"https:\/\/wp.ufpel.edu.br\/cinema\/wp-json\/wp\/v2\/users\/573"}],"replies":[{"embeddable":true,"href":"https:\/\/wp.ufpel.edu.br\/cinema\/wp-json\/wp\/v2\/comments?post=1405"}],"version-history":[{"count":40,"href":"https:\/\/wp.ufpel.edu.br\/cinema\/wp-json\/wp\/v2\/pages\/1405\/revisions"}],"predecessor-version":[{"id":2448,"href":"https:\/\/wp.ufpel.edu.br\/cinema\/wp-json\/wp\/v2\/pages\/1405\/revisions\/2448"}],"wp:attachment":[{"href":"https:\/\/wp.ufpel.edu.br\/cinema\/wp-json\/wp\/v2\/media?parent=1405"}],"curies":[{"name":"wp","href":"https:\/\/api.w.org\/{rel}","templated":true}]}}