{"id":1307,"date":"2021-02-23T14:57:51","date_gmt":"2021-02-23T17:57:51","guid":{"rendered":"https:\/\/wp.ufpel.edu.br\/cinema\/?page_id=1307"},"modified":"2025-11-27T18:07:19","modified_gmt":"2025-11-27T21:07:19","slug":"equipamentos","status":"publish","type":"page","link":"https:\/\/wp.ufpel.edu.br\/cinema\/equipamentos\/","title":{"rendered":"equipamentos"},"content":{"rendered":"<p><span style=\"color: #999999;\">\u25ba acesse [+] para expandir os t\u00f3picos<\/span><\/p>\n<p>Ordem pr\u00e1tica dos empr\u00e9stimos:<\/p>\n<p><span style=\"color: #2ed6de;\">\u00a0 \u00a0 <span style=\"font-size: 18pt;\">\u00a0\u25ba RETIRADA\/DEVOLU\u00c7\u00c3O<\/span><\/span><\/p>\n<span class=\"collapseomatic \" id=\"id69fc1c3a5d086\"  tabindex=\"0\" title=\"\"    ><\/span><div id=\"target-id69fc1c3a5d086\" class=\"collapseomatic_content \">\n<p>\u25ba As retiradas e devolu\u00e7\u00f5es de equipamentos devem ser realizadas nos hor\u00e1rios de atendimento do t\u00e9cnico<strong> Everton Maciel<\/strong>, na <strong>sala AC 205 (Bloco B do CA) descritos abaixo.<\/strong><\/p>\n<p>\u25ba Ao fazer uso do empr\u00e9stimo, <strong>voc\u00ea manifesta ci\u00eancia das normas de empr\u00e9stimo<\/strong> descritas abaixo. Se for a primeira vez,<strong> leia o regulamento antes de retirar equipamentos.<\/strong><\/p>\n<p>\u25ba O termo de empr\u00e9stimo <strong>pode ser assinado digitalmente pelos docentes<\/strong>, <strong>mas deve ser impresso e assinado pelos estudantes para agendamento e retirada de equipamentos<\/strong>.<\/p>\n<p>\u25ba Tendo em vista o reduzido n\u00famero de c\u00e2meras que os cursos disp\u00f5em e o uso nos laborat\u00f3rios demandado pelas disciplinas pr\u00e1ticas, o <strong>empr\u00e9stimo das c\u00e2meras DSLR est\u00e1 ocorrendo apenas para trabalhos das disciplinas do semestre e a retirada est\u00e1 ocorrendo apenas durante a sexta-feira<\/strong>, das 17h \u00e0s 17h30 com <strong>devolu\u00e7\u00e3o obrigat\u00f3ria na segunda-feira<\/strong> das 13h \u00e0s 13h30 de cada semana.<\/p>\n<p>\u25ba <strong>C\u00e2meras BMPCC (Blackmagic) obdedecem a hierarquia de empr\u00e9stimo para (1) aulas pr\u00e1ticas e (2) empr\u00e9stimos para projetos de TCCP,<\/strong> sem exce\u00e7\u00f5es.<\/p>\n<p>\u25ba Os e-mails de contato com o t\u00e9cnico Everton Maciel s\u00e3o <a href=\"mailto:equipamentoscinema@gmail.com\" target=\"_blank\" rel=\"noopener\"><strong>equipamentoscinema@gmail.com<\/strong><\/a> e <a href=\"mailto:evertonmaciel365@gmail.com\" target=\"_blank\" rel=\"noopener\"><strong>evertonmaciel365@gmail.com<\/strong><\/a>.<\/p>\n<div style=\"padding: 1rem; background-color: #85dbe3; border: 3.5px dashed #60ccd6; width: 80%; margin-right: 20%; margin-top: 1rem; height: auto;\"><strong>Hor\u00e1rios do T\u00e9cnico Everton Maciel para AGENDAMENTO de equipamentos<br \/>\n<\/strong><strong><br \/>\n<\/strong><strong>teletrabalho [PGD]<\/strong> \u25ba\u00a0 segunda a sexta-feira das 8h \u00e0s 12h (atendimento por e-mail)<br \/>\n<strong>atendimento presencial<\/strong> \u25ba segunda-feira das 13h \u00e0s 17h e ter\u00e7a a sexta-feira das 13h30 \u00e0s 17h30 (sala AC 205 Bloco 2 do CA)<\/div>\n<div style=\"padding: 1rem; background-color: #22828b; border: 3.5px dashed #28698c; width: 80%; margin-right: 20%; margin-top: 1rem; color: #eee; height: auto;\">\n<p><strong>Hor\u00e1rios do T\u00e9cnico Everton Maciel para RETIRADA\/DEVOLU\u00c7\u00c3O de equipamentos<br \/>\n<\/strong><strong><br \/>\n<\/strong><strong>RETIRADA<\/strong>\u00a0\u25ba quinta a sexta-feira das 13h30 \u00e0s 17h30 (sala AC 205 Bloco 2 do CA)<br \/>\n<em>C\u00e2meras DSLR obrigatoriamente retiradas na sexta 17h \u00e0s 17h30 ap\u00f3s as aulas<\/em><br \/>\n<strong>DEVOLU\u00c7\u00c3O<\/strong> \u25ba segunda das 13h30 \u00e0s 14h (sala AC 205 Bloco 2 do CA)<br \/>\n<em>C\u00e2meras DSLR obrigatoriamente devolvidas na segunda 13h \u00e0s 13h30 antes das aulas<\/em><\/p>\n<p><strong>Somente nestes hor\u00e1rios<\/strong> para dar prioridade de uso \u00e0s disciplinas do semestre vigente<\/p>\n<\/div>\n<p>&nbsp;<\/p>\n<\/div>\n<p><span style=\"color: #2ed6de;\"><span style=\"font-size: 18pt;\">\u00a0 \u00a0 \u25ba PREENCHER TERMO<\/span><\/span><\/p>\n<span class=\"collapseomatic \" id=\"id69fc1c3a5d127\"  tabindex=\"0\" title=\"\"    ><\/span><div id=\"target-id69fc1c3a5d127\" class=\"collapseomatic_content \">\n<p><span style=\"color: #999999;\">\u25bc Conhe\u00e7a as normas abaixo antes de preencher o documento.<\/span><\/p>\n<p><a href=\"https:\/\/guigah.cc\/termo\/\" target=\"_blank\" rel=\"noopener noreferrer\">Formul\u00e1rio para preencher o Termo de Empr\u00e9stimo.<\/a><\/p>\n<\/div>\n<p>Conhe\u00e7a abaixo as normas para empr\u00e9stimo:<\/p>\n<p><span style=\"color: #2ed6de;\">\u00a0 \u00a0 \u00a0<span style=\"font-size: 18pt;\">1 EMPR\u00c9STIMO\u00a0<\/span><\/span><\/p>\n<span class=\"collapseomatic \" id=\"id69fc1c3a5d14f\"  tabindex=\"0\" title=\"\"    ><\/span><div id=\"target-id69fc1c3a5d14f\" class=\"collapseomatic_content \">\n<p><strong>Art. 1\u00b0<\/strong> Para obter empr\u00e9stimo de equipamentos para produ\u00e7\u00e3o audiovisual \u00e9 necess\u00e1rio ser <strong>estudante, t\u00e9cnico ou docente dos Cursos de Cinema do Centro de Artes da UFPEL<\/strong> com n\u00famero de matr\u00edcula ou Siape devidamente ativos junto \u00e0 UFPEL.<\/p>\n<p><strong>Par\u00e1grafo \u00fanico &#8211;<\/strong> Para o caso de equipamentos com <strong>aquisi\u00e7\u00e3o compartilhada entre os Cursos de Cinema e Design<\/strong>, o empr\u00e9stimo \u00e9 <strong>restrito aos docentes, incluindo, neste caso, os docentes vinculados aos Cursos de Design,<\/strong> e a possibilidade fica restrita \u00e0 disponibilidade dos equipamentos considerando a prioridade do uso em sala de aula.<\/p>\n<p><strong>Art. 2\u00b0<\/strong> Os estudantes dos Cursos de Cinema podem agendar a retirada de equipamentos para produ\u00e7\u00e3o audiovisual estritamente para atividades de ensino, pesquisa e extens\u00e3o que estejam sobre a responsabilidade de um docente da unidade.<\/p>\n<p><strong>Art. 3\u00b0<\/strong> O empr\u00e9stimo de equipamentos, de forma geral, obedece a seguinte prioridade, nesta ordem:<\/p>\n<p><strong>I &#8211;<\/strong> <strong>Trabalhos solicitados por professor<\/strong> para as disciplinas dos Cursos de Cinema.<br \/>\n<strong><br \/>\nII &#8211;<\/strong> <strong>Projetos que sejam caracterizados como ensino, pesquisa ou extens\u00e3o<\/strong>, devidamente registrados na UFPEL e sobre a responsabilidade de um docente.<\/p>\n<p><strong>\u00a7 1\u00ba <\/strong>Usos distintos aos previstos no <em>caput<\/em> do Artigo, devem ter aprova\u00e7\u00e3o pr\u00e9via do Colegiado dos Cursos de Cinema<\/p>\n<p><strong>\u00a7 2\u00ba\u00a0<\/strong>\u00c9 estritamente proibida e vedada a utiliza\u00e7\u00e3o dos equipamentos <strong>para outros fins que n\u00e3o os indicados no <em>caput<\/em> ou outros aprovados pelo Colegiado dos Cursos de Cinema<\/strong>, sendo o caso observado e apurado pela Coordena\u00e7\u00e3o do Curso que poder\u00e1 notificar os estudantes e atestar o registro de infra\u00e7\u00e3o das normas de empr\u00e9stimo.<\/p>\n<p><strong>\u00a7 3\u00ba <\/strong>\u00c9 estritamente proibida e vedada a <strong>utiliza\u00e7\u00e3o dos equipamentos por terceiros que n\u00e3o sejam vinculados aos Cursos de Cinema e n\u00e3o sejam informados no Termo de Empr\u00e9stimo<\/strong>, sendo o caso observado e apurado pela Coordena\u00e7\u00e3o do Curso que poder\u00e1 notificar os estudantes e atestar o registro de infra\u00e7\u00e3o das normas de empr\u00e9stimo.<\/p>\n<p><strong>Art. 4\u00b0<\/strong> Todos os equipamentos, <strong>com exce\u00e7\u00e3o dos que sejam de aquisi\u00e7\u00e3o compartilhada<\/strong> entre os Cursos de Cinema e Design, <strong>s\u00e3o de uso exclusivo dos Cursos de Cinema <\/strong>e s\u00f3 podem ser retirados por estudantes que tenham feito ou estejam cursando a disciplina de <strong>Opera\u00e7\u00e3o de Equipamentos Audiovisuais<\/strong>.<\/p>\n<p><strong>Par\u00e1grafo \u00fanico &#8211; <\/strong>Estudantes do curso de Cinema de Anima\u00e7\u00e3o podem fazer uso dos equipamentos espec\u00edficos para anima\u00e7\u00e3o (como mesas digitalizadoras e mesas de luz) sem precisar fazer a disciplina referida no caput.<\/p>\n<p><strong>Art. 5\u00b0<\/strong> O empr\u00e9stimo e <strong>uso de refletores de luz apresenta riscos de queimaduras graves que podem ser ocasionados pela falta de preparo no manuseio<\/strong>, j\u00e1 que s\u00e3o equipamentos que operam com eletricidade em pot\u00eancias maiores e tamb\u00e9m funcionam com temperaturas elevadas. Dentro disso, o estudante <strong>deve estar ciente de sua compet\u00eancia para opera\u00e7\u00e3o<\/strong> de refletores a partir da disciplina de Opera\u00e7\u00e3o de Equipamentos Audiovisuais.<\/p>\n<\/div>\n<p><span style=\"color: #2ed6de;\">\u00a0 \u00a0 \u00a0<span style=\"font-size: 18pt;\">2 TRANSPORTE\u00a0<\/span><\/span><\/p>\n<span class=\"collapseomatic \" id=\"id69fc1c3a5d171\"  tabindex=\"0\" title=\"\"    ><\/span><div id=\"target-id69fc1c3a5d171\" class=\"collapseomatic_content \">\n<p><strong>Art. 6\u00b0<\/strong> Ao retirar qualquer equipamento o transporte <strong>DEVE ser feito em ve\u00edculo do tipo autom\u00f3vel.<\/strong><\/p>\n<p><strong>\u00a7 1\u00ba<\/strong> O estudante que assina o termo <strong>\u00e9 o respons\u00e1vel pelo transporte e guarda dos equipamentos<\/strong> durante o per\u00edodo de empr\u00e9stimo e deve zelar por sua conserva\u00e7\u00e3o e seguran\u00e7a.<\/p>\n<p><strong>\u00a7 2\u00ba<\/strong> Os equipamentos <strong>N\u00c3O podem ficar guardados em porta-mala de autom\u00f3vel enquanto estes estiverem estacionados em vias p\u00fablicas OU estacionamentos coletivos em longo per\u00edodo<\/strong>.<\/p>\n<p><strong>\u00a7 3\u00ba <\/strong>Quando os equipamentos n\u00e3o estiverem sendo utilizados, <strong>a guarda DEVE ser feita em locais com a m\u00e1xima seguran\u00e7a poss\u00edvel,<\/strong> com controle de acesso.<\/p>\n<p><strong>\u00a7 4\u00ba <\/strong>Na ocorr\u00eancia de <strong>algum registro de infra\u00e7\u00e3o que implique perda ou roubo de equipamentos,<\/strong> <strong>o estudante respons\u00e1vel ir\u00e1 responder \u00e0s autoridades competentes<\/strong> <strong>(Pol\u00edcia Federal), juntamente com os Cursos de Cinema e o Centro de Artes,<\/strong>\u00a0sobre o ocorrido.<\/p>\n<p><strong>Art. 7\u00b0<\/strong> Os equipamentos retirados pelos alunos <strong>n\u00e3o podem ser transportados para fora da cidade de Pelotas\/RS sem pr\u00e9vio conhecimento e autoriza\u00e7\u00e3o. <\/strong><\/p>\n<p><strong>\u00a7 1\u00ba <\/strong>Se houver a necessidade deste tr\u00e2nsito, o pedido <strong>deve ser feito com a m\u00e1xima anteced\u00eancia<\/strong> para avalia\u00e7\u00e3o em \u00e2mbito do Colegiado dos Cursos.<\/p>\n<p><strong>\u00a7 2\u00ba <\/strong>Se for constatado que o transporte foi feito sem autoriza\u00e7\u00e3o para outros munic\u00edpios, o caso ser\u00e1 observado e apurado pela Coordena\u00e7\u00e3o do Curso que poder\u00e1 notificar os estudantes e atestar o registro de infra\u00e7\u00e3o das normas de empr\u00e9stimo.<\/p>\n<\/div>\n<p><span style=\"color: #2ed6de;\">\u00a0 \u00a0 \u00a0<span style=\"font-size: 18pt;\">3 RETIRADA\u00a0<\/span><\/span><\/p>\n<span class=\"collapseomatic \" id=\"id69fc1c3a5d197\"  tabindex=\"0\" title=\"\"    ><\/span><div id=\"target-id69fc1c3a5d197\" class=\"collapseomatic_content \">\n<p><strong>Art. 8\u00b0<\/strong> Os Servidores T\u00e9cnicos dos Cursos de Cinema t\u00eam o dever conferir e entregar os equipamentos para uso dos estudantes em perfeito estado de funcionamento.<\/p>\n<p><strong>\u00a7 1\u00ba <\/strong>Os estudantes tamb\u00e9m <strong>t\u00eam o compromisso de revisar os itens quando retirar e entregar os equipamentos<\/strong> no per\u00edodo estipulado no termo e em iguais condi\u00e7\u00f5es.<\/p>\n<p><strong>\u00a7 2\u00ba Somente o estudante que consta como respons\u00e1vel no termo pode retirar os equipamentos.<\/strong> \u00c9 obrigat\u00f3ria a presen\u00e7a do aluno respons\u00e1vel pela retirada nos atos de verifica\u00e7\u00e3o, tanto na retirada quanto na entrega.<\/p>\n<p><strong>\u00a7 3\u00ba\u00a0<\/strong>Em caso de impedimento, ou motivo de for\u00e7a maior, que n\u00e3o permita aos Servidores T\u00e9cnicos dos Cursos de Cinema a realiza\u00e7\u00e3o de entrega e recep\u00e7\u00e3o dos equipamentos, a fun\u00e7\u00e3o poder\u00e1 ser desempenhada emergencialmente por docente dos Cursos de Cinema, com anu\u00eancia da Coordena\u00e7\u00e3o do Curso e adotando procedimentos espec\u00edficos para este fim.<\/p>\n<p><strong>Art. 9\u00ba<\/strong> Os <strong>materiais listados abaixo, considerados como de consumo<\/strong>, <strong>n\u00e3o ser\u00e3o fornecidos com os equipamentos<\/strong> e t\u00eam aquisi\u00e7\u00e3o sob responsabilidade do grupo de estudantes:<\/p>\n<p><strong>I &#8211;<\/strong> pilhas descart\u00e1veis ou recarreg\u00e1veis de qualquer tamanho.<\/p>\n<p><strong>II &#8211; <\/strong>l\u00e2mpadas para refletores de luz.<\/p>\n<p><strong>III &#8211;\u00a0<\/strong>cart\u00f5es de mem\u00f3ria de formatos acess\u00edveis como SDHC\/SDXC.<\/p>\n<p><strong>IV &#8211;\u00a0<\/strong>fitas <em>gaffer<\/em> e outros itens de consumo para di\u00e1rias de grava\u00e7\u00e3o.<\/p>\n<\/div>\n<p><span style=\"color: #2ed6de;\">\u00a0 \u00a0 \u00a0<span style=\"font-size: 18pt;\">4 AVARIAS E PERDAS<\/span><\/span><\/p>\n<span class=\"collapseomatic \" id=\"id69fc1c3a5d1b3\"  tabindex=\"0\" title=\"\"    ><\/span><div id=\"target-id69fc1c3a5d1b3\" class=\"collapseomatic_content \">\n<p><strong>Art. 10\u00b0<\/strong> Se houver perda de pe\u00e7as, avarias, constata\u00e7\u00f5es de mau uso a partir da revis\u00e3o de entrega ou qualquer outro problema em rela\u00e7\u00e3o ao estado de entrega, o procedimento ser\u00e1 o seguinte:<\/p>\n<p><strong>I &#8211;<\/strong> O t\u00e9cnico respons\u00e1vel pelo recebimento dos equipamentos, <strong>no momento de constata\u00e7\u00e3o da avaria, far\u00e1 o registro no verso do Termo de Empr\u00e9stimo relatando o ocorrido.<\/strong><\/p>\n<p><strong>II &#8211;<\/strong> O Termo de Empr\u00e9stimo ser\u00e1 enviado pelos t\u00e9cnicos \u00e0 Coordena\u00e7\u00e3o dos Cursos de Cinema que <strong>notificar\u00e1 os estudantes e atestar\u00e1 o registro de infra\u00e7\u00e3o das normas de empr\u00e9stimo.<\/strong><\/p>\n<p><strong>Art. 11\u00ba<\/strong> O registro <strong>de infra\u00e7\u00e3o das Normas de Empr\u00e9stimo tem o seguinte procedimento<\/strong>:<\/p>\n<p><strong>I &#8211;<\/strong> O estudante respons\u00e1vel <strong>ser\u00e1 chamado pelo Coordenador dos Cursos de Cinema<\/strong> para esclarecimento do ocorrido.<\/p>\n<p><strong>II &#8211;<\/strong> Se, no registro, for constatada avaria ou perda de equipamento que implique responsabilidade dos estudantes, <strong>o grupo de alunos, representado pelo respons\u00e1vel dos equipamentos neste ato,<\/strong> <strong>dever\u00e1 ressarcir os cursos com a substitui\u00e7\u00e3o do equipamento em igual marca e modelo ou, dependendo do caso, com o pagamento do conserto que ser\u00e1 feito em assist\u00eancia t\u00e9cnica.<\/strong><\/p>\n<p><strong>III &#8211;<\/strong> Se n\u00e3o houver ressarcimento, no caso de avaria ou perda de equipamento com a responsabilidade direta dos estudantes, todos os alunos integrantes do grupo listados no Termo de Empr\u00e9stimo, representados pelo respons\u00e1vel, <strong>ficar\u00e3o impedidos de novas retiradas pelo per\u00edodo de quatro meses letivos<\/strong> e sujeitos a <strong>responder pelo ocorrido aos outros \u00f3rg\u00e3os e setores da Universidade<\/strong>, para al\u00e9m do Colegiado dos Cursos de Cinema: nominalmente o Conselho do Centro de Artes e o Conselho Coordenador do Ensino, da Pesquisa e da Extens\u00e3o (COCEPE).<\/p>\n<p><strong>III &#8211;\u00a0<\/strong>Se no registro for constatada <strong>falta de zelo pelo equipamento p\u00fablico e desrespeito a este conjunto de normas, o estudante poder\u00e1 responder pelo ocorrido aos outros \u00f3rg\u00e3os e setores da Universidade<\/strong>, para al\u00e9m do Colegiado dos Cursos de Cinema: nominalmente o Conselho do Centro de Artes e o Conselho Coordenador do Ensino, da Pesquisa e da Extens\u00e3o (COCEPE).<\/p>\n<\/div>\n<p><span style=\"color: #2ed6de;\">\u00a0 \u00a0 \u00a0<span style=\"font-size: 18pt;\">5 PER\u00cdODOS<\/span><\/span><\/p>\n<span class=\"collapseomatic \" id=\"id69fc1c3a5d1cd\"  tabindex=\"0\" title=\"\"    ><\/span><div id=\"target-id69fc1c3a5d1cd\" class=\"collapseomatic_content \">\n<p><strong>Art. 12\u00ba<\/strong> Os <strong>per\u00edodo de empr\u00e9stimo<\/strong> s\u00e3o os seguintes:<\/p>\n<p><strong>I &#8211;\u00a0<\/strong> 2 (dois) dias para retiradas de segunda a quarta-feira.<\/p>\n<p><strong>II &#8211;\u00a0<\/strong>1 (um) dia para retirada na quinta-feira.<\/p>\n<p><strong>III &#8211;<\/strong> 3 (tr\u00eas) dias para retiradas na sexta-feira.<\/p>\n<p><strong>IV &#8211;<\/strong> 7 (sete) dias para empr\u00e9stimo de mesas de luz e mesas digitalizadoras.<\/p>\n<p><strong>\u00a7 1\u00ba <\/strong>\u00c9 poss\u00edvel solicitar <strong>at\u00e9 duas renova\u00e7\u00f5es de empr\u00e9stimo<\/strong>, observando os prazos do <em>caput<\/em> contandos a partir do dia da renova\u00e7\u00e3o, quando (1) <strong>n\u00e3o houver agendamentos em espera<\/strong> e (2) <strong>o pedido de renova\u00e7\u00e3o for feito aos t\u00e9cnicos em at\u00e9 um dia de anteced\u00eancia<\/strong> da previs\u00e3o de devolu\u00e7\u00e3o.<\/p>\n<p><strong>\u00a7 2\u00ba\u00a0<\/strong>Per\u00edodos de empr\u00e9stimo com <strong>prazos superiores aos previstos no <em>caput<\/em>, devem ser solicitados e justificados previamente ao Colegiado dos Cursos de Cinema<\/strong> que ir\u00e1 deliberar sobre a possibilidade.<\/p>\n<p><strong>\u00a7 3\u00ba<\/strong> S\u00e3o considerados <strong>dias \u00fateis e n\u00e3o \u00fateis para a dura\u00e7\u00e3o<\/strong> dos empr\u00e9stimos.<\/p>\n<p><strong>\u00a7 4\u00ba\u00a0<\/strong>Para <strong>entrega e retirada s\u00e3o considerados apenas os dias \u00fateis,<\/strong> dentro dos hor\u00e1rios previstos para estes procedimentos.<\/p>\n<p><strong>\u00a7 5\u00ba <\/strong>No caso de o prazo de entrega <strong>coincidir com dias n\u00e3o \u00fateis, a entrega fica automaticamente transferida para o pr\u00f3ximo dia \u00fatil,<\/strong> sem preju\u00edzos, dentro dos hor\u00e1rios previstos para entrega.<\/p>\n<p><strong>Art. 13\u00ba <\/strong>O aluno e, consequentemente, o grupo que <strong>n\u00e3o entregar o equipamento na data e no hor\u00e1rio descritos no Termo de Empr\u00e9stimo, considerando poss\u00edveis renova\u00e7\u00f5es, n\u00e3o poder\u00e1 retirar equipamento no per\u00edodo de um m\u00eas<\/strong> a contar da data da devolu\u00e7\u00e3o.<\/p>\n<p><strong>Par\u00e1grafo \u00fanico &#8211; <\/strong>Casos de devolu\u00e7\u00f5es em atraso <strong>ser\u00e3o reportados pelos Servidores T\u00e9cnicos \u00e0 Coordena\u00e7\u00e3o<\/strong> dos Cursos de Cinema.<\/p>\n<p><strong>Art. 14\u00ba <\/strong>A retirada e a devolu\u00e7\u00e3o precisa ser feita <strong>exclusivamente nos hor\u00e1rios deliberados pelo Colegiado dos Cursos de Cinema para este fim<\/strong> divulgados nesta p\u00e1gina e atualizados semestralmente.<\/p>\n<p><strong>Par\u00e1grafo \u00fanico &#8211;\u00a0<\/strong>Retiradas em per\u00edodos de <strong>f\u00e9rias, recessos e suspens\u00f5es de atividades presenciais de ensino, est\u00e3o sujeitas \u00e0 delibera\u00e7\u00e3o do Colegiado dos Cursos de Cinema<\/strong> em acordo com os Servidores T\u00e9cnicos.<\/p>\n<\/div>\n<p><span style=\"color: #2ed6de;\">\u00a0 \u00a0 \u00a0<span style=\"font-size: 18pt;\">5 PROCEDIMENTO<\/span><\/span><\/p>\n<span class=\"collapseomatic \" id=\"id69fc1c3a5d1e7\"  tabindex=\"0\" title=\"\"    ><\/span><div id=\"target-id69fc1c3a5d1e7\" class=\"collapseomatic_content \">\n<p><strong>Art. 15\u00ba<\/strong> Para possibilitar o empr\u00e9stimo o estudante deve:<\/p>\n<p><strong>I &#8211; Preencher completamente e imprimir o Termo de Empr\u00e9stimo (em papel)<\/strong> para poder retirar os equipamentos, a partir desta p\u00e1gina.<\/p>\n<p><strong>II &#8211;<\/strong> Obter a assinatura <strong>preferencialmente do docente respons\u00e1vel pelo trabalho\/projeto ou do Coordenador dos Cursos de Cinema<\/strong>, com a anu\u00eancia do docente respons\u00e1vel pelo trabalho\/projeto.<\/p>\n<p><strong>III &#8211; Procurar presencialmente os Servidores T\u00e9cnicos para agendar:<\/strong>\u00a0o procedimento ser\u00e1 feito exclusivamente desta forma e <strong>n\u00e3o h\u00e1 possibilidade de consulta a agenda dos equipamentos a n\u00e3o ser a partir do agendamento presencial <\/strong>no pr\u00f3prio Laborat\u00f3rio (sala AC 205).<\/p>\n<p>IV &#8211; Retirar e devolver os equipamentos nas datas <strong>estipuladas e descritas no Termo de Empr\u00e9stimo, nos hor\u00e1rios informados nessa p\u00e1gina para este fim e considerando os per\u00edodos de empr\u00e9stimo deste regimento.<\/strong><\/p>\n<p><strong>Art. 16\u00ba<\/strong> O <strong>nome do docente que consta na autoriza\u00e7\u00e3o de retirada deve corresponder ao respons\u00e1vel pela disciplina\/projeto<\/strong> que solicitou a demanda.<\/p>\n<p><strong>Par\u00e1grafo \u00fanico &#8211;\u00a0<\/strong>No caso de <strong>assinatura por parte do Coordenador, a assinatura ser\u00e1 feita em nome do respons\u00e1vel pela demanda<\/strong> de disciplina ou projeto.<\/p>\n<\/div>\n<p><span style=\"color: #2ed6de;\">\u00a0 \u00a0 \u00a0<span style=\"font-size: 18pt;\">6 DISPOSI\u00c7\u00d5ES<\/span><\/span><\/p>\n<span class=\"collapseomatic \" id=\"id69fc1c3a5d200\"  tabindex=\"0\" title=\"\"    ><\/span><div id=\"target-id69fc1c3a5d200\" class=\"collapseomatic_content \">\n<p><strong>Art. 17\u00ba<\/strong> Os Servidores T\u00e9cnicos s\u00e3o respons\u00e1veis em organizar os equipamentos na Reserva T\u00e9cnica, manter o ambiente limpo, proceder manuten\u00e7\u00f5es que sejam poss\u00edveis e necess\u00e1rias e organizar o controle de equipamentos avariados para conserto futuro, mantendo uma planilha atualizada para que a coordena\u00e7\u00e3o possa realizar os tramites necess\u00e1rios para a manuten\u00e7\u00e3o e retirando tais equipamentos da agenda de uso at\u00e9 estarem em condi\u00e7\u00f5es.<\/p>\n<p><strong>Par\u00e1grafo \u00fanico &#8211; <\/strong>Os Servidores T\u00e9cnicos s\u00e3o tamb\u00e9m respons\u00e1veis em realizar o agendamento das esta\u00e7\u00f5es de trabalho e dos equipamentos utilizados no Laborat\u00f3rio (sala AC 205).<\/p>\n<p><strong>Art. 18\u00ba<\/strong> Pela necessidade de gest\u00e3o, os Cursos de Cinema se reservam o direito de limitar o n\u00famero dispon\u00edvel ou de retirar equipamentos da possibilidade de empr\u00e9stimo, conforme a ocorr\u00eancia de manuten\u00e7\u00f5es ou avarias.<\/p>\n<\/div>\n","protected":false},"excerpt":{"rendered":"<p>\u25ba acesse [+] para expandir os t\u00f3picos Ordem pr\u00e1tica dos empr\u00e9stimos: \u00a0 \u00a0 \u00a0\u25ba RETIRADA\/DEVOLU\u00c7\u00c3O \u00a0 \u00a0 \u25ba PREENCHER TERMO Conhe\u00e7a abaixo as normas para empr\u00e9stimo: \u00a0 \u00a0 \u00a01 EMPR\u00c9STIMO\u00a0 \u00a0 \u00a0 \u00a02 TRANSPORTE\u00a0 \u00a0 \u00a0 \u00a03 RETIRADA\u00a0 \u00a0 \u00a0&#8230; <a class=\"more-link\" href=\"https:\/\/wp.ufpel.edu.br\/cinema\/equipamentos\/\">Continue lendo &rarr;<\/a><\/p>\n","protected":false},"author":573,"featured_media":0,"parent":0,"menu_order":0,"comment_status":"closed","ping_status":"closed","template":"template-fullwidth.php","meta":{"footnotes":""},"class_list":["post-1307","page","type-page","status-publish","hentry"],"_links":{"self":[{"href":"https:\/\/wp.ufpel.edu.br\/cinema\/wp-json\/wp\/v2\/pages\/1307","targetHints":{"allow":["GET"]}}],"collection":[{"href":"https:\/\/wp.ufpel.edu.br\/cinema\/wp-json\/wp\/v2\/pages"}],"about":[{"href":"https:\/\/wp.ufpel.edu.br\/cinema\/wp-json\/wp\/v2\/types\/page"}],"author":[{"embeddable":true,"href":"https:\/\/wp.ufpel.edu.br\/cinema\/wp-json\/wp\/v2\/users\/573"}],"replies":[{"embeddable":true,"href":"https:\/\/wp.ufpel.edu.br\/cinema\/wp-json\/wp\/v2\/comments?post=1307"}],"version-history":[{"count":4,"href":"https:\/\/wp.ufpel.edu.br\/cinema\/wp-json\/wp\/v2\/pages\/1307\/revisions"}],"predecessor-version":[{"id":2571,"href":"https:\/\/wp.ufpel.edu.br\/cinema\/wp-json\/wp\/v2\/pages\/1307\/revisions\/2571"}],"wp:attachment":[{"href":"https:\/\/wp.ufpel.edu.br\/cinema\/wp-json\/wp\/v2\/media?parent=1307"}],"curies":[{"name":"wp","href":"https:\/\/api.w.org\/{rel}","templated":true}]}}