{"id":1260,"date":"2021-02-22T17:58:51","date_gmt":"2021-02-22T20:58:51","guid":{"rendered":"https:\/\/wp.ufpel.edu.br\/cinema\/?page_id=1260"},"modified":"2026-04-07T14:01:41","modified_gmt":"2026-04-07T17:01:41","slug":"estagios","status":"publish","type":"page","link":"https:\/\/wp.ufpel.edu.br\/cinema\/estagios\/","title":{"rendered":"est\u00e1gios"},"content":{"rendered":"<p><strong>Informa\u00e7\u00f5es sobre est\u00e1gios para ambos os cursos<br \/>\n<\/strong><span style=\"color: #999999;\">\u25ba acesse [+] para expandir os t\u00f3picos<\/span><\/p>\n<p><span style=\"color: #2ed6de;\">\u00a0 \u00a0 \u00a0<span style=\"font-size: 18pt;\">1 CARACTERIZA\u00c7\u00c3O<\/span><\/span><\/p>\n<span class=\"collapseomatic \" id=\"id69fbb1fe71130\"  tabindex=\"0\" title=\"\"    ><\/span><div id=\"target-id69fbb1fe71130\" class=\"collapseomatic_content \">\n<p>O est\u00e1gio \u00e9 um elemento constitutivo do projeto de forma\u00e7\u00e3o dos estudantes por permitir o estabelecimento dos <strong>primeiros v\u00ednculos do educando com o mercado de trabalho<\/strong>, ser compreendido como um espa\u00e7o <strong>priorit\u00e1rio de ensino-aprendizagem<\/strong>, para al\u00e9m dos componentes curriculares espec\u00edficos, e constituir <strong>um dos mais importantes indicadores de avalia\u00e7\u00e3o da proposta de forma\u00e7\u00e3o dos cursos<\/strong>. Pode apresentar duas modalidades:<\/p>\n<ul>\n<li><strong>obrigat\u00f3rios:<\/strong> quando o est\u00e1gio faz parte da matriz curricular e sua carga hor\u00e1ria conta para a integraliza\u00e7\u00e3o da carga hor\u00e1ria total do curso. A disciplina de <strong>Est\u00e1gio Curricular tem a carga hor\u00e1ria de 180 horas para o curso de Cinema de Anima\u00e7\u00e3o e 240 horas para o curso de Cinema e Audiovisual.<\/strong><\/li>\n<li><strong>n\u00e3o obrigat\u00f3rios:<\/strong> quando os estudantes participam de outras oportunidades junto \u00e0s partes concedentes em outros momentos da forma\u00e7\u00e3o e com dura\u00e7\u00f5es distintas dos est\u00e1gios obrigat\u00f3rios, obedecendo os limites da legisla\u00e7\u00e3o.<\/li>\n<\/ul>\n<p>Os est\u00e1gios dos estudantes do cursos, em ambos os casos, s\u00e3o normatizados pela Lei 11.788, de 25 de setembro de 2008 (Lei do Est\u00e1gio), e da Resolu\u00e7\u00e3o 4\/2009, do Conselho Coordenador do Ensino, Pesquisa e Extens\u00e3o (COCEPE) da UFPEL. Os <strong>v\u00ednculos de est\u00e1gio s\u00e3o efetivados a partir da assinatura de um termo de compromisso pr\u00f3prio e preferencial<\/strong>\u00a0outorgado pela Pr\u00f3-Reitoria de Ensino. <strong>Em casos a parte as empresas e\/ou agentes de integra\u00e7\u00e3o do est\u00e1gio devem submeter o termo de compromisso ao Colegiado<\/strong> para que este encaminhe para posterior an\u00e1lise, com garantia da Universidade com rela\u00e7\u00e3o ao cumprimento da referida Lei. As partes concedentes ou agentes de integra\u00e7\u00e3o podem <strong>dirimir d\u00favidas diretamente pelo e-mail cinema@ufpel.edu.br<\/strong>.<\/p>\n<\/div>\n<p><span style=\"color: #2ed6de;\">\u00a0 \u00a0 \u00a0<span style=\"font-size: 18pt;\">2 ORIENTA\u00c7\u00c3O<\/span><\/span><\/p>\n<span class=\"collapseomatic \" id=\"id69fbb1fe7120c\"  tabindex=\"0\" title=\"\"    ><\/span><div id=\"target-id69fbb1fe7120c\" class=\"collapseomatic_content \">\n<p>Em cada per\u00edodo, o cursos ter\u00e3o um <strong>docente respons\u00e1vel pela orienta\u00e7\u00e3o de est\u00e1gios obrigat\u00f3rios e n\u00e3o-obrigat\u00f3rios<\/strong>, que poder\u00e1 ser o <strong>coordenador do curso<\/strong>. Este ser\u00e1 automaticamente o respons\u00e1vel pela disciplina de est\u00e1gio curricular. Em acordo com a Lei do Est\u00e1gio, o orientador tem a fun\u00e7\u00e3o de <strong>acompanhar o processo de est\u00e1gio do aluno<\/strong>, receber e avaliar relat\u00f3rios com a periodicidade m\u00e1xima de seis meses e avaliar as instala\u00e7\u00f5es da parte concedente quanto \u00e0s condi\u00e7\u00f5es de trabalho e ensino-aprendizagem do estudante. O professor orientador dever\u00e1 retornar os relat\u00f3rios ao colegiado e tamb\u00e9m promover encontros com os estagi\u00e1rios com a periodicidade para acompanhamento e avalia\u00e7\u00e3o do processo.<\/p>\n<p>O <strong>supervisor de est\u00e1gio \u00e9 o profissional que pertence ao quadro de funcion\u00e1rios da empresa ou organiza\u00e7\u00e3o concedente<\/strong>, ou o s\u00f3cio da mesma, <strong>que tenha forma\u00e7\u00e3o na \u00e1rea do audiovisual e suas conex\u00f5es (cinema, anima\u00e7\u00e3o, audiovisual, jornalismo, publicidade, rela\u00e7\u00f5es p\u00fablicas, comunica\u00e7\u00e3o, artes visuais, artes c\u00eanicas, m\u00fasica, preserva\u00e7\u00e3o e outros)<\/strong>. Este ser\u00e1 o respons\u00e1vel por acompanhar o estagi\u00e1rio em suas atividades di\u00e1rias na organiza\u00e7\u00e3o durante seu per\u00edodo de est\u00e1gio. O supervisor \u00e9 o <strong>respons\u00e1vel pela avalia\u00e7\u00e3o do desempenho das atividades do estagi\u00e1rio.<\/strong><\/p>\n<\/div>\n<p><span style=\"color: #2ed6de;\">\u00a0 \u00a0 \u00a0<span style=\"font-size: 18pt;\">3 REALIZA\u00c7\u00c3O<\/span><\/span><\/p>\n<span class=\"collapseomatic \" id=\"id69fbb1fe71247\"  tabindex=\"0\" title=\"\"    ><\/span><div id=\"target-id69fbb1fe71247\" class=\"collapseomatic_content \">\n<p>Ainda que a disciplina de Est\u00e1gio curricular esteja prevista no oitavo per\u00edodo dos cursos, os estudantes <strong>podem realizar o est\u00e1gio em qualquer momento a partir do terceiro semestre da gradua\u00e7\u00e3o<\/strong>, impreterivelmente, pela necessidade de <strong>aquisi\u00e7\u00e3o m\u00ednima de repert\u00f3rios para aproveitamento da atividade.<\/strong> No caso de o estudante<strong> cursar antes do oitavo per\u00edodo, o est\u00e1gio deve ser feito obrigatoriamente na cidade de Pelotas ou de alguma forma que permita o trabalho e, garantidamente, n\u00e3o influa na frequ\u00eancia \u00e0s aulas presenciais.<\/strong><\/p>\n<p>Para cursar o <strong>est\u00e1gio obrigat\u00f3rio o estudante deve solicitar matr\u00edcula em Est\u00e1gio Curricular<\/strong>. Em alguns casos, bastante espec\u00edficos,<strong> a carga hor\u00e1ria total ou integral pode ser desenvolvida remotamente, quando a natureza das tarefas permitir<\/strong>\u00a0e houver condi\u00e7\u00f5es para o desenvolvimento nesta modalidade.<\/p>\n<\/div>\n<p><span style=\"color: #2ed6de;\">\u00a0 \u00a0 \u00a0<span style=\"font-size: 18pt;\">4 \u00c1REAS<\/span><\/span><\/p>\n<span class=\"collapseomatic \" id=\"id69fbb1fe7127d\"  tabindex=\"0\" title=\"\"    ><\/span><div id=\"target-id69fbb1fe7127d\" class=\"collapseomatic_content \">\n<p>De acordo com o Artigo 7\u00ba das <a href=\"http:\/\/portal.mec.gov.br\/cne\/arquivos\/pdf\/rces10_06.pdf\" target=\"_blank\" rel=\"noopener noreferrer\">Diretrizes Curriculares para os Cursos de Cinema e Audiovisual<\/a>, s\u00e3o <strong>considerados est\u00e1gios as atividades discriminadas abaixo nas \u00e1reas pr\u00f3prias do audiovisual<\/strong> como <strong>dire\u00e7\u00e3o, produ\u00e7\u00e3o de imagens-c\u00e2mera e animadas e\/ou som, dire\u00e7\u00e3o de arte, dire\u00e7\u00e3o da anima\u00e7\u00e3o, organiza\u00e7\u00e3o e gest\u00e3o da produ\u00e7\u00e3o e composi\u00e7\u00e3o\/edi\u00e7\u00e3o<\/strong>. Conforme as mesmas diretrizes, s\u00e3o consideradas atividades de est\u00e1gio:<\/p>\n<p style=\"padding-left: 80px;\">1. programas especiais de capacita\u00e7\u00e3o;<br \/>\n2. monitorias;<br \/>\n3. pr\u00e1ticas em laborat\u00f3rios, al\u00e9m daquelas previstas no curr\u00edculo regular;<br \/>\n4. atividades de extens\u00e3o;<br \/>\n5. atividades de pesquisa;<br \/>\n6. trabalho regular em empresas e\/ou institui\u00e7\u00f5es do setor audiovisual;<br \/>\n7. trabalho tempor\u00e1rio em equipes de produ\u00e7\u00e3o;<br \/>\n8. participa\u00e7\u00e3o em equipes de projetos, entre outras;<br \/>\n9. interc\u00e2mbios universit\u00e1rios;<br \/>\n10. atividades em incubadoras de empresas.<\/p>\n<p>Em vista da autonomia que prev\u00ea a Lei do Est\u00e1gio ao Projeto Pedag\u00f3gico dos Cursos, \u00e9 considerada atividade de est\u00e1gio o envolvimento direto do estagi\u00e1rio <strong>com uma ou mais das atividades listadas abaixo<\/strong>:<\/p>\n<ul>\n<li>roteiro<\/li>\n<li>produ\u00e7\u00e3o executiva<\/li>\n<li>dire\u00e7\u00e3o de produ\u00e7\u00e3o<\/li>\n<li>dire\u00e7\u00e3o de atores<\/li>\n<li>dire\u00e7\u00e3o de arte<\/li>\n<li>dire\u00e7\u00e3o de fotografia<\/li>\n<li>opera\u00e7\u00e3o de c\u00e2mera<\/li>\n<li><em>gaffer\/gripper<\/em><\/li>\n<li>mixagem de som<\/li>\n<li>edi\u00e7\u00e3o de som\/di\u00e1logos<\/li>\n<li>produ\u00e7\u00e3o de <em>foley<\/em> e efeitos sonoros<\/li>\n<li>dire\u00e7\u00e3o de som<\/li>\n<li>capta\u00e7\u00e3o de som direto<\/li>\n<li>trilha sonora<\/li>\n<li>montagem<\/li>\n<li>edi\u00e7\u00e3o de v\u00eddeo<\/li>\n<li>finaliza\u00e7\u00e3o e <em>color grading<\/em><\/li>\n<li><em> motion graphics<\/em><\/li>\n<li>VFX (<em>visual effects<\/em>)<\/li>\n<li>anima\u00e7\u00e3o 2D\/3D\/stop-motion<\/li>\n<li>rigging para anima\u00e7\u00e3o e games<\/li>\n<li>modelagem de personagens e cen\u00e1rios 3D<\/li>\n<li>setup para anima\u00e7\u00e3o<\/li>\n<li>layout para anima\u00e7\u00e3o<\/li>\n<li>design de personagens<\/li>\n<li>efeitos especiais (de cena)<\/li>\n<li>assist\u00eancia de fotografia<\/li>\n<li>assist\u00eancia de dire\u00e7\u00e3o<\/li>\n<li>assist\u00eancia de dire\u00e7\u00e3o de arte<\/li>\n<li>figurno\/make\/hair para audiovisual<\/li>\n<li>cen\u00e1rio\/produ\u00e7\u00e3o de objetos<\/li>\n<li>assist\u00eancia de produ\u00e7\u00e3o<\/li>\n<li>demais \u00e1reas auxiliares da realiza\u00e7\u00e3o audiovisual<\/li>\n<li>produ\u00e7\u00e3o cultural<\/li>\n<li>cr\u00edtica de cinema<\/li>\n<li>programa\u00e7\u00e3o de salas de cinema e centros culturais<\/li>\n<li>trabalho em <em>film commissions<\/em><\/li>\n<li>fotografia still<\/li>\n<li>p\u00f3s-produ\u00e7\u00e3o fotogr\u00e1fica<\/li>\n<li>preserva\u00e7\u00e3o audiovisual<\/li>\n<li>DIT\/TID (Digital Media Technician\/T\u00e9cnico em Imagem Digital)<\/li>\n<li>Gest\u00e3o de M\u00eddias Audiovisuais\/<em>Media Wrangling<\/em><\/li>\n<li>storyboard e animatic<\/li>\n<\/ul>\n<\/div>\n<p><span style=\"color: #2ed6de;\">\u00a0 \u00a0 <span style=\"font-size: 18pt;\">5<\/span><span style=\"font-size: 18pt;\">\u00a0DADOS PARA TERMO<\/span><\/span><\/p>\n<span class=\"collapseomatic \" id=\"id69fbb1fe712af\"  tabindex=\"0\" title=\"\"    ><\/span><div id=\"target-id69fbb1fe712af\" class=\"collapseomatic_content \">\n<p>Para preenchimento dos termos de est\u00e1gio (obrigat\u00f3rios e n\u00e3o-obrigat\u00f3rios) os estudantes do Cinema UFPEL devem considerar as seguintes informa\u00e7\u00f5es:<\/p>\n<ul>\n<li><strong>Representante da parte concedente:<\/strong> profissional gestor da empresa\/organiza\u00e7\u00e3o;<\/li>\n<li><strong>Jornada semanal do est\u00e1gio:<\/strong> n\u00e3o pode ocorrer durante as aulas (presenciais ou remotas);<\/li>\n<li><strong>Carga hor\u00e1ria total est\u00e1gios obrigat\u00f3rios:<\/strong>\n<ul>\n<li>Para <strong>Cinema de Anima\u00e7\u00e3o 180 horas;<\/strong><\/li>\n<li>Para <strong>Cinema e Audiovisual 240 horas;<\/strong><\/li>\n<\/ul>\n<\/li>\n<li><strong>Per\u00edodo m\u00e1ximo do v\u00ednculo:<\/strong>\n<ul>\n<li><strong>Est\u00e1gios obrigat\u00f3rios: <\/strong>180 horas para Cinema de Anima\u00e7\u00e3o e 240 horas para Cinema e Audiovisual;<br \/>\n<em>Ap\u00f3s essa dura\u00e7\u00e3o,<strong> se continuar o v\u00ednculo, necess\u00e1rio fazer novo termo para est\u00e1gio n\u00e3o-obrigat\u00f3rio e com remunera\u00e7\u00e3o. N\u00e3o \u00e9 permitida a renova\u00e7\u00e3o de v\u00ednculo em est\u00e1gio obrigat\u00f3rio com a carga hor\u00e1ria obrigat\u00f3ria dos cursos j\u00e1 realizada pela\/pelo estagi\u00e1ria\/o.<\/strong><\/em><\/li>\n<li><strong>Est\u00e1gios n\u00e3o-obrigat\u00f3rios:<\/strong> at\u00e9 2 (dois) anos com uma mesma parte concedente, <strong>com remunera\u00e7\u00e3o obrigat\u00f3ria;<\/strong><\/li>\n<\/ul>\n<\/li>\n<li><strong>Supervidor do est\u00e1gio:<\/strong> profissional do quadro da empresa\/organiza\u00e7\u00e3o o mais pr\u00f3ximo poss\u00edvel das compet\u00eancias da comunica\u00e7\u00e3o e do audiovisual;<\/li>\n<li><strong>Orientadora do est\u00e1gio:<\/strong> Profa. Li\u00e2ngela Carret Xavier;<\/li>\n<li><strong>Seguro contra acidentes pessoais:<\/strong>\n<ul>\n<li><strong>Est\u00e1gios obrigat\u00f3rios:<\/strong> ap\u00f3lice contratada pela UFPEL (deixar em branco para posterior complementa\u00e7\u00e3o);<\/li>\n<li><strong>Est\u00e1gios n\u00e3o-obrigat\u00f3rios:<\/strong> ap\u00f3lice contratada pela parte condedente;<\/li>\n<\/ul>\n<\/li>\n<li><strong>Bolsa\/remunera\u00e7\u00e3o e aux\u00edlio transporte:<\/strong> obrigat\u00f3ria para est\u00e1gios n\u00e3o-obrigat\u00f3rios e facultativa para est\u00e1gios obrigat\u00f3rios.<\/li>\n<\/ul>\n<p>\u25ba Documentos para assinatura da Institui\u00e7\u00e3o de Ensino <strong>devem ser enviados para o e-mail cinema@ufpel.edu.br e tamb\u00e9m para a\/o docente orientadora\/orientador<\/strong> do est\u00e1gio (conforme os dados acima).<\/p>\n<\/div>\n<p><span style=\"color: #2ed6de;\">\u00a0 \u00a0 \u00a0<span style=\"font-size: 18pt;\">\u25ba MODELOS DOCS<\/span><\/span><\/p>\n<span class=\"collapseomatic \" id=\"id69fbb1fe712e2\"  tabindex=\"0\" title=\"\"    ><\/span><div id=\"target-id69fbb1fe712e2\" class=\"collapseomatic_content \">\n<p><span style=\"color: #999999;\">\u25ba Se n\u00e3o viu, leia as informa\u00e7\u00f5es acima antes de preencher os documentos.<\/span><\/p>\n<p>Aplic\u00e1veis <strong>para ambas as modalidades de est\u00e1gio<\/strong> (obrigat\u00f3rios e n\u00e3o-obrigat\u00f3rios) em est\u00e1gios concedidos por terceiros (fora da UFPEL).<\/p>\n<ul>\n<li><a href=\"https:\/\/drive.google.com\/file\/d\/1ndfHU6OAmJZqT4Ily5wgqYNXehnVgOoS\/view?usp=sharing\" target=\"_blank\" rel=\"noopener noreferrer\">(01) Termo de Est\u00e1gio UFPEL como IES (para est\u00e1gio em empresas\/organiza\u00e7\u00f5es)<\/a><\/li>\n<li><a href=\"https:\/\/drive.google.com\/file\/d\/1W9jYDU1nL4_k6dY6ydlQ-GRW4RTIv9nu\/view?usp=sharing\" target=\"_blank\" rel=\"noopener noreferrer\">(02) Plano de Trabalho do Est\u00e1gio (preenchido no in\u00edcio do est\u00e1gio)<\/a><\/li>\n<li><a href=\"https:\/\/drive.google.com\/file\/d\/1u6T-O5nmKpG66Qkx-77iYJuPmm0pkBQK\/view?usp=sharing\" target=\"_blank\" rel=\"noopener noreferrer\">(03) Relat\u00f3rio de Atividades do Est\u00e1gio (preenchido no final do est\u00e1gio)<\/a><\/li>\n<li><a href=\"https:\/\/drive.google.com\/file\/d\/1smWIxbVS3w6qVGuxMoTJZmWHlyRFGqgw\/view?usp=sharing\" target=\"_blank\" rel=\"noopener noreferrer\">(04) Termo aditivo de Est\u00e1gio UFPEL como IES (apenas para est\u00e1gio n\u00e3o-obrigat\u00f3rio)<\/a><\/li>\n<\/ul>\n<p>\u25ba Documentos para assinatura da Institui\u00e7\u00e3o de Ensino <strong>devem ser enviados para o e-mail cinema@ufpel.edu.br e tamb\u00e9m para a\/o docente orientadora\/orientador<\/strong> do est\u00e1gio (conforme os dados acima).<\/p>\n<p>Aplic\u00e1veis <strong>para est\u00e1gios obrigat\u00f3rios (sem remunera\u00e7\u00e3o)<\/strong>\u00a0concedidos <strong>pelo Cinema UFPEL.\u00a0<\/strong><\/p>\n<ul>\n<li><a href=\"https:\/\/drive.google.com\/file\/d\/1e0ZAOur8xUwD5A6l48nNXiLjzwVMJK1B\/view?usp=sharing\" target=\"_blank\" rel=\"noopener noreferrer\">(00) Termo de Est\u00e1gio UFPEL como parte concedente (se a\/o est\u00e1gi\u00e1ria\/o for de outros cursos)<\/a><\/li>\n<li><a href=\"https:\/\/drive.google.com\/file\/d\/16WXcKASAxL1fn0LN85iZYdlPQiwKapCV\/view?usp=sharing\" target=\"_blank\" rel=\"noopener noreferrer\">(01)\u00a0 Controle de Horas Est\u00e1gios no Cinema UFPEL<\/a><\/li>\n<li><em>Documentos (02) e (03), listados acima, se a\/o estagi\u00e1ria\/o for de outros cursos.<\/em><\/li>\n<\/ul>\n<\/div>\n","protected":false},"excerpt":{"rendered":"<p>Informa\u00e7\u00f5es sobre est\u00e1gios para ambos os cursos \u25ba acesse [+] para expandir os t\u00f3picos \u00a0 \u00a0 \u00a01 CARACTERIZA\u00c7\u00c3O \u00a0 \u00a0 \u00a02 ORIENTA\u00c7\u00c3O \u00a0 \u00a0 \u00a03 REALIZA\u00c7\u00c3O \u00a0 \u00a0 \u00a04 \u00c1REAS \u00a0 \u00a0 5\u00a0DADOS PARA TERMO \u00a0 \u00a0 \u00a0\u25ba MODELOS DOCS<\/p>\n","protected":false},"author":573,"featured_media":0,"parent":0,"menu_order":0,"comment_status":"closed","ping_status":"closed","template":"template-fullwidth.php","meta":{"footnotes":""},"class_list":["post-1260","page","type-page","status-publish","hentry"],"_links":{"self":[{"href":"https:\/\/wp.ufpel.edu.br\/cinema\/wp-json\/wp\/v2\/pages\/1260","targetHints":{"allow":["GET"]}}],"collection":[{"href":"https:\/\/wp.ufpel.edu.br\/cinema\/wp-json\/wp\/v2\/pages"}],"about":[{"href":"https:\/\/wp.ufpel.edu.br\/cinema\/wp-json\/wp\/v2\/types\/page"}],"author":[{"embeddable":true,"href":"https:\/\/wp.ufpel.edu.br\/cinema\/wp-json\/wp\/v2\/users\/573"}],"replies":[{"embeddable":true,"href":"https:\/\/wp.ufpel.edu.br\/cinema\/wp-json\/wp\/v2\/comments?post=1260"}],"version-history":[{"count":3,"href":"https:\/\/wp.ufpel.edu.br\/cinema\/wp-json\/wp\/v2\/pages\/1260\/revisions"}],"predecessor-version":[{"id":2935,"href":"https:\/\/wp.ufpel.edu.br\/cinema\/wp-json\/wp\/v2\/pages\/1260\/revisions\/2935"}],"wp:attachment":[{"href":"https:\/\/wp.ufpel.edu.br\/cinema\/wp-json\/wp\/v2\/media?parent=1260"}],"curies":[{"name":"wp","href":"https:\/\/api.w.org\/{rel}","templated":true}]}}