{"id":1093,"date":"2021-02-17T05:34:25","date_gmt":"2021-02-17T08:34:25","guid":{"rendered":"https:\/\/wp.ufpel.edu.br\/cinema\/?page_id=1093"},"modified":"2023-03-29T15:55:37","modified_gmt":"2023-03-29T18:55:37","slug":"listas","status":"publish","type":"page","link":"https:\/\/wp.ufpel.edu.br\/cinema\/listas\/","title":{"rendered":"listas de e-mail"},"content":{"rendered":"<p>O Cinema UFPEL possui <strong>listas de e-mail do Google Groups para comunica\u00e7\u00e3o com p\u00fablicos dos cursos<\/strong>. Veja abaixo como se inscrever em cada uma delas.<\/p>\n<p><span style=\"color: #999999;\">\u25ba acesse [+] para expandir os t\u00f3picos<\/span><\/p>\n<p><span style=\"font-size: 18pt; color: #2ed6de;\">\u00a0 \u00a0FUTURAS\/OS\u00a0<\/span><\/p>\n<span class=\"collapseomatic \" id=\"id69fd14046846f\"  tabindex=\"0\" title=\"\"    ><\/span><div id=\"target-id69fd14046846f\" class=\"collapseomatic_content \"><strong><br \/>\n<\/strong>Destinada \u00e0s\/aos <strong>estudantes que pensam em cursar o Cinema UFPEL<\/strong> (5020 cinema de anima\u00e7\u00e3o e 5010 cinema e audiovisual) e querem conhecer mais sobre os cursos.<\/p>\n<p>\u25ba Para participar, coloque o e-mail no campo abaixo.<br \/>\n\u25ba Para <strong>descadastrar,<\/strong> envie um e-mail para <a href=\"mailto:futura-cinema-ufpel+unsubscribe@googlegroups.com\" target=\"_blank\" rel=\"noopener noreferrer\">futura-cinema-ufpel+unsubscribe@googlegroups.com<\/a><\/p>\n\n<div class=\"wpcf7 no-js\" id=\"wpcf7-f1117-o1\" lang=\"pt-BR\" dir=\"ltr\" data-wpcf7-id=\"1117\">\n<div class=\"screen-reader-response\"><p role=\"status\" aria-live=\"polite\" aria-atomic=\"true\"><\/p> <ul><\/ul><\/div>\n<form action=\"\/cinema\/wp-json\/wp\/v2\/pages\/1093#wpcf7-f1117-o1\" method=\"post\" class=\"wpcf7-form init\" aria-label=\"Formul\u00e1rios de contato\" novalidate=\"novalidate\" data-status=\"init\">\n<fieldset class=\"hidden-fields-container\"><input type=\"hidden\" name=\"_wpcf7\" value=\"1117\" \/><input type=\"hidden\" name=\"_wpcf7_version\" value=\"6.1.4\" \/><input type=\"hidden\" name=\"_wpcf7_locale\" value=\"pt_BR\" \/><input type=\"hidden\" name=\"_wpcf7_unit_tag\" value=\"wpcf7-f1117-o1\" \/><input type=\"hidden\" name=\"_wpcf7_container_post\" value=\"0\" \/><input type=\"hidden\" name=\"_wpcf7_posted_data_hash\" value=\"\" \/>\n<\/fieldset>\n<p><span class=\"wpcf7-form-control-wrap\" data-name=\"your-email\"><input size=\"40\" maxlength=\"400\" class=\"wpcf7-form-control wpcf7-email wpcf7-validates-as-required wpcf7-text wpcf7-validates-as-email\" aria-required=\"true\" aria-invalid=\"false\" value=\"\" type=\"email\" name=\"your-email\" \/><\/span>\n<\/p>\n<p><input class=\"wpcf7-form-control wpcf7-submit has-spinner\" type=\"submit\" value=\"inscrever\" \/>\n<\/p><p style=\"display: none !important;\" class=\"akismet-fields-container\" data-prefix=\"_wpcf7_ak_\"><label>&#916;<textarea name=\"_wpcf7_ak_hp_textarea\" cols=\"45\" rows=\"8\" maxlength=\"100\"><\/textarea><\/label><input type=\"hidden\" id=\"ak_js_1\" name=\"_wpcf7_ak_js\" value=\"123\"\/><script>document.getElementById( \"ak_js_1\" ).setAttribute( \"value\", ( new Date() ).getTime() );<\/script><\/p><div class=\"wpcf7-response-output\" aria-hidden=\"true\"><\/div>\n<\/form>\n<\/div>\n\n<\/div>\n<p><span style=\"font-size: 18pt; color: #2ed6de;\">\u00a0 \u00a0ESTUDANTES\u00a0<\/span><\/p>\n<span class=\"collapseomatic \" id=\"id69fd14046caaf\"  tabindex=\"0\" title=\"\"    ><\/span><div id=\"target-id69fd14046caaf\" class=\"collapseomatic_content \"><strong><br \/>\n<\/strong>Destinada \u00e0s\/aos estudantes <strong>vinculados com os cursos de Cinema da UFPEL<\/strong> (5020 cinema de anima\u00e7\u00e3o e 5010 cinema e audiovisual).<\/p>\n<p>\u25ba Para participar, coloque o e-mail no campo abaixo.<br \/>\n\u25ba Para <strong>descadastrar,<\/strong> envie um e-mail para <a href=\"mailto:cinema-ufpel+unsubscribe@googlegroups.com\" target=\"_blank\" rel=\"noopener noreferrer\">cinema-ufpel+unsubscribe@googlegroups.com<\/a><\/p>\n\n<div class=\"wpcf7 no-js\" id=\"wpcf7-f1096-o2\" lang=\"pt-BR\" dir=\"ltr\" data-wpcf7-id=\"1096\">\n<div class=\"screen-reader-response\"><p role=\"status\" aria-live=\"polite\" aria-atomic=\"true\"><\/p> <ul><\/ul><\/div>\n<form action=\"\/cinema\/wp-json\/wp\/v2\/pages\/1093#wpcf7-f1096-o2\" method=\"post\" class=\"wpcf7-form init\" aria-label=\"Formul\u00e1rios de contato\" novalidate=\"novalidate\" data-status=\"init\">\n<fieldset class=\"hidden-fields-container\"><input type=\"hidden\" name=\"_wpcf7\" value=\"1096\" \/><input type=\"hidden\" name=\"_wpcf7_version\" value=\"6.1.4\" \/><input type=\"hidden\" name=\"_wpcf7_locale\" value=\"pt_BR\" \/><input type=\"hidden\" name=\"_wpcf7_unit_tag\" value=\"wpcf7-f1096-o2\" \/><input type=\"hidden\" name=\"_wpcf7_container_post\" value=\"0\" \/><input type=\"hidden\" name=\"_wpcf7_posted_data_hash\" value=\"\" \/>\n<\/fieldset>\n<p><span class=\"wpcf7-form-control-wrap\" data-name=\"your-email\"><input size=\"40\" maxlength=\"400\" class=\"wpcf7-form-control wpcf7-email wpcf7-validates-as-required wpcf7-text wpcf7-validates-as-email\" aria-required=\"true\" aria-invalid=\"false\" value=\"\" type=\"email\" name=\"your-email\" \/><\/span>\n<\/p>\n<p><input class=\"wpcf7-form-control wpcf7-submit has-spinner\" type=\"submit\" value=\"inscrever\" \/>\n<\/p><p style=\"display: none !important;\" class=\"akismet-fields-container\" data-prefix=\"_wpcf7_ak_\"><label>&#916;<textarea name=\"_wpcf7_ak_hp_textarea\" cols=\"45\" rows=\"8\" maxlength=\"100\"><\/textarea><\/label><input type=\"hidden\" id=\"ak_js_2\" name=\"_wpcf7_ak_js\" value=\"196\"\/><script>document.getElementById( \"ak_js_2\" ).setAttribute( \"value\", ( new Date() ).getTime() );<\/script><\/p><div class=\"wpcf7-response-output\" aria-hidden=\"true\"><\/div>\n<\/form>\n<\/div>\n\n<\/div>\n<p><span style=\"font-size: 18pt; color: #2ed6de;\">\u00a0 \u00a0EGRESSAS\/OS\u00a0<\/span><\/p>\n<span class=\"collapseomatic \" id=\"id69fd14046d053\"  tabindex=\"0\" title=\"\"    ><\/span><div id=\"target-id69fd14046d053\" class=\"collapseomatic_content \"><strong><br \/>\n<\/strong>Destinada \u00e0s\/aos <strong>egressos dos cursos de Cinema da UFPEL<\/strong> (5000 Cinema e Anima\u00e7\u00e3o, 5020 cinema de anima\u00e7\u00e3o e 5010 cinema e audiovisual).<\/p>\n<p>\u25ba Para participar, coloque o e-mail no campo abaixo.<br \/>\n\u25ba Para <strong>descadastrar,<\/strong> envie um e-mail para <a href=\"mailto:egressos-cinema-ufpel+unsubscribe@googlegroups.com\" target=\"_blank\" rel=\"noopener noreferrer\">egressos-cinema-ufpel+unsubscribe@googlegroups.com<\/a><\/p>\n\n<div class=\"wpcf7 no-js\" id=\"wpcf7-f1098-o3\" lang=\"pt-BR\" dir=\"ltr\" data-wpcf7-id=\"1098\">\n<div class=\"screen-reader-response\"><p role=\"status\" aria-live=\"polite\" aria-atomic=\"true\"><\/p> <ul><\/ul><\/div>\n<form action=\"\/cinema\/wp-json\/wp\/v2\/pages\/1093#wpcf7-f1098-o3\" method=\"post\" class=\"wpcf7-form init\" aria-label=\"Formul\u00e1rios de contato\" novalidate=\"novalidate\" data-status=\"init\">\n<fieldset class=\"hidden-fields-container\"><input type=\"hidden\" name=\"_wpcf7\" value=\"1098\" \/><input type=\"hidden\" name=\"_wpcf7_version\" value=\"6.1.4\" \/><input type=\"hidden\" name=\"_wpcf7_locale\" value=\"pt_BR\" \/><input type=\"hidden\" name=\"_wpcf7_unit_tag\" value=\"wpcf7-f1098-o3\" \/><input type=\"hidden\" name=\"_wpcf7_container_post\" value=\"0\" \/><input type=\"hidden\" name=\"_wpcf7_posted_data_hash\" value=\"\" \/>\n<\/fieldset>\n<p><span class=\"wpcf7-form-control-wrap\" data-name=\"your-email\"><input size=\"40\" maxlength=\"400\" class=\"wpcf7-form-control wpcf7-email wpcf7-validates-as-required wpcf7-text wpcf7-validates-as-email\" aria-required=\"true\" aria-invalid=\"false\" value=\"\" type=\"email\" name=\"your-email\" \/><\/span>\n<\/p>\n<p><input class=\"wpcf7-form-control wpcf7-submit has-spinner\" type=\"submit\" value=\"inscrever\" \/>\n<\/p><p style=\"display: none !important;\" class=\"akismet-fields-container\" data-prefix=\"_wpcf7_ak_\"><label>&#916;<textarea name=\"_wpcf7_ak_hp_textarea\" cols=\"45\" rows=\"8\" maxlength=\"100\"><\/textarea><\/label><input type=\"hidden\" id=\"ak_js_3\" name=\"_wpcf7_ak_js\" value=\"178\"\/><script>document.getElementById( \"ak_js_3\" ).setAttribute( \"value\", ( new Date() ).getTime() );<\/script><\/p><div class=\"wpcf7-response-output\" aria-hidden=\"true\"><\/div>\n<\/form>\n<\/div>\n\n<\/div>\n<p><span style=\"font-size: 18pt; color: #2ed6de;\">\u00a0 \u00a0PARCEIRAS\/OS\u00a0<\/span><\/p>\n<span class=\"collapseomatic \" id=\"id69fd14046d962\"  tabindex=\"0\" title=\"\"    ><\/span><div id=\"target-id69fd14046d962\" class=\"collapseomatic_content \"><strong><br \/>\n<\/strong>Destinada \u00e0s <strong>institui\u00e7\u00f5es e organiza\u00e7\u00f5es parceiras dos cursos de Cinema da UFPEL<\/strong>. Se voc\u00ea representa alguma organiza\u00e7\u00e3o ou institui\u00e7\u00e3o e quer receber novidades relacionadas com o Cinema UFPEL, basta se inscrever. Ficaremos felizes em permanecer em contato.<\/p>\n<p>\u25ba Para participar, coloque o e-mail no campo abaixo.<br \/>\n\u25ba Para <strong>descadastrar,<\/strong> envie um e-mail para <a href=\"mailto:parceiros-cinema-ufpel+unsubscribe@googlegroups.com\" target=\"_blank\" rel=\"noopener noreferrer\">parceiros-cinema-ufpel+unsubscribe@googlegroups.com<\/a><\/p>\n\n<div class=\"wpcf7 no-js\" id=\"wpcf7-f1099-o4\" lang=\"pt-BR\" dir=\"ltr\" data-wpcf7-id=\"1099\">\n<div class=\"screen-reader-response\"><p role=\"status\" aria-live=\"polite\" aria-atomic=\"true\"><\/p> <ul><\/ul><\/div>\n<form action=\"\/cinema\/wp-json\/wp\/v2\/pages\/1093#wpcf7-f1099-o4\" method=\"post\" class=\"wpcf7-form init\" aria-label=\"Formul\u00e1rios de contato\" novalidate=\"novalidate\" data-status=\"init\">\n<fieldset class=\"hidden-fields-container\"><input type=\"hidden\" name=\"_wpcf7\" value=\"1099\" \/><input type=\"hidden\" name=\"_wpcf7_version\" value=\"6.1.4\" \/><input type=\"hidden\" name=\"_wpcf7_locale\" value=\"pt_BR\" \/><input type=\"hidden\" name=\"_wpcf7_unit_tag\" value=\"wpcf7-f1099-o4\" \/><input type=\"hidden\" name=\"_wpcf7_container_post\" value=\"0\" \/><input type=\"hidden\" name=\"_wpcf7_posted_data_hash\" value=\"\" \/>\n<\/fieldset>\n<p><span class=\"wpcf7-form-control-wrap\" data-name=\"your-email\"><input size=\"40\" maxlength=\"400\" class=\"wpcf7-form-control wpcf7-email wpcf7-validates-as-required wpcf7-text wpcf7-validates-as-email\" aria-required=\"true\" aria-invalid=\"false\" value=\"\" type=\"email\" name=\"your-email\" \/><\/span>\n<\/p>\n<p><input class=\"wpcf7-form-control wpcf7-submit has-spinner\" type=\"submit\" value=\"inscrever\" \/>\n<\/p><p style=\"display: none !important;\" class=\"akismet-fields-container\" data-prefix=\"_wpcf7_ak_\"><label>&#916;<textarea name=\"_wpcf7_ak_hp_textarea\" cols=\"45\" rows=\"8\" maxlength=\"100\"><\/textarea><\/label><input type=\"hidden\" id=\"ak_js_4\" name=\"_wpcf7_ak_js\" value=\"135\"\/><script>document.getElementById( \"ak_js_4\" ).setAttribute( \"value\", ( new Date() ).getTime() );<\/script><\/p><div class=\"wpcf7-response-output\" aria-hidden=\"true\"><\/div>\n<\/form>\n<\/div>\n\n<\/div>\n<p><span style=\"font-size: 18pt; color: #2ed6de;\">\u00a0 \u00a0EVENTOS\u00a0\u00a0<\/span><\/p>\n<span class=\"collapseomatic \" id=\"id69fd14046de1d\"  tabindex=\"0\" title=\"\"    ><\/span><div id=\"target-id69fd14046de1d\" class=\"collapseomatic_content \"><strong><br \/>\n<\/strong>Destinada a toda a comunidade de interessadas\/os (incluindo comunidade externa aos cursos) em <strong>receber informes de festivais, mostras, cursos e eventos da \u00e1rea <\/strong>que s\u00e3o recebidos pelo Cinema UFPEL, mas <strong>n\u00e3o s\u00e3o realizados pelos cursos<\/strong>.<\/p>\n<p>\u25ba <a href=\"https:\/\/youtu.be\/xMf_YGbfqDE\" target=\"_blank\" rel=\"noopener\">Veja como se inscrever aqui neste v\u00eddeo<\/a>.<br \/>\n\u25ba Para <strong>descadastrar,<\/strong> envie um e-mail para <a href=\"mailto:festivais-cinema-ufpel+unsubscribe@googlegroups.com\" target=\"_blank\" rel=\"noopener\">festivais-cinema-ufpel+unsubscribe@googlegroups.com<\/a><\/p>\n<\/div>\n","protected":false},"excerpt":{"rendered":"<p>O Cinema UFPEL possui listas de e-mail do Google Groups para comunica\u00e7\u00e3o com p\u00fablicos dos cursos. Veja abaixo como se inscrever em cada uma delas. \u25ba acesse [+] para expandir os t\u00f3picos \u00a0 \u00a0FUTURAS\/OS\u00a0 \u00a0 \u00a0ESTUDANTES\u00a0 \u00a0 \u00a0EGRESSAS\/OS\u00a0 \u00a0 \u00a0PARCEIRAS\/OS\u00a0&#8230; <a class=\"more-link\" href=\"https:\/\/wp.ufpel.edu.br\/cinema\/listas\/\">Continue lendo &rarr;<\/a><\/p>\n","protected":false},"author":573,"featured_media":0,"parent":0,"menu_order":0,"comment_status":"closed","ping_status":"closed","template":"template-fullwidth.php","meta":{"footnotes":""},"class_list":["post-1093","page","type-page","status-publish","hentry"],"_links":{"self":[{"href":"https:\/\/wp.ufpel.edu.br\/cinema\/wp-json\/wp\/v2\/pages\/1093","targetHints":{"allow":["GET"]}}],"collection":[{"href":"https:\/\/wp.ufpel.edu.br\/cinema\/wp-json\/wp\/v2\/pages"}],"about":[{"href":"https:\/\/wp.ufpel.edu.br\/cinema\/wp-json\/wp\/v2\/types\/page"}],"author":[{"embeddable":true,"href":"https:\/\/wp.ufpel.edu.br\/cinema\/wp-json\/wp\/v2\/users\/573"}],"replies":[{"embeddable":true,"href":"https:\/\/wp.ufpel.edu.br\/cinema\/wp-json\/wp\/v2\/comments?post=1093"}],"version-history":[{"count":35,"href":"https:\/\/wp.ufpel.edu.br\/cinema\/wp-json\/wp\/v2\/pages\/1093\/revisions"}],"predecessor-version":[{"id":1711,"href":"https:\/\/wp.ufpel.edu.br\/cinema\/wp-json\/wp\/v2\/pages\/1093\/revisions\/1711"}],"wp:attachment":[{"href":"https:\/\/wp.ufpel.edu.br\/cinema\/wp-json\/wp\/v2\/media?parent=1093"}],"curies":[{"name":"wp","href":"https:\/\/api.w.org\/{rel}","templated":true}]}}