{"id":83,"date":"2019-08-19T20:52:33","date_gmt":"2019-08-19T23:52:33","guid":{"rendered":"https:\/\/wp.ufpel.edu.br\/cineclube\/?page_id=83"},"modified":"2019-08-20T21:44:14","modified_gmt":"2019-08-21T00:44:14","slug":"zumbi","status":"publish","type":"page","link":"https:\/\/wp.ufpel.edu.br\/cineclube\/tematicas-2\/zumbi\/","title":{"rendered":"Zumbi"},"content":{"rendered":"<p><strong><span style=\"color: #800080\">Ataque Zumbi na Escola Gr\u00e9cia<\/span><\/strong> &#8211; 7\u2019 54\u2019\u2019<br \/>\n<strong>Resumo<\/strong> &#8211; Um grupo de alunos conversa sobre eles acreditarem ou n\u00e3o em zumbis, at\u00e9 que um a um deles v\u00e3o sumindo.<br \/>\n<strong>Parte T\u00e9cnica<\/strong> &#8211; Em alguns momentos alguns atores olham para c\u00e2mera. \u00c9 bom prestar aten\u00e7\u00e3o em momentos assim e refazer a cena caso isso aconte\u00e7a.<br \/>\n<strong>Debate<\/strong> &#8211; Confian\u00e7a.<\/p>\n<p><iframe loading=\"lazy\" title=\"Ataque Zumbi Na Escola Gre\u0301cia\" width=\"700\" height=\"394\" src=\"https:\/\/www.youtube.com\/embed\/SMo1Sf5Kk8U?feature=oembed\" frameborder=\"0\" allow=\"accelerometer; autoplay; encrypted-media; gyroscope; picture-in-picture\" allowfullscreen><\/iframe><\/p>\n<p><strong><span style=\"color: #800080\">3<\/span><span style=\"color: #800080\"> Estudandes e o Zumbi<\/span> <\/strong>&#8211; 1\u2019 25\u2019\u2019<br \/>\n<strong>Resumo<\/strong> &#8211; Tr\u00eas estudantes caminham quando encontram um zumbi e tentam fugir.<br \/>\n<strong>Parte T\u00e9cnica<\/strong> &#8211; O v\u00eddeo foi gravado em plano geral sem decupagem poderia ter feito com outros planos para o espectador ver a rea\u00e7\u00e3o, rosto dos atores.<br \/>\n<strong>Debate<\/strong> &#8211; Perigos; Import\u00e2ncia de se andar em grupo.<\/p>\n<p><iframe loading=\"lazy\" title=\"3 estudante e o zumbi parte 1\" width=\"700\" height=\"394\" src=\"https:\/\/www.youtube.com\/embed\/AphxXZTXB4A?feature=oembed\" frameborder=\"0\" allow=\"accelerometer; autoplay; encrypted-media; gyroscope; picture-in-picture\" allowfullscreen><\/iframe><\/p>\n<p><strong><span style=\"color: #800080\">Um Zumbi na Minha Escola<\/span><\/strong> &#8211; 4\u2019 04\u2019\u2019<br \/>\n<strong>Resumo<\/strong> &#8211; Alunos reproduzem um v\u00eddeo sobre Zumbi na sua escola.<br \/>\n<strong>Parte T\u00e9cnica<\/strong> &#8211; O \u00e1udio ainda \u00e9 um problema, mas funciona em v\u00e1rios momentos. A liga\u00e7\u00e3o entre a realidade e o sonho do estudante ajuda na narrativa do v\u00eddeo.<br \/>\n<strong>Debate<\/strong> &#8211; A produ\u00e7\u00e3o de v\u00eddeo dentro da escola; Os perigos contempor\u00e2neos dentro da escola.<\/p>\n<p><iframe loading=\"lazy\" title=\"Um Zumbi em minha Escola\" width=\"700\" height=\"394\" src=\"https:\/\/www.youtube.com\/embed\/OMy1i6AkgZ0?feature=oembed\" frameborder=\"0\" allow=\"accelerometer; autoplay; encrypted-media; gyroscope; picture-in-picture\" allowfullscreen><\/iframe><\/p>\n<p><strong><span style=\"color: #800080\">Jack Shan Contra o Cientista que Amava Zumbis<\/span><\/strong> &#8211; 7\u2019 56\u2019\u2019<br \/>\n<strong>Resumo<\/strong> &#8211; Jack Shan luta contra um cientista maluco que queria transformar as pessoas em zumbis.<br \/>\n<strong>Parte T\u00e9cnica<\/strong> &#8211; A narra\u00e7\u00e3o ajuda neste caso, pois muitas vezes o \u00e1udio fica prejudicado. Problemas t\u00e9cnicos podem ser justificados com as condi\u00e7\u00f5es em que o v\u00eddeo foi produzido; Tarja do Filmora; Bem gravado e narrado.<br \/>\n<strong>Debate<\/strong> &#8211; Amizade; Bem e mal.<\/p>\n<p><iframe loading=\"lazy\" title=\"Jack Shan  contra o cientista que amava zumbis (E.M.E.F. Com. Parque Fragata)\" width=\"700\" height=\"394\" src=\"https:\/\/www.youtube.com\/embed\/h5d_2Rizfl4?feature=oembed\" frameborder=\"0\" allow=\"accelerometer; autoplay; encrypted-media; gyroscope; picture-in-picture\" allowfullscreen><\/iframe><\/p>\n","protected":false},"excerpt":{"rendered":"<p>Ataque Zumbi na Escola Gr\u00e9cia &#8211; 7\u2019 54\u2019\u2019 Resumo &#8211; Um grupo de alunos conversa sobre eles acreditarem ou n\u00e3o em zumbis, at\u00e9 que um a um deles v\u00e3o sumindo. Parte T\u00e9cnica &#8211; Em alguns momentos alguns atores olham para c\u00e2mera. \u00c9 bom prestar aten\u00e7\u00e3o em momentos assim e refazer a cena caso isso aconte\u00e7a.&hellip;<\/p>\n","protected":false},"author":578,"featured_media":0,"parent":89,"menu_order":0,"comment_status":"closed","ping_status":"closed","template":"","meta":{"footnotes":""},"class_list":["post-83","page","type-page","status-publish","hentry"],"jetpack_sharing_enabled":true,"_links":{"self":[{"href":"https:\/\/wp.ufpel.edu.br\/cineclube\/wp-json\/wp\/v2\/pages\/83","targetHints":{"allow":["GET"]}}],"collection":[{"href":"https:\/\/wp.ufpel.edu.br\/cineclube\/wp-json\/wp\/v2\/pages"}],"about":[{"href":"https:\/\/wp.ufpel.edu.br\/cineclube\/wp-json\/wp\/v2\/types\/page"}],"author":[{"embeddable":true,"href":"https:\/\/wp.ufpel.edu.br\/cineclube\/wp-json\/wp\/v2\/users\/578"}],"replies":[{"embeddable":true,"href":"https:\/\/wp.ufpel.edu.br\/cineclube\/wp-json\/wp\/v2\/comments?post=83"}],"version-history":[{"count":4,"href":"https:\/\/wp.ufpel.edu.br\/cineclube\/wp-json\/wp\/v2\/pages\/83\/revisions"}],"predecessor-version":[{"id":156,"href":"https:\/\/wp.ufpel.edu.br\/cineclube\/wp-json\/wp\/v2\/pages\/83\/revisions\/156"}],"up":[{"embeddable":true,"href":"https:\/\/wp.ufpel.edu.br\/cineclube\/wp-json\/wp\/v2\/pages\/89"}],"wp:attachment":[{"href":"https:\/\/wp.ufpel.edu.br\/cineclube\/wp-json\/wp\/v2\/media?parent=83"}],"curies":[{"name":"wp","href":"https:\/\/api.w.org\/{rel}","templated":true}]}}