{"id":77,"date":"2019-08-19T20:50:08","date_gmt":"2019-08-19T23:50:08","guid":{"rendered":"https:\/\/wp.ufpel.edu.br\/cineclube\/?page_id=77"},"modified":"2021-10-13T10:56:40","modified_gmt":"2021-10-13T13:56:40","slug":"terror","status":"publish","type":"page","link":"https:\/\/wp.ufpel.edu.br\/cineclube\/tematicas-2\/terror\/","title":{"rendered":"Terror"},"content":{"rendered":"<p>Entrevista com a Loira do B<\/p>\n<p><iframe loading=\"lazy\" title=\"Entrevista com a Loira do Banheiro\" width=\"700\" height=\"394\" src=\"https:\/\/www.youtube.com\/embed\/nklt2EwQbPw?feature=oembed\" frameborder=\"0\" allow=\"accelerometer; autoplay; clipboard-write; encrypted-media; gyroscope; picture-in-picture\" allowfullscreen><\/iframe><\/p>\n<p>&nbsp;<\/p>\n<p>&nbsp;<\/p>\n<p><span style=\"color: #800080\"><strong>It a self<\/strong><\/span> &#8211; 4&#8217;02&#8221;<br \/>\n<span style=\"font-weight: 400\"><strong>Resumo<\/strong> &#8211; Menina tira selfie e n\u00e3o percebe que algu\u00e9m esta vigiando seus passos. O que pode acontecer?<br \/>\n<\/span><span style=\"font-weight: 400\"><strong>Debate<\/strong> &#8211; Como devemos perceber as coisas a nosso redor e o perigo das selfies.<\/span><\/p>\n<p><strong>CLICK PARA O V\u00cdDEO<\/strong><br \/>\n<a href=\"https:\/\/youtu.be\/pO0Oj2_3JX0\">https:\/\/youtu.be\/pO0Oj2_3JX0<\/a><\/p>\n<p><strong><span style=\"color: #800080\">Matando Aula<\/span> <\/strong>&#8211; 7\u2019 12\u2019\u2019<br \/>\n<strong>Resumo<\/strong> &#8211; Lenda de um fantasma que mata alunos que matam aula.<br \/>\n<strong>Parte T\u00e9cnica<\/strong> &#8211; A narrativa funcionou. A princ\u00edpio nada a declarar.<br \/>\n<strong>Debate<\/strong> &#8211; Lendas urbanas.<\/p>\n<p><iframe loading=\"lazy\" title=\"Matando aula\" width=\"700\" height=\"525\" src=\"https:\/\/www.youtube.com\/embed\/DE8yX_CwS0M?feature=oembed\" frameborder=\"0\" allow=\"accelerometer; autoplay; clipboard-write; encrypted-media; gyroscope; picture-in-picture\" allowfullscreen><\/iframe><\/p>\n<p><strong><span style=\"color: #800080\">A Loira dos Livros<\/span> <\/strong>&#8211; 1\u2019 52\u2019\u2019<br \/>\n<strong>Resumo<\/strong> &#8211; Uma garota diz que n\u00e3o acredita na loira dos livros e passa ser assombrada pela mesma.<br \/>\n<strong>Parte T\u00e9cnica<\/strong> &#8211; Bom uso da luz para enaltecer o clima de terror e dar a atmosfera necess\u00e1ria para obra.<br \/>\n<strong>Debate<\/strong> &#8211; Lendas urbanas.<\/p>\n<p><iframe loading=\"lazy\" title=\"a loira dos livros\" width=\"700\" height=\"525\" src=\"https:\/\/www.youtube.com\/embed\/xiiF9J6x1oU?feature=oembed\" frameborder=\"0\" allow=\"accelerometer; autoplay; clipboard-write; encrypted-media; gyroscope; picture-in-picture\" allowfullscreen><\/iframe><\/p>\n<p><strong><span style=\"color: #800080\">BV- Boca Virgem<\/span><\/strong> &#8211; 8\u2019 20\u2019\u2019<br \/>\n<strong>Resumo<\/strong> &#8211; Um garoto morre antes de dar o seu primeiro beijo e passa a vagar por ai.<br \/>\n<strong>Parte T\u00e9cnica<\/strong> &#8211; Cenas em preto e branco para representar o passado.<br \/>\n<strong>Debate<\/strong> &#8211; Primeiro beijo; Dramas adolescentes.<\/p>\n<p><iframe loading=\"lazy\" title=\"B.V. - Boca Virgem\" width=\"700\" height=\"525\" src=\"https:\/\/www.youtube.com\/embed\/kObVtGqf4Xw?feature=oembed\" frameborder=\"0\" allow=\"accelerometer; autoplay; encrypted-media; gyroscope; picture-in-picture\" allowfullscreen><\/iframe><\/p>\n<p><strong><span style=\"color: #800080\">A Vingan\u00e7a na Parede<\/span><\/strong> &#8211; 6\u2019 09\u2019\u2019<br \/>\n<strong>Resumo<\/strong> &#8211; Um imagem de uma garota na parede da escola passa a assombrar os alunos do EJA.<br \/>\n<strong>Parte T\u00e9cnica<\/strong> &#8211; A narrativa funcionou. Boa constru\u00e7\u00e3o visual.<br \/>\n<strong>Debate<\/strong> &#8211; Lendas e mitos.<\/p>\n<p><iframe loading=\"lazy\" title=\"A vingan\u00e7a na parede\" width=\"700\" height=\"394\" src=\"https:\/\/www.youtube.com\/embed\/IrcKSCkm0g8?list=PLtOmawcjrz5Ra6ovJQYe7a-CqG3R0kG_y\" frameborder=\"0\" allow=\"accelerometer; autoplay; clipboard-write; encrypted-media; gyroscope; picture-in-picture\" allowfullscreen><\/iframe><\/p>\n<p><strong><span style=\"color: #800080\">Dr. Fausto<\/span><\/strong> &#8211; 4\u2019 59\u2019\u2019<br \/>\n<strong><span style=\"color: #000000\">Resumo<\/span><\/strong> &#8211; Adapta\u00e7\u00e3o do mito de Fausto de Goethe na vis\u00e3o dos alunos.<br \/>\n<strong>Parte T\u00e9cnica<\/strong> &#8211; V\u00eddeo lembra antigas adapta\u00e7\u00f5es de Fausto. Utiliza-se de textos para enfatizar a a\u00e7\u00e3o e dar os di\u00e1logos.<br \/>\n<strong>Debate<\/strong> &#8211; Ambi\u00e7\u00e3o; Poder; Mitos.<\/p>\n<p><iframe loading=\"lazy\" title=\"Dr Fausto\" width=\"700\" height=\"525\" src=\"https:\/\/www.youtube.com\/embed\/cicKs4x-4eY?feature=oembed\" frameborder=\"0\" allow=\"accelerometer; autoplay; clipboard-write; encrypted-media; gyroscope; picture-in-picture\" allowfullscreen><\/iframe><\/p>\n","protected":false},"excerpt":{"rendered":"<p>Entrevista com a Loira do B &nbsp; &nbsp; It a self &#8211; 4&#8217;02&#8221; Resumo &#8211; Menina tira selfie e n\u00e3o percebe que algu\u00e9m esta vigiando seus passos. O que pode acontecer? Debate &#8211; Como devemos perceber as coisas a nosso redor e o perigo das selfies. CLICK PARA O V\u00cdDEO https:\/\/youtu.be\/pO0Oj2_3JX0 Matando Aula &#8211; 7\u2019&hellip;<\/p>\n","protected":false},"author":578,"featured_media":0,"parent":89,"menu_order":0,"comment_status":"closed","ping_status":"closed","template":"","meta":{"footnotes":""},"class_list":["post-77","page","type-page","status-publish","hentry"],"jetpack_sharing_enabled":true,"_links":{"self":[{"href":"https:\/\/wp.ufpel.edu.br\/cineclube\/wp-json\/wp\/v2\/pages\/77","targetHints":{"allow":["GET"]}}],"collection":[{"href":"https:\/\/wp.ufpel.edu.br\/cineclube\/wp-json\/wp\/v2\/pages"}],"about":[{"href":"https:\/\/wp.ufpel.edu.br\/cineclube\/wp-json\/wp\/v2\/types\/page"}],"author":[{"embeddable":true,"href":"https:\/\/wp.ufpel.edu.br\/cineclube\/wp-json\/wp\/v2\/users\/578"}],"replies":[{"embeddable":true,"href":"https:\/\/wp.ufpel.edu.br\/cineclube\/wp-json\/wp\/v2\/comments?post=77"}],"version-history":[{"count":7,"href":"https:\/\/wp.ufpel.edu.br\/cineclube\/wp-json\/wp\/v2\/pages\/77\/revisions"}],"predecessor-version":[{"id":558,"href":"https:\/\/wp.ufpel.edu.br\/cineclube\/wp-json\/wp\/v2\/pages\/77\/revisions\/558"}],"up":[{"embeddable":true,"href":"https:\/\/wp.ufpel.edu.br\/cineclube\/wp-json\/wp\/v2\/pages\/89"}],"wp:attachment":[{"href":"https:\/\/wp.ufpel.edu.br\/cineclube\/wp-json\/wp\/v2\/media?parent=77"}],"curies":[{"name":"wp","href":"https:\/\/api.w.org\/{rel}","templated":true}]}}