{"id":74,"date":"2019-08-19T20:49:10","date_gmt":"2019-08-19T23:49:10","guid":{"rendered":"https:\/\/wp.ufpel.edu.br\/cineclube\/?page_id=74"},"modified":"2021-11-08T16:46:33","modified_gmt":"2021-11-08T19:46:33","slug":"violencia-contra-a-mulher","status":"publish","type":"page","link":"https:\/\/wp.ufpel.edu.br\/cineclube\/tematicas-2\/violencia-contra-a-mulher\/","title":{"rendered":"Viol\u00eancia contra a mulher"},"content":{"rendered":"<p>N\u00f3s, alunos do curso de Produ\u00e7\u00e3o Audiovisual do Col\u00e9gio Modelo em Juazeiro Bahia, produzimos um curta, onde retrata um caso de ass\u00e9dio contra uma mulher. Assunto abordado nas discuss\u00f5es em sala.<\/p>\n<p><iframe loading=\"lazy\" title=\"Curta Metragem - Ass\u00e9dio, \u00e9 S\u00e9rio!? | PROSUB\" width=\"700\" height=\"394\" src=\"https:\/\/www.youtube.com\/embed\/Hddx3UpuMJw?feature=oembed\" frameborder=\"0\" allow=\"accelerometer; autoplay; clipboard-write; encrypted-media; gyroscope; picture-in-picture\" allowfullscreen><\/iframe><\/p>\n<p><span style=\"font-weight: 400\"><span style=\"color: #800080\"><strong>Ci\u00fames<\/strong><\/span> &#8211; 5\u201947\u201d<br \/>\n<\/span><span style=\"font-weight: 400\"><strong>Resumo<\/strong> &#8211; Uma garota sofre com um relacionamento abusivo mesmo depois de terminar. Logo descobre que n\u00e3o precisa de ningu\u00e9m para ser feliz.<br \/>\n<\/span><span style=\"font-weight: 400\"><strong>Debate<\/strong> &#8211; Empoderamento feminino.<\/span><\/p>\n<p><iframe loading=\"lazy\" title=\"Ci\u00fames doentio - Curta Estudantil\" width=\"700\" height=\"394\" src=\"https:\/\/www.youtube.com\/embed\/9RuKC7bQRqI?feature=oembed\" frameborder=\"0\" allow=\"accelerometer; autoplay; clipboard-write; encrypted-media; gyroscope; picture-in-picture\" allowfullscreen><\/iframe><\/p>\n<p><strong><span style=\"color: #800080\">Agress\u00e3o Contra a Mulher<\/span> <\/strong>&#8211; 1\u2019 14\u2019\u2019<br \/>\n<strong>Resumo<\/strong> &#8211; Um homem agride sua namorada que \u00e9 amparada por um casal.<br \/>\n<strong>Parte T\u00e9cnica<\/strong> &#8211; V\u00eddeo feito com imagens. Importante enfatizar diferente aspectos visuais de uma narrativa, como fazer um v\u00eddeo se utilizando apenas de imagens.<br \/>\n<strong>Debate<\/strong> &#8211; Viol\u00eancia; Lei Maria da Penha.<\/p>\n<p><iframe loading=\"lazy\" title=\"AGRESS\u00c3O CONTRA MULHER\" width=\"700\" height=\"394\" src=\"https:\/\/www.youtube.com\/embed\/amdpskU4ENI?feature=oembed\" frameborder=\"0\" allow=\"accelerometer; autoplay; clipboard-write; encrypted-media; gyroscope; picture-in-picture\" allowfullscreen><\/iframe><\/p>\n<p><iframe loading=\"lazy\" title=\"Valoriza\u00e7\u00e3o Social da mulher\" width=\"700\" height=\"394\" src=\"https:\/\/www.youtube.com\/embed\/MehFyZiScD8?feature=oembed\" frameborder=\"0\" allow=\"accelerometer; autoplay; clipboard-write; encrypted-media; gyroscope; picture-in-picture\" allowfullscreen><\/iframe><\/p>\n<p>&nbsp;<\/p>\n<p><strong><span style=\"color: #800080\">O Medo<\/span><\/strong> &#8211; 3\u2019 27\u2019\u2019<br \/>\n<strong>Resumo<\/strong> &#8211; Menina \u00e9 estuprada e espancada. Sua m\u00e3e n\u00e3o acredita na hist\u00f3ria e a menina comete suic\u00eddio<br \/>\n<strong>Parte T\u00e9cnica<\/strong> &#8211; Narrativa pouco funcional. Hist\u00f3ria confusa at\u00e9 o fim, onde aparece uma legenda explicativa. Poderia funcionar melhor com narra\u00e7\u00e3o ao inv\u00e9s de um texto ao final do v\u00eddeo<br \/>\n<strong>Debate<\/strong> &#8211; Suic\u00eddio; Estupro; Di\u00e1logo.<\/p>\n<p><iframe loading=\"lazy\" title=\"O MEDO\" width=\"700\" height=\"525\" src=\"https:\/\/www.youtube.com\/embed\/p08qJYFc3hQ?feature=oembed\" frameborder=\"0\" allow=\"accelerometer; autoplay; clipboard-write; encrypted-media; gyroscope; picture-in-picture\" allowfullscreen><\/iframe><\/p>\n<p><strong><span style=\"color: #800080\">Hist\u00f3rias de Liberdade<\/span><\/strong> &#8211; 4\u2019 54\u2019\u2019<br \/>\n<strong>Resumo<\/strong> &#8211; Alunos contam hist\u00f3rias de mulheres influentes na hist\u00f3ria.<br \/>\n<strong>Parte T\u00e9cnica<\/strong> &#8211; Trilha sonora com direitos autorais (mesmo citada nos cr\u00e9ditos).<br \/>\n<strong>Debate<\/strong> &#8211; Mulheres; Hist\u00f3ria.<\/p>\n<p><iframe loading=\"lazy\" title=\"HIST\u00d3RIAS DE LIBERDADE\" width=\"700\" height=\"394\" src=\"https:\/\/www.youtube.com\/embed\/vD3XCnok1Jo?feature=oembed\" frameborder=\"0\" allow=\"accelerometer; autoplay; clipboard-write; encrypted-media; gyroscope; picture-in-picture\" allowfullscreen><\/iframe><\/p>\n<p><strong><span style=\"color: #800080\">Agress\u00e3o Contra a Mulher<\/span><\/strong> &#8211; 1\u2019 14\u2019\u2019<br \/>\n<strong>Resumo<\/strong> &#8211; Um homem agride sua namorada que \u00e9 amparada por um casal.<br \/>\n<strong>Parte T\u00e9cnica<\/strong> &#8211; V\u00eddeo feito com imagens. Importante enfatizar diferente aspectos visuais de uma narrativa, como fazer um v\u00eddeo se utilizando apenas de imagens.<br \/>\n<strong>Debate<\/strong> &#8211; Viol\u00eancia; Lei Maria da Penha.<\/p>\n<p>&nbsp;<\/p>\n<p><strong><span style=\"color: #800080\">Acolher<\/span> <\/strong>&#8211; 6\u2019 15\u2019\u2019<br \/>\n<strong>Resumo<\/strong> &#8211; Garota \u00e9 demitida do emprego dos sonhos e recebe uma caixa em casa que trazem fantasmas do seu passado a tona.<br \/>\n<strong>Parte T\u00e9cnica<\/strong> &#8211; O v\u00eddeo possui uma trilha melodram\u00e1tica para dar \u00eanfase na narrativa com textos sobrepostos para dar contexto a obra. Possui uma cena de flashback onde est\u00e1 em preto e branco para mostrar que estamos no passado.<br \/>\n<strong>Debate<\/strong> &#8211; Abuso Infantil.<\/p>\n<p><iframe loading=\"lazy\" title=\"Acolher\" width=\"700\" height=\"394\" src=\"https:\/\/www.youtube.com\/embed\/UpcXBvz_cbE?feature=oembed\" frameborder=\"0\" allow=\"accelerometer; autoplay; clipboard-write; encrypted-media; gyroscope; picture-in-picture\" allowfullscreen><\/iframe><\/p>\n<p><iframe loading=\"lazy\" title=\"Curta Metragem - CHAMADA 180\" width=\"700\" height=\"394\" src=\"https:\/\/www.youtube.com\/embed\/48tqs2O8uxk?feature=oembed\" frameborder=\"0\" allow=\"accelerometer; autoplay; clipboard-write; encrypted-media; gyroscope; picture-in-picture\" allowfullscreen><\/iframe><\/p>\n<p>&nbsp;<\/p>\n","protected":false},"excerpt":{"rendered":"<p>N\u00f3s, alunos do curso de Produ\u00e7\u00e3o Audiovisual do Col\u00e9gio Modelo em Juazeiro Bahia, produzimos um curta, onde retrata um caso de ass\u00e9dio contra uma mulher. Assunto abordado nas discuss\u00f5es em sala. Ci\u00fames &#8211; 5\u201947\u201d Resumo &#8211; Uma garota sofre com um relacionamento abusivo mesmo depois de terminar. Logo descobre que n\u00e3o precisa de ningu\u00e9m para&hellip;<\/p>\n","protected":false},"author":578,"featured_media":0,"parent":89,"menu_order":0,"comment_status":"closed","ping_status":"closed","template":"","meta":{"footnotes":""},"class_list":["post-74","page","type-page","status-publish","hentry"],"jetpack_sharing_enabled":true,"_links":{"self":[{"href":"https:\/\/wp.ufpel.edu.br\/cineclube\/wp-json\/wp\/v2\/pages\/74","targetHints":{"allow":["GET"]}}],"collection":[{"href":"https:\/\/wp.ufpel.edu.br\/cineclube\/wp-json\/wp\/v2\/pages"}],"about":[{"href":"https:\/\/wp.ufpel.edu.br\/cineclube\/wp-json\/wp\/v2\/types\/page"}],"author":[{"embeddable":true,"href":"https:\/\/wp.ufpel.edu.br\/cineclube\/wp-json\/wp\/v2\/users\/578"}],"replies":[{"embeddable":true,"href":"https:\/\/wp.ufpel.edu.br\/cineclube\/wp-json\/wp\/v2\/comments?post=74"}],"version-history":[{"count":8,"href":"https:\/\/wp.ufpel.edu.br\/cineclube\/wp-json\/wp\/v2\/pages\/74\/revisions"}],"predecessor-version":[{"id":595,"href":"https:\/\/wp.ufpel.edu.br\/cineclube\/wp-json\/wp\/v2\/pages\/74\/revisions\/595"}],"up":[{"embeddable":true,"href":"https:\/\/wp.ufpel.edu.br\/cineclube\/wp-json\/wp\/v2\/pages\/89"}],"wp:attachment":[{"href":"https:\/\/wp.ufpel.edu.br\/cineclube\/wp-json\/wp\/v2\/media?parent=74"}],"curies":[{"name":"wp","href":"https:\/\/api.w.org\/{rel}","templated":true}]}}