{"id":68,"date":"2019-08-19T20:47:44","date_gmt":"2019-08-19T23:47:44","guid":{"rendered":"https:\/\/wp.ufpel.edu.br\/cineclube\/?page_id=68"},"modified":"2022-10-14T15:45:20","modified_gmt":"2022-10-14T18:45:20","slug":"sexualidade","status":"publish","type":"page","link":"https:\/\/wp.ufpel.edu.br\/cineclube\/tematicas-2\/sexualidade\/","title":{"rendered":"Sexualidade"},"content":{"rendered":"<p><iframe loading=\"lazy\" title=\"#amor verdadeiro - Meu olhar esta em voc\u00ea\" width=\"700\" height=\"394\" src=\"https:\/\/www.youtube.com\/embed\/nbR5p8OVQOc?feature=oembed\" frameborder=\"0\" allow=\"accelerometer; autoplay; clipboard-write; encrypted-media; gyroscope; picture-in-picture\" allowfullscreen><\/iframe><\/p>\n<p>&nbsp;<\/p>\n<p><span style=\"font-weight: 400;\"><span style=\"color: #800080;\"><strong>\u00daltimo Passo<\/strong><\/span> &#8211; 11\u201938\u201d<br \/>\n<\/span><span style=\"font-weight: 400;\"><strong>Resumo<\/strong> &#8211; Uma garota nova vai para a escola e descobre que o namorado engravidou uma das suas colegas. Enquanto seu pai, sargento, \u00e9 o diretor da escola e imp\u00f5e regras duras.<br \/>\n<\/span><span style=\"font-weight: 400;\"><strong>Debate<\/strong> &#8211; Bullying; Rela\u00e7\u00f5es de adolescentes; Gravidez na adolesc\u00eancia; Sexualidade.<\/span><\/p>\n<p>&nbsp;<\/p>\n<p>&nbsp;<\/p>\n<p>&lt;iframe width=&#8221;560&#8243; height=&#8221;315&#8243; src=&#8221;https:\/\/www.youtube.com\/embed\/iuhVxUmfMFs&#8221; frameborder=&#8221;0&#8243; allow=&#8221;accelerometer; autoplay; encrypted-media; gyroscope; picture-in-picture&#8221; allowfullscreen&gt;&lt;\/iframe&gt;<\/p>\n<p>&nbsp;<\/p>\n<p><strong><span style=\"color: #800080;\">Opera\u00e7\u00e3o Camisinha<\/span><\/strong> &#8211; 11\u2019 02\u2019\u2019<br \/>\n<strong>Resumo<\/strong> &#8211; Um rapaz deseja se relacionar sexualmente com sua namorada e vai para farm\u00e1cias em busca de camisinha.<br \/>\n<strong>Parte T\u00e9cnica<\/strong> &#8211; A narrativa funcionou. V\u00eddeo feito com fotos e narra\u00e7\u00e3o.<br \/>\n<strong>Debate<\/strong> &#8211; Sexo; Adolesc\u00eancia; Gravidez na adolesc\u00eancia; Doen\u00e7as sexualmente transmiss\u00edveis.<\/p>\n<p><iframe loading=\"lazy\" title=\"Opera\u00e7\u00e3o Camisinha\" width=\"700\" height=\"525\" src=\"https:\/\/www.youtube.com\/embed\/XpHo1amGybY?feature=oembed\" frameborder=\"0\" allow=\"accelerometer; autoplay; clipboard-write; encrypted-media; gyroscope; picture-in-picture\" allowfullscreen><\/iframe><\/p>\n<p><strong><span style=\"color: #800080;\">Dona<\/span> <\/strong>&#8211; 5\u2019 00\u2019\u2019<br \/>\n<strong>Resumo<\/strong> &#8211; V\u00eddeo livremente inspirado em Dom Casmurro sobre uma garota que vai embora da escola. Sua melhor amiga aproveita a oportunidade e d\u00e1 em cima do namorado de sua amiga depois que ela vai embora. Retornando, depois de alguns meses, a garota descobre que sua melhor amiga est\u00e1 gr\u00e1vida<br \/>\n<strong>Parte T\u00e9cnica<\/strong> &#8211; A narrativa funcionou. A princ\u00edpio nada a declarar.<br \/>\n<strong>Debate<\/strong> &#8211; Gravidez na adolesc\u00eancia.<\/p>\n<p><iframe loading=\"lazy\" title=\"DONA -  EMNA - 2011\" width=\"700\" height=\"394\" src=\"https:\/\/www.youtube.com\/embed\/ksir5N-qsIE?feature=oembed\" frameborder=\"0\" allow=\"accelerometer; autoplay; clipboard-write; encrypted-media; gyroscope; picture-in-picture\" allowfullscreen><\/iframe><\/p>\n<p><strong><span style=\"color: #800080;\">O Dilema<\/span><\/strong> &#8211; 13\u2019 40\u2019\u2019<br \/>\n<strong>Resumo<\/strong> &#8211; Um rapaz namora duas meninas da escola e n\u00e3o sabe qual escolher.<br \/>\n<strong>Parte T\u00e9cnica<\/strong> &#8211; Problemas na decupagem. Algumas cenas que n\u00e3o interferem diretamente na narrativa poderia ser mais curtas e outras mais longas, como o di\u00e1logo final.<br \/>\n<strong>Debate<\/strong> &#8211; Trai\u00e7\u00e3o; Lealdade; Amizade.<\/p>\n<p><iframe loading=\"lazy\" title=\"o dilema2A.mp4\" width=\"700\" height=\"394\" src=\"https:\/\/www.youtube.com\/embed\/qwTDPJay-EM?feature=oembed\" frameborder=\"0\" allow=\"accelerometer; autoplay; clipboard-write; encrypted-media; gyroscope; picture-in-picture\" allowfullscreen><\/iframe><\/p>\n<p><strong><span style=\"color: #800080;\">A D\u00favida<\/span><\/strong> &#8211; 13\u2019 19\u2019\u2019<br \/>\n<strong>Resumo<\/strong> &#8211; Um garoto e uma garota tentam ficar juntos mas a m\u00e3e da garota tenta impedir. Por isso, o garoto se veste de menina para fingir ser amiga da garota.<br \/>\n<strong>Parte T\u00e9cnica<\/strong> &#8211; A narrativa funcionou. Tomar cuidado com as m\u00fasicas e seus direitos autorais. Tamb\u00e9m \u00e9 v\u00e1lido lembrar que, apesar do menino estar se travestindo no v\u00eddeo, este n\u00e3o deve ser motivo de piada.<br \/>\n<strong>Debate<\/strong> &#8211; Relacionamentos.<\/p>\n<p><iframe loading=\"lazy\" title=\"3\u00ba Festival de V\u00eddeo Estudantil de Pelotas: A D\u00favida\" width=\"700\" height=\"525\" src=\"https:\/\/www.youtube.com\/embed\/57DypuOc55U?feature=oembed\" frameborder=\"0\" allow=\"accelerometer; autoplay; clipboard-write; encrypted-media; gyroscope; picture-in-picture\" allowfullscreen><\/iframe><\/p>\n<p><strong>Meninos e Meninas<\/strong>&#8211; 16:00<\/p>\n<p>Resumo &#8211; Garoto \u00e9 pego namorando na escola. Agora ele tem que levar o bilhete para o pai que diz que estava aos beijos com outro menino.Melhor Filme do Cinest Santa Maria (2013)<\/p>\n<p><iframe loading=\"lazy\" title=\"Meninos &amp; Meninas (2013)\" width=\"700\" height=\"525\" src=\"https:\/\/www.youtube.com\/embed\/mYtNeTo_kfo?feature=oembed\" frameborder=\"0\" allow=\"accelerometer; autoplay; clipboard-write; encrypted-media; gyroscope; picture-in-picture\" allowfullscreen><\/iframe><\/p>\n<p>&nbsp;<\/p>\n<p><strong>Dezesseis<\/strong> &#8211; 15:12<\/p>\n<p>Carol se apaixona por um garoto novo da igreja. O que ela n\u00e3o espera \u00e9 o segredo que ele guarda.<\/p>\n<p>&lt;iframe width=&#8221;560&#8243; height=&#8221;315&#8243; src=&#8221;https:\/\/www.youtube.com\/embed\/-CCVMpmtGMM&#8221; frameborder=&#8221;0&#8243; allow=&#8221;accelerometer; autoplay; encrypted-media; gyroscope; picture-in-picture&#8221; allowfullscreen&gt;&lt;\/iframe&gt;<\/p>\n<p>&nbsp;<\/p>\n","protected":false},"excerpt":{"rendered":"<p>&nbsp; \u00daltimo Passo &#8211; 11\u201938\u201d Resumo &#8211; Uma garota nova vai para a escola e descobre que o namorado engravidou uma das suas colegas. Enquanto seu pai, sargento, \u00e9 o diretor da escola e imp\u00f5e regras duras. Debate &#8211; Bullying; Rela\u00e7\u00f5es de adolescentes; Gravidez na adolesc\u00eancia; Sexualidade. &nbsp; &nbsp; &lt;iframe width=&#8221;560&#8243; height=&#8221;315&#8243; src=&#8221;https:\/\/www.youtube.com\/embed\/iuhVxUmfMFs&#8221; frameborder=&#8221;0&#8243; allow=&#8221;accelerometer;&hellip;<\/p>\n","protected":false},"author":578,"featured_media":0,"parent":89,"menu_order":0,"comment_status":"closed","ping_status":"closed","template":"","meta":{"footnotes":""},"class_list":["post-68","page","type-page","status-publish","hentry"],"jetpack_sharing_enabled":true,"_links":{"self":[{"href":"https:\/\/wp.ufpel.edu.br\/cineclube\/wp-json\/wp\/v2\/pages\/68","targetHints":{"allow":["GET"]}}],"collection":[{"href":"https:\/\/wp.ufpel.edu.br\/cineclube\/wp-json\/wp\/v2\/pages"}],"about":[{"href":"https:\/\/wp.ufpel.edu.br\/cineclube\/wp-json\/wp\/v2\/types\/page"}],"author":[{"embeddable":true,"href":"https:\/\/wp.ufpel.edu.br\/cineclube\/wp-json\/wp\/v2\/users\/578"}],"replies":[{"embeddable":true,"href":"https:\/\/wp.ufpel.edu.br\/cineclube\/wp-json\/wp\/v2\/comments?post=68"}],"version-history":[{"count":13,"href":"https:\/\/wp.ufpel.edu.br\/cineclube\/wp-json\/wp\/v2\/pages\/68\/revisions"}],"predecessor-version":[{"id":621,"href":"https:\/\/wp.ufpel.edu.br\/cineclube\/wp-json\/wp\/v2\/pages\/68\/revisions\/621"}],"up":[{"embeddable":true,"href":"https:\/\/wp.ufpel.edu.br\/cineclube\/wp-json\/wp\/v2\/pages\/89"}],"wp:attachment":[{"href":"https:\/\/wp.ufpel.edu.br\/cineclube\/wp-json\/wp\/v2\/media?parent=68"}],"curies":[{"name":"wp","href":"https:\/\/api.w.org\/{rel}","templated":true}]}}