{"id":65,"date":"2019-08-19T20:47:32","date_gmt":"2019-08-19T23:47:32","guid":{"rendered":"https:\/\/wp.ufpel.edu.br\/cineclube\/?page_id=65"},"modified":"2019-12-06T09:07:31","modified_gmt":"2019-12-06T12:07:31","slug":"saude","status":"publish","type":"page","link":"https:\/\/wp.ufpel.edu.br\/cineclube\/tematicas-2\/saude\/","title":{"rendered":"Sa\u00fade"},"content":{"rendered":"<p><span style=\"color: #800080\"><strong>Marcas do Sil\u00eancio<\/strong> <\/span>&#8211; 12&#8217;30&#8221;<br \/>\n<span style=\"font-weight: 400\"><strong>Resumo<\/strong> &#8211; Aluno comete automutila\u00e7\u00e3o mas com a ajuda dos amigos consegue ter apoio psicol\u00f3gico e social.<br \/>\n<\/span><span style=\"font-weight: 400\"><strong>Debate<\/strong> &#8211; Como os alunos podem ajudar algu\u00e9m com problemas sociais e psicol\u00f3gicos.<\/span><\/p>\n<p><iframe loading=\"lazy\" title=\"MARCAS DO SIL\u00caNCIO   CURTA METRAGEM\" width=\"700\" height=\"394\" src=\"https:\/\/www.youtube.com\/embed\/9DmCsHLzLTs?feature=oembed\" frameborder=\"0\" allow=\"accelerometer; autoplay; encrypted-media; gyroscope; picture-in-picture\" allowfullscreen><\/iframe><\/p>\n<p><strong><span style=\"color: #800080\">Caminho da vida, tudo parte de uma escolha<\/span> <\/strong>&#8211; 4&#8217;45&#8221;<br \/>\n<strong>Resumo<\/strong> &#8211; Hist\u00f3ria contada sem di\u00e1logos que nos mostra o qu\u00e3o destrutivo para uma fam\u00edlia o v\u00edcio em \u00e1lcool pode ser.<br \/>\n<strong>Debate<\/strong> &#8211; Alcoolismo; abuso familiar.<\/p>\n<p><iframe loading=\"lazy\" title=\"Caminhos da vida tudo parte de uma escolha\" width=\"700\" height=\"394\" src=\"https:\/\/www.youtube.com\/embed\/u1fHelq5a0E?feature=oembed\" frameborder=\"0\" allow=\"accelerometer; autoplay; encrypted-media; gyroscope; picture-in-picture\" allowfullscreen><\/iframe><\/p>\n<p><strong><span style=\"color: #800080\">Curvados<\/span><\/strong> &#8211; 4\u2019 11\u2019\u2019<br \/>\n<strong>Resumo<\/strong> &#8211; Analogia ao uso intensivo do celular e como estamos, de certo modo, olhando sempre para baixo.<br \/>\n<strong>Parte T\u00e9cnica<\/strong> &#8211; A narrativa funcionou. A principio nada a declarar.<br \/>\n<strong>Debate<\/strong> &#8211; Tecnologias; V\u00edcios; Mundo virtual e real.<\/p>\n<p><iframe loading=\"lazy\" title=\"Curvados - EMCVG - 2016\" width=\"700\" height=\"394\" src=\"https:\/\/www.youtube.com\/embed\/CtSYbHbNkiw?feature=oembed\" frameborder=\"0\" allow=\"accelerometer; autoplay; encrypted-media; gyroscope; picture-in-picture\" allowfullscreen><\/iframe><\/p>\n<p><strong><span style=\"color: #800080\">Uma Parte de Mim em Voc\u00ea<\/span><\/strong> &#8211; 5\u2019 10\u2019\u2019<br \/>\n<strong>Resumo<\/strong> &#8211; Duas amigas descobrem que uma doen\u00e7a pode separ\u00e1-las, mas lutam para continuarem a amizade.<br \/>\n<strong>Parte T\u00e9cnica<\/strong> &#8211; O \u00e1udio em v\u00e1rios momentos n\u00e3o pode ser compreendido, sugerimos a narra\u00e7\u00e3o em algumas cenas para que melhor compreens\u00e3o do p\u00fablico.<br \/>\n<strong>Debate<\/strong> &#8211; Amizade; Doa\u00e7\u00e3o de \u00d3rg\u00e3os.<\/p>\n<p><iframe loading=\"lazy\" title=\"Uma Parte de Mim em Voc\u00ea\" width=\"700\" height=\"394\" src=\"https:\/\/www.youtube.com\/embed\/-2_s_Ad8fpc?feature=oembed\" frameborder=\"0\" allow=\"accelerometer; autoplay; encrypted-media; gyroscope; picture-in-picture\" allowfullscreen><\/iframe><\/p>\n<p><strong><span style=\"color: #800080\">O Erro<\/span><\/strong> &#8211; 5\u2019 11\u2019\u2019<br \/>\n<strong>Resumo<\/strong> &#8211; V\u00eddeo apresenta como os medos da adolesc\u00eancia podem levar a erros muito graves.<br \/>\n<strong>Parte T\u00e9cnica<\/strong> &#8211; A narrativa funcionou. O v\u00eddeo foi narrado e isso ajudou na compreens\u00e3o dessa narrativa.<br \/>\n<strong>Debate<\/strong> &#8211; Adolesc\u00eancia; Amor; Imediatismo.<\/p>\n<p><iframe loading=\"lazy\" title=\"video Narra\u00e7\u00e3o  - O Erro\" width=\"700\" height=\"394\" src=\"https:\/\/www.youtube.com\/embed\/PePA1715b3s?feature=oembed\" frameborder=\"0\" allow=\"accelerometer; autoplay; encrypted-media; gyroscope; picture-in-picture\" allowfullscreen><\/iframe><\/p>\n<p><strong><span style=\"color: #800080\">O Maravilhoso Mundo de Alice<\/span><\/strong> &#8211; 13\u2019 41\u2019\u2019<br \/>\n<strong>Resumo<\/strong> &#8211; Alice \u00e9 uma menina que vive com diversos problemas e ningu\u00e9m ao seu redor percebe at\u00e9 surgirem as consequ\u00eancias<br \/>\n<strong>Parte T\u00e9cnica<\/strong> &#8211; A narrativa funcionou. A cena noturna, por estar muito escuro, ficou um pouco confusa para quem est\u00e1 assistindo.<br \/>\n<strong>Debate<\/strong> &#8211; Depress\u00e3o; Di\u00e1logo com os pais.<\/p>\n<p><iframe loading=\"lazy\" title=\"O Maravilhoso Mundo de Alice\" width=\"700\" height=\"394\" src=\"https:\/\/www.youtube.com\/embed\/N5LpbuJoOCU?feature=oembed\" frameborder=\"0\" allow=\"accelerometer; autoplay; encrypted-media; gyroscope; picture-in-picture\" allowfullscreen><\/iframe><\/p>\n<p><strong><span style=\"color: #800080\">Escolhas<\/span><\/strong> &#8211; 5\u2019 01\u2019\u2019<br \/>\n<strong>Resumo<\/strong> &#8211; Reencontro de um casal depois de muito tempo.<br \/>\n<strong>Parte T\u00e9cnica<\/strong> &#8211; Elementos em preto e branco contribu\u00edram para a narrativa.<br \/>\n<strong>Debate<\/strong> &#8211; Viol\u00eancia dom\u00e9stica.<\/p>\n<p><iframe loading=\"lazy\" title=\"Escolhas - EMEF Jo\u00e3o Goulart\" width=\"700\" height=\"525\" src=\"https:\/\/www.youtube.com\/embed\/9NtY2DFzOJs?feature=oembed\" frameborder=\"0\" allow=\"accelerometer; autoplay; encrypted-media; gyroscope; picture-in-picture\" allowfullscreen><\/iframe><\/p>\n","protected":false},"excerpt":{"rendered":"<p>Marcas do Sil\u00eancio &#8211; 12&#8217;30&#8221; Resumo &#8211; Aluno comete automutila\u00e7\u00e3o mas com a ajuda dos amigos consegue ter apoio psicol\u00f3gico e social. Debate &#8211; Como os alunos podem ajudar algu\u00e9m com problemas sociais e psicol\u00f3gicos. Caminho da vida, tudo parte de uma escolha &#8211; 4&#8217;45&#8221; Resumo &#8211; Hist\u00f3ria contada sem di\u00e1logos que nos mostra o&hellip;<\/p>\n","protected":false},"author":578,"featured_media":0,"parent":89,"menu_order":0,"comment_status":"closed","ping_status":"closed","template":"","meta":{"footnotes":""},"class_list":["post-65","page","type-page","status-publish","hentry"],"jetpack_sharing_enabled":true,"_links":{"self":[{"href":"https:\/\/wp.ufpel.edu.br\/cineclube\/wp-json\/wp\/v2\/pages\/65","targetHints":{"allow":["GET"]}}],"collection":[{"href":"https:\/\/wp.ufpel.edu.br\/cineclube\/wp-json\/wp\/v2\/pages"}],"about":[{"href":"https:\/\/wp.ufpel.edu.br\/cineclube\/wp-json\/wp\/v2\/types\/page"}],"author":[{"embeddable":true,"href":"https:\/\/wp.ufpel.edu.br\/cineclube\/wp-json\/wp\/v2\/users\/578"}],"replies":[{"embeddable":true,"href":"https:\/\/wp.ufpel.edu.br\/cineclube\/wp-json\/wp\/v2\/comments?post=65"}],"version-history":[{"count":7,"href":"https:\/\/wp.ufpel.edu.br\/cineclube\/wp-json\/wp\/v2\/pages\/65\/revisions"}],"predecessor-version":[{"id":374,"href":"https:\/\/wp.ufpel.edu.br\/cineclube\/wp-json\/wp\/v2\/pages\/65\/revisions\/374"}],"up":[{"embeddable":true,"href":"https:\/\/wp.ufpel.edu.br\/cineclube\/wp-json\/wp\/v2\/pages\/89"}],"wp:attachment":[{"href":"https:\/\/wp.ufpel.edu.br\/cineclube\/wp-json\/wp\/v2\/media?parent=65"}],"curies":[{"name":"wp","href":"https:\/\/api.w.org\/{rel}","templated":true}]}}