{"id":62,"date":"2019-08-19T20:47:03","date_gmt":"2019-08-19T23:47:03","guid":{"rendered":"https:\/\/wp.ufpel.edu.br\/cineclube\/?page_id=62"},"modified":"2020-01-03T20:04:56","modified_gmt":"2020-01-03T23:04:56","slug":"redes-sociais-e-internet","status":"publish","type":"page","link":"https:\/\/wp.ufpel.edu.br\/cineclube\/tematicas-2\/redes-sociais-e-internet\/","title":{"rendered":"Redes sociais e Internet"},"content":{"rendered":"<p><span style=\"color: #800080\"><strong>Segredos Ocultos<\/strong> <\/span>&#8211; 13&#8217;19&#8221;<br \/>\n<strong>Resumo<\/strong> &#8211; <span style=\"font-weight: 400\">Menina n\u00e3o tem rede social e vai se acostumando com ela e percebe o perigo que \u00e9.<br \/>\n<strong>Debate<\/strong> &#8211; Internet; Responsabilidade no mundo virtual.<\/span><\/p>\n<p><iframe loading=\"lazy\" title=\"Segredos Ocultos   Cr\u00e9ditos\" width=\"700\" height=\"394\" src=\"https:\/\/www.youtube.com\/embed\/tJFIYDIa_Ww?feature=oembed\" frameborder=\"0\" allow=\"accelerometer; autoplay; encrypted-media; gyroscope; picture-in-picture\" allowfullscreen><\/iframe><\/p>\n<p>&nbsp;<\/p>\n<p><span style=\"color: #800080\"><strong>Observadora an\u00f4nima<\/strong><\/span> &#8211; 19&#8217;39&#8221;<br \/>\n<strong>Resumo<\/strong> &#8211; U<span style=\"font-weight: 400\">ma observadora cria uma rede social para falar mal de alunos de uma escola, por\u00e9m nem tudo acontece como o esperado.<br \/>\n<strong>Debate<\/strong> &#8211; Como as postagens em rede social podem gerar cyber bullying.<\/span><\/p>\n<p><strong>CLICK PARA ABRIR O V\u00cdDEO<\/strong><br \/>\n<a href=\"https:\/\/www.youtube.com\/watch?v=T5isbwQJhgA\">https:\/\/www.youtube.com\/watch?v=T5isbwQJhgA<\/a><\/p>\n<p>&nbsp;<\/p>\n<p><span style=\"color: #800080\"><strong>N\u00e3o estou s\u00f3<\/strong> <\/span>&#8211; 11&#8217;41&#8221;<br \/>\n<strong>Resumo<\/strong> &#8211; N<span style=\"font-weight: 400\">amorado pede fotos \u00edntimas para a namorada que se nega, ele comete trai\u00e7\u00e3o com outra aluna e ela se afasta das amigas, mas o pai a ajuda a superar o fato.<br \/>\n<\/span><strong>Debate<\/strong> &#8211; C<span style=\"font-weight: 400\">omo a prova de amor deve ser tratado entre os alunos e a rela\u00e7\u00e3o de autoestima<\/span><\/p>\n<p><iframe loading=\"lazy\" title=\"N\u00e3o estou s\u00f3   Cr\u00e9ditos\" width=\"700\" height=\"394\" src=\"https:\/\/www.youtube.com\/embed\/yw3Cw7jdpZw?feature=oembed\" frameborder=\"0\" allow=\"accelerometer; autoplay; encrypted-media; gyroscope; picture-in-picture\" allowfullscreen><\/iframe><\/p>\n<p><strong><span style=\"color: #800080\">Viol\u00eancia Virtual<\/span><\/strong> &#8211; 19&#8243;59&#8243;<br \/>\n<strong>Resumo<\/strong> &#8211; Um garoto e uma garoto sofrem bullying virtual depois que s\u00e3o fotografados conversando.<br \/>\n<strong>Debate<\/strong> &#8211; Viol\u00eancia na internet e suas consequ\u00eancias.<\/p>\n<p><strong>CLICK PARA O V\u00cdDEO<\/strong><br \/>\n<a href=\"https:\/\/youtu.be\/O5km8Acy3s8\">https:\/\/youtu.be\/O5km8Acy3s8<\/a><\/p>\n<p><strong><span style=\"color: #800080\">Face Ocult@<\/span><\/strong> &#8211; 3\u2019 21\u2019\u2019<br \/>\n<strong>Resumo<\/strong> &#8211; Uma menina publica uma foto sua de biqu\u00edni, conhece um rapaz pela internet e decide encontr\u00e1-lo.<br \/>\n<strong>Parte T\u00e9cnica<\/strong> &#8211; Trilha sonora que ambienta o espectador.<br \/>\n<strong>Debate<\/strong> &#8211; Internet; Relacionamentos.<\/p>\n<p><iframe loading=\"lazy\" title=\"Face ocult@\" width=\"700\" height=\"394\" src=\"https:\/\/www.youtube.com\/embed\/wrBtFAgV1Yc?feature=oembed\" frameborder=\"0\" allow=\"accelerometer; autoplay; encrypted-media; gyroscope; picture-in-picture\" allowfullscreen><\/iframe><\/p>\n<p><strong><span style=\"color: #800080\">24 Horas Conectad@<\/span><\/strong> &#8211; 5\u2019 18\u2019\u2019<br \/>\n<strong>Resumo<\/strong> &#8211; Quando se vive 24 horas conectado o que se pode fazer?<br \/>\n<strong>Parte T\u00e9cnica<\/strong> &#8211; O v\u00eddeo tem uma boa decupagem, preocupa\u00e7\u00e3o com os detalhes \u00e9 simples e ajuda a entender a narrativa.<br \/>\n<strong>Debate<\/strong> &#8211; Internet; V\u00edcios.<\/p>\n<p><iframe loading=\"lazy\" title=\"24 horas conectad@\" width=\"700\" height=\"394\" src=\"https:\/\/www.youtube.com\/embed\/zWytjZp3eDs?feature=oembed\" frameborder=\"0\" allow=\"accelerometer; autoplay; encrypted-media; gyroscope; picture-in-picture\" allowfullscreen><\/iframe><\/p>\n<p><strong><span style=\"color: #800080\">Princesas da Internet<\/span><\/strong> &#8211; 6\u2019 24\u2019\u2019<br \/>\n<strong>Resumo<\/strong> &#8211; Menina marca encontro com menino na internet e depois descobre que n\u00e3o era o que ela esperava.<br \/>\n<strong>Parte T\u00e9cnica<\/strong> &#8211; \u00c1udio baixo nos di\u00e1logos, recomendamos neste caso que alguns di\u00e1logos poderiam ser dublados ou a cena narrada para o entendimento de algumas partes do v\u00eddeo . O v\u00eddeo no in\u00edcio tem o di\u00e1logo das meninas que poderia ter uma decupagem, ou seja, imagens do rosto das meninas e n\u00e3o apenas o plano (imagens) de todas juntas.<br \/>\n<strong>Debate<\/strong> &#8211; Redes Sociais; Pers falsos; Encontros com desconhecidos.<\/p>\n<p><iframe loading=\"lazy\" title=\"Princesas na Internet\" width=\"700\" height=\"394\" src=\"https:\/\/www.youtube.com\/embed\/-S6tz06ZUSk?feature=oembed\" frameborder=\"0\" allow=\"accelerometer; autoplay; encrypted-media; gyroscope; picture-in-picture\" allowfullscreen><\/iframe><\/p>\n<p><strong><span style=\"color: #800080\">Celular ou Pega-Pega<\/span><\/strong> &#8211; 4\u2019 45\u2019\u2019<br \/>\n<strong>Resumo<\/strong> &#8211; Uma garota n\u00e3o larga o celular deixando o mundo passar diante de seus olhos.<br \/>\n<strong>Parte T\u00e9cnica<\/strong> &#8211; A narrativa funcionou. A princ\u00edpio nada a declarar.<br \/>\n<strong>Debate<\/strong> &#8211; Internet; V\u00edcios; Brincadeiras.<\/p>\n<p><iframe loading=\"lazy\" title=\"24 - CELULAR OU PEGA-PEGA?\" width=\"700\" height=\"394\" src=\"https:\/\/www.youtube.com\/embed\/2jw6QBOH3mc?feature=oembed\" frameborder=\"0\" allow=\"accelerometer; autoplay; encrypted-media; gyroscope; picture-in-picture\" allowfullscreen><\/iframe><\/p>\n<p><strong><span style=\"color: #800080\">Voc\u00ea \u00e9 Linda<\/span><\/strong> &#8211; 12\u2019 13\u2019\u2019<br \/>\n<strong>Resumo<\/strong> &#8211; Uma menina quer ficar magra para conhecer um menino e o final n\u00e3o \u00e9 animador. A fala das personagens no final do v\u00eddeo ajuda a entender a hist\u00f3ria.<br \/>\n<strong>Parte T\u00e9cnica<\/strong> &#8211; O \u00e1udio do v\u00eddeo infelizmente n\u00e3o contribui para o entendimento da hist\u00f3ria. Nas cenas em que o \u00e1udio ficou prejudicado o v\u00eddeo poderia ser narrado, por exemplo. Tamb\u00e9m poderia ser explorada uma narrativa com planos mais fechados apresentando a emo\u00e7\u00e3o da personagem.<br \/>\n<strong>Debate<\/strong> &#8211; Anorexia; Beleza; Padr\u00f5es; Sa\u00fade.<\/p>\n<p><iframe loading=\"lazy\" title=\"61 - VOC\u00ca \u00c9 LINDA\" width=\"700\" height=\"394\" src=\"https:\/\/www.youtube.com\/embed\/LlaxRk0k6fs?feature=oembed\" frameborder=\"0\" allow=\"accelerometer; autoplay; encrypted-media; gyroscope; picture-in-picture\" allowfullscreen><\/iframe><\/p>\n<p><strong><span style=\"color: #800080\">Curvados<\/span> <\/strong>&#8211; 4\u2019 11\u2019\u2019<br \/>\n<strong>Resumo<\/strong> &#8211; O v\u00eddeo faz uma analogia ao uso intensivo do celular e como estamos, de certo modo, olhando sempre para baixo.<br \/>\n<strong>Parte T\u00e9cnica<\/strong> &#8211; Este v\u00eddeo utiliza-se de uma analogia para conseguir passar sua mensagem. \u00c9 interessante lembrar a vasta possibilidade de a\u00e7\u00e3o que se pode fazer ao produzir um v\u00eddeo.<br \/>\n<strong>Debate<\/strong> &#8211; Uso do celular; Aten\u00e7\u00e3o ao mundo real.<\/p>\n<p><iframe loading=\"lazy\" title=\"Curvados - EMCVG - 2016\" width=\"700\" height=\"394\" src=\"https:\/\/www.youtube.com\/embed\/CtSYbHbNkiw?feature=oembed\" frameborder=\"0\" allow=\"accelerometer; autoplay; encrypted-media; gyroscope; picture-in-picture\" allowfullscreen><\/iframe><\/p>\n<p><strong><span style=\"color: #800080\">Entrela\u00e7os<\/span><\/strong> &#8211; 5\u2019 39\u2019\u2019<br \/>\n<strong>Resumo<\/strong> &#8211; Uma professora conta para sua turma como foi ajudar sua amiga, na \u00e9poca de escola, a lidar com gravidez na adolesc\u00eancia.<br \/>\n<strong>Parte T\u00e9cnica<\/strong> &#8211; A narrativa funcionou. A princ\u00edpio nada a declarar.<br \/>\n<strong>Debate<\/strong> &#8211; Gravidez na adolesc\u00eancia; Preven\u00e7\u00e3o.<\/p>\n<p><iframe loading=\"lazy\" title=\"Entrela\u00e7os\" width=\"700\" height=\"394\" src=\"https:\/\/www.youtube.com\/embed\/-9kLPI1_WSg?feature=oembed\" frameborder=\"0\" allow=\"accelerometer; autoplay; encrypted-media; gyroscope; picture-in-picture\" allowfullscreen><\/iframe><\/p>\n<p>&nbsp;<\/p>\n<p>On Line<\/p>\n<p><iframe loading=\"lazy\" title=\"&quot;Online&quot; | CURTA METRAGEM | Projeto Cinema de Retalhos\" width=\"700\" height=\"394\" src=\"https:\/\/www.youtube.com\/embed\/lVLbLFv4d0o?feature=oembed\" frameborder=\"0\" allow=\"accelerometer; autoplay; encrypted-media; gyroscope; picture-in-picture\" allowfullscreen><\/iframe><\/p>\n<p>&nbsp;<\/p>\n","protected":false},"excerpt":{"rendered":"<p>Segredos Ocultos &#8211; 13&#8217;19&#8221; Resumo &#8211; Menina n\u00e3o tem rede social e vai se acostumando com ela e percebe o perigo que \u00e9. Debate &#8211; Internet; Responsabilidade no mundo virtual. &nbsp; Observadora an\u00f4nima &#8211; 19&#8217;39&#8221; Resumo &#8211; Uma observadora cria uma rede social para falar mal de alunos de uma escola, por\u00e9m nem tudo acontece&hellip;<\/p>\n","protected":false},"author":578,"featured_media":0,"parent":89,"menu_order":0,"comment_status":"closed","ping_status":"closed","template":"","meta":{"footnotes":""},"class_list":["post-62","page","type-page","status-publish","hentry"],"jetpack_sharing_enabled":true,"_links":{"self":[{"href":"https:\/\/wp.ufpel.edu.br\/cineclube\/wp-json\/wp\/v2\/pages\/62","targetHints":{"allow":["GET"]}}],"collection":[{"href":"https:\/\/wp.ufpel.edu.br\/cineclube\/wp-json\/wp\/v2\/pages"}],"about":[{"href":"https:\/\/wp.ufpel.edu.br\/cineclube\/wp-json\/wp\/v2\/types\/page"}],"author":[{"embeddable":true,"href":"https:\/\/wp.ufpel.edu.br\/cineclube\/wp-json\/wp\/v2\/users\/578"}],"replies":[{"embeddable":true,"href":"https:\/\/wp.ufpel.edu.br\/cineclube\/wp-json\/wp\/v2\/comments?post=62"}],"version-history":[{"count":14,"href":"https:\/\/wp.ufpel.edu.br\/cineclube\/wp-json\/wp\/v2\/pages\/62\/revisions"}],"predecessor-version":[{"id":439,"href":"https:\/\/wp.ufpel.edu.br\/cineclube\/wp-json\/wp\/v2\/pages\/62\/revisions\/439"}],"up":[{"embeddable":true,"href":"https:\/\/wp.ufpel.edu.br\/cineclube\/wp-json\/wp\/v2\/pages\/89"}],"wp:attachment":[{"href":"https:\/\/wp.ufpel.edu.br\/cineclube\/wp-json\/wp\/v2\/media?parent=62"}],"curies":[{"name":"wp","href":"https:\/\/api.w.org\/{rel}","templated":true}]}}