{"id":617,"date":"2022-10-13T09:51:38","date_gmt":"2022-10-13T12:51:38","guid":{"rendered":"https:\/\/wp.ufpel.edu.br\/cineclube\/?page_id=617"},"modified":"2022-10-13T09:51:38","modified_gmt":"2022-10-13T12:51:38","slug":"filmes-sobre-pve","status":"publish","type":"page","link":"https:\/\/wp.ufpel.edu.br\/cineclube\/filmes-sobre-pve\/","title":{"rendered":"Filmes sobre PVE"},"content":{"rendered":"<p><iframe loading=\"lazy\" title=\"SEM HPV O Filme Que Ensina a Fazer Filme\" width=\"700\" height=\"394\" src=\"https:\/\/www.youtube.com\/embed\/3d_CSsxd5J8?feature=oembed\" frameborder=\"0\" allow=\"accelerometer; autoplay; clipboard-write; encrypted-media; gyroscope; picture-in-picture\" allowfullscreen><\/iframe><\/p>\n<p>Paula uma menina de 12 anos desafia o espa\u00e7o escolar e quer fazer um v\u00eddeo em vez de prova. Ser\u00e1 que ela vai conseguir? O filme retrata essa aventura de fazer v\u00eddeo dentro do espa\u00e7o escolar.<\/p>\n","protected":false},"excerpt":{"rendered":"<p>Paula uma menina de 12 anos desafia o espa\u00e7o escolar e quer fazer um v\u00eddeo em vez de prova. Ser\u00e1 que ela vai conseguir? O filme retrata essa aventura de fazer v\u00eddeo dentro do espa\u00e7o escolar.<\/p>\n","protected":false},"author":578,"featured_media":0,"parent":0,"menu_order":0,"comment_status":"closed","ping_status":"closed","template":"","meta":{"footnotes":""},"class_list":["post-617","page","type-page","status-publish","hentry"],"jetpack_sharing_enabled":true,"_links":{"self":[{"href":"https:\/\/wp.ufpel.edu.br\/cineclube\/wp-json\/wp\/v2\/pages\/617","targetHints":{"allow":["GET"]}}],"collection":[{"href":"https:\/\/wp.ufpel.edu.br\/cineclube\/wp-json\/wp\/v2\/pages"}],"about":[{"href":"https:\/\/wp.ufpel.edu.br\/cineclube\/wp-json\/wp\/v2\/types\/page"}],"author":[{"embeddable":true,"href":"https:\/\/wp.ufpel.edu.br\/cineclube\/wp-json\/wp\/v2\/users\/578"}],"replies":[{"embeddable":true,"href":"https:\/\/wp.ufpel.edu.br\/cineclube\/wp-json\/wp\/v2\/comments?post=617"}],"version-history":[{"count":1,"href":"https:\/\/wp.ufpel.edu.br\/cineclube\/wp-json\/wp\/v2\/pages\/617\/revisions"}],"predecessor-version":[{"id":619,"href":"https:\/\/wp.ufpel.edu.br\/cineclube\/wp-json\/wp\/v2\/pages\/617\/revisions\/619"}],"wp:attachment":[{"href":"https:\/\/wp.ufpel.edu.br\/cineclube\/wp-json\/wp\/v2\/media?parent=617"}],"curies":[{"name":"wp","href":"https:\/\/api.w.org\/{rel}","templated":true}]}}