{"id":56,"date":"2019-08-19T20:45:53","date_gmt":"2019-08-19T23:45:53","guid":{"rendered":"https:\/\/wp.ufpel.edu.br\/cineclube\/?page_id=56"},"modified":"2019-12-06T08:56:15","modified_gmt":"2019-12-06T11:56:15","slug":"preconceito-racial","status":"publish","type":"page","link":"https:\/\/wp.ufpel.edu.br\/cineclube\/tematicas-2\/preconceito-racial\/","title":{"rendered":"Preconceito racial"},"content":{"rendered":"<p><span style=\"color: #800080\"><strong>Consci\u00eancia negra<\/strong><\/span> &#8211; 1&#8217;23&#8221;<br \/>\n<strong>Resumo<\/strong> &#8211; M\u00fasica sobre consci\u00eancia negra.<br \/>\n<strong>Debate<\/strong> &#8211; O<span style=\"font-weight: 400\"> racismo dentro do pa\u00eds e como o negro vive hoje e o que foi a liberta\u00e7\u00e3o dos escravos.<\/span><\/p>\n<p><iframe loading=\"lazy\" title=\"VID 20171120 WA0017\" width=\"700\" height=\"525\" src=\"https:\/\/www.youtube.com\/embed\/j_GI_llWGCY?feature=oembed\" frameborder=\"0\" allow=\"accelerometer; autoplay; encrypted-media; gyroscope; picture-in-picture\" allowfullscreen><\/iframe><\/p>\n<p><span style=\"color: #800080\"><strong>O outro lado<\/strong><\/span> &#8211; 12&#8217;47&#8221;<br \/>\n<strong>Resumo<\/strong> &#8211; Um emprega sofre racismo de sua patroa.<br \/>\n<strong>Debate<\/strong> &#8211; <span style=\"font-weight: 400\">\u00a0Racismo na sociedade e como podemos combater o mesmo. Ser\u00e1 que vale a pena colocar alunos no papel de pessoas mais velhas?<\/span><\/p>\n<p><iframe loading=\"lazy\" title=\"O OUTRO LADO (CURTA-METRAGEM - 3\u00ba ANO A)\" width=\"700\" height=\"394\" src=\"https:\/\/www.youtube.com\/embed\/Idkjvn9eY0k?feature=oembed\" frameborder=\"0\" allow=\"accelerometer; autoplay; encrypted-media; gyroscope; picture-in-picture\" allowfullscreen><\/iframe><\/p>\n<p><strong><span style=\"color: #800080\">N\u00f3s somos<\/span> <\/strong>&#8211; 6&#8217;16&#8221;<br \/>\n<strong>Resumo<\/strong> \u2013 Uma menina questiona as desigualdades sociais em sua cidade.<br \/>\n<strong>Parte T\u00e9cnica<\/strong> &#8211; A narrativa funcionou. A princ\u00edpio nada a declarar.<br \/>\n<strong>Debate<\/strong> &#8211; Desigualdade; Sociedade.<\/p>\n<p><iframe loading=\"lazy\" title=\"N\u00f3s somos\" width=\"700\" height=\"394\" src=\"https:\/\/www.youtube.com\/embed\/mdLY41F3nVQ?feature=oembed\" frameborder=\"0\" allow=\"accelerometer; autoplay; encrypted-media; gyroscope; picture-in-picture\" allowfullscreen><\/iframe><\/p>\n<p><strong><span style=\"color: #800080\">Afro Hair<\/span><\/strong> &#8211; 8\u2019 40\u2019\u2019<br \/>\n<strong>Resumo<\/strong> \u2013 Garota sofre preconceito na escola por causa de seu cabelo querendo mudar seu visual. No processo ela descobre que n\u00e3o h\u00e1 problema nenhum com ele e sim das pessoas que faziam bullying com ela.<br \/>\n<strong>Parte T\u00e9cnica<\/strong> &#8211; A narrativa funcionou. A princ\u00edpio nada a declarar.<br \/>\n<strong>Debate<\/strong> &#8211; Preconceito; Autoaceita\u00e7\u00e3o; Amor pr\u00f3prio.<\/p>\n<p><iframe loading=\"lazy\" title=\"15 - AFRO HAIR\" width=\"700\" height=\"525\" src=\"https:\/\/www.youtube.com\/embed\/Whvh2APTqbw?feature=oembed\" frameborder=\"0\" allow=\"accelerometer; autoplay; encrypted-media; gyroscope; picture-in-picture\" allowfullscreen><\/iframe><\/p>\n<p><strong><span style=\"color: #800080\">Brincadeira ou Agress\u00e3o<\/span> <\/strong>&#8211; 6\u2019 37\u2019\u2019<br \/>\n<strong>Resumo<\/strong> &#8211; Aluno sofre preconceito<br \/>\n<strong>Parte T\u00e9cnica<\/strong> &#8211; A narrativa funcionou. A princ\u00edpio nada a declarar.<br \/>\n<strong>Debate<\/strong> &#8211; Bullying e racismo na escola.<\/p>\n<p><iframe loading=\"lazy\" title=\"Brincadeira ou agress\u00e3o? - Festival estudantil de curta metragens - II CURTABEL\" width=\"700\" height=\"394\" src=\"https:\/\/www.youtube.com\/embed\/LSGvExdSn68?feature=oembed\" frameborder=\"0\" allow=\"accelerometer; autoplay; encrypted-media; gyroscope; picture-in-picture\" allowfullscreen><\/iframe><\/p>\n","protected":false},"excerpt":{"rendered":"<p>Consci\u00eancia negra &#8211; 1&#8217;23&#8221; Resumo &#8211; M\u00fasica sobre consci\u00eancia negra. Debate &#8211; O racismo dentro do pa\u00eds e como o negro vive hoje e o que foi a liberta\u00e7\u00e3o dos escravos. O outro lado &#8211; 12&#8217;47&#8221; Resumo &#8211; Um emprega sofre racismo de sua patroa. Debate &#8211; \u00a0Racismo na sociedade e como podemos combater o&hellip;<\/p>\n","protected":false},"author":578,"featured_media":0,"parent":89,"menu_order":0,"comment_status":"closed","ping_status":"closed","template":"","meta":{"footnotes":""},"class_list":["post-56","page","type-page","status-publish","hentry"],"jetpack_sharing_enabled":true,"_links":{"self":[{"href":"https:\/\/wp.ufpel.edu.br\/cineclube\/wp-json\/wp\/v2\/pages\/56","targetHints":{"allow":["GET"]}}],"collection":[{"href":"https:\/\/wp.ufpel.edu.br\/cineclube\/wp-json\/wp\/v2\/pages"}],"about":[{"href":"https:\/\/wp.ufpel.edu.br\/cineclube\/wp-json\/wp\/v2\/types\/page"}],"author":[{"embeddable":true,"href":"https:\/\/wp.ufpel.edu.br\/cineclube\/wp-json\/wp\/v2\/users\/578"}],"replies":[{"embeddable":true,"href":"https:\/\/wp.ufpel.edu.br\/cineclube\/wp-json\/wp\/v2\/comments?post=56"}],"version-history":[{"count":6,"href":"https:\/\/wp.ufpel.edu.br\/cineclube\/wp-json\/wp\/v2\/pages\/56\/revisions"}],"predecessor-version":[{"id":370,"href":"https:\/\/wp.ufpel.edu.br\/cineclube\/wp-json\/wp\/v2\/pages\/56\/revisions\/370"}],"up":[{"embeddable":true,"href":"https:\/\/wp.ufpel.edu.br\/cineclube\/wp-json\/wp\/v2\/pages\/89"}],"wp:attachment":[{"href":"https:\/\/wp.ufpel.edu.br\/cineclube\/wp-json\/wp\/v2\/media?parent=56"}],"curies":[{"name":"wp","href":"https:\/\/api.w.org\/{rel}","templated":true}]}}