{"id":53,"date":"2019-08-19T20:45:17","date_gmt":"2019-08-19T23:45:17","guid":{"rendered":"https:\/\/wp.ufpel.edu.br\/cineclube\/?page_id=53"},"modified":"2022-11-09T17:25:22","modified_gmt":"2022-11-09T20:25:22","slug":"narrativas-contemporaneas","status":"publish","type":"page","link":"https:\/\/wp.ufpel.edu.br\/cineclube\/tematicas-2\/narrativas-contemporaneas\/","title":{"rendered":"Narrativas Contempor\u00e2neas"},"content":{"rendered":"<p><iframe loading=\"lazy\" title=\"#amor verdadeiro - Meu olhar esta em voc\u00ea\" width=\"700\" height=\"394\" src=\"https:\/\/www.youtube.com\/embed\/nbR5p8OVQOc?feature=oembed\" frameborder=\"0\" allow=\"accelerometer; autoplay; clipboard-write; encrypted-media; gyroscope; picture-in-picture\" allowfullscreen><\/iframe><\/p>\n<p><iframe loading=\"lazy\" title=\"A l\u00e1 Bu\u00f1el\" width=\"700\" height=\"394\" src=\"https:\/\/www.youtube.com\/embed\/IhaJ2dTSKBU?feature=oembed\" frameborder=\"0\" allow=\"accelerometer; autoplay; clipboard-write; encrypted-media; gyroscope; picture-in-picture\" allowfullscreen><\/iframe><\/p>\n<p><iframe loading=\"lazy\" title=\"Vermelho\" width=\"700\" height=\"394\" src=\"https:\/\/www.youtube.com\/embed\/FrByOHN-nkw?feature=oembed\" frameborder=\"0\" allow=\"accelerometer; autoplay; clipboard-write; encrypted-media; gyroscope; picture-in-picture\" allowfullscreen><\/iframe><\/p>\n<p>&nbsp;<\/p>\n<p><strong>Faroeste Bagual 13m<\/strong><\/p>\n<p>Produ\u00e7\u00e3o visual dos educandos e educandas da Escola Estadual de Ensino M\u00e9dio Jardim Am\u00e9rica no ano de 2018. Este v\u00eddeo, traz um olhar pedag\u00f3gico a partir do trabalho realizado pela professora Angela Corr\u00eaa Papaiani, na disciplina de Portugu\u00eas e Artes, onde o est\u00edmulo a organiza\u00e7\u00e3o e produ\u00e7\u00e3o coletiva articulada com os conte\u00fados das disciplinas revelam o que buscamos em nosso fazer pedag\u00f3gico que \u00e9 o ato da autonomia do educando e da educanda.<\/p>\n<p><iframe loading=\"lazy\" title=\"Faroeste Bagual\" width=\"700\" height=\"394\" src=\"https:\/\/www.youtube.com\/embed\/eD1ykJccp0k?feature=oembed\" frameborder=\"0\" allow=\"accelerometer; autoplay; clipboard-write; encrypted-media; gyroscope; picture-in-picture\" allowfullscreen><\/iframe><\/p>\n<p><b>Se a Gente Soubesse &#8211; As desilus\u00f5es do amor\u00a0<\/b><\/p>\n<p><iframe loading=\"lazy\" title=\"SE A GENTE SOUBESSE - curta\" width=\"700\" height=\"394\" src=\"https:\/\/www.youtube.com\/embed\/1_d75CW9xto?feature=oembed\" frameborder=\"0\" allow=\"accelerometer; autoplay; clipboard-write; encrypted-media; gyroscope; picture-in-picture\" allowfullscreen><\/iframe><\/p>\n<p>&nbsp;<\/p>\n<h5><strong>PDL<\/strong><br \/>\nVoc\u00ea viveria 100% no mundo Virtual? No P.D.L. isso \u00e9 poss\u00edvel.<\/h5>\n<p><iframe loading=\"lazy\" title=\"P.D.L.\" width=\"700\" height=\"394\" src=\"https:\/\/www.youtube.com\/embed\/mJ8uPi3tNLI?feature=oembed\" frameborder=\"0\" allow=\"accelerometer; autoplay; clipboard-write; encrypted-media; gyroscope; picture-in-picture\" allowfullscreen><\/iframe><\/p>\n<p><strong>Um dia quase Perfeito &#8211; 11:24<\/strong><\/p>\n<p>Realizado pelos alunos da Escola Municipal Narcisa Am\u00e1lia, o filme conta a hist\u00f3ria de tr\u00eas amigas que resolvem matar aula, mas as coisas n\u00e3o saem como o esperado. Roteiro: Lady Fernanda e Vict\u00f3ria Oliveira Dire\u00e7\u00e3o: Lady Fernanda<\/p>\n<p><iframe loading=\"lazy\" title=\"UM DIA QUASE PERFEITO - EMNA  -2014\" width=\"700\" height=\"394\" src=\"https:\/\/www.youtube.com\/embed\/hqbbLU9mGIc?feature=oembed\" frameborder=\"0\" allow=\"accelerometer; autoplay; clipboard-write; encrypted-media; gyroscope; picture-in-picture\" allowfullscreen><\/iframe><\/p>\n<p>&nbsp;<\/p>\n<p><span style=\"font-weight: 400;\"><span style=\"color: #800080;\"><strong>Os Matutos<\/strong><\/span> &#8211; 7\u201946\u201d<br \/>\n<\/span><span style=\"font-weight: 400;\"><strong>Resumo<\/strong> &#8211; Tr\u00eas primos ga\u00fachos tem a tarefa de enterrar sua av\u00f3.<br \/>\n<\/span><span style=\"font-weight: 400;\"><strong>Debate<\/strong> &#8211; Fam\u00edlia.<\/span><\/p>\n<p><iframe loading=\"lazy\" title=\"Curta Estudantil - Os Matutos\" width=\"700\" height=\"394\" src=\"https:\/\/www.youtube.com\/embed\/KyZ0FtJAH4E?feature=oembed\" frameborder=\"0\" allow=\"accelerometer; autoplay; clipboard-write; encrypted-media; gyroscope; picture-in-picture\" allowfullscreen><\/iframe><\/p>\n<p><span style=\"color: #800080;\"><strong>O carteiro chegou Centen\u00e1rio<\/strong><\/span> &#8211; 11&#8217;31&#8221;<br \/>\n<strong>Resumo<\/strong> &#8211; <span style=\"font-weight: 400;\">\u00a0Adapta\u00e7\u00e3o do livro o carteiro chegou uma fabula sobre o dia a dia do carteiro e das historias encantadas.<\/span><br \/>\n<strong>Debate<\/strong> &#8211; C<span style=\"font-weight: 400;\">omo seria as fadas e princesas no nosso mundo contempor\u00e2neo.<\/span><\/p>\n<p><strong>CLICK PARA O V\u00cdDEO<\/strong><br \/>\n<a href=\"https:\/\/www.youtube.com\/watch?v=JmE2it7ybi0\">https:\/\/www.youtube.com\/watch?v=JmE2it7ybi0<\/a><\/p>\n<p><span style=\"color: #800080;\"><strong>Acabou, mas \u00e9 o in\u00edcio de um novo eu<\/strong><\/span> &#8211; 8&#8217;43&#8221;<br \/>\n<strong>Resumo<\/strong> &#8211; <span style=\"font-weight: 400;\">Cientista tenta recuperar mem\u00f3ria de pessoas ap\u00f3s o falecimento.<\/span><br \/>\n<strong>Debate<\/strong> &#8211; Vida e morte; Ci\u00eancia.<\/p>\n<p><iframe loading=\"lazy\" title=\"Acabou, mas \u00e9 o in\u00edcio de um novo eu\" width=\"700\" height=\"394\" src=\"https:\/\/www.youtube.com\/embed\/k0ct-ZCF3zY?feature=oembed\" frameborder=\"0\" allow=\"accelerometer; autoplay; clipboard-write; encrypted-media; gyroscope; picture-in-picture\" allowfullscreen><\/iframe><\/p>\n<p><span style=\"color: #800080;\"><strong>Amor al\u00e9m das\u00a0<\/strong><b>\u00e1guas<\/b><\/span>\u00a0&#8211; 13&#8217;09&#8221;<br \/>\n<span style=\"font-weight: 400;\"><strong>Resumo<\/strong> &#8211; At\u00e9 onde o amor pode ir ? Al\u00e9m das profundezas?<br \/>\n<\/span><span style=\"font-weight: 400;\"><strong>Debate<\/strong> &#8211; A rela\u00e7\u00e3o de feminic\u00eddio e\u00a0 independ\u00eancia feminina.<\/span><\/p>\n<p><iframe loading=\"lazy\" title=\"Amor al\u00e9m das aguas\" width=\"700\" height=\"394\" src=\"https:\/\/www.youtube.com\/embed\/75wQMrFCb80?feature=oembed\" frameborder=\"0\" allow=\"accelerometer; autoplay; clipboard-write; encrypted-media; gyroscope; picture-in-picture\" allowfullscreen><\/iframe><\/p>\n<p><span style=\"color: #800080;\"><strong>Era uma vez<\/strong><\/span> &#8211; 5&#8217;16&#8221;<br \/>\n<span style=\"font-weight: 400;\"><strong>Resumo<\/strong>\u00a0 &#8211; F\u00e1bulas e contos de fadas\u00a0 se alternam na aventura sobre amizade e amor.<br \/>\n<\/span><span style=\"font-weight: 400;\"><strong>Debate<\/strong> &#8211;\u00a0 A rela\u00e7\u00e3o de amizade e trai\u00e7\u00e3o entre os seres humanos.<\/span><\/p>\n<p><iframe loading=\"lazy\" title=\"Curta-Metragem      ERA UMA VEZ\" width=\"700\" height=\"394\" src=\"https:\/\/www.youtube.com\/embed\/_eBcko8yb4o?feature=oembed\" frameborder=\"0\" allow=\"accelerometer; autoplay; clipboard-write; encrypted-media; gyroscope; picture-in-picture\" allowfullscreen><\/iframe><\/p>\n<p><span style=\"color: #800080;\"><strong>Fritar ou matar?<\/strong><\/span> &#8211; 17&#8217;25&#8221;<br \/>\n<strong>Resumo<\/strong> &#8211; <span style=\"font-weight: 400;\">4 amiga enroladas se envolvem em um crime,mas nem tudo est\u00e1 perdido.<\/span><br \/>\n<strong>Debate<\/strong> &#8211; O<span style=\"font-weight: 400;\">\u00a0curta brinca de forma c\u00f4mica com assuntos policiais e de investiga\u00e7\u00e3o. O professor pode trabalhar a quest\u00e3o de vida e morte.<\/span><\/p>\n<p><strong>CLICK PARA O V\u00cdDEO<\/strong><br \/>\n<a href=\"https:\/\/www.youtube.com\/watch?v=AOTL_lC20Vk\">https:\/\/www.youtube.com\/watch?v=AOTL_lC20Vk<\/a><\/p>\n<p><span style=\"color: #800080;\"><strong>As cartas de Aur\u00e9lia<\/strong><\/span> &#8211; 13&#8217;20&#8221;<br \/>\n<strong>Resumo<\/strong> &#8211; <span style=\"font-weight: 400;\">As cartas de Aur\u00e9lia apresenta o drama vivido por Aur\u00e9lia e Eduardo, dois adolescentes que, de uma hora para outra passam a viver s\u00f3s ap\u00f3s o desaparecimento de sua m\u00e3e. A trama apresenta a figura de um mascarado que se comunica com a personagem central atrav\u00e9s de simbologia, levando-a acreditar que ele poderia dar alguma pista sobre o paradeiro de sua m\u00e3e. O curta foi inspirado em uma hist\u00f3ria real.<\/span><br \/>\n<strong>Debate<\/strong> &#8211; Companheirismo; Debater formas de contar hist\u00f3rias reais.<\/p>\n<p><iframe loading=\"lazy\" title=\"As cartas de Aur\u00e9lia\" width=\"700\" height=\"394\" src=\"https:\/\/www.youtube.com\/embed\/Deps5lpBNbI?feature=oembed\" frameborder=\"0\" allow=\"accelerometer; autoplay; clipboard-write; encrypted-media; gyroscope; picture-in-picture\" allowfullscreen><\/iframe><\/p>\n<p><span style=\"color: #800080;\"><strong>Cindy e o colar azul<\/strong> <\/span>&#8211; 10&#8217;37&#8221;<br \/>\n<strong>Resumo<\/strong> &#8211; C<span style=\"font-weight: 400;\">indy vive um conto de fada como a da bela adormecida, mas ser\u00e1 que ela vai conseguir? <\/span><br \/>\n<strong>Debate<\/strong> &#8211; O<span style=\"font-weight: 400;\">\u00a0que \u00e9 um conto de fada moderno dentro da realidade das redes sociais.<\/span><\/p>\n<p><iframe loading=\"lazy\" title=\"Cindy e o colar azul (Curta-metragem - 1\u00ba Ano B)\" width=\"700\" height=\"394\" src=\"https:\/\/www.youtube.com\/embed\/zESqAMmsZO8?feature=oembed\" frameborder=\"0\" allow=\"accelerometer; autoplay; clipboard-write; encrypted-media; gyroscope; picture-in-picture\" allowfullscreen><\/iframe><\/p>\n<p><span style=\"color: #800080;\"><strong>Contando as horas<\/strong><\/span> &#8211; 10&#8217;50&#8221;<br \/>\n<strong>Resumo<\/strong> &#8211; Devido uma doen\u00e7a rara uma mulher tem pouco tempo de vida e esta prestes a se casar.<br \/>\n<strong>Debate<\/strong> &#8211; R<span style=\"font-weight: 400;\">ela\u00e7\u00e3o entre vida e morte, amor e paix\u00e3o.<\/span><\/p>\n<p><iframe loading=\"lazy\" title=\"CURTA-METRAGEM - CONTANDO AS HORAS - 8\u00ba ANO A\" width=\"700\" height=\"394\" src=\"https:\/\/www.youtube.com\/embed\/N_3bfG_ey4g?feature=oembed\" frameborder=\"0\" allow=\"accelerometer; autoplay; clipboard-write; encrypted-media; gyroscope; picture-in-picture\" allowfullscreen><\/iframe><\/p>\n<p><span style=\"color: #800080;\"><strong>A coloniza\u00e7\u00e3o: nossa hist\u00f3ria oficial<\/strong><\/span> &#8211; 19&#8217;36&#8221;<br \/>\n<strong>Resumo<\/strong> &#8211; Um rapaz, em sua rotina di\u00e1ria, vai contando a hist\u00f3ria de seus antigos familiares colonizadores.<br \/>\n<strong>Debate<\/strong> &#8211; Hist\u00f3ria da coloniza\u00e7\u00e3o.<\/p>\n<p><iframe loading=\"lazy\" title=\"A coloniza\u00e7\u00e3o:   Nossa hist\u00f3ria oficial\" width=\"700\" height=\"394\" src=\"https:\/\/www.youtube.com\/embed\/x1aldjrsG5g?feature=oembed\" frameborder=\"0\" allow=\"accelerometer; autoplay; clipboard-write; encrypted-media; gyroscope; picture-in-picture\" allowfullscreen><\/iframe><\/p>\n<p><span style=\"color: #800080;\"><strong>A aposta<\/strong><\/span> &#8211; 14&#8217;46&#8221;<br \/>\n<strong>Resumo<\/strong> &#8211; Dois ga\u00fachos fazem uma aposta para provar se uma hist\u00f3ria de fantasmas \u00e9 verdadeira.<br \/>\n<strong>Debate<\/strong> &#8211; Enfrentar os medos; Amizade.<\/p>\n<p><iframe loading=\"lazy\" title=\"A Aposta\" width=\"700\" height=\"394\" src=\"https:\/\/www.youtube.com\/embed\/xXG9FMfd0BQ?feature=oembed\" frameborder=\"0\" allow=\"accelerometer; autoplay; clipboard-write; encrypted-media; gyroscope; picture-in-picture\" allowfullscreen><\/iframe><\/p>\n<p><span style=\"color: #800080;\"><strong>A for\u00e7a do destino<\/strong><\/span> &#8211; 10&#8217;35&#8221;<br \/>\n<strong>Resumo<\/strong> &#8211; Uma menina mora com uma fam\u00edlia humilde e tenta mudar de vida.<br \/>\n<strong>Debate<\/strong> &#8211; Correr atr\u00e1s dos seus sonhos; Ado\u00e7\u00e3o.<\/p>\n<p><iframe loading=\"lazy\" title=\"A for\u00e7a do destino\" width=\"700\" height=\"394\" src=\"https:\/\/www.youtube.com\/embed\/gGN84RhyDBQ?feature=oembed\" frameborder=\"0\" allow=\"accelerometer; autoplay; clipboard-write; encrypted-media; gyroscope; picture-in-picture\" allowfullscreen><\/iframe><\/p>\n<p><span style=\"color: #800080;\"><strong>O Machado n\u00e3o morreu<\/strong><\/span> &#8211; 17&#8217;28&#8221;<br \/>\n<strong>Resumo<\/strong> &#8211; Machado de Assis n\u00e3o morreu! Ele narra este v\u00eddeo mostrando os personagens de suas hist\u00f3rias.<br \/>\n<strong>Debate<\/strong> &#8211; Conhecimento liter\u00e1rio das obras de Machado de Assis.<\/p>\n<p><iframe loading=\"lazy\" title=\"O Machado n\u00e3o morreu\" width=\"700\" height=\"394\" src=\"https:\/\/www.youtube.com\/embed\/ZkcrHrYPnPs?feature=oembed\" frameborder=\"0\" allow=\"accelerometer; autoplay; clipboard-write; encrypted-media; gyroscope; picture-in-picture\" allowfullscreen><\/iframe><\/p>\n<p><strong><span style=\"color: #800080;\">Viagem no tempo<\/span><\/strong> &#8211; 5&#8217;43&#8221;<br \/>\n<strong>Resumo<\/strong> &#8211; Um garoto e seu amigo cientista constroem uma m\u00e1quina do tempo em uma bicicleta. O garoto vai parar na guerra dos farrapos.<br \/>\n<strong>Debate<\/strong> &#8211; Vis\u00e3o hist\u00f3rica do Rio Grande do Sul sobre outro ponto de vista.<\/p>\n<p><iframe loading=\"lazy\" title=\"Viagem no tempo ( Escola S\u00e3o Jo\u00e3o Batista)\" width=\"700\" height=\"394\" src=\"https:\/\/www.youtube.com\/embed\/uleSWU3gzA8?feature=oembed\" frameborder=\"0\" allow=\"accelerometer; autoplay; clipboard-write; encrypted-media; gyroscope; picture-in-picture\" allowfullscreen><\/iframe><\/p>\n<p><strong><span style=\"color: #800080;\">O barco das crian\u00e7as<\/span> <\/strong>&#8211; 13&#8217;08&#8221;<br \/>\n<strong>Resumo<\/strong> &#8211; Um senhor sentado a beira da praia conta para um rapaz a hist\u00f3ria do barco das crian\u00e7as.<br \/>\n<strong>Debate<\/strong> &#8211; Vis\u00e3o hist\u00f3rica de acontecimentos que envolvem o barco das crian\u00e7as.<\/p>\n<p><iframe loading=\"lazy\" title=\"O barco das Crian\u00e7as\" width=\"700\" height=\"394\" src=\"https:\/\/www.youtube.com\/embed\/eFGb7Ddfxm8?feature=oembed\" frameborder=\"0\" allow=\"accelerometer; autoplay; clipboard-write; encrypted-media; gyroscope; picture-in-picture\" allowfullscreen><\/iframe><\/p>\n<p><strong><span style=\"color: #800080;\">Hoje o tempo voa<\/span><\/strong> &#8211; 7&#8217;16&#8221;<br \/>\n<strong>Resumo<\/strong> &#8211; Um grupo de amigos resolve criar uma m\u00e1quina do tempo para conhecer o passado.<br \/>\n<strong>Debate<\/strong> &#8211; Vis\u00e3o hist\u00f3rica de alguns lugares do Sul.<\/p>\n<p><iframe loading=\"lazy\" title=\"Hoje o tempo voa\" width=\"700\" height=\"394\" src=\"https:\/\/www.youtube.com\/embed\/EYf5bH_fGYo?feature=oembed\" frameborder=\"0\" allow=\"accelerometer; autoplay; clipboard-write; encrypted-media; gyroscope; picture-in-picture\" allowfullscreen><\/iframe><\/p>\n<p><strong><span style=\"color: #800080;\">Faroeste Bagual<\/span><\/strong> &#8211; 13\u2019 30\u2019\u2019<br \/>\n<strong>Resumo<\/strong> &#8211; Trai\u00e7\u00f5es, roubos e persegui\u00e7\u00f5es em uma cidade ga\u00facha imitando o clima de velho oeste.<br \/>\n<strong>Parte T\u00e9cnica<\/strong> &#8211; Apesar de ser longo, com o humor o v\u00eddeo cativa o espectador at\u00e9 o fim.<br \/>\n<strong>Debate<\/strong> &#8211; Humor; Vocabul\u00e1rios.<\/p>\n<p><iframe loading=\"lazy\" title=\"Faroeste Bagual\" width=\"700\" height=\"394\" src=\"https:\/\/www.youtube.com\/embed\/eD1ykJccp0k?feature=oembed\" frameborder=\"0\" allow=\"accelerometer; autoplay; clipboard-write; encrypted-media; gyroscope; picture-in-picture\" allowfullscreen><\/iframe><\/p>\n<p><strong><span style=\"color: #800080;\">O Que Tem l\u00e1 Fora?<\/span><\/strong> &#8211; 5\u2019 09\u2019\u2019<br \/>\n<strong>Resumo<\/strong> &#8211; Alunos de uma escola come\u00e7am a se distrair com o lado de fora da escola. Sem saber o que h\u00e1 l\u00e1, levantando d\u00favidas.<br \/>\n<strong>Parte T\u00e9cnica<\/strong> &#8211; Produzido em preto e branco para enfatizar o momento de reex\u00e3o dos alunos sobre o lado de fora.<br \/>\n<strong>Debate<\/strong> &#8211; Bolha social.<\/p>\n<p><iframe loading=\"lazy\" title=\"O que tem l\u00e1 fora?\" width=\"700\" height=\"525\" src=\"https:\/\/www.youtube.com\/embed\/OjNllupqQFQ?feature=oembed\" frameborder=\"0\" allow=\"accelerometer; autoplay; clipboard-write; encrypted-media; gyroscope; picture-in-picture\" allowfullscreen><\/iframe><\/p>\n<p><strong><span style=\"color: #800080;\">O Filme<\/span><\/strong> &#8211; 4\u2019 26\u2019\u2019<br \/>\n<strong>Resumo<\/strong> &#8211; Dois amigos discutem como os filmes e a vida s\u00e3o parecidas em quest\u00f5es sociais e emocionais.<br \/>\n<strong>Parte T\u00e9cnica<\/strong> &#8211; V\u00eddeo com narrativa simples e roteiro com problemas como a dura\u00e7\u00e3o das cenas.<br \/>\n<strong>Debate<\/strong> &#8211; Realidade; Amizade; Conflitos emocionais.<\/p>\n<p><iframe loading=\"lazy\" title=\"Melhor Roteiro&quot; no 9\u00ba Festival de V\u00eddeo Estudantil de Gua\u00edba\" width=\"700\" height=\"525\" src=\"https:\/\/www.youtube.com\/embed\/6y0sJPPUUPc?feature=oembed\" frameborder=\"0\" allow=\"accelerometer; autoplay; clipboard-write; encrypted-media; gyroscope; picture-in-picture\" allowfullscreen><\/iframe><\/p>\n<p><strong><span style=\"color: #800080;\">Releitura<\/span><\/strong>\u00a0&#8211; 3\u2019 13\u2019\u2019<br \/>\n<strong>Resumo<\/strong> &#8211; Releitura de alguns quadros na vis\u00e3o dos alunos.<br \/>\n<strong>Parte T\u00e9cnica<\/strong> &#8211; Narrativa funcionou e a m\u00fasica de fundo ajuda o p\u00fablico a compreender a hist\u00f3ria que est\u00e1 sendo apresentada.<br \/>\n<strong>Debate<\/strong> &#8211; Arte; Representa\u00e7\u00f5es.<\/p>\n<p><iframe loading=\"lazy\" title=\"Releitura\" width=\"700\" height=\"394\" src=\"https:\/\/www.youtube.com\/embed\/NO_ifyk8lA8?feature=oembed\" frameborder=\"0\" allow=\"accelerometer; autoplay; clipboard-write; encrypted-media; gyroscope; picture-in-picture\" allowfullscreen><\/iframe><\/p>\n<p><strong><span style=\"color: #800080;\">Heran\u00e7a de Uma Paix\u00e3o<\/span><\/strong> &#8211; 9\u2019 18\u2019\u2019<br \/>\n<strong>Resumo<\/strong> &#8211; Uma menina rica se apaixona por garoto pobre. O pai n\u00e3o aprovaria essa rela\u00e7\u00e3o e a m\u00e3e esconde a menina.<br \/>\n<strong>Parte T\u00e9cnica<\/strong> &#8211; A narrativa funcionou. A princ\u00edpio nada a declarar.<br \/>\n<strong>Debate<\/strong> &#8211; Vocabul\u00e1rios; Relacionamentos.<\/p>\n<p><iframe loading=\"lazy\" title=\"Heran\u00e7a de uma Paix\u00e3o\" width=\"700\" height=\"394\" src=\"https:\/\/www.youtube.com\/embed\/p-tj7zF0LeE?feature=oembed\" frameborder=\"0\" allow=\"accelerometer; autoplay; clipboard-write; encrypted-media; gyroscope; picture-in-picture\" allowfullscreen><\/iframe><\/p>\n<p>&nbsp;<\/p>\n<p><strong><span style=\"color: #800080;\">A Valquiria<\/span><\/strong> &#8211; 14&#8217;55&#8221;<br \/>\n<strong>Resumo<\/strong> &#8211; Hilda \u00e9 uma debutante perturbada por estranhos desmaios. Ela busca respostas no seu passado, representado por uma estranha mulher usando guarda-chuvas.<br \/>\n<strong>Parte T\u00e9cnica<\/strong> &#8211; O filme retrata o Brasil na d\u00e9cada de 50 na copa do mundo daquele ano. Tem uma boa adapta\u00e7\u00e3o de contexto hist\u00f3rico misturando o mist\u00e9rio de forma interessante e explorando conceitos que envolvem o preconceito naquela \u00e9poca deixando claro que, apesar do per\u00edodo, \u00e9 um tema atual.<br \/>\n<strong>Debate <\/strong>&#8211; Hist\u00f3ria; Preconceito; Sa\u00fade mental.<\/p>\n<p><iframe loading=\"lazy\" title=\"A Valquiria (2018) #V\u00eddeoEstudantil #Shortmovie\" width=\"700\" height=\"394\" src=\"https:\/\/www.youtube.com\/embed\/oaMfHk012O0?feature=oembed\" frameborder=\"0\" allow=\"accelerometer; autoplay; clipboard-write; encrypted-media; gyroscope; picture-in-picture\" allowfullscreen><\/iframe><\/p>\n","protected":false},"excerpt":{"rendered":"<p>&nbsp; Faroeste Bagual 13m Produ\u00e7\u00e3o visual dos educandos e educandas da Escola Estadual de Ensino M\u00e9dio Jardim Am\u00e9rica no ano de 2018. Este v\u00eddeo, traz um olhar pedag\u00f3gico a partir do trabalho realizado pela professora Angela Corr\u00eaa Papaiani, na disciplina de Portugu\u00eas e Artes, onde o est\u00edmulo a organiza\u00e7\u00e3o e produ\u00e7\u00e3o coletiva articulada com os&hellip;<\/p>\n","protected":false},"author":578,"featured_media":0,"parent":89,"menu_order":0,"comment_status":"closed","ping_status":"closed","template":"","meta":{"footnotes":""},"class_list":["post-53","page","type-page","status-publish","hentry"],"jetpack_sharing_enabled":true,"_links":{"self":[{"href":"https:\/\/wp.ufpel.edu.br\/cineclube\/wp-json\/wp\/v2\/pages\/53","targetHints":{"allow":["GET"]}}],"collection":[{"href":"https:\/\/wp.ufpel.edu.br\/cineclube\/wp-json\/wp\/v2\/pages"}],"about":[{"href":"https:\/\/wp.ufpel.edu.br\/cineclube\/wp-json\/wp\/v2\/types\/page"}],"author":[{"embeddable":true,"href":"https:\/\/wp.ufpel.edu.br\/cineclube\/wp-json\/wp\/v2\/users\/578"}],"replies":[{"embeddable":true,"href":"https:\/\/wp.ufpel.edu.br\/cineclube\/wp-json\/wp\/v2\/comments?post=53"}],"version-history":[{"count":32,"href":"https:\/\/wp.ufpel.edu.br\/cineclube\/wp-json\/wp\/v2\/pages\/53\/revisions"}],"predecessor-version":[{"id":632,"href":"https:\/\/wp.ufpel.edu.br\/cineclube\/wp-json\/wp\/v2\/pages\/53\/revisions\/632"}],"up":[{"embeddable":true,"href":"https:\/\/wp.ufpel.edu.br\/cineclube\/wp-json\/wp\/v2\/pages\/89"}],"wp:attachment":[{"href":"https:\/\/wp.ufpel.edu.br\/cineclube\/wp-json\/wp\/v2\/media?parent=53"}],"curies":[{"name":"wp","href":"https:\/\/api.w.org\/{rel}","templated":true}]}}