{"id":502,"date":"2021-06-07T18:58:45","date_gmt":"2021-06-07T21:58:45","guid":{"rendered":"https:\/\/wp.ufpel.edu.br\/cineclube\/?page_id=502"},"modified":"2023-09-04T10:53:23","modified_gmt":"2023-09-04T13:53:23","slug":"curtas-da-pandemia","status":"publish","type":"page","link":"https:\/\/wp.ufpel.edu.br\/cineclube\/curtas-da-pandemia\/","title":{"rendered":"V\u00eddeos da Pandemia"},"content":{"rendered":"<div class=\"freebirdCommonAnalyticsTextResponse\">\n<p><span style=\"font-family: 'Helvetica Neue', Helvetica, Arial, sans-serif; font-size: 13px; font-style: normal; font-weight: 300;\">V\u00eddeo feito por alunos durante a Pandemia do Covid 19\u00a0<\/span><\/p>\n<p><iframe loading=\"lazy\" title=\"Ana e a Volta \u00e0s aulas!\" width=\"700\" height=\"394\" src=\"https:\/\/www.youtube.com\/embed\/oowAMaygQY4?feature=oembed\" frameborder=\"0\" allow=\"accelerometer; autoplay; clipboard-write; encrypted-media; gyroscope; picture-in-picture; web-share\" allowfullscreen><\/iframe><\/p>\n<p>&nbsp;<\/p>\n<p><iframe loading=\"lazy\" title=\"A GAROTA DO JARDIM\" width=\"700\" height=\"394\" src=\"https:\/\/www.youtube.com\/embed\/F7LHD54bHks?feature=oembed\" frameborder=\"0\" allow=\"accelerometer; autoplay; clipboard-write; encrypted-media; gyroscope; picture-in-picture; web-share\" allowfullscreen><\/iframe><\/p>\n<p>&nbsp;<\/p>\n<p><iframe loading=\"lazy\" title=\"THE WALK TO FREEDOM - Curta-Metragem CSGA\" width=\"700\" height=\"394\" src=\"https:\/\/www.youtube.com\/embed\/IBAh8MHjfc4?feature=oembed\" frameborder=\"0\" allow=\"accelerometer; autoplay; clipboard-write; encrypted-media; gyroscope; picture-in-picture; web-share\" allowfullscreen><\/iframe><\/p>\n<p>&nbsp;<\/p>\n<p><strong>Margaridinha, uma crian\u00e7a antiga<\/strong><\/p>\n<p>Nesse filme-carta Margaridinha nos convida a dialogar com a vida de uma crian\u00e7a carioca do in\u00edcio do s\u00e9culo XX. Entre cenas de dan\u00e7as, amigos e fam\u00edlia, a menina da d\u00e9cada de 30 conta sobre suas experi\u00eancias vividas no bairro do M\u00e9ier a partir de imagens da fam\u00edlia de Margaridinha.<\/p>\n<p><iframe loading=\"lazy\" title=\"Margaridinha, uma crian\u00e7a antiga\" width=\"700\" height=\"394\" src=\"https:\/\/www.youtube.com\/embed\/MAsrYZzmLeA?feature=oembed\" frameborder=\"0\" allow=\"accelerometer; autoplay; clipboard-write; encrypted-media; gyroscope; picture-in-picture; web-share\" allowfullscreen><\/iframe><\/p>\n<p><strong>&#8220;Essa Gente que Esquece da Gente&#8221;<\/strong><\/p>\n<p>Os leitores est\u00e3o sumindo! Agora, os personagens se reunem pra achar uma solu\u00e7\u00e3o!<\/p>\n<p><iframe loading=\"lazy\" title=\"&quot;Essa Gente que Esquece da Gente&quot; - Alvorada \/ RS, Brasil\" width=\"700\" height=\"394\" src=\"https:\/\/www.youtube.com\/embed\/SnneljrkZlU?feature=oembed\" frameborder=\"0\" allow=\"accelerometer; autoplay; clipboard-write; encrypted-media; gyroscope; picture-in-picture; web-share\" allowfullscreen><\/iframe><\/p>\n<p><strong>A Valquiria<\/strong><\/p>\n<p>Hilda \u00e9 uma debutante perturbada por estranhos desmaios. Ela busca respostas no seu passado, representado por uma estranha mulher usando guarda-chuvas.<\/p>\n<p><iframe loading=\"lazy\" title=\"A Valquiria (2018) #V\u00eddeoEstudantil #Shortmovie\" width=\"700\" height=\"394\" src=\"https:\/\/www.youtube.com\/embed\/oaMfHk012O0?feature=oembed\" frameborder=\"0\" allow=\"accelerometer; autoplay; clipboard-write; encrypted-media; gyroscope; picture-in-picture; web-share\" allowfullscreen><\/iframe><\/p>\n<p><strong>O grande desafio<\/strong><\/p>\n<p>O stop motion aborda a pandemia que estamos vivenciando no mundo de forma l\u00fadica e tenta promover a conscientiza\u00e7\u00e3o de crian\u00e7as e adolescentes sobre a import\u00e2ncia de cada um fazer a sua parte nesse momento cr\u00edtico.<\/p>\n<p><iframe loading=\"lazy\" title=\"46   O grande desafio\" width=\"700\" height=\"394\" src=\"https:\/\/www.youtube.com\/embed\/DpNu8pCg8AY?feature=oembed\" frameborder=\"0\" allow=\"accelerometer; autoplay; clipboard-write; encrypted-media; gyroscope; picture-in-picture; web-share\" allowfullscreen><\/iframe><\/p>\n<p><strong>&#8220;Por que os pescadores gostam do vento?&#8221;<\/strong><\/p>\n<p><iframe loading=\"lazy\" title=\"&quot;Por que os pescadores gostam do vento?&quot;\" width=\"700\" height=\"394\" src=\"https:\/\/www.youtube.com\/embed\/6vmV7HmdNrw?feature=oembed\" frameborder=\"0\" allow=\"accelerometer; autoplay; clipboard-write; encrypted-media; gyroscope; picture-in-picture; web-share\" allowfullscreen><\/iframe><\/p>\n<p><strong>Bica da leitura<\/strong><\/p>\n<div id=\"meta\" class=\"style-scope ytd-watch-flexy\">\n<div id=\"meta-contents\" class=\"style-scope ytd-watch-flexy\">\n<div id=\"container\" class=\"style-scope ytd-video-secondary-info-renderer\">\n<div id=\"content\" class=\"style-scope ytd-expander\">\n<div id=\"description\" class=\"style-scope ytd-video-secondary-info-renderer\">Curta realizado pelos alunos do N\u00facleo de Arte Gr\u00e9cia no ano de 2012.<\/div>\n<div><\/div>\n<\/div>\n<\/div>\n<\/div>\n<\/div>\n<p><iframe loading=\"lazy\" title=\"Bica da leitura\" width=\"700\" height=\"394\" src=\"https:\/\/www.youtube.com\/embed\/gnvP2UVLNf8?feature=oembed\" frameborder=\"0\" allow=\"accelerometer; autoplay; clipboard-write; encrypted-media; gyroscope; picture-in-picture; web-share\" allowfullscreen><\/iframe><\/p>\n<p><strong>Por tr\u00e1s da cortina de fuma\u00e7a&#8230;<\/strong><\/p>\n<p>O que h\u00e1 por tr\u00e1s da cortina de fuma\u00e7a que o cigarro produz? Neste v\u00eddeo, mostraremos que h\u00e1 matem\u00e1tica tamb\u00e9m em favor da sua sa\u00fade f\u00edsica, das suas finan\u00e7as e do ambiente em que vivemos. Fazemos um alerta com rela\u00e7\u00e3o ao consumo de cigarros e mostramos os impactos desse v\u00edcio nas finan\u00e7as e na sa\u00fade das pessoas. Esperamos incentivar voc\u00ea a parar de fumar e a identificar que a matem\u00e1tica pode estar em todo canto&#8230; Vamos juntos nessa?<\/p>\n<p><iframe loading=\"lazy\" title=\"Por tr\u00e1s da cortina de fuma\u00e7a...\" width=\"700\" height=\"394\" src=\"https:\/\/www.youtube.com\/embed\/w9eL9WyynR0?feature=oembed\" frameborder=\"0\" allow=\"accelerometer; autoplay; clipboard-write; encrypted-media; gyroscope; picture-in-picture; web-share\" allowfullscreen><\/iframe><\/p>\n<p><strong>Todas em Uma<\/strong><\/p>\n<p>Uma homenagem \u00e0s mulheres, mostrando algumas personalidades femininas que deixaram contribui\u00e7\u00f5es nas artes, na cultura e nos direitos humanos. Anima\u00e7\u00e3o 2D<\/p>\n<p><iframe loading=\"lazy\" title=\"Todas em Uma\" width=\"700\" height=\"394\" src=\"https:\/\/www.youtube.com\/embed\/IHo44C-GeTQ?feature=oembed\" frameborder=\"0\" allow=\"accelerometer; autoplay; clipboard-write; encrypted-media; gyroscope; picture-in-picture; web-share\" allowfullscreen><\/iframe><\/p>\n<p><strong>Document\u00e1rio &#8211; O Falso Setembro Amarelo OnLine<\/strong><\/p>\n<p>Curta, feito na Quarentena, cada um na sua casa. Escola T\u00e9cnica estadual 31 de Janeiro &#8211; Campo Bom &#8211; RS &#8211; Orienta\u00e7\u00e3o Prof. Marlon Nunes<\/p>\n<p><iframe loading=\"lazy\" title=\"Document\u00e1rio - O Falso Setembro Amarelo On Line\" width=\"700\" height=\"394\" src=\"https:\/\/www.youtube.com\/embed\/XaPsdyO1EPw?feature=oembed\" frameborder=\"0\" allow=\"accelerometer; autoplay; clipboard-write; encrypted-media; gyroscope; picture-in-picture; web-share\" allowfullscreen><\/iframe><\/p>\n<p><strong>Sempre h\u00e1 uma sa\u00edda<\/strong><\/p>\n<p>V\u00eddeo aborda sobre os momentos de ansiedade vividos pelos alunos em meio a quarentena ocasionada pela pandemia do Covid-19.<\/p>\n<p><iframe loading=\"lazy\" title=\"Sempre h\u00e1 uma sa\u00edda\" width=\"700\" height=\"394\" src=\"https:\/\/www.youtube.com\/embed\/XZuBVqDjDpw?feature=oembed\" frameborder=\"0\" allow=\"accelerometer; autoplay; clipboard-write; encrypted-media; gyroscope; picture-in-picture; web-share\" allowfullscreen><\/iframe><\/p>\n<p><strong>ENM Jacinta Nunes | O Eterno Amor &#8211; Contos Contestados | 9\u00ba 01 &#8211; 2019<\/strong><\/p>\n<p>Os alunos da ENM Jacinta Nunes da cidade de Rio das Antas\/SC realizaram um trabalho conjunto das disciplinas de Hist\u00f3ria e portugu\u00eas, relacionado a tem\u00e1tica do Contestado. Eles escreveram contos de amor e adaptaram em v\u00eddeo, resultando em um trabalho conjunto do corpo pedag\u00f3gico e alunos do 9\u00ba Ano de 2019.<\/p>\n<p><iframe loading=\"lazy\" title=\"ENM Jacinta Nunes | O Eterno Amor - Contos Contestados | 9\u00ba 01 - 2019\" width=\"700\" height=\"394\" src=\"https:\/\/www.youtube.com\/embed\/SShq0DIQ-MQ?feature=oembed\" frameborder=\"0\" allow=\"accelerometer; autoplay; clipboard-write; encrypted-media; gyroscope; picture-in-picture; web-share\" allowfullscreen><\/iframe><\/p>\n<p><strong>Paisagens Palmeirenses<\/strong><\/p>\n<p>O v\u00eddeo retrata as principais paisagens palmeirenses, desde um p\u00f4r do sol visto da zona rural \u00e0s pra\u00e7as hist\u00f3ricas da \u00e1rea urbana.<\/p>\n<p><iframe loading=\"lazy\" title=\"Paisagens Palmeirenses\" width=\"700\" height=\"394\" src=\"https:\/\/www.youtube.com\/embed\/cN7EIfuvka4?feature=oembed\" frameborder=\"0\" allow=\"accelerometer; autoplay; clipboard-write; encrypted-media; gyroscope; picture-in-picture; web-share\" allowfullscreen><\/iframe><\/p>\n<p><strong>2020<\/strong><\/p>\n<p>Este Curta-Metragem \u00e9 inspirado no filme &#8220;Ilha das Flores&#8221;, produzido pela Casa de Cinema de Porto Alegre.<\/p>\n<p><iframe loading=\"lazy\" title=\"2020\" width=\"700\" height=\"394\" src=\"https:\/\/www.youtube.com\/embed\/nE_NQAOkdx4?feature=oembed\" frameborder=\"0\" allow=\"accelerometer; autoplay; clipboard-write; encrypted-media; gyroscope; picture-in-picture; web-share\" allowfullscreen><\/iframe><\/p>\n<p><strong>Desencontros<\/strong><\/p>\n<p>Menino em seu \u00faltimo ano na escola resolve virar youtuber, na cidade de Campo Bom &#8211; RS e conhece uma menina do Rio de Janeiro, Luana, come\u00e7am a se apaixonar pela internet e vem a pandemia. Suas aventuras para se encontrar, passam por muitos epis\u00f3dios, filme criado dirigido e estrelado pelo aluno. Saimon Schimitez Gatelli . Uma Parceria da E.E.E.F. Jo\u00e3o Blos atrav\u00e9s do seu SAEE- Servi\u00e7o de Atendimento Educacional Especializado e Escola T\u00e9cnica Estadual 31 de Janeiro e seu n\u00facleo de cinema, AMBAS na cidade de Campo Bom &#8211; RS<\/p>\n<p><iframe loading=\"lazy\" title=\"Desencontros\" width=\"700\" height=\"394\" src=\"https:\/\/www.youtube.com\/embed\/VrjIctwdYIo?feature=oembed\" frameborder=\"0\" allow=\"accelerometer; autoplay; clipboard-write; encrypted-media; gyroscope; picture-in-picture; web-share\" allowfullscreen><\/iframe><\/p>\n<p>&nbsp;<\/p>\n<p><strong>Protocolo Quimicurta<\/strong><\/p>\n<p>O curta &#8220;Protocolo Quimicurta&#8221; trata de uma bem humorada s\u00e1tira sobre o uso do composto metil isocianato, contudo nem tudo \u00e9 brincadeira quando um acidente envolvendo o referido composto de fato aconteceu. O curta recebeu os seguintes destaques: na abordagem biol\u00f3gica, fotografia e edi\u00e7\u00e3o. O estudante Pedro Co\u00ealho (um dos locutores e apresentador da industria Quimicurta) recebeu o pr\u00eamio de melhor ator. OBS: os curtas de 2020 foram produzidos de forma remota por conta da pandemia da Covid-19<\/p>\n<p><iframe loading=\"lazy\" title=\"Bioquimicurta 2020-Protocolo Quimicurta\" width=\"700\" height=\"394\" src=\"https:\/\/www.youtube.com\/embed\/duBedHGA_4s?feature=oembed\" frameborder=\"0\" allow=\"accelerometer; autoplay; clipboard-write; encrypted-media; gyroscope; picture-in-picture; web-share\" allowfullscreen><\/iframe><\/p>\n<p><strong>Conectando<\/strong><\/p>\n<p>O curta &#8220;Conectando&#8221; trata da a\u00e7\u00e3o trata de como jovens, conectados para uma partida de jogo, podem se tornar testemunhas de fatos estranhos. O curta recebeu os seguintes destaques: na abordagem social, no roteiro e no som. OBS: os curtas de 2020 foram produzidos de forma remota por conta da pandemia da Covid-19<\/p>\n<p><iframe loading=\"lazy\" title=\"Bioquimicurta 2020-Conectando\" width=\"700\" height=\"394\" src=\"https:\/\/www.youtube.com\/embed\/Sml4wde7tIo?feature=oembed\" frameborder=\"0\" allow=\"accelerometer; autoplay; clipboard-write; encrypted-media; gyroscope; picture-in-picture; web-share\" allowfullscreen><\/iframe><\/p>\n<p>&nbsp;<\/p>\n<p>&nbsp;<\/p>\n<p><strong>Nas Entrelinhas<\/strong><\/p>\n<p>Quando Sofia, a namorada de Paulo, decide desaparecer por um tempo, o jovem se encontra perdido e sem saber como lidar com suas incertezas<\/p>\n<p><iframe loading=\"lazy\" title=\"Nas Entrelinhas (2020)\" width=\"700\" height=\"394\" src=\"https:\/\/www.youtube.com\/embed\/i2ePno0K-E4?feature=oembed\" frameborder=\"0\" allow=\"accelerometer; autoplay; clipboard-write; encrypted-media; gyroscope; picture-in-picture; web-share\" allowfullscreen><\/iframe><\/p>\n<p>&nbsp;<\/p>\n<p><strong>A Realidade Por Tr\u00e1s das M\u00e1scaras<\/strong><\/p>\n<p><iframe loading=\"lazy\" title=\"A realidade por tr\u00e1s das m\u00e1scaras\" width=\"700\" height=\"394\" src=\"https:\/\/www.youtube.com\/embed\/ft9AR2z4Uwk?feature=oembed\" frameborder=\"0\" allow=\"accelerometer; autoplay; clipboard-write; encrypted-media; gyroscope; picture-in-picture; web-share\" allowfullscreen><\/iframe><\/p>\n<p>Curta, feita na Quarentena, cada um na sua casa. Escola T\u00e9cnica estadual 31 de Janeiro &#8211; Campo Bom &#8211; RS &#8211; Orienta\u00e7\u00e3o Prof. Marlon Nunes<\/p>\n<\/div>\n<p><iframe loading=\"lazy\" title=\"Dias de Quarentena\" width=\"700\" height=\"394\" src=\"https:\/\/www.youtube.com\/embed\/TOu-cwmly_g?feature=oembed\" frameborder=\"0\" allow=\"accelerometer; autoplay; clipboard-write; encrypted-media; gyroscope; picture-in-picture; web-share\" allowfullscreen><\/iframe><\/p>\n<div class=\"freebirdCommonAnalyticsTextResponse\">\n<p>Esse curta foi totalmente gravado cada um na sua casa, produ\u00e7\u00e3o 100% dos alunos, durante a pandemia<\/p>\n<\/div>\n<p><iframe loading=\"lazy\" title=\"Consequ\u00eancias\" width=\"700\" height=\"394\" src=\"https:\/\/www.youtube.com\/embed\/0DCplxoUdh8?feature=oembed\" frameborder=\"0\" allow=\"accelerometer; autoplay; clipboard-write; encrypted-media; gyroscope; picture-in-picture; web-share\" allowfullscreen><\/iframe><\/p>\n<div class=\"freebirdCommonAnalyticsTextResponse\">\n<p><strong>Eu assim sem voc\u00eas <\/strong><\/p>\n<p>Narra\u00e7\u00e3o dos momentos das atividades que tenho em casa que me remetem \u00e0s vivencias na escola.<\/p>\n<\/div>\n<p><iframe loading=\"lazy\" title=\"Eu assim sem voc\u00eas...\" width=\"700\" height=\"394\" src=\"https:\/\/www.youtube.com\/embed\/3yGh9z-TXhQ?feature=oembed\" frameborder=\"0\" allow=\"accelerometer; autoplay; clipboard-write; encrypted-media; gyroscope; picture-in-picture; web-share\" allowfullscreen><\/iframe><\/p>\n<div><\/div>\n<div><\/div>\n<div><span style=\"font-size: 13px;\">Maria P de Verdade&#8221; Videoclipe, com grava\u00e7\u00e3o de imagens do nosso encontro pelo Meet, cantando a m\u00fasica preferida da Maria. Anima\u00e7\u00e3o de desenhos e textos feitos pela aluna.<\/span><\/div>\n<div>\n<p><iframe loading=\"lazy\" title=\"Maria P de Verdade\" width=\"700\" height=\"525\" src=\"https:\/\/www.youtube.com\/embed\/wDWDgWRGsXA?feature=oembed\" frameborder=\"0\" allow=\"accelerometer; autoplay; clipboard-write; encrypted-media; gyroscope; picture-in-picture; web-share\" allowfullscreen><\/iframe><\/p>\n<p>&nbsp;<\/p>\n<\/div>\n<div><\/div>\n<div>\n<p>Rimas, versos e poemas.<\/p>\n<p>Sinopse: A professora prop\u00f5e l\u00ea um poema e prop\u00f5e para as crian\u00e7as e suas fam\u00edlias uma troca de versos e rimas e poesias com imagens, \u00e1udios e textos.<\/p>\n<p><iframe loading=\"lazy\" title=\"Rimas, versos e poemas\" width=\"700\" height=\"525\" src=\"https:\/\/www.youtube.com\/embed\/KNb4BInoS04?feature=oembed\" frameborder=\"0\" allow=\"accelerometer; autoplay; clipboard-write; encrypted-media; gyroscope; picture-in-picture; web-share\" allowfullscreen><\/iframe><\/p>\n<\/div>\n<div><\/div>\n<div><\/div>\n<p>&nbsp;<\/p>\n<p><iframe loading=\"lazy\" title=\"A Hist\u00f3ria da Lagarta \ud83d\udc1b\" width=\"700\" height=\"525\" src=\"https:\/\/www.youtube.com\/embed\/MGr-UlHdHjk?feature=oembed\" frameborder=\"0\" allow=\"accelerometer; autoplay; clipboard-write; encrypted-media; gyroscope; picture-in-picture; web-share\" allowfullscreen><\/iframe><\/p>\n<p>A Hist\u00f3ria da Lagarta.&#8221; Sinopse: Era uma vez uma lagarta \ud83d\udc1b que morava numa linda \ud83c\udf33 no jardim, mas que se lamentava por n\u00e3o ter as habilidades de tecer da \ud83d\udd77, a casa do \ud83d\udc0c ou o mel da \ud83d\udc1d. At\u00e9 que um dia&#8230;<\/p>\n<p>&nbsp;<\/p>\n<p><iframe loading=\"lazy\" title=\"Ontem, hoje e depois\" width=\"700\" height=\"525\" src=\"https:\/\/www.youtube.com\/embed\/d6LlZOqb2H8?feature=oembed\" frameborder=\"0\" allow=\"accelerometer; autoplay; clipboard-write; encrypted-media; gyroscope; picture-in-picture; web-share\" allowfullscreen><\/iframe><\/p>\n<p>Ontem, hoje e depois&#8221;. Sinopse: Nestes dias de quarenta, mandei uma foto para os alunos e perguntei: &#8211; Quem \u00e9 essa crian\u00e7a? Alguma crian\u00e7as responderam e passamos a trocar fotos de quando eu era crian\u00e7a, de quando eles eram beb\u00eas ou de quando os nossos pais ou av\u00f3s eram crian\u00e7as. Lembrei da can\u00e7\u00e3o &#8220;Vov\u00f4&#8221;, do Palavra Cantada, que sempre canto com eles na SRM.<\/p>\n<p><strong><span style=\"font-family: 'Helvetica Neue', Helvetica, Arial, sans-serif; font-size: 13px; font-style: normal;\">Luz, sombra e a\u00e7\u00e3o<\/span><\/strong><\/p>\n<p><span style=\"font-family: 'Helvetica Neue', Helvetica, Arial, sans-serif; font-size: 13px; font-style: normal; font-weight: 300;\"> Sinopse: Luzes, sombras e a\u00e7\u00e3o<\/span>\ud83c\udfac<span style=\"font-family: 'Helvetica Neue', Helvetica, Arial, sans-serif; font-size: 13px; font-style: normal; font-weight: 300;\">! Silhuetas dan\u00e7antes, sombras de animais<\/span>\ud83d\udc26\ud83d\udc15<span style=\"font-family: 'Helvetica Neue', Helvetica, Arial, sans-serif; font-size: 13px; font-style: normal; font-weight: 300;\">, palha\u00e7os<\/span>\ud83e\udd21<span style=\"font-family: 'Helvetica Neue', Helvetica, Arial, sans-serif; font-size: 13px; font-style: normal; font-weight: 300;\">, brinquedos<\/span>\ud83e\uddf8\ud83e\ude80<span style=\"font-family: 'Helvetica Neue', Helvetica, Arial, sans-serif; font-size: 13px; font-style: normal; font-weight: 300;\">, letras<\/span>\ud83d\udd20<span style=\"font-family: 'Helvetica Neue', Helvetica, Arial, sans-serif; font-size: 13px; font-style: normal; font-weight: 300;\">\u00a0e at\u00e9 do Michael Jackson<\/span>\ud83d\udd7a<span style=\"font-family: 'Helvetica Neue', Helvetica, Arial, sans-serif; font-size: 13px; font-style: normal; font-weight: 300;\">, divertem as crian\u00e7as<\/span>\ud83e\uddd2\ud83d\udc67<span style=\"font-family: 'Helvetica Neue', Helvetica, Arial, sans-serif; font-size: 13px; font-style: normal; font-weight: 300;\">\u00a0e suas fam\u00edlias.<\/span><\/p>\n<p><iframe loading=\"lazy\" title=\"Luzes, Sombras e A\u00e7\u00e3o\" width=\"700\" height=\"394\" src=\"https:\/\/www.youtube.com\/embed\/Mbfi1yirAhM?feature=oembed\" frameborder=\"0\" allow=\"accelerometer; autoplay; clipboard-write; encrypted-media; gyroscope; picture-in-picture; web-share\" allowfullscreen><\/iframe><\/p>\n<p>&nbsp;<\/p>\n<p>&nbsp;<\/p>\n","protected":false},"excerpt":{"rendered":"<p>V\u00eddeo feito por alunos durante a Pandemia do Covid 19\u00a0 &nbsp; &nbsp; &nbsp; Margaridinha, uma crian\u00e7a antiga Nesse filme-carta Margaridinha nos convida a dialogar com a vida de uma crian\u00e7a carioca do in\u00edcio do s\u00e9culo XX. Entre cenas de dan\u00e7as, amigos e fam\u00edlia, a menina da d\u00e9cada de 30 conta sobre suas experi\u00eancias vividas no&hellip;<\/p>\n","protected":false},"author":578,"featured_media":0,"parent":0,"menu_order":0,"comment_status":"closed","ping_status":"closed","template":"","meta":{"footnotes":""},"class_list":["post-502","page","type-page","status-publish","hentry"],"jetpack_sharing_enabled":true,"_links":{"self":[{"href":"https:\/\/wp.ufpel.edu.br\/cineclube\/wp-json\/wp\/v2\/pages\/502","targetHints":{"allow":["GET"]}}],"collection":[{"href":"https:\/\/wp.ufpel.edu.br\/cineclube\/wp-json\/wp\/v2\/pages"}],"about":[{"href":"https:\/\/wp.ufpel.edu.br\/cineclube\/wp-json\/wp\/v2\/types\/page"}],"author":[{"embeddable":true,"href":"https:\/\/wp.ufpel.edu.br\/cineclube\/wp-json\/wp\/v2\/users\/578"}],"replies":[{"embeddable":true,"href":"https:\/\/wp.ufpel.edu.br\/cineclube\/wp-json\/wp\/v2\/comments?post=502"}],"version-history":[{"count":14,"href":"https:\/\/wp.ufpel.edu.br\/cineclube\/wp-json\/wp\/v2\/pages\/502\/revisions"}],"predecessor-version":[{"id":677,"href":"https:\/\/wp.ufpel.edu.br\/cineclube\/wp-json\/wp\/v2\/pages\/502\/revisions\/677"}],"wp:attachment":[{"href":"https:\/\/wp.ufpel.edu.br\/cineclube\/wp-json\/wp\/v2\/media?parent=502"}],"curies":[{"name":"wp","href":"https:\/\/api.w.org\/{rel}","templated":true}]}}