{"id":50,"date":"2019-08-19T20:44:51","date_gmt":"2019-08-19T23:44:51","guid":{"rendered":"https:\/\/wp.ufpel.edu.br\/cineclube\/?page_id=50"},"modified":"2019-12-06T09:32:04","modified_gmt":"2019-12-06T12:32:04","slug":"meio-ambiente-e-reciclagem","status":"publish","type":"page","link":"https:\/\/wp.ufpel.edu.br\/cineclube\/tematicas-2\/meio-ambiente-e-reciclagem\/","title":{"rendered":"Meio ambiente e Reciclagem"},"content":{"rendered":"<p><span style=\"font-weight: 400\"><span style=\"color: #800080\"><strong>Todos por um planeta<\/strong><\/span> &#8211; 3&#8217;11&#8221;<br \/>\n<strong>Resumo<\/strong> &#8211; Como que com pequenas a\u00e7\u00f5es podemos ajudar a preservar a natureza.<br \/>\n<strong>Debate<\/strong> &#8211; Cuidar da natureza e do meio ambiente.<br \/>\n<\/span><\/p>\n<p>https:\/\/youtu.be\/BgEreaHlllk<\/p>\n<p><span style=\"color: #800080\"><strong>T\u00eam abelhas na minha escola<\/strong>!<\/span> &#8211; 11&#8217;39&#8221;<br \/>\n<strong>Resumo<\/strong> &#8211; V\u00eddeo que fala das abelhas e sua import\u00e2ncia.<br \/>\n<strong>Debate<\/strong> &#8211; Import\u00e2ncia das abelhas para o meio ambiente.<\/p>\n<p><iframe loading=\"lazy\" title=\"T\u00eam abelhas na minha escola!\" width=\"700\" height=\"394\" src=\"https:\/\/www.youtube.com\/embed\/-FjZI8dmLF8?feature=oembed\" frameborder=\"0\" allow=\"accelerometer; autoplay; encrypted-media; gyroscope; picture-in-picture\" allowfullscreen><\/iframe><\/p>\n<p><span style=\"color: #800080\"><strong>Vida e Natureza<\/strong><\/span> &#8211; 11&#8217;15&#8221;<br \/>\n<strong>Resumo<\/strong> &#8211; Uma s\u00e9rie de cr\u00f4nicas sobre a natureza e como o mal cuidado com a mesma pode afetar a sociedade.<br \/>\n<strong>Debate<\/strong> &#8211; Cuidado com o meio ambiente.<\/p>\n<p><iframe loading=\"lazy\" title=\"Vida e Natureza\" width=\"700\" height=\"394\" src=\"https:\/\/www.youtube.com\/embed\/wE1kqc5lkCQ?feature=oembed\" frameborder=\"0\" allow=\"accelerometer; autoplay; encrypted-media; gyroscope; picture-in-picture\" allowfullscreen><\/iframe><\/p>\n<p><strong><span style=\"color: #800080\">C\u00e9sio 137 &#8211; O brilho da morte seduz<\/span><\/strong> &#8211; 10&#8217;39&#8221;<br \/>\n<strong>Resumo<\/strong> &#8211; Um acontecimento ecol\u00f3gico muda a vida dos habitantes de uma pacata cidade.<br \/>\n<strong>Debate<\/strong> &#8211; Cuidado com meio ambiente; Consequ\u00eancia do abuso a natureza.<\/p>\n<p><iframe loading=\"lazy\" title=\"C\u00e9sio 137 - O brilho da morte seduz\" width=\"700\" height=\"394\" src=\"https:\/\/www.youtube.com\/embed\/PJ27iQevoXc?feature=oembed\" frameborder=\"0\" allow=\"accelerometer; autoplay; encrypted-media; gyroscope; picture-in-picture\" allowfullscreen><\/iframe><\/p>\n<p><strong><span style=\"color: #800080\">O Mist\u00e9rio da \u00c1gua Suja<\/span><\/strong> &#8211; 7\u2019 17\u2019\u2019<br \/>\n<strong>Resumo<\/strong> &#8211; A \u00e1gua suja de rum reino est\u00e1 deixando alguns animais doentes. Animais, duendes, pr\u00edncipes e princesas que ali vivem buscam resolver o mist\u00e9rio.<br \/>\n<strong>Parte T\u00e9cnica<\/strong> -Problemas de decupagem. Poderia ser mais curto em algumas cenas.<br \/>\n<strong>Debate<\/strong> &#8211; Infantil; Amizade; Aventuras; Import\u00e2ncia da \u00e1gua.<\/p>\n<p><iframe loading=\"lazy\" title=\"O Mist\u00e9rio da \u00e1gua suja\" width=\"700\" height=\"394\" src=\"https:\/\/www.youtube.com\/embed\/1a59ZXU-LlU?feature=oembed\" frameborder=\"0\" allow=\"accelerometer; autoplay; encrypted-media; gyroscope; picture-in-picture\" allowfullscreen><\/iframe><\/p>\n<p><strong><span style=\"color: #800080\">Ciclo T\u00f3xico<\/span><\/strong> &#8211; 4\u2019 59\u2019\u2019<br \/>\n<strong>Resumo<\/strong> &#8211; Um garoto se envolve com drogas e come\u00e7a a morar pr\u00f3ximo a um rio que ele n\u00e3o preservava.<br \/>\n<strong>Parte T\u00e9cnica<\/strong> &#8211; V\u00eddeo feito com cenas que cont\u00e9m audiodescri\u00e7\u00e3o (para pessoas deficientes visuais) e legendas.<br \/>\n<strong>Debate<\/strong> &#8211; Drogas; Meio ambiente<\/p>\n<p><iframe loading=\"lazy\" title=\"Ciclo T\u00f3xico\" width=\"700\" height=\"394\" src=\"https:\/\/www.youtube.com\/embed\/JpKgLGbJ2ck?feature=oembed\" frameborder=\"0\" allow=\"accelerometer; autoplay; encrypted-media; gyroscope; picture-in-picture\" allowfullscreen><\/iframe><\/p>\n<p><strong><span style=\"color: #800080\">De Olho no Lixo<\/span><\/strong> &#8211; 7\u2019 23\u2019\u2019<br \/>\n<strong>Resumo<\/strong> &#8211; Alunos caminham por sua cidade registrando a polui\u00e7\u00e3o local e a falta de cuidado com o ambiente.<br \/>\n<strong>Parte T\u00e9cnica<\/strong> -V\u00eddeo narrado pela professora respons\u00e1vel, podendo ser um document\u00e1rio sobre lixo. Utilizaram a c\u00e2mera na m\u00e3o.<br \/>\n<strong>Debate<\/strong> &#8211; Conscientiza\u00e7\u00e3o; Meio ambiente; Preserva\u00e7\u00e3o.<\/p>\n<p><iframe loading=\"lazy\" title=\"De olho no lixo\" width=\"700\" height=\"394\" src=\"https:\/\/www.youtube.com\/embed\/T8odKA-faSo?feature=oembed\" frameborder=\"0\" allow=\"accelerometer; autoplay; encrypted-media; gyroscope; picture-in-picture\" allowfullscreen><\/iframe><\/p>\n<p><strong><span style=\"color: #800080\">A Pilha Usada<\/span> <\/strong>&#8211; 14\u2019 27\u2019\u2019<br \/>\n<strong>Resumo<\/strong> &#8211; Carlitos \u00e9 um personagem que suja a rua jogando pilhas. Ele acredita n\u00e3o estar fazendo anda de errado, aos poucos, descobre que deve preservar o ambiente.<br \/>\n<strong>Parte T\u00e9cnica<\/strong> &#8211; O v\u00eddeo foi feito em tons de s\u00e9pia parodiando os cl\u00e1ssicos filmes do Chaplin.<br \/>\n<strong>Debate<\/strong> &#8211; Preserva\u00e7\u00e3o; Meio ambiente.<\/p>\n<p><iframe loading=\"lazy\" title=\"A Pilha Usada\" width=\"700\" height=\"394\" src=\"https:\/\/www.youtube.com\/embed\/409W85SiUQA?feature=oembed\" frameborder=\"0\" allow=\"accelerometer; autoplay; encrypted-media; gyroscope; picture-in-picture\" allowfullscreen><\/iframe><\/p>\n<p><strong><span style=\"color: #800080\">Ovo Frito<\/span><\/strong> &#8211; 9\u2019 46\u2019\u2019<br \/>\n<strong>Resumo<\/strong> &#8211; Exemplo do \u00f3leo de cozinha utilizado no preparo do ovo frito explicado por diferentes profissionais sobre o impacto do descarte indevido desse \u00f3leo.<br \/>\n<strong>Parte T\u00e9cnica<\/strong> -Mistura de fic\u00e7\u00e3o com a explica\u00e7\u00e3o de professores.<br \/>\n<strong>Debate<\/strong> &#8211; Conscientiza\u00e7\u00e3o; Meio ambiente; Sustentabilidade.<\/p>\n<p><iframe loading=\"lazy\" title=\"Ovo frito\" width=\"700\" height=\"525\" src=\"https:\/\/www.youtube.com\/embed\/ZoFY-Fz198g?feature=oembed\" frameborder=\"0\" allow=\"accelerometer; autoplay; encrypted-media; gyroscope; picture-in-picture\" allowfullscreen><\/iframe><\/p>\n","protected":false},"excerpt":{"rendered":"<p>Todos por um planeta &#8211; 3&#8217;11&#8221; Resumo &#8211; Como que com pequenas a\u00e7\u00f5es podemos ajudar a preservar a natureza. Debate &#8211; Cuidar da natureza e do meio ambiente. https:\/\/youtu.be\/BgEreaHlllk T\u00eam abelhas na minha escola! &#8211; 11&#8217;39&#8221; Resumo &#8211; V\u00eddeo que fala das abelhas e sua import\u00e2ncia. Debate &#8211; Import\u00e2ncia das abelhas para o meio ambiente.&hellip;<\/p>\n","protected":false},"author":578,"featured_media":0,"parent":89,"menu_order":0,"comment_status":"closed","ping_status":"closed","template":"","meta":{"footnotes":""},"class_list":["post-50","page","type-page","status-publish","hentry"],"jetpack_sharing_enabled":true,"_links":{"self":[{"href":"https:\/\/wp.ufpel.edu.br\/cineclube\/wp-json\/wp\/v2\/pages\/50","targetHints":{"allow":["GET"]}}],"collection":[{"href":"https:\/\/wp.ufpel.edu.br\/cineclube\/wp-json\/wp\/v2\/pages"}],"about":[{"href":"https:\/\/wp.ufpel.edu.br\/cineclube\/wp-json\/wp\/v2\/types\/page"}],"author":[{"embeddable":true,"href":"https:\/\/wp.ufpel.edu.br\/cineclube\/wp-json\/wp\/v2\/users\/578"}],"replies":[{"embeddable":true,"href":"https:\/\/wp.ufpel.edu.br\/cineclube\/wp-json\/wp\/v2\/comments?post=50"}],"version-history":[{"count":8,"href":"https:\/\/wp.ufpel.edu.br\/cineclube\/wp-json\/wp\/v2\/pages\/50\/revisions"}],"predecessor-version":[{"id":380,"href":"https:\/\/wp.ufpel.edu.br\/cineclube\/wp-json\/wp\/v2\/pages\/50\/revisions\/380"}],"up":[{"embeddable":true,"href":"https:\/\/wp.ufpel.edu.br\/cineclube\/wp-json\/wp\/v2\/pages\/89"}],"wp:attachment":[{"href":"https:\/\/wp.ufpel.edu.br\/cineclube\/wp-json\/wp\/v2\/media?parent=50"}],"curies":[{"name":"wp","href":"https:\/\/api.w.org\/{rel}","templated":true}]}}