{"id":470,"date":"2020-11-03T02:49:27","date_gmt":"2020-11-03T05:49:27","guid":{"rendered":"https:\/\/wp.ufpel.edu.br\/cineclube\/?page_id=470"},"modified":"2023-09-04T10:53:56","modified_gmt":"2023-09-04T13:53:56","slug":"curtas-educacionais","status":"publish","type":"page","link":"https:\/\/wp.ufpel.edu.br\/cineclube\/curtas-educacionais\/","title":{"rendered":"V\u00eddeos Educacionais"},"content":{"rendered":"<ul>\n<li><span style=\"color: #3366ff;\"><strong>Para escolher qual v\u00eddeo da playlist quer ver, clique no bot\u00e3o no canto superior direito no v\u00eddeo. <\/strong><\/span><\/li>\n<li><span style=\"color: #3366ff;\"><strong>Abaixo do bot\u00e3o voc\u00ea pode ver em que lugar o v\u00eddeo atual est\u00e1 na ordem da sequencia<\/strong><\/span><\/li>\n<\/ul>\n<h1 id=\"title\" class=\"style-scope ytd-playlist-sidebar-primary-info-renderer\"><span style=\"font-family: helvetica, arial, sans-serif;\"><span style=\"font-size: 12pt; color: #ff6600;\"><a class=\"yt-simple-endpoint style-scope yt-formatted-string\" style=\"color: #ff6600;\" href=\"https:\/\/www.youtube.com\/watch?v=rfuINQQJ2pg&amp;list=PLtJqXbfAJg_PzSKRnZPj1qu8k2QAp2iqq\">E D U C A \u00c7 \u00c3 O<\/a>&#8211;<\/span> <span style=\"font-size: 10pt;\">Erizaldo Cavalcanti Borges Pimentel\u00a0 &#8211; 12 V\u00eddeos<\/span><\/span><\/h1>\n<p><iframe loading=\"lazy\" title=\"E D U C A \u00c7 \u00c3 O\" width=\"700\" height=\"394\" src=\"https:\/\/www.youtube.com\/embed\/videoseries?list=PLtJqXbfAJg_PzSKRnZPj1qu8k2QAp2iqq\" frameborder=\"0\" allow=\"accelerometer; autoplay; clipboard-write; encrypted-media; gyroscope; picture-in-picture; web-share\" allowfullscreen><\/iframe><\/p>\n<p>&nbsp;<\/p>\n<p><iframe loading=\"lazy\" title=\"EDUCA\u00c7\u00c3O X VIOL\u00caNCIA\" width=\"700\" height=\"394\" src=\"https:\/\/www.youtube.com\/embed\/UnBja-aIBfU?feature=oembed\" frameborder=\"0\" allow=\"accelerometer; autoplay; clipboard-write; encrypted-media; gyroscope; picture-in-picture; web-share\" allowfullscreen><\/iframe><\/p>\n","protected":false},"excerpt":{"rendered":"<p>Para escolher qual v\u00eddeo da playlist quer ver, clique no bot\u00e3o no canto superior direito no v\u00eddeo. Abaixo do bot\u00e3o voc\u00ea pode ver em que lugar o v\u00eddeo atual est\u00e1 na ordem da sequencia E D U C A \u00c7 \u00c3 O&#8211; Erizaldo Cavalcanti Borges Pimentel\u00a0 &#8211; 12 V\u00eddeos &nbsp;<\/p>\n","protected":false},"author":578,"featured_media":0,"parent":0,"menu_order":0,"comment_status":"closed","ping_status":"closed","template":"","meta":{"footnotes":""},"class_list":["post-470","page","type-page","status-publish","hentry"],"jetpack_sharing_enabled":true,"_links":{"self":[{"href":"https:\/\/wp.ufpel.edu.br\/cineclube\/wp-json\/wp\/v2\/pages\/470","targetHints":{"allow":["GET"]}}],"collection":[{"href":"https:\/\/wp.ufpel.edu.br\/cineclube\/wp-json\/wp\/v2\/pages"}],"about":[{"href":"https:\/\/wp.ufpel.edu.br\/cineclube\/wp-json\/wp\/v2\/types\/page"}],"author":[{"embeddable":true,"href":"https:\/\/wp.ufpel.edu.br\/cineclube\/wp-json\/wp\/v2\/users\/578"}],"replies":[{"embeddable":true,"href":"https:\/\/wp.ufpel.edu.br\/cineclube\/wp-json\/wp\/v2\/comments?post=470"}],"version-history":[{"count":3,"href":"https:\/\/wp.ufpel.edu.br\/cineclube\/wp-json\/wp\/v2\/pages\/470\/revisions"}],"predecessor-version":[{"id":678,"href":"https:\/\/wp.ufpel.edu.br\/cineclube\/wp-json\/wp\/v2\/pages\/470\/revisions\/678"}],"wp:attachment":[{"href":"https:\/\/wp.ufpel.edu.br\/cineclube\/wp-json\/wp\/v2\/media?parent=470"}],"curies":[{"name":"wp","href":"https:\/\/api.w.org\/{rel}","templated":true}]}}