{"id":47,"date":"2019-08-19T20:43:58","date_gmt":"2019-08-19T23:43:58","guid":{"rendered":"https:\/\/wp.ufpel.edu.br\/cineclube\/?page_id=47"},"modified":"2019-12-05T14:58:14","modified_gmt":"2019-12-05T17:58:14","slug":"infantil","status":"publish","type":"page","link":"https:\/\/wp.ufpel.edu.br\/cineclube\/tematicas\/infantil\/","title":{"rendered":"Infantil"},"content":{"rendered":"<p><strong><span style=\"color: #800080\">No reino do Mate Amargo<\/span><\/strong> &#8211; 4&#8243;03&#8243;<br \/>\n<strong>Resumo<\/strong> &#8211; Crian\u00e7as de perdem no reino do Mate Amargo.<br \/>\n<strong>Debate<\/strong> &#8211; Cuidado para n\u00e3o se perder em lugares estranhos.<\/p>\n<p><iframe loading=\"lazy\" title=\"No Reino do Mate Amargo\" width=\"700\" height=\"394\" src=\"https:\/\/www.youtube.com\/embed\/nMkR8T-4IUI?feature=oembed\" frameborder=\"0\" allow=\"accelerometer; autoplay; encrypted-media; gyroscope; picture-in-picture\" allowfullscreen><\/iframe><\/p>\n<p><strong><span style=\"color: #800080\">Era uma vez<\/span><\/strong> &#8211; 5&#8217;00&#8221;<br \/>\n<strong>Resumo<\/strong> &#8211; Dona Baratinha \u00e9 muito organizada e cuida bem da casa, at\u00e9 que um dia resolve encontrar um pretendente.<br \/>\n<strong>Debate<\/strong> &#8211; Companheirismo.<\/p>\n<p><iframe loading=\"lazy\" title=\"Era uma vez\" width=\"700\" height=\"525\" src=\"https:\/\/www.youtube.com\/embed\/8QjXf2aPA7g?feature=oembed\" frameborder=\"0\" allow=\"accelerometer; autoplay; encrypted-media; gyroscope; picture-in-picture\" allowfullscreen><\/iframe><\/p>\n<p><span style=\"color: #800080\"><strong>A Hist\u00f3ria Verdadeira de Chapeuzinho<\/strong> <strong>Vermelho<\/strong><\/span> &#8211; 7\u2019 42\u2019\u2019<br \/>\n<strong>Resumo<\/strong> &#8211; A hist\u00f3ria cl\u00e1ssica de Chapeuzinho Vermelho recontada numa \u00e9poca moderna.<br \/>\n<strong>Parte T\u00e9cnica<\/strong> &#8211; A narrativa funcionou. A princ\u00edpio nada a declarar.<br \/>\n<strong>Debate<\/strong> &#8211; N\u00e3o confiar em estranhos.<\/p>\n<p><iframe loading=\"lazy\" title=\"A verdadeira hist\u00f3ria da chapeuzinho vermelho\" width=\"700\" height=\"394\" src=\"https:\/\/www.youtube.com\/embed\/cFz2T5OlSBQ?feature=oembed\" frameborder=\"0\" allow=\"accelerometer; autoplay; encrypted-media; gyroscope; picture-in-picture\" allowfullscreen><\/iframe><\/p>\n<p><strong><span style=\"color: #800080\">Giralua<\/span><\/strong> &#8211; 6\u2019 00\u2019\u2019<br \/>\n<strong>Resumo<\/strong> &#8211; O sonho de um girassol que desejava ver a Lua.<br \/>\n<strong>Parte T\u00e9cnica<\/strong> &#8211; Simples, mas que funciona dentro da realidade audiovisual estudantil. Como pode ser feito v\u00eddeo com alunos da educa\u00e7\u00e3o infantil de forma simples.<br \/>\n<strong>Debate<\/strong> &#8211; Sonhos; Imagina\u00e7\u00e3o.<\/p>\n<p><iframe loading=\"lazy\" title=\"GIRALUA - EMEI Girassol\" width=\"700\" height=\"394\" src=\"https:\/\/www.youtube.com\/embed\/j6QuD9CU1so?feature=oembed\" frameborder=\"0\" allow=\"accelerometer; autoplay; encrypted-media; gyroscope; picture-in-picture\" allowfullscreen><\/iframe><\/p>\n<p><strong><span style=\"color: #800080\">Ningu\u00e9m \u00e9 igual a Ningu\u00e9m<\/span><\/strong> &#8211; 5\u2019 31\u2019\u2019<br \/>\n<strong>Resumo<\/strong> &#8211; Clipe que mostra como todos somos iguais.<br \/>\n<strong>Parte T\u00e9cnica<\/strong> &#8211; Simples mas que funciona dentro do espectro educacional.<br \/>\n<strong>Debate<\/strong> &#8211; Somo todos iguais? Por qu\u00ea?<\/p>\n<p><iframe loading=\"lazy\" title=\"Curta Metragem &quot;Ningu\u00e9m \u00e9 Igual a Ningu\u00e9m&quot;\" width=\"700\" height=\"394\" src=\"https:\/\/www.youtube.com\/embed\/cL95t8TiZlc?feature=oembed\" frameborder=\"0\" allow=\"accelerometer; autoplay; encrypted-media; gyroscope; picture-in-picture\" allowfullscreen><\/iframe><\/p>\n<p><strong><span style=\"color: #800080\">No Reino das Borboletas<\/span><\/strong> &#8211; 3\u2019 14\u2019\u2019<br \/>\n<strong>Resumo<\/strong> &#8211; Ap\u00f3s sair do casulo quatro amigas borboletas passeiam pelo reino e ao voar por a\u00ed elas descobrem curiosidades sobre essa nova etapa da vida, provando de novas experi\u00eancias.<br \/>\n<strong>Parte T\u00e9cnica<\/strong> &#8211; O curta \u00e9 simples e funciona dentro da narrativa escolhida. Tem diferen\u00e7a dos planos o que mostra preocupa\u00e7\u00e3o com a decupagem.<br \/>\n<strong>Debate<\/strong> &#8211; Mudan\u00e7as durante o crescimento de uma pessoa.<\/p>\n<p><iframe loading=\"lazy\" title=\"40 - O REINO DAS BORBOLETAS\" width=\"700\" height=\"394\" src=\"https:\/\/www.youtube.com\/embed\/_yBuXRUHEdo?feature=oembed\" frameborder=\"0\" allow=\"accelerometer; autoplay; encrypted-media; gyroscope; picture-in-picture\" allowfullscreen><\/iframe><\/p>\n","protected":false},"excerpt":{"rendered":"<p>No reino do Mate Amargo &#8211; 4&#8243;03&#8243; Resumo &#8211; Crian\u00e7as de perdem no reino do Mate Amargo. Debate &#8211; Cuidado para n\u00e3o se perder em lugares estranhos. Era uma vez &#8211; 5&#8217;00&#8221; Resumo &#8211; Dona Baratinha \u00e9 muito organizada e cuida bem da casa, at\u00e9 que um dia resolve encontrar um pretendente. Debate &#8211; Companheirismo.&hellip;<\/p>\n","protected":false},"author":578,"featured_media":0,"parent":16,"menu_order":0,"comment_status":"closed","ping_status":"closed","template":"","meta":{"footnotes":""},"class_list":["post-47","page","type-page","status-publish","hentry"],"jetpack_sharing_enabled":true,"_links":{"self":[{"href":"https:\/\/wp.ufpel.edu.br\/cineclube\/wp-json\/wp\/v2\/pages\/47","targetHints":{"allow":["GET"]}}],"collection":[{"href":"https:\/\/wp.ufpel.edu.br\/cineclube\/wp-json\/wp\/v2\/pages"}],"about":[{"href":"https:\/\/wp.ufpel.edu.br\/cineclube\/wp-json\/wp\/v2\/types\/page"}],"author":[{"embeddable":true,"href":"https:\/\/wp.ufpel.edu.br\/cineclube\/wp-json\/wp\/v2\/users\/578"}],"replies":[{"embeddable":true,"href":"https:\/\/wp.ufpel.edu.br\/cineclube\/wp-json\/wp\/v2\/comments?post=47"}],"version-history":[{"count":6,"href":"https:\/\/wp.ufpel.edu.br\/cineclube\/wp-json\/wp\/v2\/pages\/47\/revisions"}],"predecessor-version":[{"id":111,"href":"https:\/\/wp.ufpel.edu.br\/cineclube\/wp-json\/wp\/v2\/pages\/47\/revisions\/111"}],"up":[{"embeddable":true,"href":"https:\/\/wp.ufpel.edu.br\/cineclube\/wp-json\/wp\/v2\/pages\/16"}],"wp:attachment":[{"href":"https:\/\/wp.ufpel.edu.br\/cineclube\/wp-json\/wp\/v2\/media?parent=47"}],"curies":[{"name":"wp","href":"https:\/\/api.w.org\/{rel}","templated":true}]}}