{"id":41,"date":"2019-08-19T20:42:55","date_gmt":"2019-08-19T23:42:55","guid":{"rendered":"https:\/\/wp.ufpel.edu.br\/cineclube\/?page_id=41"},"modified":"2020-11-03T02:45:39","modified_gmt":"2020-11-03T05:45:39","slug":"etica","status":"publish","type":"page","link":"https:\/\/wp.ufpel.edu.br\/cineclube\/tematicas\/etica\/","title":{"rendered":"\u00c9tica"},"content":{"rendered":"<p><strong><span style=\"color: #800080\">A Amea\u00e7a<\/span><\/strong> &#8211; 10\u2019 57\u2019\u2019<br \/>\n<strong>Resumo <\/strong>&#8211; Garota tem seu caderninho de segredos roubado e busca encontr\u00e1-lo.<br \/>\n<strong>Debate<\/strong> &#8211; Invas\u00e3o de privacidade, amor imposs\u00edvel.<\/p>\n<p><iframe loading=\"lazy\" title=\"A Amea\u00e7a - Curta Estudantil\" width=\"700\" height=\"394\" src=\"https:\/\/www.youtube.com\/embed\/LZLOhfQIRDY?feature=oembed\" frameborder=\"0\" allow=\"accelerometer; autoplay; clipboard-write; encrypted-media; gyroscope; picture-in-picture\" allowfullscreen><\/iframe><\/p>\n<p><strong><span style=\"color: #800080\">O \u00daltimo Passo<\/span><\/strong> &#8211; 11\u2019 38\u2019\u2019<br \/>\n<strong>Resumo <\/strong>&#8211; Garota vive um amor imposs\u00edvel devido ao autoritarismo do seu pai.<br \/>\n<strong>Debate<\/strong> &#8211; Amor imposs\u00edvel; Fam\u00edlia.<\/p>\n<p><iframe loading=\"lazy\" title=\"Curta Estudantil - O \u00daltimo passo\" width=\"700\" height=\"394\" src=\"https:\/\/www.youtube.com\/embed\/iuhVxUmfMFs?feature=oembed\" frameborder=\"0\" allow=\"accelerometer; autoplay; clipboard-write; encrypted-media; gyroscope; picture-in-picture\" allowfullscreen><\/iframe><\/p>\n<p>&nbsp;<\/p>\n<p><strong><span style=\"color: #800080\">Ningu\u00e9m Viu<\/span><\/strong> &#8211; 3\u2019 59\u2019\u2019<br \/>\n<strong>Resumo <\/strong>&#8211; Alunos roubam coisas uns dos outros. Canetas, dinheiro, lanches e reclamam da corrup\u00e7\u00e3o no Brasil.<br \/>\n<strong>Parte T\u00e9cnica<\/strong> &#8211; A narrativa funcionou. A principio nada a declarar.<br \/>\n<strong>Debate<\/strong> &#8211; Corrup\u00e7\u00e3o; Hipocrisia.<\/p>\n<p><iframe loading=\"lazy\" title=\"Ningu\u00e9m viu. (curta-metragem)\" width=\"700\" height=\"394\" src=\"https:\/\/www.youtube.com\/embed\/rajL318eWfE?feature=oembed\" frameborder=\"0\" allow=\"accelerometer; autoplay; clipboard-write; encrypted-media; gyroscope; picture-in-picture\" allowfullscreen><\/iframe><\/p>\n<p><strong><span style=\"color: #800080\">Eu Sozinha<\/span> <\/strong>&#8211; 7\u2019 01\u2019<br \/>\n<strong>Resumo<\/strong> -Um garoto diz que gosta de uma garota apenas para conseguir fotos dela e mostrar para os colegas.<br \/>\n<strong>Parte T\u00e9cnica<\/strong> -A narrativa funcionou. A principio nada a declarar.<br \/>\n<strong>Debate<\/strong> &#8211; Confian\u00e7a; Respeito<\/p>\n<p><iframe loading=\"lazy\" title=\"Eu sozinha  -  Festival estudantil de curta metragens - II CURTABEL\" width=\"700\" height=\"394\" src=\"https:\/\/www.youtube.com\/embed\/5V8tEwHIFo8?feature=oembed\" frameborder=\"0\" allow=\"accelerometer; autoplay; encrypted-media; gyroscope; picture-in-picture\" allowfullscreen><\/iframe><\/p>\n<p><strong><span style=\"color: #800080\">Por Que \u00e9 Sempre Assim<\/span><\/strong> &#8211; 6\u2019 51\u2019\u2019<br \/>\n<strong>Resumo <\/strong>&#8211; Menina \u00e9 proibida de namorar, mas mostra a m\u00e3e que o namoro \u00e9 s\u00e9rio e isso n\u00e3o vai prejudic\u00e1-la nos estudos.<br \/>\n<strong>Parte T\u00e9cnica<\/strong> &#8211; Como em muitos v\u00eddeos estudantis o \u00e1udio ainda \u00e9 um problema. A ideia de usar os alunos como pai e m\u00e3e \u00e9 muito utilizado, nos a princ\u00edpio n\u00e3o recomendamos pois para quem vai assistir sempre fica estranho.<br \/>\n<strong>Debate<\/strong> &#8211; Namoro; Estudos.<\/p>\n<p><iframe loading=\"lazy\" title=\"48 - POR QUE \u00c9 SEMPRE ASSIM?\" width=\"700\" height=\"394\" src=\"https:\/\/www.youtube.com\/embed\/8glZNEiivpU?feature=oembed\" frameborder=\"0\" allow=\"accelerometer; autoplay; clipboard-write; encrypted-media; gyroscope; picture-in-picture\" allowfullscreen><\/iframe><\/p>\n<p><strong><span style=\"color: #800080\">Vida de Um Skatista <\/span><\/strong>&#8211; 4\u2019 09\u2019\u2019<br \/>\n<strong>Resumo <\/strong>&#8211; Um skatista apresenta os preconceitos que vive no seu dia a dia.<br \/>\n<strong>Parte T\u00e9cnica<\/strong> -Narrativa simples e funcional. A narra\u00e7\u00e3o ajuda no entendimento do v\u00eddeo.<br \/>\n<strong>Debate<\/strong> &#8211; Preconceito; Esporte.<\/p>\n<p><iframe loading=\"lazy\" title=\"60 - VIDA DE UM SKATISTA\" width=\"700\" height=\"394\" src=\"https:\/\/www.youtube.com\/embed\/vdxgs8YmHQw?feature=oembed\" frameborder=\"0\" allow=\"accelerometer; autoplay; clipboard-write; encrypted-media; gyroscope; picture-in-picture\" allowfullscreen><\/iframe><\/p>\n<p><strong><span style=\"color: #800080\">Venha Ver o Por do Sol<\/span><\/strong> &#8211; 12\u2019 04\u2019\u2019<br \/>\n<strong>Resumo<\/strong> &#8211; Menino rico que perde tudo, mas n\u00e3o deseja perder o seu grande amor.<br \/>\n<strong>Parte T\u00e9cnica<\/strong> -V\u00eddeo apresenta m\u00fasica comercial e imagens a\u00e9reas de outras pessoas, mas creditadas no v\u00eddeo. Sugerimos que n\u00e3o utilizem m\u00fasica comercial e nem imagens de outros sites sem permiss\u00e3o. O v\u00eddeo tem uma narrativa simples, mas os atores n\u00e3o est\u00e3o bem ensaiados e em alguns momentos a atua\u00e7\u00e3o parece fake.<br \/>\n<strong>Debate<\/strong> &#8211; Perdas; Mulher na sociedade; Rela\u00e7\u00f5es; Futilidades.<\/p>\n<p><iframe loading=\"lazy\" title=\"Venha ver o P\u00f4r do sol\" width=\"700\" height=\"394\" src=\"https:\/\/www.youtube.com\/embed\/Zr7x0LXQb6w?feature=oembed\" frameborder=\"0\" allow=\"accelerometer; autoplay; clipboard-write; encrypted-media; gyroscope; picture-in-picture\" allowfullscreen><\/iframe><\/p>\n<p><strong><span style=\"color: #800080\">Ta Envolvido<\/span><\/strong> &#8211; 2\u2019 56\u2019\u2019<br \/>\n<strong>Resumo <\/strong>&#8211; Dois meninos lutam pelo amor de uma menina, mas no final descobrem que lutaram a toa.<br \/>\n<strong>Parte T\u00e9cnica<\/strong> &#8211; Boa fotografia (imagens bem selecionadas) e utilizaram o som como elemento narrativo o que ajuda na compreens\u00e3o do v\u00eddeo.<br \/>\n<strong>Debate<\/strong> &#8211; Brigas; Disputa amorosa.<\/p>\n<p><iframe loading=\"lazy\" title=\"T\u00e1 Envolvido\" width=\"700\" height=\"394\" src=\"https:\/\/www.youtube.com\/embed\/5L2HsR25ewg?feature=oembed\" frameborder=\"0\" allow=\"accelerometer; autoplay; clipboard-write; encrypted-media; gyroscope; picture-in-picture\" allowfullscreen><\/iframe><\/p>\n<p><strong><span style=\"color: #800080\">Todo Amor \u00e9 V\u00e1lido <\/span><\/strong>&#8211; 5\u2019 10\u2019\u2019<br \/>\n<strong>Resumo<\/strong> &#8211; O clipe debate a homofobia dentro da nossa sociedade.<br \/>\n<strong>Parte T\u00e9cnica<\/strong> -O clip apresenta uma boa narrativa dentro do aspecto educacional com v\u00e1rios planos e imagens da cidade e de fundo a hist\u00f3ria entre as duas meninas.<br \/>\n<strong>Debate<\/strong> &#8211; Homofobia; Pol\u00edtica.<\/p>\n<p>&nbsp;<\/p>\n<p><strong><span style=\"color: #800080\">O Diabo N\u00e3o tem Preconceito<\/span><\/strong> &#8211; 2\u2019 06\u2019\u2019<br \/>\n<strong>Resumo<\/strong> &#8211; Pessoas v\u00e3o ao purgat\u00f3rio e o diabo decide quem deve ir para o inferno.<br \/>\n<strong>Parte T\u00e9cnica<\/strong> &#8211; Em partes importantes com falas cuidar o volume da m\u00fasica e a ilumina\u00e7\u00e3o do que est\u00e1 sendo gravado.<br \/>\n<strong>Debate<\/strong> &#8211; Religi\u00e3o; Escolhas.<\/p>\n<p><iframe loading=\"lazy\" title=\"V Festival de Cinema - EE Godofredo Furtado -O  diabo n\u00e3o tem preconceito\" width=\"700\" height=\"394\" src=\"https:\/\/www.youtube.com\/embed\/c2pYSkHSWI0?feature=oembed\" frameborder=\"0\" allow=\"accelerometer; autoplay; clipboard-write; encrypted-media; gyroscope; picture-in-picture\" allowfullscreen><\/iframe><\/p>\n<p><strong><span style=\"color: #800080\">Novo Mandato<\/span><\/strong> 2\u2019 23\u2019\u2019<br \/>\n<span style=\"color: #000000\"><strong>Resumo<\/strong><\/span> &#8211; Jornal explicando quest\u00f5es pol\u00edticas.<br \/>\n<strong>Parte T\u00e9cnica<\/strong> -Narrativa funcional. A princ\u00edpio nada a declarar.<br \/>\n<strong>Debate<\/strong> &#8211; Opini\u00f5es; Pol\u00edtica.<\/p>\n<p><iframe loading=\"lazy\" title=\"Novo mandato - Festival estudantil de curta metragens - II CURTABEL\" width=\"700\" height=\"394\" src=\"https:\/\/www.youtube.com\/embed\/UQhdkr-aNeU?feature=oembed\" frameborder=\"0\" allow=\"accelerometer; autoplay; encrypted-media; gyroscope; picture-in-picture\" allowfullscreen><\/iframe><\/p>\n","protected":false},"excerpt":{"rendered":"<p>A Amea\u00e7a &#8211; 10\u2019 57\u2019\u2019 Resumo &#8211; Garota tem seu caderninho de segredos roubado e busca encontr\u00e1-lo. Debate &#8211; Invas\u00e3o de privacidade, amor imposs\u00edvel. O \u00daltimo Passo &#8211; 11\u2019 38\u2019\u2019 Resumo &#8211; Garota vive um amor imposs\u00edvel devido ao autoritarismo do seu pai. Debate &#8211; Amor imposs\u00edvel; Fam\u00edlia. &nbsp; Ningu\u00e9m Viu &#8211; 3\u2019 59\u2019\u2019 Resumo&hellip;<\/p>\n","protected":false},"author":578,"featured_media":0,"parent":16,"menu_order":0,"comment_status":"closed","ping_status":"closed","template":"","meta":{"footnotes":""},"class_list":["post-41","page","type-page","status-publish","hentry"],"jetpack_sharing_enabled":true,"_links":{"self":[{"href":"https:\/\/wp.ufpel.edu.br\/cineclube\/wp-json\/wp\/v2\/pages\/41","targetHints":{"allow":["GET"]}}],"collection":[{"href":"https:\/\/wp.ufpel.edu.br\/cineclube\/wp-json\/wp\/v2\/pages"}],"about":[{"href":"https:\/\/wp.ufpel.edu.br\/cineclube\/wp-json\/wp\/v2\/types\/page"}],"author":[{"embeddable":true,"href":"https:\/\/wp.ufpel.edu.br\/cineclube\/wp-json\/wp\/v2\/users\/578"}],"replies":[{"embeddable":true,"href":"https:\/\/wp.ufpel.edu.br\/cineclube\/wp-json\/wp\/v2\/comments?post=41"}],"version-history":[{"count":6,"href":"https:\/\/wp.ufpel.edu.br\/cineclube\/wp-json\/wp\/v2\/pages\/41\/revisions"}],"predecessor-version":[{"id":469,"href":"https:\/\/wp.ufpel.edu.br\/cineclube\/wp-json\/wp\/v2\/pages\/41\/revisions\/469"}],"up":[{"embeddable":true,"href":"https:\/\/wp.ufpel.edu.br\/cineclube\/wp-json\/wp\/v2\/pages\/16"}],"wp:attachment":[{"href":"https:\/\/wp.ufpel.edu.br\/cineclube\/wp-json\/wp\/v2\/media?parent=41"}],"curies":[{"name":"wp","href":"https:\/\/api.w.org\/{rel}","templated":true}]}}