{"id":38,"date":"2019-08-19T20:42:42","date_gmt":"2019-08-19T23:42:42","guid":{"rendered":"https:\/\/wp.ufpel.edu.br\/cineclube\/?page_id=38"},"modified":"2021-10-13T07:29:02","modified_gmt":"2021-10-13T10:29:02","slug":"drogas","status":"publish","type":"page","link":"https:\/\/wp.ufpel.edu.br\/cineclube\/tematicas\/drogas\/","title":{"rendered":"Drogas"},"content":{"rendered":"<p>Curta metragem Encanto apresenta os desafios da Amaz\u00f4nia amea\u00e7ada.<\/p>\n<p><iframe loading=\"lazy\" title=\"Encanto\" width=\"700\" height=\"394\" src=\"https:\/\/www.youtube.com\/embed\/AI-__v3huO4?feature=oembed\" frameborder=\"0\" allow=\"accelerometer; autoplay; clipboard-write; encrypted-media; gyroscope; picture-in-picture\" allowfullscreen><\/iframe><\/p>\n<p>&nbsp;<\/p>\n<p><strong>Entre Dois caminhos\u00a0 &#8211; 4:37<\/strong><\/p>\n<p><strong>Resumo<\/strong> : Curta Estudantil Orientado pelo Professor Marlon Nunes.<br \/>\nFala sobre o que as drogas podem fazer em uma fam\u00edlia.<\/p>\n<p><iframe loading=\"lazy\" title=\"Curta Estudantil Entre dois caminhos\" width=\"700\" height=\"394\" src=\"https:\/\/www.youtube.com\/embed\/KCV_gU6Q5FI?feature=oembed\" frameborder=\"0\" allow=\"accelerometer; autoplay; clipboard-write; encrypted-media; gyroscope; picture-in-picture\" allowfullscreen><\/iframe><\/p>\n<p>&nbsp;<\/p>\n<p><strong><span style=\"color: #800080\">A Vida com Drogas<\/span><\/strong> &#8211; 3\u2019 08\u2019\u2019<br \/>\n<strong>Resumo <\/strong>&#8211; Relato sobre drogas e seus efeitos.<br \/>\n<strong>Parte T\u00e9cnica<\/strong> &#8211; O v\u00eddeo mostra imagens reais das consequ\u00eancias das drogas no corpo humano.<br \/>\n<strong>Debate<\/strong> &#8211; Drogas; Escolhas e Consequ\u00eancias; Malef\u00edcios das drogas.<\/p>\n<p><iframe loading=\"lazy\" title=\"A VIDA COM DROGAS\" width=\"700\" height=\"525\" src=\"https:\/\/www.youtube.com\/embed\/gGbb6AhiesY?feature=oembed\" frameborder=\"0\" allow=\"accelerometer; autoplay; clipboard-write; encrypted-media; gyroscope; picture-in-picture\" allowfullscreen><\/iframe><\/p>\n<p><strong><span style=\"color: #800080\">A Juventude nas Drogas<\/span><\/strong> &#8211; 5\u2019 14\u2019<br \/>\n<strong>Resumo<\/strong>&#8211; Relato sobre drogas e seus efeitos.<br \/>\n<strong>Parte T\u00e9cnica<\/strong> &#8211; O v\u00eddeo tem cenas em preto e branco para dar \u00eanfase dram\u00e1tico que est\u00e1 sendo narrado.<br \/>\n<strong>Debate<\/strong> &#8211; Drogas; Escolhas e Consequ\u00eancias; Malef\u00edcios das drogas.<\/p>\n<p><iframe loading=\"lazy\" title=\"A JUVENTUDE NAS DROGAS\" width=\"700\" height=\"394\" src=\"https:\/\/www.youtube.com\/embed\/-B_mtucjUWM?feature=oembed\" frameborder=\"0\" allow=\"accelerometer; autoplay; clipboard-write; encrypted-media; gyroscope; picture-in-picture\" allowfullscreen><\/iframe><\/p>\n","protected":false},"excerpt":{"rendered":"<p>Curta metragem Encanto apresenta os desafios da Amaz\u00f4nia amea\u00e7ada. &nbsp; Entre Dois caminhos\u00a0 &#8211; 4:37 Resumo : Curta Estudantil Orientado pelo Professor Marlon Nunes. Fala sobre o que as drogas podem fazer em uma fam\u00edlia. &nbsp; A Vida com Drogas &#8211; 3\u2019 08\u2019\u2019 Resumo &#8211; Relato sobre drogas e seus efeitos. Parte T\u00e9cnica &#8211; O&hellip;<\/p>\n","protected":false},"author":578,"featured_media":0,"parent":16,"menu_order":0,"comment_status":"closed","ping_status":"closed","template":"","meta":{"footnotes":""},"class_list":["post-38","page","type-page","status-publish","hentry"],"jetpack_sharing_enabled":true,"_links":{"self":[{"href":"https:\/\/wp.ufpel.edu.br\/cineclube\/wp-json\/wp\/v2\/pages\/38","targetHints":{"allow":["GET"]}}],"collection":[{"href":"https:\/\/wp.ufpel.edu.br\/cineclube\/wp-json\/wp\/v2\/pages"}],"about":[{"href":"https:\/\/wp.ufpel.edu.br\/cineclube\/wp-json\/wp\/v2\/types\/page"}],"author":[{"embeddable":true,"href":"https:\/\/wp.ufpel.edu.br\/cineclube\/wp-json\/wp\/v2\/users\/578"}],"replies":[{"embeddable":true,"href":"https:\/\/wp.ufpel.edu.br\/cineclube\/wp-json\/wp\/v2\/comments?post=38"}],"version-history":[{"count":8,"href":"https:\/\/wp.ufpel.edu.br\/cineclube\/wp-json\/wp\/v2\/pages\/38\/revisions"}],"predecessor-version":[{"id":553,"href":"https:\/\/wp.ufpel.edu.br\/cineclube\/wp-json\/wp\/v2\/pages\/38\/revisions\/553"}],"up":[{"embeddable":true,"href":"https:\/\/wp.ufpel.edu.br\/cineclube\/wp-json\/wp\/v2\/pages\/16"}],"wp:attachment":[{"href":"https:\/\/wp.ufpel.edu.br\/cineclube\/wp-json\/wp\/v2\/media?parent=38"}],"curies":[{"name":"wp","href":"https:\/\/api.w.org\/{rel}","templated":true}]}}