{"id":35,"date":"2019-08-19T20:42:19","date_gmt":"2019-08-19T23:42:19","guid":{"rendered":"https:\/\/wp.ufpel.edu.br\/cineclube\/?page_id=35"},"modified":"2023-09-04T10:55:17","modified_gmt":"2023-09-04T13:55:17","slug":"curtas-de-matematica","status":"publish","type":"page","link":"https:\/\/wp.ufpel.edu.br\/cineclube\/tematicas\/curtas-de-matematica\/","title":{"rendered":"V\u00eddeos de Matem\u00e1tica"},"content":{"rendered":"<p>&nbsp;<\/p>\n<p>&nbsp;<\/p>\n<p><iframe loading=\"lazy\" title=\"Linha Matem\u00e1tica Direta: A Matem\u00e1tica da Fome\" width=\"700\" height=\"394\" src=\"https:\/\/www.youtube.com\/embed\/IzPqd4iVxlw?feature=oembed\" frameborder=\"0\" allow=\"accelerometer; autoplay; clipboard-write; encrypted-media; gyroscope; picture-in-picture; web-share\" allowfullscreen><\/iframe><\/p>\n<p><iframe loading=\"lazy\" title=\"O valor do R$ 0,01\" width=\"700\" height=\"394\" src=\"https:\/\/www.youtube.com\/embed\/m21BhvjFGyA?feature=oembed\" frameborder=\"0\" allow=\"accelerometer; autoplay; clipboard-write; encrypted-media; gyroscope; picture-in-picture; web-share\" allowfullscreen><\/iframe><\/p>\n<p>&nbsp;<\/p>\n<p>&nbsp;<\/p>\n<p><iframe loading=\"lazy\" title=\"Linha Matem\u00e1tica Direta: A Matem\u00e1tica da Fome\" width=\"700\" height=\"394\" src=\"https:\/\/www.youtube.com\/embed\/IzPqd4iVxlw?feature=oembed\" frameborder=\"0\" allow=\"accelerometer; autoplay; clipboard-write; encrypted-media; gyroscope; picture-in-picture; web-share\" allowfullscreen><\/iframe><\/p>\n<p>&nbsp;<\/p>\n<p><iframe loading=\"lazy\" title=\"MathNews\" width=\"700\" height=\"525\" src=\"https:\/\/www.youtube.com\/embed\/2B1RxKgb66c?feature=oembed\" frameborder=\"0\" allow=\"accelerometer; autoplay; clipboard-write; encrypted-media; gyroscope; picture-in-picture; web-share\" allowfullscreen><\/iframe><\/p>\n<p><span style=\"color: #800080;\"><strong>Boa tarde UBR<\/strong><\/span> &#8211; 2&#8217;57&#8221;<br \/>\n<strong>Resumo<\/strong> &#8211; A<span style=\"font-weight: 400;\">presentadoras de um telejornal debatem sobre quest\u00f5es financeiras e matem\u00e1ticas no dia a dia.<br \/>\n<\/span><strong>Debate<\/strong> &#8211;\u00a0 Investimento; valor da moeda.<\/p>\n<p><iframe loading=\"lazy\" title=\"V\u00eddeo Estudantil Premiado: Boa Tarde UBR\" width=\"700\" height=\"394\" src=\"https:\/\/www.youtube.com\/embed\/2CdtbfFkWDE?feature=oembed\" frameborder=\"0\" allow=\"accelerometer; autoplay; clipboard-write; encrypted-media; gyroscope; picture-in-picture; web-share\" allowfullscreen><\/iframe><\/p>\n<p><span style=\"color: #800080;\"><strong>O Desperd\u00edcio de \u00c1gua na Modelagem<\/strong> <strong>Matem\u00e1tica<\/strong><\/span> &#8211; 5\u2019 29\u2019\u2019<br \/>\n<strong>Resumo <\/strong>&#8211; Alunos analisam sua realidade e prop\u00f5em uma forma de minimizar o desperd\u00edcio de \u00e1gua<br \/>\n<strong>Parte T\u00e9cnica<\/strong> &#8211; Alunos explicam suas propostas e como fizeram para chegar a esse resultado<br \/>\n<strong>Debate<\/strong> &#8211; Desperd\u00edcio; Meio ambiente; Sustentabilidade.<\/p>\n<p><iframe loading=\"lazy\" title=\"126 - Ensino Fundamental II - O desperd\u00edcio de \u00e1gua na modelagem matem\u00e1tica.\" width=\"700\" height=\"394\" src=\"https:\/\/www.youtube.com\/embed\/dx-3KadbfS4?feature=oembed\" frameborder=\"0\" allow=\"accelerometer; autoplay; clipboard-write; encrypted-media; gyroscope; picture-in-picture; web-share\" allowfullscreen><\/iframe><\/p>\n<p><strong><span style=\"color: #800080;\">O Sumi\u00e7o da Calculadora<\/span><\/strong> &#8211; 5\u2019 04\u2019\u2019<br \/>\n<strong>Resumo<\/strong> &#8211; Uma calculadora some e \u00e9 necess\u00e1rio conhecimento para fazer as contas de cabe\u00e7a<br \/>\n<strong>Parte T\u00e9cnica<\/strong> &#8211; A narrativa funcionou. A princ\u00edpio nada a declarar<br \/>\n<strong>Debate<\/strong> &#8211; Matem\u00e1tica no dia a dia.<\/p>\n<p><iframe loading=\"lazy\" title=\"Educa\u00e7\u00e3o B\u00e1sica - O sumi\u00e7o da calculadora\" width=\"700\" height=\"394\" src=\"https:\/\/www.youtube.com\/embed\/Mlyc070SFgI?feature=oembed\" frameborder=\"0\" allow=\"accelerometer; autoplay; clipboard-write; encrypted-media; gyroscope; picture-in-picture; web-share\" allowfullscreen><\/iframe><\/p>\n<p><strong><span style=\"color: #800080;\">Geometria na Escola<\/span><\/strong> &#8211; 2\u2019 28\u2019\u2019<br \/>\n<strong>Resumo <\/strong>&#8211; Alunos encontram \u00e2ngulos em diversas partes da escola.<br \/>\n<strong>Parte T\u00e9cnica<\/strong> &#8211; V\u00eddeos com intercalados com fotos e narra\u00e7\u00e3o. M\u00fasica de fundo = cuidar com os direitos autorais<br \/>\n<strong>Debate<\/strong> &#8211; Matem\u00e1tica no dia a dia.<\/p>\n<p><iframe loading=\"lazy\" title=\"Geometria na escola???\" width=\"700\" height=\"394\" src=\"https:\/\/www.youtube.com\/embed\/XB4U8kenyX8?feature=oembed\" frameborder=\"0\" allow=\"accelerometer; autoplay; clipboard-write; encrypted-media; gyroscope; picture-in-picture; web-share\" allowfullscreen><\/iframe><\/p>\n<p><strong><span style=\"color: #800080;\">Construindo um Sonho<\/span><\/strong> &#8211; 3\u2019 32\u2019\u2019<br \/>\n<strong>Resumo <\/strong>&#8211; Um garoto tenta seguir seu sonho com a ajuda de uma amiga e muitos c\u00e1lculos matem\u00e1ticos.<br \/>\n<strong>Parte T\u00e9cnica<\/strong> &#8211; Por se tratar de um v\u00eddeo did\u00e1tico este apresenta textos e n\u00fameros para exemplificar o que est\u00e1 dito na tela para facilitar o espectador.<br \/>\n<strong>Debate<\/strong> &#8211; Sonhos; Dificuldades.<\/p>\n<p><iframe loading=\"lazy\" title=\"Construindo um sonho\" width=\"700\" height=\"394\" src=\"https:\/\/www.youtube.com\/embed\/WlkSQMtJQjM?feature=oembed\" frameborder=\"0\" allow=\"accelerometer; autoplay; clipboard-write; encrypted-media; gyroscope; picture-in-picture; web-share\" allowfullscreen><\/iframe><\/p>\n","protected":false},"excerpt":{"rendered":"<p>&nbsp; &nbsp; &nbsp; &nbsp; &nbsp; Boa tarde UBR &#8211; 2&#8217;57&#8221; Resumo &#8211; Apresentadoras de um telejornal debatem sobre quest\u00f5es financeiras e matem\u00e1ticas no dia a dia. Debate &#8211;\u00a0 Investimento; valor da moeda. O Desperd\u00edcio de \u00c1gua na Modelagem Matem\u00e1tica &#8211; 5\u2019 29\u2019\u2019 Resumo &#8211; Alunos analisam sua realidade e prop\u00f5em uma forma de minimizar o&hellip;<\/p>\n","protected":false},"author":578,"featured_media":0,"parent":16,"menu_order":0,"comment_status":"closed","ping_status":"closed","template":"","meta":{"footnotes":""},"class_list":["post-35","page","type-page","status-publish","hentry"],"jetpack_sharing_enabled":true,"_links":{"self":[{"href":"https:\/\/wp.ufpel.edu.br\/cineclube\/wp-json\/wp\/v2\/pages\/35","targetHints":{"allow":["GET"]}}],"collection":[{"href":"https:\/\/wp.ufpel.edu.br\/cineclube\/wp-json\/wp\/v2\/pages"}],"about":[{"href":"https:\/\/wp.ufpel.edu.br\/cineclube\/wp-json\/wp\/v2\/types\/page"}],"author":[{"embeddable":true,"href":"https:\/\/wp.ufpel.edu.br\/cineclube\/wp-json\/wp\/v2\/users\/578"}],"replies":[{"embeddable":true,"href":"https:\/\/wp.ufpel.edu.br\/cineclube\/wp-json\/wp\/v2\/comments?post=35"}],"version-history":[{"count":9,"href":"https:\/\/wp.ufpel.edu.br\/cineclube\/wp-json\/wp\/v2\/pages\/35\/revisions"}],"predecessor-version":[{"id":680,"href":"https:\/\/wp.ufpel.edu.br\/cineclube\/wp-json\/wp\/v2\/pages\/35\/revisions\/680"}],"up":[{"embeddable":true,"href":"https:\/\/wp.ufpel.edu.br\/cineclube\/wp-json\/wp\/v2\/pages\/16"}],"wp:attachment":[{"href":"https:\/\/wp.ufpel.edu.br\/cineclube\/wp-json\/wp\/v2\/media?parent=35"}],"curies":[{"name":"wp","href":"https:\/\/api.w.org\/{rel}","templated":true}]}}