{"id":32,"date":"2019-08-19T20:42:00","date_gmt":"2019-08-19T23:42:00","guid":{"rendered":"https:\/\/wp.ufpel.edu.br\/cineclube\/?page_id=32"},"modified":"2023-09-04T10:56:06","modified_gmt":"2023-09-04T13:56:06","slug":"curtas-em-ingles","status":"publish","type":"page","link":"https:\/\/wp.ufpel.edu.br\/cineclube\/tematicas\/curtas-em-ingles\/","title":{"rendered":"V\u00eddeos em Ingl\u00eas"},"content":{"rendered":"<p><strong><span style=\"color: #800080;\">Blood and Wine<\/span><\/strong> &#8211; 2\u2019 13\u2019\u2019<br \/>\n<strong>Resumo <\/strong>&#8211; Homem narra alguns fatos enquanto vamos descobrindo algumas informa\u00e7\u00f5es sobre o mundo de fora.<br \/>\n<strong>Parte T\u00e9cnica<\/strong> &#8211; Curta feito em preto e branco para priorizar a dramatiza\u00e7\u00e3o, gravado em ingl\u00eas, com legenda para entendimento geral.<br \/>\n<strong>Debate<\/strong> &#8211; Suic\u00eddio <strong><span style=\"color: #ff0000;\">(V\u00e1lido lembrar o cuidado necess\u00e1rio para tratar desse tema com os alunos).<\/span><\/strong><\/p>\n<p><iframe loading=\"lazy\" title=\"blood and wine\" width=\"700\" height=\"525\" src=\"https:\/\/www.youtube.com\/embed\/QkeGL8MUHew?feature=oembed\" frameborder=\"0\" allow=\"accelerometer; autoplay; clipboard-write; encrypted-media; gyroscope; picture-in-picture; web-share\" allowfullscreen><\/iframe><\/p>\n<p><strong><span style=\"color: #800080;\">Summer: a trag\u00e9dia<\/span><\/strong> &#8211; 2\u2019 44\u2019\u2019<br \/>\n<strong>Resumo &#8211;<\/strong>\u00a0Uma gata cai da janela de um apartamento e os animais de pel\u00facia que testemunharam o ocorrido contam essa hist\u00f3ria.<br \/>\n<strong>Parte T\u00e9cnica<\/strong> &#8211; O v\u00eddeo foi feito com bichos de pel\u00facia. Neste caso foi uma boa solu\u00e7\u00e3o para os participantes que n\u00e3o quiseram aparecer. Por\u00e9m, tomar cuidado pois nem sempre pode contribuir com a narrativa.<br \/>\n<strong>Debate<\/strong> &#8211; Alternativas para criar v\u00eddeos em ingl\u00eas.<\/p>\n","protected":false},"excerpt":{"rendered":"<p>Blood and Wine &#8211; 2\u2019 13\u2019\u2019 Resumo &#8211; Homem narra alguns fatos enquanto vamos descobrindo algumas informa\u00e7\u00f5es sobre o mundo de fora. Parte T\u00e9cnica &#8211; Curta feito em preto e branco para priorizar a dramatiza\u00e7\u00e3o, gravado em ingl\u00eas, com legenda para entendimento geral. Debate &#8211; Suic\u00eddio (V\u00e1lido lembrar o cuidado necess\u00e1rio para tratar desse tema&hellip;<\/p>\n","protected":false},"author":578,"featured_media":0,"parent":16,"menu_order":0,"comment_status":"closed","ping_status":"closed","template":"","meta":{"footnotes":""},"class_list":["post-32","page","type-page","status-publish","hentry"],"jetpack_sharing_enabled":true,"_links":{"self":[{"href":"https:\/\/wp.ufpel.edu.br\/cineclube\/wp-json\/wp\/v2\/pages\/32","targetHints":{"allow":["GET"]}}],"collection":[{"href":"https:\/\/wp.ufpel.edu.br\/cineclube\/wp-json\/wp\/v2\/pages"}],"about":[{"href":"https:\/\/wp.ufpel.edu.br\/cineclube\/wp-json\/wp\/v2\/types\/page"}],"author":[{"embeddable":true,"href":"https:\/\/wp.ufpel.edu.br\/cineclube\/wp-json\/wp\/v2\/users\/578"}],"replies":[{"embeddable":true,"href":"https:\/\/wp.ufpel.edu.br\/cineclube\/wp-json\/wp\/v2\/comments?post=32"}],"version-history":[{"count":5,"href":"https:\/\/wp.ufpel.edu.br\/cineclube\/wp-json\/wp\/v2\/pages\/32\/revisions"}],"predecessor-version":[{"id":681,"href":"https:\/\/wp.ufpel.edu.br\/cineclube\/wp-json\/wp\/v2\/pages\/32\/revisions\/681"}],"up":[{"embeddable":true,"href":"https:\/\/wp.ufpel.edu.br\/cineclube\/wp-json\/wp\/v2\/pages\/16"}],"wp:attachment":[{"href":"https:\/\/wp.ufpel.edu.br\/cineclube\/wp-json\/wp\/v2\/media?parent=32"}],"curies":[{"name":"wp","href":"https:\/\/api.w.org\/{rel}","templated":true}]}}