{"id":29,"date":"2019-08-19T20:41:09","date_gmt":"2019-08-19T23:41:09","guid":{"rendered":"https:\/\/wp.ufpel.edu.br\/cineclube\/?page_id=29"},"modified":"2022-12-06T14:25:38","modified_gmt":"2022-12-06T17:25:38","slug":"bullying","status":"publish","type":"page","link":"https:\/\/wp.ufpel.edu.br\/cineclube\/tematicas\/bullying\/","title":{"rendered":"Bullying"},"content":{"rendered":"<p><strong>Bullying &#8211; 6:28<\/strong><\/p>\n<p>Os alunos da turma 1904 resolvem a partir de alguns cenas de bullying presenciados por eles de fazer uma campanha de conscientiza\u00e7\u00e3o sobre o assunto. Trabalham com a professora de Hist\u00f3ria o tema ( conte\u00fado) levam para a Feira de Ci\u00eancias anual da escola um stande com o nome de SA\u00daDE MENTAL , onde os demais alunos foram convidados a ler, ouvir e votar sobre o tema proposto. No decorrer da Feira os alunos tamb\u00e9m foram convidados a falar para as c\u00e2meras contando suas experi\u00eancias. Os alunos tabularam todas as informa\u00e7\u00f5es e apresentaram na culmin\u00e2ncia das Eletivas. Gin\u00e1sio Carioca Gr\u00e9cia. Professora Orientadora- L\u00eddia santos.<\/p>\n<p><iframe loading=\"lazy\" title=\"BULLYING\" width=\"700\" height=\"394\" src=\"https:\/\/www.youtube.com\/embed\/9puvmP_umZY?feature=oembed\" frameborder=\"0\" allow=\"accelerometer; autoplay; clipboard-write; encrypted-media; gyroscope; picture-in-picture\" allowfullscreen><\/iframe><\/p>\n<p><strong style=\"font-family: 'Helvetica Neue', Helvetica, Arial, sans-serif; font-size: 13px; font-style: normal;\"><span style=\"color: #800080;\">Sentimento de Menina<\/span><\/strong><span style=\"font-family: 'Helvetica Neue', Helvetica, Arial, sans-serif; font-size: 13px; font-style: normal; font-weight: 300;\">\u00a0&#8211; 9\u2019 59\u2019\u2019<\/span><br \/>\n<strong style=\"font-family: 'Helvetica Neue', Helvetica, Arial, sans-serif; font-size: 13px; font-style: normal;\">Resumo\u00a0<\/strong><span style=\"font-family: 'Helvetica Neue', Helvetica, Arial, sans-serif; font-size: 13px; font-style: normal; font-weight: 300;\">&#8211; Amizade de duas meninas que devem decidir o que \u00e9 mais importante: a amizade ou o namoro<\/span><br \/>\n<strong style=\"font-family: 'Helvetica Neue', Helvetica, Arial, sans-serif; font-size: 13px; font-style: normal;\">Parte T\u00e9cnica<\/strong><span style=\"font-family: 'Helvetica Neue', Helvetica, Arial, sans-serif; font-size: 13px; font-style: normal; font-weight: 300;\">\u00a0&#8211; O v\u00eddeo foi gravado com o celular em p\u00e9, e recomenda-se que o mesmo seja gravado na horizontal para que a<\/span><br \/>\n<span style=\"font-family: 'Helvetica Neue', Helvetica, Arial, sans-serif; font-size: 13px; font-style: normal; font-weight: 300;\">imagem fique que completa na tela. O v\u00eddeo apresenta uma boa narrativa dentro do esperado em um v\u00eddeo estudantil<\/span><br \/>\n<strong style=\"font-family: 'Helvetica Neue', Helvetica, Arial, sans-serif; font-size: 13px; font-style: normal;\">Debate<\/strong><span style=\"font-family: 'Helvetica Neue', Helvetica, Arial, sans-serif; font-size: 13px; font-style: normal; font-weight: 300;\">\u00a0&#8211; Amizade; Namoro; Rela\u00e7\u00f5es; Bullying<\/span><\/p>\n<p><iframe loading=\"lazy\" title=\"SENTIMENTOS DE MENINA\" width=\"700\" height=\"394\" src=\"https:\/\/www.youtube.com\/embed\/cO-AWLKTxuQ?feature=oembed\" frameborder=\"0\" allow=\"accelerometer; autoplay; clipboard-write; encrypted-media; gyroscope; picture-in-picture\" allowfullscreen><\/iframe><\/p>\n<p><span style=\"font-weight: 400;\"><span style=\"color: #800080;\"><strong>Dois Lados<\/strong><\/span> &#8211; 10\u201959\u201d<br \/>\n<\/span><span style=\"font-weight: 400;\"><strong>Resumo<\/strong> &#8211; Aluna nova come\u00e7a sofrer bullying e quando busca ajuda tem uma surpresa inacredit\u00e1vel.<br \/>\n<\/span><span style=\"font-weight: 400;\"><strong>Debate<\/strong> &#8211; Como o bullying pode afetar a vida das pessoas, como deve ser tratado e a import\u00e2ncia da ajuda profissional.<\/span><\/p>\n<p><iframe loading=\"lazy\" title=\"Bullying Os Dois Lados - Curta Estudantil\" width=\"700\" height=\"394\" src=\"https:\/\/www.youtube.com\/embed\/n11mrtV2LtY?feature=oembed\" frameborder=\"0\" allow=\"accelerometer; autoplay; clipboard-write; encrypted-media; gyroscope; picture-in-picture\" allowfullscreen><\/iframe><\/p>\n<p><strong><span style=\"color: #800080;\">O esquisitinho<\/span><\/strong> &#8211; 7&#8217;33&#8221;<br \/>\n<span style=\"font-weight: 400;\"><strong>Resumo<\/strong> &#8211; Grupo de amigos pratica bullying com um dos alunos mas depois descobre seu talento e se arrepende.<br \/>\n<\/span><span style=\"font-weight: 400;\"><strong>Debate<\/strong> &#8211; Como conviver com os diferentes respeitando e compreendendo o outro.<\/span><\/p>\n<p><iframe loading=\"lazy\" title=\"O sil\u00eancio de Sara\" width=\"700\" height=\"394\" src=\"https:\/\/www.youtube.com\/embed\/sdy-ejvQ0o0?start=75&#038;feature=oembed\" frameborder=\"0\" allow=\"accelerometer; autoplay; clipboard-write; encrypted-media; gyroscope; picture-in-picture\" allowfullscreen><\/iframe><\/p>\n<p>&nbsp;<\/p>\n<p><span style=\"color: #800080;\"><strong>Consequ\u00eancias de um ato<\/strong><\/span> &#8211; 18&#8217;00&#8221;<\/p>\n<p><strong>Resumo<\/strong> &#8211; M<span style=\"font-weight: 400;\">enina que sofre bullying por ser acima do peso muda de atitude mental se amando mais e \u00e9 aceita no grupo.<\/span><br \/>\n<strong>Debate<\/strong> &#8211; Aceita\u00e7\u00e3o.<\/p>\n<p><iframe loading=\"lazy\" title=\"Consequ\u00eancias de um ato - Curta Metragem\" width=\"700\" height=\"525\" src=\"https:\/\/www.youtube.com\/embed\/QfcJZrtaZG4?feature=oembed\" frameborder=\"0\" allow=\"accelerometer; autoplay; clipboard-write; encrypted-media; gyroscope; picture-in-picture\" allowfullscreen><\/iframe><\/p>\n<p><span style=\"color: #800080;\"><strong>Exclus\u00e3o Social<\/strong> <\/span>&#8211; 3&#8217;29&#8221;<br \/>\n<strong>Resumo<\/strong> &#8211; Uma garota sofre Bullying por parte dos colegas da escola.<br \/>\n<strong>Debate<\/strong> &#8211; Bullying; Exclus\u00e3o da escola; Impactos na vida da v\u00edtima.<\/p>\n<p><iframe loading=\"lazy\" title=\"Exclus\u00e3o Social\" width=\"700\" height=\"394\" src=\"https:\/\/www.youtube.com\/embed\/P_O4AqakpdI?feature=oembed\" frameborder=\"0\" allow=\"accelerometer; autoplay; clipboard-write; encrypted-media; gyroscope; picture-in-picture\" allowfullscreen><\/iframe><\/p>\n<p><span style=\"font-weight: 400;\"><span style=\"color: #800080;\"><strong>Cicatrizes<\/strong><\/span> &#8211; 11\u201945\u201d<br \/>\n<\/span><span style=\"font-weight: 400;\"><strong>Resumo <\/strong>&#8211; <\/span><span style=\"font-weight: 400;\">Maria Helena \u00e9 uma garota comum, at\u00e9 que tudo em sua vida vira de ponta cabe\u00e7a. Ser\u00e1 que uma escolha ser\u00e1 capaz de mudar a sua vida?<br \/>\n<\/span><span style=\"font-weight: 400;\"><strong>Debate<\/strong> &#8211; Abuso na adolesc\u00eancia; traumas p\u00f3s perdas; bullying. <\/span><\/p>\n<p>&nbsp;<\/p>\n<p>&nbsp;<\/p>\n","protected":false},"excerpt":{"rendered":"<p>Bullying &#8211; 6:28 Os alunos da turma 1904 resolvem a partir de alguns cenas de bullying presenciados por eles de fazer uma campanha de conscientiza\u00e7\u00e3o sobre o assunto. Trabalham com a professora de Hist\u00f3ria o tema ( conte\u00fado) levam para a Feira de Ci\u00eancias anual da escola um stande com o nome de SA\u00daDE MENTAL&hellip;<\/p>\n","protected":false},"author":578,"featured_media":0,"parent":16,"menu_order":0,"comment_status":"closed","ping_status":"closed","template":"","meta":{"footnotes":""},"class_list":["post-29","page","type-page","status-publish","hentry"],"jetpack_sharing_enabled":true,"_links":{"self":[{"href":"https:\/\/wp.ufpel.edu.br\/cineclube\/wp-json\/wp\/v2\/pages\/29","targetHints":{"allow":["GET"]}}],"collection":[{"href":"https:\/\/wp.ufpel.edu.br\/cineclube\/wp-json\/wp\/v2\/pages"}],"about":[{"href":"https:\/\/wp.ufpel.edu.br\/cineclube\/wp-json\/wp\/v2\/types\/page"}],"author":[{"embeddable":true,"href":"https:\/\/wp.ufpel.edu.br\/cineclube\/wp-json\/wp\/v2\/users\/578"}],"replies":[{"embeddable":true,"href":"https:\/\/wp.ufpel.edu.br\/cineclube\/wp-json\/wp\/v2\/comments?post=29"}],"version-history":[{"count":16,"href":"https:\/\/wp.ufpel.edu.br\/cineclube\/wp-json\/wp\/v2\/pages\/29\/revisions"}],"predecessor-version":[{"id":635,"href":"https:\/\/wp.ufpel.edu.br\/cineclube\/wp-json\/wp\/v2\/pages\/29\/revisions\/635"}],"up":[{"embeddable":true,"href":"https:\/\/wp.ufpel.edu.br\/cineclube\/wp-json\/wp\/v2\/pages\/16"}],"wp:attachment":[{"href":"https:\/\/wp.ufpel.edu.br\/cineclube\/wp-json\/wp\/v2\/media?parent=29"}],"curies":[{"name":"wp","href":"https:\/\/api.w.org\/{rel}","templated":true}]}}