{"id":287,"date":"2019-11-18T11:17:05","date_gmt":"2019-11-18T14:17:05","guid":{"rendered":"https:\/\/wp.ufpel.edu.br\/cineclube\/?page_id=287"},"modified":"2020-11-03T02:26:26","modified_gmt":"2020-11-03T05:26:26","slug":"festivais","status":"publish","type":"page","link":"https:\/\/wp.ufpel.edu.br\/cineclube\/festivais\/","title":{"rendered":"Festivais"},"content":{"rendered":"<p><span style=\"font-size: 14pt\"><b>FESTIVAIS ESTUDANTIS BRASILEIROS<\/b><\/span><\/p>\n<p>&nbsp;<\/p>\n<p><b>REGI\u00c3O NORDESTE<\/b><\/p>\n<p><b>PERNAMBUCO<\/b><\/p>\n<ul>\n<li>\u00a0Festival de Cinema de Caruaru<\/li>\n<\/ul>\n<p><a href=\"http:\/\/www.festivaldecaruaru.com.br\/\">http:\/\/www.festivaldecaruaru.com.br\/<\/a><\/p>\n<p>&nbsp;<\/p>\n<ul>\n<li>Cine Cabe\u00e7a<\/li>\n<\/ul>\n<p><a href=\"http:\/\/www.cinecabeca.com.br\/novo\/blog\/\">http:\/\/www.cinecabeca.com.br\/novo\/blog\/<\/a><\/p>\n<p>&nbsp;<\/p>\n<p><b>PARA\u00cdBA<\/b><\/p>\n<ul>\n<li>Festival Estudantil Cinema da Gente \u2013<\/li>\n<\/ul>\n<p><a href=\"https:\/\/www.schoolandcollegelistings.com\/BR\/Areia\/155453234798859\/Cinema-da-Gente\">https:\/\/www.schoolandcollegelistings.com\/BR\/Areia\/155453234798859\/Cinema-da-Gente<\/a><\/p>\n<p><a href=\"https:\/\/www.facebook.com\/Cinema-da-Gente-155453234798859\/\">\u00a0https:\/\/www.facebook.com\/Cinema-da-Gente-155453234798859\/<\/a><\/p>\n<p>Fone: (83) 98770-8750<\/p>\n<p>&nbsp;<\/p>\n<p><b>CEAR\u00c1<\/b><\/p>\n<ul>\n<li>Mostra Nacional de V\u00eddeos Brincantes \u2013<\/li>\n<\/ul>\n<p><a href=\"http:\/\/mostradevideosbrincantes.blogspot.com.br\/\">http:\/\/mostradevideosbrincantes.blogspot.com.br\/<\/a><\/p>\n<ul>\n<li>MOSTRA IP &#8211; Mostra Nacional de V\u00eddeos sobre Interven\u00e7\u00f5es e Performances &#8211;\u00a0 <a href=\"http:\/\/mostraip.camaradas.org\/\">http:\/\/mostraip.camaradas.org\/<\/a><\/li>\n<\/ul>\n<p>&nbsp;<\/p>\n<ul>\n<li>Festival de Jovens Realizadores de Audiovisual do Mercosul<\/li>\n<\/ul>\n<p><a href=\"http:\/\/festivaljovem.wordpress.com\/\">http:\/\/festivaljovem.wordpress.com\/<\/a><\/p>\n<p>&nbsp;<\/p>\n<p><b>SERGIPE<\/b><\/p>\n<ul>\n<li>Festival de V\u00eddeo Estudantil de Itabaiana \u2013<\/li>\n<\/ul>\n<p><a href=\"http:\/\/fabiomozart.blogspot.com.br\/2014\/03\/ponto-de-cultura-realiza-1-festival-de.html\">http:\/\/fabiomozart.blogspot.com.br\/2014\/03\/ponto-de-cultura-realiza-1-festival-de.html<\/a><\/p>\n<p>&nbsp;<\/p>\n<p><b>BAHIA<\/b><\/p>\n<ul>\n<li>Curta 5 \u2013 Festival de Curtas do IFBA \u2013 Benival J\u00fanior<\/li>\n<\/ul>\n<p>h<a href=\"http:\/\/portal.ifba.edu.br\/conquista\/noticias-2\/edital-008-2017-2013-curta-5-2013-festival-de-curtas-viii-edicao-1\">ttp:\/\/portal.ifba.edu.br\/conquista\/noticias-2\/edital-008-2017-2013-curta-5-2013-festival-de-curtas-viii-edicao-1<\/a><\/p>\n<p>&nbsp;<\/p>\n<p><b>Rio Grande do Norte<\/b><\/p>\n<p>Festival de V\u00eddeo Estudantil de Parnamirim<\/p>\n<p><a href=\"http:\/\/parnamirimagora.com.br\/entretenimento\/2017\/10\/iii-festival-de-video-estudantil-recebe-inscricoes-ate-0511\/\">http:\/\/parnamirimagora.com.br\/entretenimento\/2017\/10\/iii-festival-de-video-estudantil-recebe-inscricoes-ate-0511\/<\/a><\/p>\n<p>&nbsp;<\/p>\n<p><b>REGI\u00c3O SUDESTE<\/b><\/p>\n<p><b>MINAS<\/b><\/p>\n<ul>\n<li>Festival de V\u00eddeos Selton Mello \u2013<\/li>\n<\/ul>\n<p><a href=\"http:\/\/festivalseltonmello.blogspot.com.br\/\">http:\/\/festivalseltonmello.blogspot.com.br\/<\/a> festivalseltonmellodevideo@gmail.com<\/p>\n<ul>\n<li>\u00a0Micro-Ondas \u2013 Festival Escolar de V\u00eddeo<\/li>\n<\/ul>\n<p><a href=\"http:\/\/festivalmicroondas.blogspot.com.br\/\">http:\/\/festivalmicroondas.blogspot.com.br\/<\/a><\/p>\n<p>&nbsp;<\/p>\n<p><b>ESP\u00cdRITO SANTO<\/b><\/p>\n<ul>\n<li>MEV &#8211; Mostra Estudantil de V\u00eddeo \u2013 Guarapari<\/li>\n<\/ul>\n<p><a href=\"https:\/\/www.facebook.com\/mev.art.br\">https:\/\/www.facebook.com\/mev.art.br<\/a><\/p>\n<p>&nbsp;<\/p>\n<p><b>RIO DE JANEIRO<\/b><\/p>\n<ul>\n<li>Festival Internacional Estudantil de Cinema de Barra do Pira\u00ed \u2013<\/li>\n<\/ul>\n<p><a href=\"https:\/\/www.festcineestudantil.com.br\/\">https:\/\/www.festcineestudantil.com.br\/<\/a><\/p>\n<ul>\n<li>Festival de Cinema &#8211; Curta Cabo Frio &#8211; Pr\u00eamio Curta Escola<\/li>\n<\/ul>\n<p><a href=\"http:\/\/www.festivalcurtacabofrio.com.br\/\">http:\/\/www.festivalcurtacabofrio.com.br\/<\/a><\/p>\n<ul>\n<li>\u00a0Mostra Audiovisual Estudantil Joaquim Ven\u00e2ncio \u2013<\/li>\n<\/ul>\n<p><a href=\"http:\/\/www.epsjv.fiocruz.br\/noticias\/acontece-na-epsjv\/escola-politecnica-da-fiocruz-promove-mostra-audiovisual-estudantil\">http:\/\/www.epsjv.fiocruz.br\/noticias\/acontece-na-epsjv\/escola-politecnica-da-fiocruz-promove-mostra-audiovisual-estudantil<\/a><\/p>\n<ul>\n<li>Festival do Rio &#8211; Mostra Gera\u00e7\u00e3o \u2013<\/li>\n<\/ul>\n<p><a href=\"http:\/\/mostrageracao.blogspot.com.br\/p\/blog-page.html\">http:\/\/mostrageracao.blogspot.com.br\/p\/blog-page.html<\/a><\/p>\n<ul>\n<li>Festival Internacional Pequeno Cineasta \u2013<\/li>\n<\/ul>\n<p><a href=\"http:\/\/pequenocineasta.com.br\/festival\/\">http:\/\/pequenocineasta.com.br\/festival\/<\/a><\/p>\n<ul>\n<li>Festival Imagens EMDi\u00e1logo<\/li>\n<\/ul>\n<p><a href=\"http:\/\/www.emdialogo.uff.br\/festival\/2014\">http:\/\/www.emdialogo.uff.br\/festival\/2014<\/a><\/p>\n<p>&nbsp;<\/p>\n<ul>\n<li>Mostra Audiovisual de P\u00e8tropolis &#8211;<\/li>\n<\/ul>\n<p><a href=\"http:\/\/mostrapetropolis.com.br\/\">http:\/\/mostrapetropolis.com.br\/<\/a><\/p>\n<p><b>S\u00c3O PAULO<\/b><\/p>\n<ul>\n<li>Festival Estudantil de Cinema de Anima\u00e7\u00e3o de Valinhos &#8211;<a href=\"http:\/\/www.valinhos.sp.gov.br\/noticias\/valinhos-apresenta-2o-festival-estudantil-de-cinema-de-animacao\"> http:\/\/www.valinhos.sp.gov.br\/noticias\/valinhos-apresenta-2o-festival-estudantil-de-cinema-de-animacao<\/a><\/li>\n<\/ul>\n<p>&nbsp;<\/p>\n<ul>\n<li>Festival de Cinema Curta Caragu\u00e1 \u2013<\/li>\n<\/ul>\n<p><a href=\"http:\/\/www.fundacc.sp.gov.br\/fundacc-prorroga-inscricoes-para-curta-caragua-2017\/\">http:\/\/www.fundacc.sp.gov.br\/fundacc-prorroga-inscricoes-para-curta-caragua-2017\/<\/a><\/p>\n<p>&nbsp;<\/p>\n<ul>\n<li>Festival de Cinema da Diretoria de Ensino da Regi\u00e3o de Itaquaquecetuba \u2013<\/li>\n<\/ul>\n<p><a href=\"http:\/\/deitaquaquecetuba.edunet.sp.gov.br\/cinearte.html#\/0\">http:\/\/deitaquaquecetuba.edunet.sp.gov.br\/cinearte.html#\/0<\/a><\/p>\n<p>&nbsp;<\/p>\n<ul>\n<li>Mostra de V\u00eddeo Popular de S\u00e3o Carlos \u2013<\/li>\n<\/ul>\n<p><a href=\"http:\/\/vmostrasanca.blogspot.com.br\/\">http:\/\/vmostrasanca.blogspot.com.br\/<\/a><\/p>\n<p>&nbsp;<\/p>\n<ul>\n<li>Festival de V\u00eddeo nas Escolas \u2013<\/li>\n<\/ul>\n<p><a href=\"http:\/\/cineducacao.blogspot.com.br\/2011\/07\/2-festival-de-video-nas-escolas.html\">http:\/\/cineducacao.blogspot.com.br\/2011\/07\/2-festival-de-video-nas-escolas.html<\/a><\/p>\n<p>&nbsp;<\/p>\n<ul>\n<li>Festival Minuto Escola \u2013<\/li>\n<\/ul>\n<p><a href=\"https:\/\/www.festivaldominuto.com.br\/contests\/259?locale=pt-BR\">https:\/\/www.festivaldominuto.com.br\/contests\/259?locale=pt-BR<\/a><\/p>\n<p>&nbsp;<\/p>\n<ul>\n<li>Festival Paulistano de V\u00eddeo nas Escolas \u2013 Coletivo V\u00eddeo Popular<\/li>\n<\/ul>\n<p><a href=\"https:\/\/www.facebook.com\/pg\/Festival-Paulistano-de-V%C3%ADdeo-nas-Escolas-101398229972309\/about\/?tab=page_info\">https:\/\/www.facebook.com\/pg\/Festival-Paulistano-de-V%C3%ADdeo-nas-Escolas-101398229972309\/about\/?tab=page_info<\/a><\/p>\n<p>Contato: <a href=\"mailto:coletivonossatela@gmail.com\">coletivonossatela@gmail.com<\/a><\/p>\n<p>&nbsp;<\/p>\n<ul>\n<li>Festival Curta no Celular \u2013<\/li>\n<\/ul>\n<p><a href=\"https:\/\/www.facebook.com\/pg\/CurtaNoCelular\/about\/?ref=page_internal\">https:\/\/www.facebook.com\/pg\/CurtaNoCelular\/about\/?ref=page_internal<\/a><\/p>\n<p>Contato: <a href=\"mailto:contato@festivalcurtanocelular.com.br\">contato@festivalcurtanocelular.com.br<\/a><\/p>\n<p>&nbsp;<\/p>\n<ul>\n<li>Campinas &#8211; FEC &#8211; Festival Estudantil de Cinema &#8211; promovido pelo CEPART (Centro de Estudos e Pesquisas Art\u00edsticas).<\/li>\n<\/ul>\n<p><a href=\"https:\/\/www.facebook.com\/events\/1516497068593554\/\">https:\/\/www.facebook.com\/events\/1516497068593554\/<\/a><\/p>\n<p>&nbsp;<\/p>\n<ul>\n<li>Curta Caragu\u00e1 \u2013 Festival de Cinema de Caraguatatuba<\/li>\n<\/ul>\n<p><a href=\"http:\/\/www.fundacc.sp.gov.br\/5a-edicao-do-curta-caragua-recebe-37-producoes-e-tem-oficinas\/\">http:\/\/www.fundacc.sp.gov.br\/5a-edicao-do-curta-caragua-recebe-37-producoes-e-tem-oficinas\/<\/a><\/p>\n<p>&nbsp;<\/p>\n<ul>\n<li>Festival Nacional Curta no Celular de Taubat\u00e9<\/li>\n<\/ul>\n<p><a href=\"http:\/\/festivalcurtanocelular.com.br\/\">\u00a0http:\/\/festivalcurtanocelular.com.br\/<\/a><\/p>\n<p>&nbsp;<\/p>\n<p>&nbsp;<\/p>\n<p><b>\u00a0REGIAO SUL\u00a0<\/b><\/p>\n<p><b>RIO GRANDE DO SUL<\/b><\/p>\n<ul>\n<li>Festival Nacional de Cinema Estudantil de Gua\u00edba \u2013 Valmir<\/li>\n<\/ul>\n<p><a href=\"https:\/\/iecine.wordpress.com\/2017\/08\/28\/cinestudantil-abre-inscricoes\/\">https:\/\/iecine.wordpress.com\/2017\/08\/28\/cinestudantil-abre-inscricoes\/<\/a><\/p>\n<p><a href=\"https:\/\/www.facebook.com\/cinestudantil\">https:\/\/www.facebook.com\/cinestudantil<\/a><\/p>\n<p>&nbsp;<\/p>\n<ul>\n<li>Festival de Cinema Escolar de Alvorada\u00a0 (FECEA) \u2013 Andr\u00e9 e Adailton<\/li>\n<\/ul>\n<p><a href=\"http:\/\/inscfecea.wixsite.com\/fecea-alvorada-rs\">http:\/\/inscfecea.wixsite.com\/fecea-alvorada-rs<\/a><\/p>\n<p>&nbsp;<\/p>\n<ul>\n<li>Goio-en Mostra audiovisual de Passo Fundo<\/li>\n<\/ul>\n<p><a href=\"http:\/\/programaculturacao.blogspot.com.br\/p\/goio-en-video.html\">http:\/\/programaculturacao.blogspot.com.br\/p\/goio-en-video.html<\/a><\/p>\n<p>&nbsp;<\/p>\n<ul>\n<li>Festival de V\u00eddeo Estudantil de Pelotas \u2013<\/li>\n<\/ul>\n<p><a href=\"https:\/\/festivaldevideo.wordpress.com\/\">https:\/\/festivaldevideo.wordpress.com\/<\/a><\/p>\n<p>&nbsp;<\/p>\n<ul>\n<li>Mostra Olhares da Escola \u2013 M\u00aa Ang\u00e9lica<\/li>\n<\/ul>\n<p><a href=\"http:\/\/alfabetizacaoaudiovisual.blogspot.com.br\/2016\/10\/de-10-de-outubro-07-de-novembro-estarao.html\">http:\/\/alfabetizacaoaudiovisual.blogspot.com.br\/2016\/10\/de-10-de-outubro-07-de-novembro-estarao.html<\/a><\/p>\n<ul>\n<li>Primeira Janela &#8211; Festival de Cinema InfantoJuvenil de Porto Alegre &#8211;<a href=\"https:\/\/www.primeirajanela.com\/o-festival-1\"> https:\/\/www.primeirajanela.com\/o-festival-1<\/a><\/li>\n<\/ul>\n<p>&nbsp;<\/p>\n<ul>\n<li>Festival de V\u00eddeo Estudantil de Rio Grande \u2013<\/li>\n<\/ul>\n<p><a href=\"https:\/\/festivaldevideorg.wordpress.com\/\">https:\/\/festivaldevideorg.wordpress.com\/<\/a><\/p>\n<p>&nbsp;<\/p>\n<ul>\n<li>CINEST &#8211; Festival Internacional de Cinema Estudantil de Santa Maria &#8211; Mari\u00e2ngela e Jayme<\/li>\n<\/ul>\n<p><a href=\"http:\/\/www.cinest.org\/\">http:\/\/www.cinest.org\/<\/a><\/p>\n<p>Contatos: <a href=\"mailto:cinest@outlook.com\">cinest@outlook.com<\/a><\/p>\n<p>&nbsp;<\/p>\n<ul>\n<li>Santa Rosa Mostra Cinema \u2013<\/li>\n<\/ul>\n<p><a href=\"http:\/\/www.santarosa.rs.gov.br\/noticias_ver.php?id=4626\">http:\/\/www.santarosa.rs.gov.br\/noticias_ver.php?id=4626<\/a><\/p>\n<p>&nbsp;<\/p>\n<ul>\n<li>Festival de Cinema de Santo \u00c2ngelo \u2013 Curta Metragem \u2013<\/li>\n<\/ul>\n<p><a href=\"https:\/\/usinacomunica.wordpress.com\/2017\/06\/23\/5o-festival-de-cinema-de-santo-angelo-esta-com-inscricoes-abertas\/\">https:\/\/usinacomunica.wordpress.com\/2017\/06\/23\/5o-festival-de-cinema-de-santo-angelo-esta-com-inscricoes-abertas\/<\/a><\/p>\n<p>&nbsp;<\/p>\n<ul>\n<li>Festival de Cinema de Tr\u00eas Passos \u2013<\/li>\n<\/ul>\n<p><a href=\"https:\/\/www.facebook.com\/festivaldecinemadetrespassos\">https:\/\/www.facebook.com\/festivaldecinemadetrespassos<\/a><\/p>\n<p>&nbsp;<\/p>\n<ul>\n<li>Festival Regional de Cinema e Literatura -Vale do Taquari \u2013<\/li>\n<\/ul>\n<p><a href=\"https:\/\/www.univates.br\/extensao\/media\/docs\/i_festival_regional_de_cinema_e_literatura.pdf\">https:\/\/www.univates.br\/extensao\/media\/docs\/i_festival_regional_de_cinema_e_literatura.pdf<\/a><\/p>\n<p>&nbsp;<\/p>\n<ul>\n<li>Festival de V\u00eddeo Estudantil de S\u00e3o Louren\u00e7o do Sul \u2013<\/li>\n<\/ul>\n<p><a href=\"https:\/\/festivaldevideosls.wordpress.com\/\">https:\/\/festivaldevideosls.wordpress.com\/<\/a><\/p>\n<p>&nbsp;<\/p>\n<ul>\n<li>Festival de v\u00eddeo estudantil de Cap\u00e3o do Le\u00e3o \u2013<\/li>\n<\/ul>\n<p><a href=\"https:\/\/festvidcapaodoleao.wordpress.com\/\">https:\/\/festvidcapaodoleao.wordpress.com\/<\/a><\/p>\n<p>&nbsp;<\/p>\n<ul>\n<li>S\u00e3o L\u00e9o em Cine &#8211; Festival de V\u00eddeo Estudantil \u2013<\/li>\n<\/ul>\n<p>N\u00e3o encontrei o novo site; o antigo site era<a href=\"https:\/\/saoleoemcine.wordpress.com\/\"> https:\/\/saoleoemcine.wordpress.com\/<\/a><\/p>\n<p>Contato: Smed de S\u00e3o Leopoldo<\/p>\n<p>&nbsp;<\/p>\n<ul>\n<li>Festival de Cinema de Lajeado \u2013<\/li>\n<\/ul>\n<p><a href=\"http:\/\/www.festivaldecinemadelajeado.com.br\/\">http:\/\/www.festivaldecinemadelajeado.com.br\/<\/a><\/p>\n<p>&nbsp;<\/p>\n<ul>\n<li>Festcine 31 &#8211; Marlon Nunes<\/li>\n<\/ul>\n<p><a href=\"https:\/\/novo.campobom.rs.gov.br\/noticia-6421\/festcine-31-premia-curta-metragens\">https:\/\/novo.campobom.rs.gov.br\/noticia-6421\/festcine-31-premia-curta-metragens<\/a><\/p>\n<p>&nbsp;<\/p>\n<p>Festival de Cangu\u00e7u<\/p>\n<p>&nbsp;<\/p>\n<p>Festival de V\u00eddeo Estudantil de Cruz Alta<\/p>\n<p><b>PARAN\u00c1<\/b><\/p>\n<ul>\n<li>FID\u00c9 BRASIL &#8211; Festival Internacional de Document\u00e1rio Estudantil &#8211;<a href=\"http:\/\/www.fidebrasil.lesimpatientes.org\/\"> http:\/\/www.fidebrasil.lesimpatientes.org\/<\/a><\/li>\n<\/ul>\n<p>Contato: fidebr@lesimpatientes.org<\/p>\n<p>&nbsp;<\/p>\n<ul>\n<li>Festival de V\u00eddeo de Maring\u00e1 \u2013<\/li>\n<\/ul>\n<p><a href=\"http:\/\/festivaldevideo.famma.br\/\">http:\/\/festivaldevideo.famma.br\/<\/a><\/p>\n<p>&nbsp;<\/p>\n<ul>\n<li>Festival de Cinema Curta Pinhais (FESTCINE) \u2013<\/li>\n<\/ul>\n<p><a href=\"http:\/\/www.pinhais.pr.gov.br\/semel\/cultura\/FreeComponent782content11563.shtml\">http:\/\/www.pinhais.pr.gov.br\/semel\/cultura\/FreeComponent782content11563.shtml<\/a><\/p>\n<p>&nbsp;<\/p>\n<p>&nbsp;<\/p>\n<p><b>SANTA CATARINA<\/b><\/p>\n<ul>\n<li>Festival \u00c1tomo de Ouro \u2013<\/li>\n<\/ul>\n<p><a href=\"https:\/\/www.facebook.com\/notes\/canal-fala-qu%C3%ADmica\/festival-%C3%A1tomo-de-ouro\/181010768623309\">https:\/\/www.facebook.com\/notes\/canal-fala-qu%C3%ADmica\/festival-%C3%A1tomo-de-ouro\/181010768623309<\/a><\/p>\n<p>&nbsp;<\/p>\n<ul>\n<li>Mostra de Cinema Infantil de Florian\u00f3polis \u2013<\/li>\n<\/ul>\n<p><a href=\"http:\/\/www.mostradecinemainfantil.com.br\/\">http:\/\/www.mostradecinemainfantil.com.br\/<\/a><\/p>\n<p>&nbsp;<\/p>\n<p>&nbsp;<\/p>\n<p><b>CENTRO OESTE\u00a0\u00a0<\/b><\/p>\n<p><b>GOIAS<\/b><\/p>\n<ul>\n<li>FIVAC \u2013 Festival Intercolegial de V\u00eddeo Ambiental e Cidadania \u2013 Edson Barbosa<\/li>\n<\/ul>\n<p><a href=\"mailto:fivacfestival@gmail.com\">fivacfestival@gmail.com<\/a><\/p>\n<p>&nbsp;<\/p>\n<ul>\n<li>Goi\u00e2nia Mostra Curtas \u2013<\/li>\n<\/ul>\n<p><a href=\"http:\/\/www.goianiamostracurtas.com.br\/\">http:\/\/www.goianiamostracurtas.com.br<\/a><\/p>\n<p>&nbsp;<\/p>\n<p><b>DISTRITO FEDERAL<\/b><\/p>\n<ul>\n<li>Festival de Filmes de Curta-Metragem das Escolas P\u00fablicas de Bras\u00edlia<\/li>\n<\/ul>\n<p><a href=\"http:\/\/www.festivaldebrasilia.com.br\/3o-festival-de-filmes-curta-metragem-das-escolas-publicas-de-brasilia\/\">http:\/\/www.festivaldebrasilia.com.br\/3o-festival-de-filmes-curta-metragem-das-escolas-publicas-de-brasilia\/<\/a><\/p>\n<p><a href=\"https:\/\/www.facebook.com\/3%C2%BA-Festival-de-Filmes-de-Curta-Metragem-das-Escolas-P%C3%BAblicas-de-Bras%C3%ADlia-1590258307902223\/\">https:\/\/www.facebook.com\/3%C2%BA-Festival-de-Filmes-de-Curta-Metragem-das-Escolas-P%C3%BAblicas-de-Bras%C3%ADlia-1590258307902223\/<\/a><\/p>\n<p>&nbsp;<\/p>\n<ul>\n<li>Festival Curta um Curta &#8211; 22 V\u00eddeos<\/li>\n<li><span style=\"color: #3366ff\"><strong>Para escolher qual v\u00eddeo da playlist quer ver, clique no bot\u00e3o no canto superior direito no v\u00eddeo. <\/strong><\/span><\/li>\n<li><span style=\"color: #3366ff\"><strong>Abaixo do bot\u00e3o voc\u00ea pode ver em que lugar o v\u00eddeo atual est\u00e1 na ordem da sequencia<\/strong><\/span><\/li>\n<\/ul>\n<p><iframe loading=\"lazy\" title=\"FESTIVAL CURTA UM CURTA\" width=\"700\" height=\"394\" src=\"https:\/\/www.youtube.com\/embed\/videoseries?list=PLtJqXbfAJg_Ne-kxacIRiZlgBKAw5fLGF\" frameborder=\"0\" allow=\"accelerometer; autoplay; clipboard-write; encrypted-media; gyroscope; picture-in-picture\" allowfullscreen><\/iframe><\/p>\n<p>&nbsp;<\/p>\n<p><b>REGIAO NORTE\u00a0<\/b><\/p>\n<p><b>TOCANTINS<\/b><\/p>\n<ul>\n<li>Voc\u00ea na Tela \u2013 Elis\u00e2ngela Dantas<\/li>\n<\/ul>\n<p><a href=\"mailto:cinema.fcp@gmail.com\">cinema.fcp@gmail.com<\/a><\/p>\n<p>&nbsp;<\/p>\n","protected":false},"excerpt":{"rendered":"<p>FESTIVAIS ESTUDANTIS BRASILEIROS &nbsp; REGI\u00c3O NORDESTE PERNAMBUCO \u00a0Festival de Cinema de Caruaru http:\/\/www.festivaldecaruaru.com.br\/ &nbsp; Cine Cabe\u00e7a http:\/\/www.cinecabeca.com.br\/novo\/blog\/ &nbsp; PARA\u00cdBA Festival Estudantil Cinema da Gente \u2013 https:\/\/www.schoolandcollegelistings.com\/BR\/Areia\/155453234798859\/Cinema-da-Gente \u00a0https:\/\/www.facebook.com\/Cinema-da-Gente-155453234798859\/ Fone: (83) 98770-8750 &nbsp; CEAR\u00c1 Mostra Nacional de V\u00eddeos Brincantes \u2013 http:\/\/mostradevideosbrincantes.blogspot.com.br\/ MOSTRA IP &#8211; Mostra Nacional de V\u00eddeos sobre Interven\u00e7\u00f5es e Performances &#8211;\u00a0 http:\/\/mostraip.camaradas.org\/ &nbsp; Festival de&hellip;<\/p>\n","protected":false},"author":578,"featured_media":0,"parent":0,"menu_order":0,"comment_status":"closed","ping_status":"closed","template":"","meta":{"footnotes":""},"class_list":["post-287","page","type-page","status-publish","hentry"],"jetpack_sharing_enabled":true,"_links":{"self":[{"href":"https:\/\/wp.ufpel.edu.br\/cineclube\/wp-json\/wp\/v2\/pages\/287","targetHints":{"allow":["GET"]}}],"collection":[{"href":"https:\/\/wp.ufpel.edu.br\/cineclube\/wp-json\/wp\/v2\/pages"}],"about":[{"href":"https:\/\/wp.ufpel.edu.br\/cineclube\/wp-json\/wp\/v2\/types\/page"}],"author":[{"embeddable":true,"href":"https:\/\/wp.ufpel.edu.br\/cineclube\/wp-json\/wp\/v2\/users\/578"}],"replies":[{"embeddable":true,"href":"https:\/\/wp.ufpel.edu.br\/cineclube\/wp-json\/wp\/v2\/comments?post=287"}],"version-history":[{"count":4,"href":"https:\/\/wp.ufpel.edu.br\/cineclube\/wp-json\/wp\/v2\/pages\/287\/revisions"}],"predecessor-version":[{"id":467,"href":"https:\/\/wp.ufpel.edu.br\/cineclube\/wp-json\/wp\/v2\/pages\/287\/revisions\/467"}],"wp:attachment":[{"href":"https:\/\/wp.ufpel.edu.br\/cineclube\/wp-json\/wp\/v2\/media?parent=287"}],"curies":[{"name":"wp","href":"https:\/\/api.w.org\/{rel}","templated":true}]}}