{"id":262,"date":"2019-10-16T14:29:56","date_gmt":"2019-10-16T17:29:56","guid":{"rendered":"https:\/\/wp.ufpel.edu.br\/cineclube\/?page_id=262"},"modified":"2022-11-09T17:23:20","modified_gmt":"2022-11-09T20:23:20","slug":"documentario","status":"publish","type":"page","link":"https:\/\/wp.ufpel.edu.br\/cineclube\/tematicas\/documentario\/","title":{"rendered":"Document\u00e1rio"},"content":{"rendered":"<h3><strong>Meu Nome \u00e9 &#8230;<\/strong><\/h3>\n<h4>Muito mais que um direito \u00e9 o respeito pelo g\u00eanero que a pessoa se sente. Esse document\u00e1rio mostra , com relatos de jovens, o como cruel pode ser a sociedade que n\u00e3o respeita o ser humano como \u00e9.<\/h4>\n<p><iframe loading=\"lazy\" title=\"#Nome social# Document\u00e1rio - Meu nome \u00e9....\" width=\"700\" height=\"394\" src=\"https:\/\/www.youtube.com\/embed\/GMQOdYltw-Q?feature=oembed\" frameborder=\"0\" allow=\"accelerometer; autoplay; clipboard-write; encrypted-media; gyroscope; picture-in-picture\" allowfullscreen><\/iframe><\/p>\n<p><span style=\"color: #800080;\"><strong>Filhos da Rua<\/strong><\/span> &#8211; 9&#8217;42&#8221;<br \/>\n<strong>Resumo<\/strong> &#8211; O filme \u00e9 um document\u00e1rio com relatos e mem\u00f3rias de tr\u00eas pessoas em situa\u00e7\u00e3o de rua, que aborda necessidades, faltas, de direitos civis e humanos. Nessa vers\u00e3o mais curta, o filme traz relatos de mem\u00f3rias individuais que se somam \u00e0 mem\u00f3ria coletiva de experi\u00eancias de vidas antes e depois da situa\u00e7\u00e3o de rua.<br \/>\n<strong>Debate<\/strong> &#8211; Abordar a desigualdade entre classes.<\/p>\n<p><iframe loading=\"lazy\" title=\"Filhos da Rua (vers\u00e3o mais curta)\" width=\"700\" height=\"394\" src=\"https:\/\/www.youtube.com\/embed\/LBd_ayotty8?feature=oembed\" frameborder=\"0\" allow=\"accelerometer; autoplay; clipboard-write; encrypted-media; gyroscope; picture-in-picture\" allowfullscreen><\/iframe><\/p>\n<p><span style=\"color: #800080;\"><strong>Nosso Olhar Apresenta\u00e7\u00e3o<\/strong><\/span> &#8211; 15&#8217;00&#8221;<br \/>\n<strong>Resumo<\/strong> &#8211; Curta document\u00e1rio sobre as representa\u00e7\u00f5es dos alunos na escola de ensino Especial, em uma vers\u00e3o piloto realizada na disciplina Produ\u00e7\u00e3o cient\u00edfica na linguagem visual e audiovisual, ministrada por Deisi Mesquita e Maria Alice Carvalho, no Programa de mestrado Em ensino de Educa\u00e7\u00e3o B\u00e1sica, Cepae\/UFG.<br \/>\n<strong>Debate<\/strong> &#8211; Mostrar um pouco da vis\u00e3o dos alunos sobre o CORAE<\/p>\n<p><iframe loading=\"lazy\" title=\"Nosso Olhar Apresenta\u00e7\u00e3o\" width=\"700\" height=\"394\" src=\"https:\/\/www.youtube.com\/embed\/z05rNmWrGPI?feature=oembed\" frameborder=\"0\" allow=\"accelerometer; autoplay; clipboard-write; encrypted-media; gyroscope; picture-in-picture\" allowfullscreen><\/iframe><\/p>\n<p><strong>O lixo n\u00e3o se faz sozinho<\/strong><\/p>\n<p><iframe loading=\"lazy\" title=\"O Lixo n\u00e3o se Faz Sozinho.\" width=\"700\" height=\"394\" src=\"https:\/\/www.youtube.com\/embed\/7f7MdK1Lvi8?feature=oembed\" frameborder=\"0\" allow=\"accelerometer; autoplay; clipboard-write; encrypted-media; gyroscope; picture-in-picture\" allowfullscreen><\/iframe><\/p>\n<p>&nbsp;<\/p>\n<p><span style=\"color: #800080;\"><strong>Entre Muros<\/strong><\/span> &#8211; 13&#8217;53&#8221;<br \/>\n<strong>Resumo<\/strong> &#8211; Curta documental sobre escola, discutindo sua refer\u00eancia a pris\u00e3o, com base na leitura de Foucoult sobre as institui\u00e7\u00f5es sociais.<br \/>\n<strong>Debate<\/strong> &#8211; Trazer a reflex\u00e3o sobre institui\u00e7\u00f5es sociais.<\/p>\n<p><iframe loading=\"lazy\" title=\"Entre MUROS\" width=\"700\" height=\"394\" src=\"https:\/\/www.youtube.com\/embed\/wqEAmqgmP2I?feature=oembed\" frameborder=\"0\" allow=\"accelerometer; autoplay; clipboard-write; encrypted-media; gyroscope; picture-in-picture\" allowfullscreen><\/iframe><\/p>\n<p><span style=\"color: #800080;\"><strong>O Mundo M\u00e1gico da Leitura<\/strong><\/span>\u00a0&#8211; 6&#8217;28&#8221;<br \/>\n<strong>Resumo<\/strong> &#8211; A leitura de livros liter\u00e1rios no contexto escolar tem se tornado cada vez mais rara quando o foco \u00e9 conteud\u00edstico.<br \/>\n<strong>Debate<\/strong> &#8211; Envolver o aluno e o professor no processo de leitura liter\u00e1ria.<\/p>\n<p><iframe loading=\"lazy\" title=\"O Mundo M\u00e1gico da Leitura\" width=\"700\" height=\"394\" src=\"https:\/\/www.youtube.com\/embed\/_dLzXrvh6Kk?feature=oembed\" frameborder=\"0\" allow=\"accelerometer; autoplay; clipboard-write; encrypted-media; gyroscope; picture-in-picture\" allowfullscreen><\/iframe><\/p>\n<p><span style=\"color: #800080;\"><strong>Cheguei<\/strong><\/span> &#8211; 9&#8217;35&#8221;<br \/>\n<strong>Resumo<\/strong> &#8211; A import\u00e2ncia da m\u00fasica para a vida e para a escola.<br \/>\n<strong>Debate<\/strong> &#8211; M\u00fasica como instrumento educador e te sa\u00fade.<\/p>\n<p><iframe loading=\"lazy\" title=\"Cheguei\" width=\"700\" height=\"394\" src=\"https:\/\/www.youtube.com\/embed\/5y0xadTisig?feature=oembed\" frameborder=\"0\" allow=\"accelerometer; autoplay; clipboard-write; encrypted-media; gyroscope; picture-in-picture\" allowfullscreen><\/iframe><\/p>\n<p>&nbsp;<\/p>\n<p><span style=\"color: #800080;\"><strong>R\u00e1dio CEM<\/strong><\/span> &#8211; 13&#8217;49&#8221;<br \/>\n<strong>Resumo<\/strong> &#8211; Document\u00e1rio que fala sobre a R\u00e1dio CEM (Col\u00e9gio Estadual Monteiro) que \u00e9 uma r\u00e1dio estudantil.<br \/>\n<strong>Debate<\/strong> &#8211; Hist\u00f3ria e organiza\u00e7\u00e3o de uma r\u00e1dio estudantil.<\/p>\n<p><iframe loading=\"lazy\" title=\"R\u00e1dio CEM\" width=\"700\" height=\"394\" src=\"https:\/\/www.youtube.com\/embed\/4SDhk9-BRm4?feature=oembed\" frameborder=\"0\" allow=\"accelerometer; autoplay; clipboard-write; encrypted-media; gyroscope; picture-in-picture\" allowfullscreen><\/iframe><\/p>\n<p>&nbsp;<\/p>\n<p>&nbsp;<\/p>\n<p><span style=\"color: #800080;\"><strong>Rimando no Bassoli<\/strong><\/span> \u2013 7\u2019 35\u2019\u2019<br \/>\n<strong>Resumo\u00a0<\/strong>\u2013 Relatos de crian\u00e7as e adolescentes sobre como \u00e9 morar no bairro Bassoli. Em alguns trechos estes jovens fazem rimas para falar da sua situa\u00e7\u00e3o de vida.<br \/>\n<strong>Parte T\u00e9cnica<\/strong> \u2013 Curta Document\u00e1rio feito ao estilo de entrevistas e cenas adicionais para complementar.<br \/>\n<strong>Debate<\/strong> \u2013 Situa\u00e7\u00e3o de vida de alguns jovens em certos bairros no Brasil.<\/p>\n<p><iframe loading=\"lazy\" title=\"Rimando no Bassoli\" width=\"700\" height=\"394\" src=\"https:\/\/www.youtube.com\/embed\/3WPS8vTR3rk?feature=oembed\" frameborder=\"0\" allow=\"accelerometer; autoplay; clipboard-write; encrypted-media; gyroscope; picture-in-picture\" allowfullscreen><\/iframe><\/p>\n<p>&nbsp;<\/p>\n<p><span style=\"color: #800080;\"><strong>Document\u00e1rio Bairro Nova Cidade<\/strong><\/span> \u2013 5\u2019 25\u2019\u2019<\/p>\n<p><strong>Resumo\u00a0<\/strong>\u2013 Este \u00e9 um document\u00e1rio sobre a hist\u00f3ria do Bairro Nova Cidade, contada a partir dos seus moradores e fundadores. Vencedor do I Festival Jovens Cineastas.<\/p>\n<p><strong>Debate \u2013 <\/strong>Mostrar as hist\u00f3rias dos moradores e seus sentimentos<\/p>\n<p><iframe loading=\"lazy\" title=\"Document\u00e1rio Bairro Nova Cidade\" width=\"700\" height=\"394\" src=\"https:\/\/www.youtube.com\/embed\/2EXZbqdSi-k?feature=oembed\" frameborder=\"0\" allow=\"accelerometer; autoplay; clipboard-write; encrypted-media; gyroscope; picture-in-picture\" allowfullscreen><\/iframe><\/p>\n<p>________________________________________________________________________________________________<\/p>\n<p><strong><span style=\"font-size: 14pt;\">PLAYLISTS<\/span><\/strong><\/p>\n<ul>\n<li><span style=\"color: #3366ff;\"><strong>Para escolher qual v\u00eddeo da playlist quer ver, clique no bot\u00e3o no canto superior direito no v\u00eddeo. <\/strong><\/span><\/li>\n<li><span style=\"color: #3366ff;\"><strong>Abaixo do bot\u00e3o voc\u00ea pode ver em que lugar o v\u00eddeo atual est\u00e1 na ordem da sequencia<\/strong><\/span><\/li>\n<\/ul>\n<p>&nbsp;<\/p>\n<p><span style=\"font-size: 12pt; color: #800000;\"><strong>CINE COM CI\u00caNCIA<\/strong><\/span><\/p>\n<p><iframe loading=\"lazy\" title=\"CINE COM CI\u00caNCIA\" width=\"700\" height=\"394\" src=\"https:\/\/www.youtube.com\/embed\/videoseries?list=PLtJqXbfAJg_NLjKy25lsx1eof96zlLbk8\" frameborder=\"0\" allow=\"accelerometer; autoplay; clipboard-write; encrypted-media; gyroscope; picture-in-picture\" allowfullscreen><\/iframe><\/p>\n<p>&nbsp;<\/p>\n<p>&nbsp;<\/p>\n<p>&nbsp;<\/p>\n","protected":false},"excerpt":{"rendered":"<p>Meu Nome \u00e9 &#8230; Muito mais que um direito \u00e9 o respeito pelo g\u00eanero que a pessoa se sente. Esse document\u00e1rio mostra , com relatos de jovens, o como cruel pode ser a sociedade que n\u00e3o respeita o ser humano como \u00e9. Filhos da Rua &#8211; 9&#8217;42&#8221; Resumo &#8211; O filme \u00e9 um document\u00e1rio com&hellip;<\/p>\n","protected":false},"author":578,"featured_media":0,"parent":16,"menu_order":0,"comment_status":"closed","ping_status":"closed","template":"","meta":{"footnotes":""},"class_list":["post-262","page","type-page","status-publish","hentry"],"jetpack_sharing_enabled":true,"_links":{"self":[{"href":"https:\/\/wp.ufpel.edu.br\/cineclube\/wp-json\/wp\/v2\/pages\/262","targetHints":{"allow":["GET"]}}],"collection":[{"href":"https:\/\/wp.ufpel.edu.br\/cineclube\/wp-json\/wp\/v2\/pages"}],"about":[{"href":"https:\/\/wp.ufpel.edu.br\/cineclube\/wp-json\/wp\/v2\/types\/page"}],"author":[{"embeddable":true,"href":"https:\/\/wp.ufpel.edu.br\/cineclube\/wp-json\/wp\/v2\/users\/578"}],"replies":[{"embeddable":true,"href":"https:\/\/wp.ufpel.edu.br\/cineclube\/wp-json\/wp\/v2\/comments?post=262"}],"version-history":[{"count":19,"href":"https:\/\/wp.ufpel.edu.br\/cineclube\/wp-json\/wp\/v2\/pages\/262\/revisions"}],"predecessor-version":[{"id":631,"href":"https:\/\/wp.ufpel.edu.br\/cineclube\/wp-json\/wp\/v2\/pages\/262\/revisions\/631"}],"up":[{"embeddable":true,"href":"https:\/\/wp.ufpel.edu.br\/cineclube\/wp-json\/wp\/v2\/pages\/16"}],"wp:attachment":[{"href":"https:\/\/wp.ufpel.edu.br\/cineclube\/wp-json\/wp\/v2\/media?parent=262"}],"curies":[{"name":"wp","href":"https:\/\/api.w.org\/{rel}","templated":true}]}}