{"id":245,"date":"2019-09-13T07:03:34","date_gmt":"2019-09-13T10:03:34","guid":{"rendered":"https:\/\/wp.ufpel.edu.br\/cineclube\/?page_id=245"},"modified":"2019-12-20T08:18:29","modified_gmt":"2019-12-20T11:18:29","slug":"quem-somos","status":"publish","type":"page","link":"https:\/\/wp.ufpel.edu.br\/cineclube\/quem-somos\/","title":{"rendered":"Quem Somos"},"content":{"rendered":"<p>O nosso grupo de Pesquisa Produ\u00e7\u00e3o de V\u00eddeo Estudantil tem como objetivo analisar e pesquisar a produ\u00e7\u00e3o de v\u00eddeo feito por professores e estudantes dentro do espa\u00e7o escolar.<\/p>\n<p><strong>Integrantes do Grupo <\/strong><\/p>\n<p>Josias Pereira \u2013 Professor e Pesquisador<\/p>\n<p>Viviane\u00a0 Lino \u2013 Professora e Pesquisadora<\/p>\n<p>Eliane Candido \u2013 Mestranda e Pesquisadora<\/p>\n<p>Carla Felcher &#8211; Professora e Pesquisadora<\/p>\n<p>Daniela Pedra Mattos \u2013 Professora e Pesquisadora<\/p>\n<p>Josiane Moraes de Brignol\u00a0 \u2013 Professora e Pesquisadora<\/p>\n<p>Cintia In\u00eas Boll \u2013 Professora e Pesquisadora<\/p>\n<p>Maria Jeane Candido \u2013 Mestranda e Pesquisadora<\/p>\n<p>Daniela Antunes \u2013 Mestranda e Pesquisadora<\/p>\n<p>Jaqueline Antunes Silva \u2013 Professora e Pesquisadora<\/p>\n<p>Rita Martins Vilela &#8211; Estudante do curso de Cinema e Anima\u00e7\u00e3o\/UFPel<\/p>\n<p>Maickol B. Dilelio &#8211; Estudante de Cinema e Audiovisual\/ UFPel<\/p>\n<p>&nbsp;<\/p>\n<p>&nbsp;<\/p>\n<p>&nbsp;<\/p>\n","protected":false},"excerpt":{"rendered":"<p>O nosso grupo de Pesquisa Produ\u00e7\u00e3o de V\u00eddeo Estudantil tem como objetivo analisar e pesquisar a produ\u00e7\u00e3o de v\u00eddeo feito por professores e estudantes dentro do espa\u00e7o escolar. Integrantes do Grupo Josias Pereira \u2013 Professor e Pesquisador Viviane\u00a0 Lino \u2013 Professora e Pesquisadora Eliane Candido \u2013 Mestranda e Pesquisadora Carla Felcher &#8211; Professora e Pesquisadora&hellip;<\/p>\n","protected":false},"author":578,"featured_media":0,"parent":0,"menu_order":0,"comment_status":"closed","ping_status":"closed","template":"","meta":{"footnotes":""},"class_list":["post-245","page","type-page","status-publish","hentry"],"jetpack_sharing_enabled":true,"_links":{"self":[{"href":"https:\/\/wp.ufpel.edu.br\/cineclube\/wp-json\/wp\/v2\/pages\/245","targetHints":{"allow":["GET"]}}],"collection":[{"href":"https:\/\/wp.ufpel.edu.br\/cineclube\/wp-json\/wp\/v2\/pages"}],"about":[{"href":"https:\/\/wp.ufpel.edu.br\/cineclube\/wp-json\/wp\/v2\/types\/page"}],"author":[{"embeddable":true,"href":"https:\/\/wp.ufpel.edu.br\/cineclube\/wp-json\/wp\/v2\/users\/578"}],"replies":[{"embeddable":true,"href":"https:\/\/wp.ufpel.edu.br\/cineclube\/wp-json\/wp\/v2\/comments?post=245"}],"version-history":[{"count":4,"href":"https:\/\/wp.ufpel.edu.br\/cineclube\/wp-json\/wp\/v2\/pages\/245\/revisions"}],"predecessor-version":[{"id":422,"href":"https:\/\/wp.ufpel.edu.br\/cineclube\/wp-json\/wp\/v2\/pages\/245\/revisions\/422"}],"wp:attachment":[{"href":"https:\/\/wp.ufpel.edu.br\/cineclube\/wp-json\/wp\/v2\/media?parent=245"}],"curies":[{"name":"wp","href":"https:\/\/api.w.org\/{rel}","templated":true}]}}