{"id":786,"date":"2025-10-07T21:59:42","date_gmt":"2025-10-08T00:59:42","guid":{"rendered":"https:\/\/wp.ufpel.edu.br\/cifmp\/?page_id=786"},"modified":"2025-10-31T19:13:58","modified_gmt":"2025-10-31T22:13:58","slug":"programacao-program","status":"publish","type":"page","link":"https:\/\/wp.ufpel.edu.br\/cifmp\/programacao-program\/","title":{"rendered":"Programa\u00e7\u00e3o"},"content":{"rendered":"<p style=\"text-align: center;\"><span style=\"font-size: 18pt;\"><strong>IX Congresso Internacional de Filosofia<\/strong><\/span><\/p>\n<p style=\"text-align: center;\"><span style=\"font-size: 18pt;\"><strong><em>Natureza, Ecopol\u00edtica, Tecnologia<\/em><\/strong><\/span><\/p>\n<p style=\"text-align: center;\"><span style=\"font-size: 18pt;\"><strong>PPG Filosofia\/UFPel, 03-06 novembro 2025<\/strong><\/span><\/p>\n<p>&nbsp;<\/p>\n<p style=\"text-align: center;\"><span style=\"font-size: 14pt;\"><strong>03 de novembro (Segunda\u2013 feira)<\/strong><\/span><\/p>\n<p style=\"text-align: center;\"><span style=\"font-size: 14pt;\"><strong>Local: CEHUS \u2013 Centro de P\u00f3s-Gradua\u00e7\u00e3o e Pesquisas em Ci\u00eancias Humanas, Sociais, Sociais Aplicadas, Artes e Linguagem<\/strong><\/span><\/p>\n<p><strong>\u00a0<\/strong><\/p>\n<p><strong>17:00 \u2013<\/strong> Entrega de Material<\/p>\n<p><strong>\u00a0<\/strong><\/p>\n<p><strong>18:00 \u2013<\/strong><strong> Abertura do evento <\/strong><\/p>\n<ul>\n<li>Representante da Reitoria da Universidade Federal de Pelotas<\/li>\n<li>Representante do Instituto de Filosofia, Sociologia e Pol\u00edtica<\/li>\n<li>Representante do Programa de P\u00f3s-Gradua\u00e7\u00e3o em Filosofia<\/li>\n<\/ul>\n<p><strong>\u00a0<\/strong><\/p>\n<p><strong>19:00 \u2013 20h30 \u2013 Confer\u00eancia de Abertura: <\/strong><\/p>\n<ul>\n<li><strong><em>CUIDAR \u2013 MAS COMO? INCOER\u00caNCIAS NA TEORIZA\u00c7\u00c3O DO CUIDADO NO PENSAMENTO ECOL\u00d3GICO ATUAL<\/em><\/strong><em> \u2013 <\/em><strong>Bernhard Sylla<\/strong> <em>\u2013 Universidade do Minho (Portugal)<\/em><\/li>\n<li>Modera\u00e7\u00e3o: Nuno Castanheira &#8211; <em>Universidade Federal de Pelotas<\/em><\/li>\n<\/ul>\n<p><strong>\u00a0<\/strong><\/p>\n<p style=\"text-align: center;\"><span style=\"font-size: 14pt;\"><strong>04 de novembro (Ter\u00e7a \u2013 feira) <\/strong><\/span><\/p>\n<p style=\"text-align: center;\"><span style=\"font-size: 14pt;\"><strong>Local: CEHUS \u2013 Centro de P\u00f3s-Gradua\u00e7\u00e3o e Pesquisas em Ci\u00eancias Humanas, Sociais, Sociais Aplicadas, Artes e Linguagem<\/strong><\/span><\/p>\n<p><strong>\u00a0<\/strong><\/p>\n<p><strong>09:00 \u2013 12:30 <\/strong><\/p>\n<ul>\n<li><strong>Comunica\u00e7\u00f5es (ver na <span style=\"color: #99cc00;\"><a style=\"color: #99cc00;\" href=\"https:\/\/wp.ufpel.edu.br\/cifmp\/programacao-das-comunicacoes\">Programa\u00e7\u00e3o<\/a> <\/span>espec\u00edfica)<\/strong><\/li>\n<\/ul>\n<p><strong>\u00a0<\/strong><\/p>\n<p><strong>14:00 \u2013 15:20 \u2013<\/strong> <strong>Confer\u00eancias\u00a0 <\/strong><\/p>\n<ul>\n<li><strong><em>THE COGNITIVE NEUROSCIENCE OF BELIEF AND BELIEVING <\/em><\/strong><em>\u2013 <\/em><strong>R\u00fcdiger Seitz<\/strong><em> \u2013 Heinrich-Heine-Universit\u00e4t D\u00fcsseldorf (Alemanha) \u2013 transmiss\u00e3o online para o audit\u00f3rio<\/em><\/li>\n<li>Modera\u00e7\u00e3o: Evandro Barbosa &#8211; <em>Universidade Federal de Pelotas<\/em><\/li>\n<\/ul>\n<p>&nbsp;<\/p>\n<p><strong>15:30 \u2013 17:45 \u2013<\/strong> <strong>Confer\u00eancias\u00a0 <\/strong><\/p>\n<ul>\n<li><strong><em>ALGUNS APONTAMENTOS SOBRE VIOL\u00caNCIA ECOL\u00d3GICA <\/em><\/strong>\u2013 Nuno Castanheira \u2013 <em>Universidade Federal de Pelotas (Brasil)<\/em><\/li>\n<li><strong><em>FITOCENTRISMO E RESPONSABILIDADE: O QUE AS PLANTAS NOS ENSINAM SOBRE A VIDA NO MUNDO?<\/em><\/strong><em> \u2013 <\/em><strong>Jelson Oliveira<\/strong> <em>\u2013 Pontif\u00edcia Universidade Cat\u00f3lica do Paran\u00e1 (Brasil)<\/em><\/li>\n<li>Modera\u00e7\u00e3o: Clademir Araldi &#8211; <em>Universidade Federal de Pelotas<\/em><\/li>\n<\/ul>\n<p>&nbsp;<\/p>\n<p><strong>17:45 \u2013<\/strong> <em>Coffee Break<\/em><\/p>\n<p><em>\u00a0<\/em><\/p>\n<p><strong>19:00 \u2013 20h30 \u2013<\/strong> <strong>Confer\u00eancia<\/strong>:<\/p>\n<ul>\n<li><strong><em>AS NOVAS BIOTECNOLOGIAS E A QUEST\u00c3O DA REGULA\u00c7\u00c3O: IMPLICA\u00c7\u00d5ES MORAIS &#8211; O CASO DA REPRODU\u00c7\u00c3O ASSISTIDA \u2013<\/em><\/strong> <strong>Ivan Domingues<\/strong> <em>\u2013 Universidade Federal de Minas Gerais (Brasil)<\/em><\/li>\n<li>Modera\u00e7\u00e3o: S\u00e9rgio Strefling &#8211; <em>Universidade Federal de Pelotas<\/em><\/li>\n<\/ul>\n<p>&nbsp;<\/p>\n<p>&nbsp;<\/p>\n<p style=\"text-align: center;\"><span style=\"font-size: 14pt;\"><strong>05 de novembro (Quarta-feira) <\/strong><\/span><\/p>\n<p style=\"text-align: center;\"><span style=\"font-size: 14pt;\"><strong>Local: CEHUS \u2013 Centro de P\u00f3s-Gradua\u00e7\u00e3o e Pesquisas em Ci\u00eancias Humanas, Sociais, Sociais Aplicadas, Artes e Linguagem<\/strong><\/span><\/p>\n<p><strong>\u00a0<\/strong><\/p>\n<p><strong>09:30 \u2013 12:30<\/strong><\/p>\n<ul>\n<li><strong>Comunica\u00e7\u00f5es (ver na <span style=\"color: #99cc00;\"><a style=\"color: #99cc00;\" href=\"https:\/\/wp.ufpel.edu.br\/cifmp\/programacao-das-comunicacoes\">Programa\u00e7\u00e3o<\/a><\/span> espec\u00edfica)<\/strong><\/li>\n<\/ul>\n<p><strong>\u00a0<\/strong><\/p>\n<p><strong>14:30 \u2013 17:30 \u2013<\/strong> <strong>Confer\u00eancias <\/strong><\/p>\n<ul>\n<li><strong><em>ECOFEMINISMOS E RELACIONALIDADES: REINVENTAR A MORADA <\/em><\/strong><em>\u2013 <\/em><strong>Janyne Sattler<\/strong> <em>\u2013 Universidade Federal de Santa Catarina (Brasil)<\/em><\/li>\n<li><strong><em>\u00bfES POSIBLE UNA \u00c9TICA DE LA POLARIZACI\u00d3N AFECTIVA?<\/em><\/strong><em> \u2013 <\/em>E. Joaqu\u00edn Su\u00e1rez-Ruiz<em> \u2013 Universidad Nacional de La Plata (Argentina)<\/em><\/li>\n<li>Modera\u00e7\u00e3o: Tulipa Martins Meireles \u2013 <em>Universidade Federal de Pelotas<\/em><\/li>\n<\/ul>\n<p>&nbsp;<\/p>\n<p><strong>17:30 \u2013<\/strong> <em>Coffee Break <\/em><\/p>\n<p>&nbsp;<\/p>\n<p><strong>19:00 \u2013 20h30 \u2013<\/strong> <strong>Confer\u00eancia<\/strong>:<\/p>\n<ul>\n<li><strong><em>O DUPLO USO DA INTELIG\u00caNCIA ARTIFICIAL: PARA O BEM OU PARA O MAL \u2013 <\/em><\/strong>Cinara Nahra <em>\u2013 Universidade Federal do Rio Grande do Norte (Brasil)<\/em><\/li>\n<li>Modera\u00e7\u00e3o: Keberson Bresolin &#8211; <em>Universidade Federal de Pelotas<\/em><\/li>\n<\/ul>\n<p>&nbsp;<\/p>\n<p><em>\u00a0<\/em><\/p>\n<p style=\"text-align: center;\"><span style=\"font-size: 14pt;\"><strong>06 de novembro (Quinta-feira)<\/strong><\/span><\/p>\n<p style=\"text-align: center;\"><span style=\"font-size: 14pt;\"><strong>Local: CEHUS \u2013 Centro de P\u00f3s-Gradua\u00e7\u00e3o e Pesquisas em Ci\u00eancias Humanas, Sociais, Sociais Aplicadas, Artes e Linguagem<\/strong><\/span><\/p>\n<p style=\"text-align: center;\"><strong>\u00a0<\/strong><\/p>\n<p><strong>09:00 \u2013 12:30<\/strong><\/p>\n<ul>\n<li><strong>Comunica\u00e7\u00f5es (ver na <span style=\"color: #99cc00;\"><a style=\"color: #99cc00;\" href=\"https:\/\/wp.ufpel.edu.br\/cifmp\/programacao-das-comunicacoes\">Programa\u00e7\u00e3o<\/a><\/span> espec\u00edfica)<\/strong><\/li>\n<\/ul>\n<p><strong>\u00a0<\/strong><\/p>\n<p><strong>14:30 \u2013 17:30 \u2013<\/strong> <strong>Confer\u00eancias <\/strong><\/p>\n<ul>\n<li><strong><em>PENSAR A HIST\u00d3RIA DA FILOSOFIA COM AS FIL\u00d3SOFAS<\/em><\/strong><em> \u2013 <\/em><strong>Mitieli Seixas da Silva<\/strong> <em>\u2013 Universidade Federal de Santa Maria (Brasil)<\/em><\/li>\n<li><strong><em>ATOS DE FALA E AUTORIA: LIMITES E POSSIBILIDADES DA INTELIG\u00caNCIA GENERATIVA NA PRODU\u00c7\u00c3O TEXTUAL<\/em><\/strong><em> \u2013 <\/em>V\u00e2nia Dutra de Azeredo <em>\u2013 Universidade Federal do Estado do Rio de Janeiro (Brasil)<\/em><\/li>\n<li>Modera\u00e7\u00e3o: S\u00f4nia Schio \u2013 <em>Universidade Federal de Pelotas\u00a0<\/em><\/li>\n<\/ul>\n<p><strong>\u00a0<\/strong><\/p>\n<p><strong>18:00 \u2013 <\/strong><em>Coffee Break <\/em><\/p>\n<p>&nbsp;<\/p>\n<p><strong>19:00 \u2013 20h30 \u2013<\/strong> <strong>Confer\u00eancia de encerramento: <\/strong><\/p>\n<ul>\n<li><strong><em>RACIONALIDAD AMBIENTAL PARA UNA COSMOPOL\u00cdTICA DE LA SUSTENTABILIDAD DE LA VIDA <\/em><\/strong><em>\u2013 <\/em><strong>Enrique Leff<\/strong> <em>\u2013 Universidad Nacional Aut\u00f3noma de M\u00e9xico (M\u00e9xico) &#8211; transmiss\u00e3o online para o audit\u00f3rio<\/em><\/li>\n<li>Modera\u00e7\u00e3o: Everton Puhl Maciel &#8211; <em>Universidade Federal do Amap\u00e1<\/em><\/li>\n<\/ul>\n<p>&nbsp;<\/p>\n<p><img loading=\"lazy\" decoding=\"async\" class=\"size-medium wp-image-791 aligncenter\" src=\"https:\/\/wp.ufpel.edu.br\/cifmp\/files\/2025\/10\/Cartaz-1-283x400.jpg\" alt=\"\" width=\"283\" height=\"400\" srcset=\"https:\/\/wp.ufpel.edu.br\/cifmp\/files\/2025\/10\/Cartaz-1-283x400.jpg 283w, https:\/\/wp.ufpel.edu.br\/cifmp\/files\/2025\/10\/Cartaz-1-724x1024.jpg 724w, https:\/\/wp.ufpel.edu.br\/cifmp\/files\/2025\/10\/Cartaz-1-768x1087.jpg 768w, https:\/\/wp.ufpel.edu.br\/cifmp\/files\/2025\/10\/Cartaz-1.jpg 793w\" sizes=\"auto, (max-width: 283px) 100vw, 283px\" \/><\/p>\n","protected":false},"excerpt":{"rendered":"<p>IX Congresso Internacional de Filosofia Natureza, Ecopol\u00edtica, Tecnologia PPG Filosofia\/UFPel, 03-06 novembro 2025 &nbsp; 03 de novembro (Segunda\u2013 feira) Local: CEHUS \u2013 Centro de P\u00f3s-Gradua\u00e7\u00e3o e Pesquisas em Ci\u00eancias Humanas, Sociais, Sociais Aplicadas, Artes e Linguagem \u00a0 17:00 \u2013 Entrega de Material \u00a0 18:00 \u2013 Abertura do evento Representante da Reitoria da Universidade Federal de [&hellip;]<\/p>\n","protected":false},"author":357,"featured_media":0,"parent":0,"menu_order":0,"comment_status":"closed","ping_status":"closed","template":"","meta":{"footnotes":""},"class_list":["post-786","page","type-page","status-publish","hentry","post"],"publishpress_future_action":{"enabled":false,"date":"2026-04-17 11:16:27","action":"change-status","newStatus":"draft","terms":[],"taxonomy":"","extraData":[]},"publishpress_future_workflow_manual_trigger":{"enabledWorkflows":[]},"_links":{"self":[{"href":"https:\/\/wp.ufpel.edu.br\/cifmp\/wp-json\/wp\/v2\/pages\/786","targetHints":{"allow":["GET"]}}],"collection":[{"href":"https:\/\/wp.ufpel.edu.br\/cifmp\/wp-json\/wp\/v2\/pages"}],"about":[{"href":"https:\/\/wp.ufpel.edu.br\/cifmp\/wp-json\/wp\/v2\/types\/page"}],"author":[{"embeddable":true,"href":"https:\/\/wp.ufpel.edu.br\/cifmp\/wp-json\/wp\/v2\/users\/357"}],"replies":[{"embeddable":true,"href":"https:\/\/wp.ufpel.edu.br\/cifmp\/wp-json\/wp\/v2\/comments?post=786"}],"version-history":[{"count":3,"href":"https:\/\/wp.ufpel.edu.br\/cifmp\/wp-json\/wp\/v2\/pages\/786\/revisions"}],"predecessor-version":[{"id":809,"href":"https:\/\/wp.ufpel.edu.br\/cifmp\/wp-json\/wp\/v2\/pages\/786\/revisions\/809"}],"wp:attachment":[{"href":"https:\/\/wp.ufpel.edu.br\/cifmp\/wp-json\/wp\/v2\/media?parent=786"}],"curies":[{"name":"wp","href":"https:\/\/api.w.org\/{rel}","templated":true}]}}