{"id":67,"date":"2017-06-15T15:40:28","date_gmt":"2017-06-15T18:40:28","guid":{"rendered":"https:\/\/wp.ufpel.edu.br\/cifmp\/?page_id=67"},"modified":"2025-09-19T14:54:28","modified_gmt":"2025-09-19T17:54:28","slug":"apresentacao","status":"publish","type":"page","link":"https:\/\/wp.ufpel.edu.br\/cifmp\/","title":{"rendered":"Pr\u00f3xima edi\u00e7\u00e3o\/Next edition"},"content":{"rendered":"<p><span style=\"font-size: 14pt;\"><strong>IX Congresso Internacional de Filosofia (2025)<\/strong><\/span><\/p>\n<p style=\"text-align: justify;\">Em 2025, o evento passar\u00e1 a ser chamado de &#8220;Congresso Internacional de Filosofia&#8221; (levando-se em considera\u00e7\u00e3o as novas linhas de pesquisa e \u00e1rea de concentra\u00e7\u00e3o do Programa de P\u00f3s-Gradua\u00e7\u00e3o em Filosofia). O evento ter\u00e1 como tema &#8220;Natureza, Ecopol\u00edtica e Tecnologia&#8221; e ser\u00e1 realizado de 03 a 06 de novembro de 2025. O evento reunir\u00e1 pesquisadores de diversos pa\u00edses e pretende explorar os aspectos transdisciplinares do t\u00f3pico geral do congresso (reunindo neurocientistas, fil\u00f3sofos e demais interessados). Em breve vamos publicar as diretrizes para a submiss\u00e3o de propostas de comunica\u00e7\u00e3o.<\/p>\n<p><strong>Conferencistas convidados:<\/strong><\/p>\n<div>\n<ul>\n<li><a href=\"https:\/\/www.researchgate.net\/profile\/Ruediger-Seitz\"><strong>R\u00fcdiger Seitz<\/strong><\/a> (Universit\u00e4t D\u00fcsseldorf &#8211; Alemanha)<\/li>\n<li><a href=\"https:\/\/www.paginaspersonales.unam.mx\/files\/1057\/general\/curriculum.pdf\"><strong>Enrique Leff Zimmerman<\/strong><\/a> (Universidad Nacional Aut\u00f3noma de Mexico &#8211; M\u00e9xico)<\/li>\n<li><a href=\"https:\/\/unlp.academia.edu\/ErnestoJoaqu%C3%ADnSu%C3%A1rez\"><strong>Joaqu\u00edn Suarez Ruiz<\/strong><\/a> (Universidad Nacional de la Plata &#8211; Argentina)<\/li>\n<li><a href=\"https:\/\/docente.ufrn.br\/201900371630\/perf\"><strong>Cinara Nahra<\/strong><\/a> (Universidade Federal do Rio Grande do Norte)<\/li>\n<li><a href=\"https:\/\/www.ufsmpublica.ufsm.br\/docente\/18995\"><strong>Mitieli Seixas<\/strong><\/a> (Universidade Federal de Santa Maria)<\/li>\n<li><a href=\"https:\/\/www.escavador.com\/sobre\/5538217\/vania-dutra-de-azeredo\"><strong>V\u00e2nia Dutra de Azeredo<\/strong><\/a> (Universidade Federal do Estado do Rio de Janeiro)<\/li>\n<li><a href=\"https:\/\/fil.cfh.ufsc.br\/janyne-sattler\/\"><strong>Janyne Sattler<\/strong><\/a> (Universidade Federal de Santa Catarina)<\/li>\n<li><a href=\"https:\/\/www.pucpr.br\/escola-de-educacao-e-humanidades\/docente\/jelson-roberto-de-oliveira\/\"><strong>Jelson Roberto de Oliveira<\/strong><\/a> (Pontif\u00edcia Universidade Cat\u00f3lica do Paran\u00e1)<\/li>\n<li><strong><a href=\"https:\/\/filosofia.fafich.ufmg.br\/pessoas\/ivan-domingues\/\">Ivan Domingues<\/a> <\/strong>(Universidade Federal de Minas Gerais)<\/li>\n<li><a href=\"https:\/\/ceps.elach.uminho.pt\/pt-pt\/cpt_team\/bernhard-josef-sylla\"><strong>Bernhard Sylla<\/strong><\/a> (Universidade do Minho &#8211; Portugal)<\/li>\n<\/ul>\n<\/div>\n<p>&nbsp;<\/p>\n<p style=\"text-align: justify;\"><span style=\"font-size: 14pt;\"><strong>IX Internacional Congress of Philosophy (2025)<\/strong><\/span><\/p>\n<p style=\"text-align: justify;\">In 2025, the event will be called only &#8220;International Congress of Philosophy&#8221; (taking into account the new lines of research and area of concentration of the Graduate Program in Philosophy). The event will have the theme &#8220;Nature, Ecopolitics and Technology&#8221; and will be held from November 03 to 06, 2025. The event will bring together researchers from different countries and aims to explore the transdisciplinary aspects of the general topic of the congress (bringing together neuroscientists, philosophers and other interested parties). Soon we will publish the guidelines for the submission of communication proposals.<\/p>\n<p><strong>Keynote Speakers:<\/strong><\/p>\n<div>\n<ul>\n<li><strong>R\u00fcdiger Seitz<\/strong> (Universit\u00e4t D\u00fcsseldorf &#8211; Deutschland)<\/li>\n<li><strong>Enrique Leff Zimmerman<\/strong> (Universidad Nacional Aut\u00f3noma de Mexico)<\/li>\n<li><strong>Joaqu\u00edn Suarez Ruiz<\/strong> (Universidad Nacional de la Plata &#8211; Argentina)<\/li>\n<li><strong>Cinara Nahra<\/strong> (Federal University of Rio Grande do Norte)<\/li>\n<li><strong>Mitieli Seixas<\/strong> (Federal University of Santa Maria)<\/li>\n<li><strong>V\u00e2nia Dutra de Azeredo<\/strong> (Federal University of State of Rio de Janeiro)<\/li>\n<li><strong>Janyne Sattler<\/strong> (Federal University of Santa Catarina)<\/li>\n<li><strong>Jelson Roberto de Oliveira<\/strong> (Pontifical Catholic University of Paran\u00e1)<\/li>\n<li><strong>Ivan Domingues<\/strong> (Federal University of Minas Gerais)<\/li>\n<li><strong>Bernhard Sylla<\/strong> (University of Minho &#8211; Portugal)<\/li>\n<\/ul>\n<p><img loading=\"lazy\" decoding=\"async\" class=\"alignnone wp-image-766\" src=\"https:\/\/wp.ufpel.edu.br\/cifmp\/files\/2025\/06\/Simples-Foto-Moderno-Cientifico-Cartaz-7-283x400.png\" alt=\"\" width=\"346\" height=\"489\" srcset=\"https:\/\/wp.ufpel.edu.br\/cifmp\/files\/2025\/06\/Simples-Foto-Moderno-Cientifico-Cartaz-7-283x400.png 283w, https:\/\/wp.ufpel.edu.br\/cifmp\/files\/2025\/06\/Simples-Foto-Moderno-Cientifico-Cartaz-7-724x1024.png 724w, https:\/\/wp.ufpel.edu.br\/cifmp\/files\/2025\/06\/Simples-Foto-Moderno-Cientifico-Cartaz-7-768x1086.png 768w, https:\/\/wp.ufpel.edu.br\/cifmp\/files\/2025\/06\/Simples-Foto-Moderno-Cientifico-Cartaz-7-1086x1536.png 1086w, https:\/\/wp.ufpel.edu.br\/cifmp\/files\/2025\/06\/Simples-Foto-Moderno-Cientifico-Cartaz-7-1448x2048.png 1448w, https:\/\/wp.ufpel.edu.br\/cifmp\/files\/2025\/06\/Simples-Foto-Moderno-Cientifico-Cartaz-7.png 1587w\" sizes=\"auto, (max-width: 346px) 100vw, 346px\" \/><\/p>\n<\/div>\n","protected":false},"excerpt":{"rendered":"<p>IX Congresso Internacional de Filosofia (2025) Em 2025, o evento passar\u00e1 a ser chamado de &#8220;Congresso Internacional de Filosofia&#8221; (levando-se em considera\u00e7\u00e3o as novas linhas de pesquisa e \u00e1rea de concentra\u00e7\u00e3o do Programa de P\u00f3s-Gradua\u00e7\u00e3o em Filosofia). O evento ter\u00e1 como tema &#8220;Natureza, Ecopol\u00edtica e Tecnologia&#8221; e ser\u00e1 realizado de 03 a 06 de novembro [&hellip;]<\/p>\n","protected":false},"author":471,"featured_media":0,"parent":0,"menu_order":0,"comment_status":"closed","ping_status":"closed","template":"","meta":{"footnotes":""},"class_list":["post-67","page","type-page","status-publish","hentry","post"],"publishpress_future_action":{"enabled":false,"date":"2026-04-14 13:52:35","action":"change-status","newStatus":"draft","terms":[],"taxonomy":"","extraData":[]},"publishpress_future_workflow_manual_trigger":{"enabledWorkflows":[]},"_links":{"self":[{"href":"https:\/\/wp.ufpel.edu.br\/cifmp\/wp-json\/wp\/v2\/pages\/67","targetHints":{"allow":["GET"]}}],"collection":[{"href":"https:\/\/wp.ufpel.edu.br\/cifmp\/wp-json\/wp\/v2\/pages"}],"about":[{"href":"https:\/\/wp.ufpel.edu.br\/cifmp\/wp-json\/wp\/v2\/types\/page"}],"author":[{"embeddable":true,"href":"https:\/\/wp.ufpel.edu.br\/cifmp\/wp-json\/wp\/v2\/users\/471"}],"replies":[{"embeddable":true,"href":"https:\/\/wp.ufpel.edu.br\/cifmp\/wp-json\/wp\/v2\/comments?post=67"}],"version-history":[{"count":4,"href":"https:\/\/wp.ufpel.edu.br\/cifmp\/wp-json\/wp\/v2\/pages\/67\/revisions"}],"predecessor-version":[{"id":784,"href":"https:\/\/wp.ufpel.edu.br\/cifmp\/wp-json\/wp\/v2\/pages\/67\/revisions\/784"}],"wp:attachment":[{"href":"https:\/\/wp.ufpel.edu.br\/cifmp\/wp-json\/wp\/v2\/media?parent=67"}],"curies":[{"name":"wp","href":"https:\/\/api.w.org\/{rel}","templated":true}]}}