{"id":197,"date":"2017-07-03T10:22:43","date_gmt":"2017-07-03T13:22:43","guid":{"rendered":"https:\/\/wp.ufpel.edu.br\/cifmp\/?page_id=197"},"modified":"2024-10-29T19:52:57","modified_gmt":"2024-10-29T22:52:57","slug":"livros-e-anais-de-comunicacao","status":"publish","type":"page","link":"https:\/\/wp.ufpel.edu.br\/cifmp\/livros-e-anais-de-comunicacao\/","title":{"rendered":"Livros e Anais"},"content":{"rendered":"<h4 style=\"text-align: center;\"><span style=\"color: #000000;\"><strong>\u00bb<em>\u00a0 <\/em>Livros<\/strong><\/span><\/h4>\n<h4 style=\"text-align: center;\"><span style=\"color: #000000;\"><a href=\"http:\/\/nepfil.ufpel.edu.br\/publicacoes\/1-sobre-normatividade-e-racionalidade-pratica.pdf\" target=\"_blank\" rel=\"noopener\"><img loading=\"lazy\" decoding=\"async\" class=\"aligncenter wp-image-260 size-medium\" src=\"https:\/\/wp.ufpel.edu.br\/cifmp\/files\/2017\/07\/1-sobre-normatividade-e-racionalidade-pratica-1-1-224x318.jpg\" alt=\"\" width=\"224\" height=\"318\" srcset=\"https:\/\/wp.ufpel.edu.br\/cifmp\/files\/2017\/07\/1-sobre-normatividade-e-racionalidade-pratica-1-1-224x318.jpg 224w, https:\/\/wp.ufpel.edu.br\/cifmp\/files\/2017\/07\/1-sobre-normatividade-e-racionalidade-pratica-1-1-112x159.jpg 112w, https:\/\/wp.ufpel.edu.br\/cifmp\/files\/2017\/07\/1-sobre-normatividade-e-racionalidade-pratica-1-1-768x1091.jpg 768w, https:\/\/wp.ufpel.edu.br\/cifmp\/files\/2017\/07\/1-sobre-normatividade-e-racionalidade-pratica-1-1-211x300.jpg 211w, https:\/\/wp.ufpel.edu.br\/cifmp\/files\/2017\/07\/1-sobre-normatividade-e-racionalidade-pratica-1-1.jpg 1164w\" sizes=\"auto, (max-width: 224px) 100vw, 224px\" \/><\/a><\/span><span style=\"color: #000000;\">\u00a0\u00a0\u00a0\u00a0\u00a0\u00a0\u00a0\u00a0\u00a0\u00a0\u00a0\u00a0\u00a0\u00a0\u00a0\u00a0\u00a0\u00a0\u00a0\u00a0\u00a0\u00a0\u00a0\u00a0\u00a0\u00a0\u00a0\u00a0\u00a0\u00a0\u00a0\u00a0\u00a0\u00a0\u00a0\u00a0\u00a0\u00a0\u00a0\u00a0\u00a0\u00a0\u00a0\u00a0\u00a0\u00a0\u00a0\u00a0\u00a0\u00a0\u00a0\u00a0\u00a0\u00a0\u00a0\u00a0\u00a0\u00a0\u00a0\u00a0\u00a0\u00a0\u00a0\u00a0\u00a0\u00a0\u00a0\u00a0\u00a0\u00a0\u00a0\u00a0\u00a0\u00a0\u00a0\u00a0\u00a0\u00a0\u00a0\u00a0\u00a0\u00a0\u00a0\u00a0\u00a0 <\/span><a href=\"http:\/\/nepfil.ufpel.edu.br\/publicacoes\/1-sobre-responsabilidade.pdf\" target=\"_blank\" rel=\"attachment wp-att-259 noopener\"><img loading=\"lazy\" decoding=\"async\" class=\"wp-image-259 size-medium aligncenter\" src=\"https:\/\/wp.ufpel.edu.br\/cifmp\/files\/2017\/07\/1-sobre-responsabilidade-1-224x318.jpg\" alt=\"\" width=\"224\" height=\"318\" srcset=\"https:\/\/wp.ufpel.edu.br\/cifmp\/files\/2017\/07\/1-sobre-responsabilidade-1-224x318.jpg 224w, https:\/\/wp.ufpel.edu.br\/cifmp\/files\/2017\/07\/1-sobre-responsabilidade-1-112x159.jpg 112w, https:\/\/wp.ufpel.edu.br\/cifmp\/files\/2017\/07\/1-sobre-responsabilidade-1-768x1089.jpg 768w, https:\/\/wp.ufpel.edu.br\/cifmp\/files\/2017\/07\/1-sobre-responsabilidade-1-211x300.jpg 211w, https:\/\/wp.ufpel.edu.br\/cifmp\/files\/2017\/07\/1-sobre-responsabilidade-1.jpg 1166w\" sizes=\"auto, (max-width: 224px) 100vw, 224px\" \/><\/a><\/h4>\n<p style=\"text-align: center;\"><span style=\"color: #000000;\">\u00a0 <\/span><a href=\"http:\/\/cifmp.ufpel.edu.br\/arquivos\/livro.pdf\" target=\"_blank\" rel=\"attachment wp-att-258 noopener\"><img loading=\"lazy\" decoding=\"async\" class=\"alignnone wp-image-328\" src=\"https:\/\/wp.ufpel.edu.br\/cifmp\/files\/2017\/07\/A\u00e7\u00e3o-e-Justifica\u00e7\u00e3o.jpg\" alt=\"\" width=\"231\" height=\"347\" srcset=\"https:\/\/wp.ufpel.edu.br\/cifmp\/files\/2017\/07\/A\u00e7\u00e3o-e-Justifica\u00e7\u00e3o.jpg 125w, https:\/\/wp.ufpel.edu.br\/cifmp\/files\/2017\/07\/A\u00e7\u00e3o-e-Justifica\u00e7\u00e3o-106x159.jpg 106w\" sizes=\"auto, (max-width: 231px) 100vw, 231px\" \/><\/a><\/p>\n<p style=\"text-align: center;\"><a href=\"http:\/\/cifmp.ufpel.edu.br\/arquivos\/livro2.pdf\" target=\"_blank\" rel=\"attachment wp-att-261 noopener\"><img loading=\"lazy\" decoding=\"async\" class=\"alignnone wp-image-329\" src=\"https:\/\/wp.ufpel.edu.br\/cifmp\/files\/2017\/07\/Virtudes-Direitos-e.jpg\" alt=\"\" width=\"233\" height=\"351\" srcset=\"https:\/\/wp.ufpel.edu.br\/cifmp\/files\/2017\/07\/Virtudes-Direitos-e.jpg 125w, https:\/\/wp.ufpel.edu.br\/cifmp\/files\/2017\/07\/Virtudes-Direitos-e-106x159.jpg 106w\" sizes=\"auto, (max-width: 233px) 100vw, 233px\" \/><\/a><\/p>\n<p style=\"text-align: center;\"><span style=\"color: #000000;\"><strong>\u00a0\u00a0\u00a0\u00a0 \u00bb\u00a0 Anais de Comunica\u00e7\u00f5es <\/strong><\/span><\/p>\n<p style=\"text-align: center;\"><a href=\"http:\/\/nepfil.ufpel.edu.br\/publicacoes\/1-anais-fil-mor-pol.pdf\" rel=\"attachment wp-att-256\"><img loading=\"lazy\" decoding=\"async\" class=\" wp-image-256 aligncenter\" src=\"https:\/\/wp.ufpel.edu.br\/cifmp\/files\/2017\/07\/Anais-Sobre-Normatividade-1-224x318.jpg\" alt=\"\" width=\"225\" height=\"320\" srcset=\"https:\/\/wp.ufpel.edu.br\/cifmp\/files\/2017\/07\/Anais-Sobre-Normatividade-1-224x318.jpg 224w, https:\/\/wp.ufpel.edu.br\/cifmp\/files\/2017\/07\/Anais-Sobre-Normatividade-1-112x159.jpg 112w, https:\/\/wp.ufpel.edu.br\/cifmp\/files\/2017\/07\/Anais-Sobre-Normatividade-1-768x1091.jpg 768w, https:\/\/wp.ufpel.edu.br\/cifmp\/files\/2017\/07\/Anais-Sobre-Normatividade-1-211x300.jpg 211w, https:\/\/wp.ufpel.edu.br\/cifmp\/files\/2017\/07\/Anais-Sobre-Normatividade-1.jpg 1164w\" sizes=\"auto, (max-width: 225px) 100vw, 225px\" \/><\/a><\/p>\n<p><a href=\"http:\/\/nepfil.ufpel.edu.br\/publicacoes\/2-anais-sobre-responsabilidade-contemporaneidade.pdf\" rel=\"attachment wp-att-251\"><img loading=\"lazy\" decoding=\"async\" class=\"size-medium wp-image-251 aligncenter\" src=\"https:\/\/wp.ufpel.edu.br\/cifmp\/files\/2017\/07\/2-anais-sobre-responsabilidade-contemporaneidade-1-224x318.jpg\" alt=\"\" width=\"224\" height=\"318\" srcset=\"https:\/\/wp.ufpel.edu.br\/cifmp\/files\/2017\/07\/2-anais-sobre-responsabilidade-contemporaneidade-1-224x318.jpg 224w, https:\/\/wp.ufpel.edu.br\/cifmp\/files\/2017\/07\/2-anais-sobre-responsabilidade-contemporaneidade-1-112x159.jpg 112w, https:\/\/wp.ufpel.edu.br\/cifmp\/files\/2017\/07\/2-anais-sobre-responsabilidade-contemporaneidade-1-768x1089.jpg 768w, https:\/\/wp.ufpel.edu.br\/cifmp\/files\/2017\/07\/2-anais-sobre-responsabilidade-contemporaneidade-1-211x300.jpg 211w, https:\/\/wp.ufpel.edu.br\/cifmp\/files\/2017\/07\/2-anais-sobre-responsabilidade-contemporaneidade-1.jpg 1166w\" sizes=\"auto, (max-width: 224px) 100vw, 224px\" \/><\/a><\/p>\n<p><a href=\"https:\/\/wp.ufpel.edu.br\/cifmp\/livros-e-anais-de-comunicacao\/2-anais-sobre-responsabilidade-modernidade-1\/\" rel=\"attachment wp-att-254\"><img loading=\"lazy\" decoding=\"async\" class=\"size-medium wp-image-254 aligncenter\" src=\"https:\/\/wp.ufpel.edu.br\/cifmp\/files\/2017\/07\/2-anais-sobre-responsabilidade-modernidade-1-224x318.jpg\" alt=\"\" width=\"224\" height=\"318\" srcset=\"https:\/\/wp.ufpel.edu.br\/cifmp\/files\/2017\/07\/2-anais-sobre-responsabilidade-modernidade-1-224x318.jpg 224w, https:\/\/wp.ufpel.edu.br\/cifmp\/files\/2017\/07\/2-anais-sobre-responsabilidade-modernidade-1-112x159.jpg 112w, https:\/\/wp.ufpel.edu.br\/cifmp\/files\/2017\/07\/2-anais-sobre-responsabilidade-modernidade-1-768x1089.jpg 768w, https:\/\/wp.ufpel.edu.br\/cifmp\/files\/2017\/07\/2-anais-sobre-responsabilidade-modernidade-1-211x300.jpg 211w, https:\/\/wp.ufpel.edu.br\/cifmp\/files\/2017\/07\/2-anais-sobre-responsabilidade-modernidade-1.jpg 1166w\" sizes=\"auto, (max-width: 224px) 100vw, 224px\" \/><\/a><\/p>\n<p><a href=\"http:\/\/nepfil.ufpel.edu.br\/publicacoes\/2-anais-sobre-responsabilidade-medievo.pdf\" rel=\"attachment wp-att-255\"><img loading=\"lazy\" decoding=\"async\" class=\"size-medium wp-image-255 aligncenter\" src=\"https:\/\/wp.ufpel.edu.br\/cifmp\/files\/2017\/07\/2-anais-sobre-responsabilidade-medievo-1-224x318.jpg\" alt=\"\" width=\"224\" height=\"318\" srcset=\"https:\/\/wp.ufpel.edu.br\/cifmp\/files\/2017\/07\/2-anais-sobre-responsabilidade-medievo-1-224x318.jpg 224w, https:\/\/wp.ufpel.edu.br\/cifmp\/files\/2017\/07\/2-anais-sobre-responsabilidade-medievo-1-112x159.jpg 112w, https:\/\/wp.ufpel.edu.br\/cifmp\/files\/2017\/07\/2-anais-sobre-responsabilidade-medievo-1-768x1089.jpg 768w, https:\/\/wp.ufpel.edu.br\/cifmp\/files\/2017\/07\/2-anais-sobre-responsabilidade-medievo-1-211x300.jpg 211w, https:\/\/wp.ufpel.edu.br\/cifmp\/files\/2017\/07\/2-anais-sobre-responsabilidade-medievo-1.jpg 1166w\" sizes=\"auto, (max-width: 224px) 100vw, 224px\" \/><\/a><\/p>\n<p><span style=\"color: #000000;\">\u00a0\u00a0\u00a0\u00a0\u00a0\u00a0\u00a0\u00a0\u00a0\u00a0\u00a0\u00a0\u00a0\u00a0\u00a0\u00a0\u00a0\u00a0\u00a0\u00a0\u00a0\u00a0\u00a0\u00a0\u00a0\u00a0\u00a0\u00a0\u00a0\u00a0\u00a0\u00a0\u00a0\u00a0\u00a0\u00a0\u00a0\u00a0\u00a0\u00a0\u00a0\u00a0\u00a0\u00a0\u00a0\u00a0\u00a0\u00a0\u00a0\u00a0\u00a0\u00a0\u00a0\u00a0\u00a0\u00a0\u00a0\u00a0\u00a0\u00a0\u00a0\u00a0 <\/span><\/p>\n","protected":false},"excerpt":{"rendered":"<p>\u00bb\u00a0 Livros \u00a0\u00a0\u00a0\u00a0\u00a0\u00a0\u00a0\u00a0\u00a0\u00a0\u00a0\u00a0\u00a0\u00a0\u00a0\u00a0\u00a0\u00a0\u00a0\u00a0\u00a0\u00a0\u00a0\u00a0\u00a0\u00a0\u00a0\u00a0\u00a0\u00a0\u00a0\u00a0\u00a0\u00a0\u00a0\u00a0\u00a0\u00a0\u00a0\u00a0\u00a0\u00a0\u00a0\u00a0\u00a0\u00a0\u00a0\u00a0\u00a0\u00a0\u00a0\u00a0\u00a0\u00a0\u00a0\u00a0\u00a0\u00a0\u00a0\u00a0\u00a0\u00a0\u00a0\u00a0\u00a0\u00a0\u00a0\u00a0\u00a0\u00a0\u00a0\u00a0\u00a0\u00a0\u00a0\u00a0\u00a0\u00a0\u00a0\u00a0\u00a0\u00a0\u00a0\u00a0\u00a0 \u00a0 \u00a0\u00a0\u00a0\u00a0 \u00bb\u00a0 Anais de Comunica\u00e7\u00f5es \u00a0\u00a0\u00a0\u00a0\u00a0\u00a0\u00a0\u00a0\u00a0\u00a0\u00a0\u00a0\u00a0\u00a0\u00a0\u00a0\u00a0\u00a0\u00a0\u00a0\u00a0\u00a0\u00a0\u00a0\u00a0\u00a0\u00a0\u00a0\u00a0\u00a0\u00a0\u00a0\u00a0\u00a0\u00a0\u00a0\u00a0\u00a0\u00a0\u00a0\u00a0\u00a0\u00a0\u00a0\u00a0\u00a0\u00a0\u00a0\u00a0\u00a0\u00a0\u00a0\u00a0\u00a0\u00a0\u00a0\u00a0\u00a0\u00a0\u00a0\u00a0\u00a0<\/p>\n","protected":false},"author":471,"featured_media":0,"parent":0,"menu_order":0,"comment_status":"closed","ping_status":"closed","template":"","meta":{"footnotes":""},"class_list":["post-197","page","type-page","status-publish","hentry","post"],"publishpress_future_action":{"enabled":false,"date":"2026-05-13 11:01:37","action":"change-status","newStatus":"draft","terms":[],"taxonomy":"","extraData":[]},"publishpress_future_workflow_manual_trigger":{"enabledWorkflows":[]},"_links":{"self":[{"href":"https:\/\/wp.ufpel.edu.br\/cifmp\/wp-json\/wp\/v2\/pages\/197","targetHints":{"allow":["GET"]}}],"collection":[{"href":"https:\/\/wp.ufpel.edu.br\/cifmp\/wp-json\/wp\/v2\/pages"}],"about":[{"href":"https:\/\/wp.ufpel.edu.br\/cifmp\/wp-json\/wp\/v2\/types\/page"}],"author":[{"embeddable":true,"href":"https:\/\/wp.ufpel.edu.br\/cifmp\/wp-json\/wp\/v2\/users\/471"}],"replies":[{"embeddable":true,"href":"https:\/\/wp.ufpel.edu.br\/cifmp\/wp-json\/wp\/v2\/comments?post=197"}],"version-history":[{"count":28,"href":"https:\/\/wp.ufpel.edu.br\/cifmp\/wp-json\/wp\/v2\/pages\/197\/revisions"}],"predecessor-version":[{"id":711,"href":"https:\/\/wp.ufpel.edu.br\/cifmp\/wp-json\/wp\/v2\/pages\/197\/revisions\/711"}],"wp:attachment":[{"href":"https:\/\/wp.ufpel.edu.br\/cifmp\/wp-json\/wp\/v2\/media?parent=197"}],"curies":[{"name":"wp","href":"https:\/\/api.w.org\/{rel}","templated":true}]}}