{"id":36,"date":"2010-05-03T21:36:55","date_gmt":"2010-05-04T00:36:55","guid":{"rendered":"https:\/\/wp.ufpel.edu.br\/cienciassociais\/?page_id=36"},"modified":"2024-03-12T17:11:59","modified_gmt":"2024-03-12T20:11:59","slug":"estagios","status":"publish","type":"page","link":"https:\/\/wp.ufpel.edu.br\/cienciassociais\/estagios\/","title":{"rendered":"Est\u00e1gios Licenciatura"},"content":{"rendered":"<p>No Curso de Ci\u00eancias Sociais, os est\u00e1gios podem ser classificados como obrigat\u00f3rios ou n\u00e3o obrigat\u00f3rios, a regulamenta\u00e7\u00e3o dos mesmos estando especificada nos projetos pedag\u00f3gicos.<\/p>\n<p>Na Licenciatura, o est\u00e1gio obrigat\u00f3rio \u00e9 parte essencial da forma\u00e7\u00e3o, ainda que os alunos possam, tamb\u00e9m, realizar est\u00e1gios n\u00e3o obrigat\u00f3rios. No documento abaixo, veja o detalhamento dos est\u00e1gios na licenciatura:<\/p>\n<p><a href=\"https:\/\/wp.ufpel.edu.br\/cienciassociais\/files\/2010\/05\/Est\u00e1gios-Ci\u00eancias-Sociais-Licenciatura.pdf\">Est\u00e1gios Ci\u00eancias Sociais Licenciatura<\/a><\/p>\n","protected":false},"excerpt":{"rendered":"<p>No Curso de Ci\u00eancias Sociais, os est\u00e1gios podem ser classificados como obrigat\u00f3rios ou n\u00e3o obrigat\u00f3rios, a regulamenta\u00e7\u00e3o dos mesmos estando especificada nos projetos pedag\u00f3gicos. Na Licenciatura, o est\u00e1gio obrigat\u00f3rio \u00e9 parte essencial da forma\u00e7\u00e3o, ainda que os alunos possam, tamb\u00e9m, realizar est\u00e1gios n\u00e3o obrigat\u00f3rios. No documento abaixo, veja o detalhamento dos est\u00e1gios na licenciatura: Est\u00e1gios [&hellip;]<\/p>\n","protected":false},"author":56,"featured_media":0,"parent":0,"menu_order":6,"comment_status":"closed","ping_status":"closed","template":"","meta":{"footnotes":""},"class_list":["post-36","page","type-page","status-publish","hentry"],"_links":{"self":[{"href":"https:\/\/wp.ufpel.edu.br\/cienciassociais\/wp-json\/wp\/v2\/pages\/36","targetHints":{"allow":["GET"]}}],"collection":[{"href":"https:\/\/wp.ufpel.edu.br\/cienciassociais\/wp-json\/wp\/v2\/pages"}],"about":[{"href":"https:\/\/wp.ufpel.edu.br\/cienciassociais\/wp-json\/wp\/v2\/types\/page"}],"author":[{"embeddable":true,"href":"https:\/\/wp.ufpel.edu.br\/cienciassociais\/wp-json\/wp\/v2\/users\/56"}],"replies":[{"embeddable":true,"href":"https:\/\/wp.ufpel.edu.br\/cienciassociais\/wp-json\/wp\/v2\/comments?post=36"}],"version-history":[{"count":8,"href":"https:\/\/wp.ufpel.edu.br\/cienciassociais\/wp-json\/wp\/v2\/pages\/36\/revisions"}],"predecessor-version":[{"id":1464,"href":"https:\/\/wp.ufpel.edu.br\/cienciassociais\/wp-json\/wp\/v2\/pages\/36\/revisions\/1464"}],"wp:attachment":[{"href":"https:\/\/wp.ufpel.edu.br\/cienciassociais\/wp-json\/wp\/v2\/media?parent=36"}],"curies":[{"name":"wp","href":"https:\/\/api.w.org\/{rel}","templated":true}]}}