{"id":351,"date":"2011-07-14T15:13:37","date_gmt":"2011-07-14T18:13:37","guid":{"rendered":"https:\/\/wp.ufpel.edu.br\/cienciassociais\/"},"modified":"2024-03-11T20:51:05","modified_gmt":"2024-03-11T23:51:05","slug":"bacharelado","status":"publish","type":"page","link":"https:\/\/wp.ufpel.edu.br\/cienciassociais\/projetos-pedagogicos\/grade-curricular\/bacharelado\/","title":{"rendered":"Matriz Curricular &#8211; Ci\u00eancias Sociais &#8211; Bacharelado"},"content":{"rendered":"<p>Matriz Curricular &#8211; <strong>Ci\u00eancias Sociais &#8211; Bacharelado &#8211; 2024<\/strong><\/p>\n<p>&nbsp;<\/p>\n<table class=\"dados-cobalto tabela-disciplinas\"><tr><th colspan=\"5\" class=\"tabela-quebra\">1\u00ba Semestre<\/th><\/tr><tr><th>C\u00f3digo<\/th><th>Disciplina \/ Pr\u00e9-requisitos<\/th><th>Car\u00e1ter<\/th><th>Cr.<\/th><th>Horas<\/th><\/tr><tr><td>06560151<\/td><td><a href=\"https:\/\/institucional.ufpel.edu.br\/disciplinas\/id\/46161\" target=\"_blank\">ANTECEDENTES HIST\u00d3RICOS E INTELECTUAIS DA SOCIOLOGIA<\/a><\/td><td>Obrigat\u00f3ria<\/td><td>4<\/td><td>60<\/td><\/tr><tr><td>10910087<\/td><td><a href=\"https:\/\/institucional.ufpel.edu.br\/disciplinas\/id\/28956\" target=\"_blank\">ANTROPOLOGIA I <\/a><\/td><td>Obrigat\u00f3ria<\/td><td>4<\/td><td>60<\/td><\/tr><tr><td>06560066<\/td><td><a href=\"https:\/\/institucional.ufpel.edu.br\/disciplinas\/id\/31030\" target=\"_blank\">CI\u00caNCIA POL\u00cdTICA I<\/a><\/td><td>Obrigat\u00f3ria<\/td><td>4<\/td><td>60<\/td><\/tr><tr><td>06730028<\/td><td><a href=\"https:\/\/institucional.ufpel.edu.br\/disciplinas\/id\/29609\" target=\"_blank\">FILOSOFIA<\/a><\/td><td>Obrigat\u00f3ria<\/td><td>4<\/td><td>60<\/td><\/tr><tr><td>10060104<\/td><td><a href=\"https:\/\/institucional.ufpel.edu.br\/disciplinas\/id\/30241\" target=\"_blank\">GEOGRAFIA<\/a><\/td><td>Obrigat\u00f3ria<\/td><td>2<\/td><td>30<\/td><\/tr><tr><td>10900075<\/td><td><a href=\"https:\/\/institucional.ufpel.edu.br\/disciplinas\/id\/30455\" target=\"_blank\">HIST\u00d3RIA<\/a><\/td><td>Obrigat\u00f3ria<\/td><td>2<\/td><td>30<\/td><\/tr><tr><th colspan=\"5\" class=\"tabela-quebra\">2\u00ba Semestre<\/th><\/tr><tr><th>C\u00f3digo<\/th><th>Disciplina \/ Pr\u00e9-requisitos<\/th><th>Car\u00e1ter<\/th><th>Cr.<\/th><th>Horas<\/th><\/tr><tr><td>10910091<\/td><td><a href=\"https:\/\/institucional.ufpel.edu.br\/disciplinas\/id\/28960\" target=\"_blank\">ANTROPOLOGIA II<\/a><\/td><td>Obrigat\u00f3ria<\/td><td>4<\/td><td>60<\/td><\/tr><tr><td>06560002<\/td><td><a href=\"https:\/\/institucional.ufpel.edu.br\/disciplinas\/id\/30966\" target=\"_blank\">CI\u00caNCIA POL\u00cdTICA II<\/a><\/td><td>Obrigat\u00f3ria<\/td><td>4<\/td><td>60<\/td><\/tr><tr><td>06560044<\/td><td><a href=\"https:\/\/institucional.ufpel.edu.br\/disciplinas\/id\/31008\" target=\"_blank\">EPISTEMOLOGIA DAS CI\u00caNCIAS SOCIAIS<\/a><\/td><td>Obrigat\u00f3ria<\/td><td>4<\/td><td>60<\/td><\/tr><tr><td>06560093<\/td><td><a href=\"https:\/\/institucional.ufpel.edu.br\/disciplinas\/id\/31057\" target=\"_blank\">PRODU\u00c7\u00c3O E INTERPRETA\u00c7\u00c3O DE TEXTOS CIENT\u00cdFICOS<\/a><\/td><td>Obrigat\u00f3ria<\/td><td>4<\/td><td>60<\/td><\/tr><tr><td>06560154<\/td><td><a href=\"https:\/\/institucional.ufpel.edu.br\/disciplinas\/id\/46165\" target=\"_blank\">SOCIOLOGIA CL\u00c1SSICA<\/a><\/td><td>Obrigat\u00f3ria<\/td><td>4<\/td><td>60<\/td><\/tr><tr><th colspan=\"5\" class=\"tabela-quebra\">3\u00ba Semestre<\/th><\/tr><tr><th>C\u00f3digo<\/th><th>Disciplina \/ Pr\u00e9-requisitos<\/th><th>Car\u00e1ter<\/th><th>Cr.<\/th><th>Horas<\/th><\/tr><tr><td>10910088<\/td><td><a href=\"https:\/\/institucional.ufpel.edu.br\/disciplinas\/id\/28957\" target=\"_blank\">ANTROPOLOGIA III<\/a><\/td><td>Obrigat\u00f3ria<\/td><td>4<\/td><td>60<\/td><\/tr><tr><td>06560006<\/td><td><a href=\"https:\/\/institucional.ufpel.edu.br\/disciplinas\/id\/30970\" target=\"_blank\">CI\u00caNCIA POL\u00cdTICA III<\/a><\/td><td>Obrigat\u00f3ria<\/td><td>4<\/td><td>60<\/td><\/tr><tr><td>11100062<\/td><td><a href=\"https:\/\/institucional.ufpel.edu.br\/disciplinas\/id\/30547\" target=\"_blank\">ESTAT\u00cdSTICA I<\/a><\/td><td>Obrigat\u00f3ria<\/td><td>2<\/td><td>30<\/td><\/tr><tr><td>06560075<\/td><td><a href=\"https:\/\/institucional.ufpel.edu.br\/disciplinas\/id\/31039\" target=\"_blank\">METODOLOGIA I <\/a><div class=\"tabela-detalhe-info\">06560044 - EPISTEMOLOGIA DAS CI\u00caNCIAS SOCIAIS<\/div><\/td><td>Obrigat\u00f3ria<\/td><td>4<\/td><td>60<\/td><\/tr><tr><td>06560158<\/td><td><a href=\"https:\/\/institucional.ufpel.edu.br\/disciplinas\/id\/46169\" target=\"_blank\">SOCIOLOGIA P\u00d3S-CL\u00c1SSICA<\/a><\/td><td>Obrigat\u00f3ria<\/td><td>4<\/td><td>60<\/td><\/tr><tr><th colspan=\"5\" class=\"tabela-quebra\">4\u00ba Semestre<\/th><\/tr><tr><th>C\u00f3digo<\/th><th>Disciplina \/ Pr\u00e9-requisitos<\/th><th>Car\u00e1ter<\/th><th>Cr.<\/th><th>Horas<\/th><\/tr><tr><td>10910089<\/td><td><a href=\"https:\/\/institucional.ufpel.edu.br\/disciplinas\/id\/28958\" target=\"_blank\">ANTROPOLOGIA IV<\/a><\/td><td>Obrigat\u00f3ria<\/td><td>4<\/td><td>60<\/td><\/tr><tr><td>06560008<\/td><td><a href=\"https:\/\/institucional.ufpel.edu.br\/disciplinas\/id\/30972\" target=\"_blank\">CI\u00caNCIA POL\u00cdTICA IV<\/a><\/td><td>Obrigat\u00f3ria<\/td><td>4<\/td><td>60<\/td><\/tr><tr><td>11100063<\/td><td><a href=\"https:\/\/institucional.ufpel.edu.br\/disciplinas\/id\/30548\" target=\"_blank\">ESTAT\u00cdSTICA II<\/a><div class=\"tabela-detalhe-info\">11100062 - ESTAT\u00cdSTICA I<\/div><\/td><td>Obrigat\u00f3ria<\/td><td>4<\/td><td>60<\/td><\/tr><tr><td>06560076<\/td><td><a href=\"https:\/\/institucional.ufpel.edu.br\/disciplinas\/id\/31040\" target=\"_blank\">METODOLOGIA II<\/a><div class=\"tabela-detalhe-info\">06560075 - METODOLOGIA I <\/div><\/td><td>Obrigat\u00f3ria<\/td><td>4<\/td><td>60<\/td><\/tr><tr><td>06560162<\/td><td><a href=\"https:\/\/institucional.ufpel.edu.br\/disciplinas\/id\/46179\" target=\"_blank\">SOCIOLOGIA CONTEMPOR\u00c2NEA<\/a><\/td><td>Obrigat\u00f3ria<\/td><td>4<\/td><td>60<\/td><\/tr><tr><th colspan=\"5\" class=\"tabela-quebra\">5\u00ba Semestre<\/th><\/tr><tr><th>C\u00f3digo<\/th><th>Disciplina \/ Pr\u00e9-requisitos<\/th><th>Car\u00e1ter<\/th><th>Cr.<\/th><th>Horas<\/th><\/tr><tr><td>10910090<\/td><td><a href=\"https:\/\/institucional.ufpel.edu.br\/disciplinas\/id\/28959\" target=\"_blank\">ANTROPOLOGIA V<\/a><\/td><td>Obrigat\u00f3ria<\/td><td>4<\/td><td>60<\/td><\/tr><tr><td>06560027<\/td><td><a href=\"https:\/\/institucional.ufpel.edu.br\/disciplinas\/id\/30991\" target=\"_blank\">CI\u00caNCIA POL\u00cdTICA V<\/a><\/td><td>Obrigat\u00f3ria<\/td><td>4<\/td><td>60<\/td><\/tr><tr><td>06560206<\/td><td><a href=\"https:\/\/institucional.ufpel.edu.br\/disciplinas\/id\/46823\" target=\"_blank\">LABORAT\u00d3RIO DE PROJETOS SOCIAIS<\/a><\/td><td>Obrigat\u00f3ria<\/td><td>6<\/td><td>90<\/td><\/tr><tr><td>06560077<\/td><td><a href=\"https:\/\/institucional.ufpel.edu.br\/disciplinas\/id\/31041\" target=\"_blank\">METODOLOGIA III<\/a><div class=\"tabela-detalhe-info\">06560075 - METODOLOGIA I <\/div><\/td><td>Obrigat\u00f3ria<\/td><td>4<\/td><td>60<\/td><\/tr><tr><td>06560166<\/td><td><a href=\"https:\/\/institucional.ufpel.edu.br\/disciplinas\/id\/46184\" target=\"_blank\">SOCIOLOGIA BRASILEIRA<\/a><\/td><td>Obrigat\u00f3ria<\/td><td>4<\/td><td>60<\/td><\/tr><tr><th colspan=\"5\" class=\"tabela-quebra\">6\u00ba Semestre<\/th><\/tr><tr><th>C\u00f3digo<\/th><th>Disciplina \/ Pr\u00e9-requisitos<\/th><th>Car\u00e1ter<\/th><th>Cr.<\/th><th>Horas<\/th><\/tr><tr><td>06560078<\/td><td><a href=\"https:\/\/institucional.ufpel.edu.br\/disciplinas\/id\/31042\" target=\"_blank\">METODOLOGIA IV<\/a><\/td><td>Obrigat\u00f3ria<\/td><td>4<\/td><td>60<\/td><\/tr><tr><th colspan=\"5\" class=\"tabela-quebra\">7\u00ba Semestre<\/th><\/tr><tr><th>C\u00f3digo<\/th><th>Disciplina \/ Pr\u00e9-requisitos<\/th><th>Car\u00e1ter<\/th><th>Cr.<\/th><th>Horas<\/th><\/tr><tr><td>06560083<\/td><td><a href=\"https:\/\/institucional.ufpel.edu.br\/disciplinas\/id\/31047\" target=\"_blank\">ELABORA\u00c7\u00c3O DE TRABALHO DE CONCLUS\u00c3O DE CURSO I<\/a><div class=\"tabela-detalhe-info\">06560044 - EPISTEMOLOGIA DAS CI\u00caNCIAS SOCIAIS<\/div><div class=\"tabela-detalhe-info\">06560075 - METODOLOGIA I <\/div><div class=\"tabela-detalhe-info\">06560076 - METODOLOGIA II<\/div><div class=\"tabela-detalhe-info\">06560077 - METODOLOGIA III<\/div><div class=\"tabela-detalhe-info\">06560078 - METODOLOGIA IV<\/div><\/td><td>Obrigat\u00f3ria<\/td><td>10<\/td><td>150<\/td><\/tr><tr><th colspan=\"5\" class=\"tabela-quebra\">8\u00ba Semestre<\/th><\/tr><tr><th>C\u00f3digo<\/th><th>Disciplina \/ Pr\u00e9-requisitos<\/th><th>Car\u00e1ter<\/th><th>Cr.<\/th><th>Horas<\/th><\/tr><tr><td>06560084<\/td><td><a href=\"https:\/\/institucional.ufpel.edu.br\/disciplinas\/id\/31048\" target=\"_blank\">ELABORA\u00c7\u00c3O DE TRABALHO DE CONCLUS\u00c3O DE CURSO II<\/a><div class=\"tabela-detalhe-info\">06560083 - ELABORA\u00c7\u00c3O DE TRABALHO DE CONCLUS\u00c3O DE CURSO I<\/div><\/td><td>Obrigat\u00f3ria<\/td><td>10<\/td><td>150<\/td><\/tr><tr><td>06560085<\/td><td><a href=\"https:\/\/institucional.ufpel.edu.br\/disciplinas\/id\/31049\" target=\"_blank\">ORIENTA\u00c7\u00c3O DE MONOGRAFIA<\/a><\/td><td>Obrigat\u00f3ria<\/td><td>2<\/td><td>30<\/td><\/tr><tr><th colspan=\"5\" class=\"tabela-quebra\">66<\/th><\/tr><tr><th>C\u00f3digo<\/th><th>Disciplina \/ Pr\u00e9-requisitos<\/th><th>Car\u00e1ter<\/th><th>Cr.<\/th><th>Horas<\/th><\/tr><tr><td>06560207<\/td><td><a href=\"https:\/\/institucional.ufpel.edu.br\/disciplinas\/id\/46824\" target=\"_blank\">ATIVIDADES DE EXTENS\u00c3O<\/a><\/td><td>Obrigat\u00f3ria<\/td><td>16<\/td><td>240<\/td><\/tr><tr><th colspan=\"5\" class=\"tabela-quebra\">COMPLEMENTARES<\/th><\/tr><tr><th>C\u00f3digo<\/th><th>Disciplina \/ Pr\u00e9-requisitos<\/th><th>Car\u00e1ter<\/th><th>Cr.<\/th><th>Horas<\/th><\/tr><tr><td>06560205<\/td><td><a href=\"https:\/\/institucional.ufpel.edu.br\/disciplinas\/id\/46822\" target=\"_blank\">ATIVIDADES COMPLEMENTARES<\/a><\/td><td>Atividade complementar<\/td><td><\/td><td>210<\/td><\/tr><tr><th colspan=\"5\" class=\"tabela-quebra\">OPTATIVAS<\/th><\/tr><tr><th>C\u00f3digo<\/th><th>Disciplina \/ Pr\u00e9-requisitos<\/th><th>Car\u00e1ter<\/th><th>Cr.<\/th><th>Horas<\/th><\/tr><tr><td>06560175<\/td><td><a href=\"https:\/\/institucional.ufpel.edu.br\/disciplinas\/id\/46196\" target=\"_blank\">AN\u00c1LISE DE POL\u00cdTICAS P\u00daBLICAS<\/a><\/td><td>Optativa<\/td><td>4<\/td><td>60<\/td><\/tr><tr><td>10910027<\/td><td><a href=\"https:\/\/institucional.ufpel.edu.br\/disciplinas\/id\/28896\" target=\"_blank\">ANTROPOLOGIA DA ALIMENTA\u00c7\u00c3O<\/a><\/td><td>Optativa<\/td><td>4<\/td><td>60<\/td><\/tr><tr><td>10910041<\/td><td><a href=\"https:\/\/institucional.ufpel.edu.br\/disciplinas\/id\/28910\" target=\"_blank\">ANTROPOLOGIA DA SA\u00daDE<\/a><\/td><td>Optativa<\/td><td>4<\/td><td>60<\/td><\/tr><tr><td>10910038<\/td><td><a href=\"https:\/\/institucional.ufpel.edu.br\/disciplinas\/id\/28907\" target=\"_blank\">ANTROPOLOGIA DO CONSUMO<\/a><\/td><td>Optativa<\/td><td>4<\/td><td>60<\/td><\/tr><tr><td>10910135<\/td><td><a href=\"https:\/\/institucional.ufpel.edu.br\/disciplinas\/id\/34817\" target=\"_blank\">ANTROPOLOGIA E MEIO AMBIENTE<\/a><\/td><td>Optativa<\/td><td>4<\/td><td>60<\/td><\/tr><tr><td>10910025<\/td><td><a href=\"https:\/\/institucional.ufpel.edu.br\/disciplinas\/id\/28894\" target=\"_blank\">ANTROPOLOGIA POL\u00cdTICA<\/a><\/td><td>Optativa<\/td><td>4<\/td><td>60<\/td><\/tr><tr><td>06560091<\/td><td><a href=\"https:\/\/institucional.ufpel.edu.br\/disciplinas\/id\/31055\" target=\"_blank\">A SOCIOLOGIA DE HENRI LEFEBVRE<\/a><\/td><td>Optativa<\/td><td>4<\/td><td>60<\/td><\/tr><tr><td>06560177<\/td><td><a href=\"https:\/\/institucional.ufpel.edu.br\/disciplinas\/id\/46198\" target=\"_blank\">AUTORREGULA\u00c7\u00c3O DA APRENDIZAGEM E AS PR\u00c1TICAS EM CONTEXTOS EDUCATIVOS<\/a><\/td><td>Optativa<\/td><td>4<\/td><td>60<\/td><\/tr><tr><td>06560049<\/td><td><a href=\"https:\/\/institucional.ufpel.edu.br\/disciplinas\/id\/31013\" target=\"_blank\">COMPORTAMENTO ELEITORAL<\/a><\/td><td>Optativa<\/td><td>4<\/td><td>60<\/td><\/tr><tr><td>06560050<\/td><td><a href=\"https:\/\/institucional.ufpel.edu.br\/disciplinas\/id\/31014\" target=\"_blank\">CULTURA POL\u00cdTICA<\/a><\/td><td>Optativa<\/td><td>4<\/td><td>60<\/td><\/tr><tr><td>10910052<\/td><td><a href=\"https:\/\/institucional.ufpel.edu.br\/disciplinas\/id\/28921\" target=\"_blank\">ESTUDOS ANTROPOL\u00d3GICOS DE G\u00caNERO E TEORIAS FEMINISTAS<\/a><\/td><td>Optativa<\/td><td>4<\/td><td>60<\/td><\/tr><tr><td>06560178<\/td><td><a href=\"https:\/\/institucional.ufpel.edu.br\/disciplinas\/id\/46199\" target=\"_blank\">ESTUDOS DE CI\u00caNCIA POL\u00cdTICA I<\/a><\/td><td>Optativa<\/td><td>4<\/td><td>60<\/td><\/tr><tr><td>06560179<\/td><td><a href=\"https:\/\/institucional.ufpel.edu.br\/disciplinas\/id\/46200\" target=\"_blank\">ESTUDOS DE CI\u00caNCIA POL\u00cdTICA II<\/a><\/td><td>Optativa<\/td><td>4<\/td><td>60<\/td><\/tr><tr><td>06560180<\/td><td><a href=\"https:\/\/institucional.ufpel.edu.br\/disciplinas\/id\/46201\" target=\"_blank\">ESTUDOS DE G\u00caNERO E TEORIAS FEMINISTAS<\/a><\/td><td>Optativa<\/td><td>4<\/td><td>60<\/td><\/tr><tr><td>06560087<\/td><td><a href=\"https:\/\/institucional.ufpel.edu.br\/disciplinas\/id\/31051\" target=\"_blank\">ETNOGRAFIA SOCIOL\u00d3GICA<\/a><\/td><td>Optativa<\/td><td>4<\/td><td>60<\/td><\/tr><tr><td>10910131<\/td><td><a href=\"https:\/\/institucional.ufpel.edu.br\/disciplinas\/id\/34808\" target=\"_blank\">ETNOLOGIA AFRO-AMERICANA 1<\/a><\/td><td>Optativa<\/td><td>4<\/td><td>60<\/td><\/tr><tr><td>10910130<\/td><td><a href=\"https:\/\/institucional.ufpel.edu.br\/disciplinas\/id\/34805\" target=\"_blank\">ETNOLOGIA AMER\u00cdNDIA I<\/a><\/td><td>Optativa<\/td><td>4<\/td><td>60<\/td><\/tr><tr><td>06560184<\/td><td><a href=\"https:\/\/institucional.ufpel.edu.br\/disciplinas\/id\/46205\" target=\"_blank\">INSTITUI\u00c7\u00d5ES E MODELOS DE CAPITALISMOS<\/a><\/td><td>Optativa<\/td><td>4<\/td><td>60<\/td><\/tr><tr><td>06560182<\/td><td><a href=\"https:\/\/institucional.ufpel.edu.br\/disciplinas\/id\/46203\" target=\"_blank\">INSTITUI\u00c7\u00d5ES POL\u00cdTICAS<\/a><\/td><td>Optativa<\/td><td>4<\/td><td>60<\/td><\/tr><tr><td>06560183<\/td><td><a href=\"https:\/\/institucional.ufpel.edu.br\/disciplinas\/id\/46204\" target=\"_blank\">INTRODU\u00c7\u00c3O \u00c0 SOCIOLOGIA DA VIOL\u00caNCIA<\/a><\/td><td>Optativa<\/td><td>4<\/td><td>60<\/td><\/tr><tr><td>06560185<\/td><td><a href=\"https:\/\/institucional.ufpel.edu.br\/disciplinas\/id\/46206\" target=\"_blank\">JUVENTUDES E CI\u00caNCIAS SOCIAIS<\/a><\/td><td>Optativa<\/td><td>4<\/td><td>60<\/td><\/tr><tr><td>10910069<\/td><td><a href=\"https:\/\/institucional.ufpel.edu.br\/disciplinas\/id\/28938\" target=\"_blank\">LEITURAS ETNOGR\u00c1FICAS I<\/a><\/td><td>Optativa<\/td><td>4<\/td><td>60<\/td><\/tr><tr><td>20000084<\/td><td><a href=\"https:\/\/institucional.ufpel.edu.br\/disciplinas\/id\/28026\" target=\"_blank\">L\u00cdNGUA BRASILEIRA DE SINAIS I ( LIBRAS I )<\/a><\/td><td>Optativa<\/td><td>4<\/td><td>60<\/td><\/tr><tr><td>06730045<\/td><td><a href=\"https:\/\/institucional.ufpel.edu.br\/disciplinas\/id\/29626\" target=\"_blank\">MICHEL FOUCAULT E SUA PERSPECTIVA TE\u00d3RICA ESTRUTURALISTA E P\u00d3S-ESTRUTURALISTA<\/a><\/td><td>Optativa<\/td><td>4<\/td><td>60<\/td><\/tr><tr><td>06560080<\/td><td><a href=\"https:\/\/institucional.ufpel.edu.br\/disciplinas\/id\/31044\" target=\"_blank\">MOVIMENTOS SOCIAIS E CIDADANIA<\/a><\/td><td>Optativa<\/td><td>4<\/td><td>60<\/td><\/tr><tr><td>10910053<\/td><td><a href=\"https:\/\/institucional.ufpel.edu.br\/disciplinas\/id\/28922\" target=\"_blank\">OFICINA DE IMAGEM E SOM EM ANTROPOLOGIA<\/a><\/td><td>Optativa<\/td><td>4<\/td><td>60<\/td><\/tr><tr><td>06560186<\/td><td><a href=\"https:\/\/institucional.ufpel.edu.br\/disciplinas\/id\/46207\" target=\"_blank\">OFICINA DE PESQUISA EM SOCIOLOGIA DA EDUCA\u00c7\u00c3O<\/a><\/td><td>Optativa<\/td><td>4<\/td><td>60<\/td><\/tr><tr><td>06560101<\/td><td><a href=\"https:\/\/institucional.ufpel.edu.br\/disciplinas\/id\/31065\" target=\"_blank\">PARTIDOS POL\u00cdTICOS NO BRASIL<\/a><\/td><td>Optativa<\/td><td>4<\/td><td>60<\/td><\/tr><tr><td>10910132<\/td><td><a href=\"https:\/\/institucional.ufpel.edu.br\/disciplinas\/id\/34811\" target=\"_blank\">PATRIM\u00d4NIO CULTURAL<\/a><\/td><td>Optativa<\/td><td>4<\/td><td>60<\/td><\/tr><tr><td>06560081<\/td><td><a href=\"https:\/\/institucional.ufpel.edu.br\/disciplinas\/id\/31045\" target=\"_blank\">PENSAMENTO POL\u00cdTICO BRASILEIRO<\/a><\/td><td>Optativa<\/td><td>4<\/td><td>60<\/td><\/tr><tr><td>10910134<\/td><td><a href=\"https:\/\/institucional.ufpel.edu.br\/disciplinas\/id\/34816\" target=\"_blank\">PESQUISA ETNOGR\u00c1FICA I<\/a><\/td><td>Optativa<\/td><td>4<\/td><td>60<\/td><\/tr><tr><td>06560082<\/td><td><a href=\"https:\/\/institucional.ufpel.edu.br\/disciplinas\/id\/31046\" target=\"_blank\">POL\u00cdTICA COMPARADA<\/a><\/td><td>Optativa<\/td><td>4<\/td><td>60<\/td><\/tr><tr><td>06560188<\/td><td><a href=\"https:\/\/institucional.ufpel.edu.br\/disciplinas\/id\/46209\" target=\"_blank\">POL\u00cdTICA E SOCIEDADE NA AM\u00c9RICA LATINA<\/a><\/td><td>Optativa<\/td><td>4<\/td><td>60<\/td><\/tr><tr><td>06560187<\/td><td><a href=\"https:\/\/institucional.ufpel.edu.br\/disciplinas\/id\/46208\" target=\"_blank\">POL\u00cdTICA SOCIAL<\/a><\/td><td>Optativa<\/td><td>4<\/td><td>60<\/td><\/tr><tr><td>06730046<\/td><td><a href=\"https:\/\/institucional.ufpel.edu.br\/disciplinas\/id\/29627\" target=\"_blank\">P\u00d3S-MOD, P\u00d3S-ESTRUT, P\u00d3S-MARX, P\u00d3S-FUND: UM DEB. TE\u00d3RICO EUROPEU<\/a><\/td><td>Optativa<\/td><td>4<\/td><td>60<\/td><\/tr><tr><td>06560089<\/td><td><a href=\"https:\/\/institucional.ufpel.edu.br\/disciplinas\/id\/31053\" target=\"_blank\">RA\u00c7A E G\u00caNERO NAS CI\u00caNCIAS SOCIAIS<\/a><\/td><td>Optativa<\/td><td>4<\/td><td>60<\/td><\/tr><tr><td>06560189<\/td><td><a href=\"https:\/\/institucional.ufpel.edu.br\/disciplinas\/id\/46210\" target=\"_blank\">REGIMES E IDEOLOGIAS POL\u00cdTICAS<\/a><\/td><td>Optativa<\/td><td>4<\/td><td>60<\/td><\/tr><tr><td>06560190<\/td><td><a href=\"https:\/\/institucional.ufpel.edu.br\/disciplinas\/id\/46211\" target=\"_blank\">SISTEMA POL\u00cdTICO BRASILEIRO<\/a><\/td><td>Optativa<\/td><td>4<\/td><td>60<\/td><\/tr><tr><td>06560086<\/td><td><a href=\"https:\/\/institucional.ufpel.edu.br\/disciplinas\/id\/31050\" target=\"_blank\">SOCIOLOGIA: CI\u00caNCIA E PROFISS\u00c3O<\/a><\/td><td>Optativa<\/td><td>4<\/td><td>60<\/td><\/tr><tr><td>06560191<\/td><td><a href=\"https:\/\/institucional.ufpel.edu.br\/disciplinas\/id\/46212\" target=\"_blank\">SOCIOLOGIA DA ARTE<\/a><\/td><td>Optativa<\/td><td>4<\/td><td>60<\/td><\/tr><tr><td>06560094<\/td><td><a href=\"https:\/\/institucional.ufpel.edu.br\/disciplinas\/id\/31058\" target=\"_blank\">SOCIOLOGIA DA EDUCA\u00c7\u00c3O<\/a><\/td><td>Optativa<\/td><td>4<\/td><td>60<\/td><\/tr><tr><td>06560090<\/td><td><a href=\"https:\/\/institucional.ufpel.edu.br\/disciplinas\/id\/31054\" target=\"_blank\">SOCIOLOGIA DA GLOBALIZA\u00c7\u00c3O<\/a><\/td><td>Optativa<\/td><td>4<\/td><td>60<\/td><\/tr><tr><td>06560197<\/td><td><a href=\"https:\/\/institucional.ufpel.edu.br\/disciplinas\/id\/46218\" target=\"_blank\">SOCIOLOGIA DOS MOVIMENTOS SOCIAIS<\/a><\/td><td>Optativa<\/td><td>4<\/td><td>60<\/td><\/tr><tr><td>06560193<\/td><td><a href=\"https:\/\/institucional.ufpel.edu.br\/disciplinas\/id\/46214\" target=\"_blank\">SOCIOLOGIA DO TRABALHO<\/a><\/td><td>Optativa<\/td><td>4<\/td><td>60<\/td><\/tr><tr><td>06560194<\/td><td><a href=\"https:\/\/institucional.ufpel.edu.br\/disciplinas\/id\/46215\" target=\"_blank\">SOCIOLOGIA DO TRABALHO (EAD)<\/a><\/td><td>Optativa<\/td><td>4<\/td><td>60<\/td><\/tr><tr><td>06560192<\/td><td><a href=\"https:\/\/institucional.ufpel.edu.br\/disciplinas\/id\/46213\" target=\"_blank\">SOCIOLOGIA ECON\u00d4MICA<\/a><\/td><td>Optativa<\/td><td>4<\/td><td>60<\/td><\/tr><tr><td>06560195<\/td><td><a href=\"https:\/\/institucional.ufpel.edu.br\/disciplinas\/id\/46216\" target=\"_blank\">SOCIOLOGIA HIST\u00d3RICA DO ESTADO<\/a><\/td><td>Optativa<\/td><td>4<\/td><td>60<\/td><\/tr><tr><td>06560196<\/td><td><a href=\"https:\/\/institucional.ufpel.edu.br\/disciplinas\/id\/46217\" target=\"_blank\">SOCIOLOGIA LATINO-AMERICANA<\/a><\/td><td>Optativa<\/td><td>4<\/td><td>60<\/td><\/tr><tr><td>06560198<\/td><td><a href=\"https:\/\/institucional.ufpel.edu.br\/disciplinas\/id\/46219\" target=\"_blank\">SOCIOLOGIA, SOCIEDADE E MEIO AMBIENTE<\/a><\/td><td>Optativa<\/td><td>4<\/td><td>60<\/td><\/tr><tr><td>06560199<\/td><td><a href=\"https:\/\/institucional.ufpel.edu.br\/disciplinas\/id\/46220\" target=\"_blank\">TEORIA CR\u00cdTICA E SOCIOLOGIA<\/a><\/td><td>Optativa<\/td><td>4<\/td><td>60<\/td><\/tr><tr><td>06560200<\/td><td><a href=\"https:\/\/institucional.ufpel.edu.br\/disciplinas\/id\/46221\" target=\"_blank\">TEORIA DA REPRESENTA\u00c7\u00c3O POL\u00cdTICA<\/a><\/td><td>Optativa<\/td><td>4<\/td><td>60<\/td><\/tr><tr><td>06560054<\/td><td><a href=\"https:\/\/institucional.ufpel.edu.br\/disciplinas\/id\/31018\" target=\"_blank\">TEORIAS DA DEMOCRACIA<\/a><\/td><td>Optativa<\/td><td>4<\/td><td>60<\/td><\/tr><tr><td>06560201<\/td><td><a href=\"https:\/\/institucional.ufpel.edu.br\/disciplinas\/id\/46222\" target=\"_blank\">TEORIA SOCIAL LATINO-AMERICANA<\/a><\/td><td>Optativa<\/td><td>4<\/td><td>60<\/td><\/tr><tr><td>06560202<\/td><td><a href=\"https:\/\/institucional.ufpel.edu.br\/disciplinas\/id\/46223\" target=\"_blank\">TRABALHO, SOCIEDADE E DESIGUALDADES<\/a><\/td><td>Optativa<\/td><td>4<\/td><td>60<\/td><\/tr><tr><td>06560203<\/td><td><a href=\"https:\/\/institucional.ufpel.edu.br\/disciplinas\/id\/46224\" target=\"_blank\">UNIVERSIDADE E MUNDO DO TRABALHO<\/a><\/td><td>Optativa<\/td><td>4<\/td><td>60<\/td><\/tr><\/table>\n<p>&nbsp;<\/p>\n","protected":false},"excerpt":{"rendered":"<p>Matriz Curricular &#8211; Ci\u00eancias Sociais &#8211; Bacharelado &#8211; 2024 &nbsp; &nbsp;<\/p>\n","protected":false},"author":56,"featured_media":0,"parent":348,"menu_order":0,"comment_status":"closed","ping_status":"closed","template":"","meta":{"footnotes":""},"class_list":["post-351","page","type-page","status-publish","hentry"],"_links":{"self":[{"href":"https:\/\/wp.ufpel.edu.br\/cienciassociais\/wp-json\/wp\/v2\/pages\/351","targetHints":{"allow":["GET"]}}],"collection":[{"href":"https:\/\/wp.ufpel.edu.br\/cienciassociais\/wp-json\/wp\/v2\/pages"}],"about":[{"href":"https:\/\/wp.ufpel.edu.br\/cienciassociais\/wp-json\/wp\/v2\/types\/page"}],"author":[{"embeddable":true,"href":"https:\/\/wp.ufpel.edu.br\/cienciassociais\/wp-json\/wp\/v2\/users\/56"}],"replies":[{"embeddable":true,"href":"https:\/\/wp.ufpel.edu.br\/cienciassociais\/wp-json\/wp\/v2\/comments?post=351"}],"version-history":[{"count":6,"href":"https:\/\/wp.ufpel.edu.br\/cienciassociais\/wp-json\/wp\/v2\/pages\/351\/revisions"}],"predecessor-version":[{"id":1402,"href":"https:\/\/wp.ufpel.edu.br\/cienciassociais\/wp-json\/wp\/v2\/pages\/351\/revisions\/1402"}],"up":[{"embeddable":true,"href":"https:\/\/wp.ufpel.edu.br\/cienciassociais\/wp-json\/wp\/v2\/pages\/348"}],"wp:attachment":[{"href":"https:\/\/wp.ufpel.edu.br\/cienciassociais\/wp-json\/wp\/v2\/media?parent=351"}],"curies":[{"name":"wp","href":"https:\/\/api.w.org\/{rel}","templated":true}]}}