{"id":348,"date":"2011-07-14T15:12:18","date_gmt":"2011-07-14T18:12:18","guid":{"rendered":"https:\/\/wp.ufpel.edu.br\/cienciassociais\/"},"modified":"2024-03-11T20:51:55","modified_gmt":"2024-03-11T23:51:55","slug":"grade-curricular","status":"publish","type":"page","link":"https:\/\/wp.ufpel.edu.br\/cienciassociais\/projetos-pedagogicos\/grade-curricular\/","title":{"rendered":"Matriz Curricular"},"content":{"rendered":"<p><strong>Ci\u00eancias Sociais &#8211; Licenciatura<\/strong><\/p>\n<p>&nbsp;<\/p>\n<table class=\"dados-cobalto tabela-disciplinas\"><tr><th colspan=\"5\" class=\"tabela-quebra\">1\u00ba Semestre<\/th><\/tr><tr><th>C\u00f3digo<\/th><th>Disciplina \/ Pr\u00e9-requisitos<\/th><th>Car\u00e1ter<\/th><th>Cr.<\/th><th>Horas<\/th><\/tr><tr><td>06560151<\/td><td><a href=\"https:\/\/institucional.ufpel.edu.br\/disciplinas\/id\/46161\" target=\"_blank\">ANTECEDENTES HIST\u00d3RICOS E INTELECTUAIS DA SOCIOLOGIA<\/a><\/td><td>Obrigat\u00f3ria<\/td><td>4<\/td><td>60<\/td><\/tr><tr><td>10910087<\/td><td><a href=\"https:\/\/institucional.ufpel.edu.br\/disciplinas\/id\/28956\" target=\"_blank\">ANTROPOLOGIA I <\/a><\/td><td>Obrigat\u00f3ria<\/td><td>4<\/td><td>60<\/td><\/tr><tr><td>06560066<\/td><td><a href=\"https:\/\/institucional.ufpel.edu.br\/disciplinas\/id\/31030\" target=\"_blank\">CI\u00caNCIA POL\u00cdTICA I<\/a><\/td><td>Obrigat\u00f3ria<\/td><td>4<\/td><td>60<\/td><\/tr><tr><td>10910165<\/td><td><a href=\"https:\/\/institucional.ufpel.edu.br\/disciplinas\/id\/46163\" target=\"_blank\">EXTENS\u00c3O E SOCIEDADE 1<\/a><\/td><td>Obrigat\u00f3ria<\/td><td>2<\/td><td>30<\/td><\/tr><tr><td>06560153<\/td><td><a href=\"https:\/\/institucional.ufpel.edu.br\/disciplinas\/id\/46164\" target=\"_blank\">EXTENS\u00c3O E SOCIEDADE 2<\/a><\/td><td>Obrigat\u00f3ria<\/td><td>2<\/td><td>30<\/td><\/tr><tr><td>10900075<\/td><td><a href=\"https:\/\/institucional.ufpel.edu.br\/disciplinas\/id\/30455\" target=\"_blank\">HIST\u00d3RIA<\/a><\/td><td>Obrigat\u00f3ria<\/td><td>2<\/td><td>30<\/td><\/tr><tr><td>06560152<\/td><td><a href=\"https:\/\/institucional.ufpel.edu.br\/disciplinas\/id\/46162\" target=\"_blank\">PR\u00c1TICA DE ENSINO I<\/a><\/td><td>Obrigat\u00f3ria<\/td><td>4<\/td><td>60<\/td><\/tr><tr><td>17350029<\/td><td><a href=\"https:\/\/institucional.ufpel.edu.br\/disciplinas\/id\/29497\" target=\"_blank\">TEORIA E PR\u00c1TICA PEDAG\u00d3GICA<\/a><\/td><td>Obrigat\u00f3ria<\/td><td>4<\/td><td>60<\/td><\/tr><tr><th colspan=\"5\" class=\"tabela-quebra\">2\u00ba Semestre<\/th><\/tr><tr><th>C\u00f3digo<\/th><th>Disciplina \/ Pr\u00e9-requisitos<\/th><th>Car\u00e1ter<\/th><th>Cr.<\/th><th>Horas<\/th><\/tr><tr><td>10910091<\/td><td><a href=\"https:\/\/institucional.ufpel.edu.br\/disciplinas\/id\/28960\" target=\"_blank\">ANTROPOLOGIA II<\/a><\/td><td>Obrigat\u00f3ria<\/td><td>4<\/td><td>60<\/td><\/tr><tr><td>06560002<\/td><td><a href=\"https:\/\/institucional.ufpel.edu.br\/disciplinas\/id\/30966\" target=\"_blank\">CI\u00caNCIA POL\u00cdTICA II<\/a><\/td><td>Obrigat\u00f3ria<\/td><td>4<\/td><td>60<\/td><\/tr><tr><td>06560156<\/td><td><a href=\"https:\/\/institucional.ufpel.edu.br\/disciplinas\/id\/46167\" target=\"_blank\">EXTENS\u00c3O E SOCIEDADE 3<\/a><\/td><td>Obrigat\u00f3ria<\/td><td>2<\/td><td>30<\/td><\/tr><tr><td>06560157<\/td><td><a href=\"https:\/\/institucional.ufpel.edu.br\/disciplinas\/id\/46168\" target=\"_blank\">EXTENS\u00c3O E SOCIEDADE 4<\/a><\/td><td>Obrigat\u00f3ria<\/td><td>2<\/td><td>30<\/td><\/tr><tr><td>17360022<\/td><td><a href=\"https:\/\/institucional.ufpel.edu.br\/disciplinas\/id\/30094\" target=\"_blank\">FUND. S\u00d3CIO-HIST\u00d3RICO-FILOS\u00d3FICOS DA EDUCA\u00c7\u00c3O<\/a><\/td><td>Obrigat\u00f3ria<\/td><td>4<\/td><td>60<\/td><\/tr><tr><td>10060104<\/td><td><a href=\"https:\/\/institucional.ufpel.edu.br\/disciplinas\/id\/30241\" target=\"_blank\">GEOGRAFIA<\/a><\/td><td>Obrigat\u00f3ria<\/td><td>2<\/td><td>30<\/td><\/tr><tr><td>06560155<\/td><td><a href=\"https:\/\/institucional.ufpel.edu.br\/disciplinas\/id\/46166\" target=\"_blank\">PR\u00c1TICA DE ENSINO II<\/a><div class=\"tabela-detalhe-info\">06560152 - PR\u00c1TICA DE ENSINO I<\/div><\/td><td>Obrigat\u00f3ria<\/td><td>6<\/td><td>90<\/td><\/tr><tr><td>06560154<\/td><td><a href=\"https:\/\/institucional.ufpel.edu.br\/disciplinas\/id\/46165\" target=\"_blank\">SOCIOLOGIA CL\u00c1SSICA<\/a><div class=\"tabela-detalhe-info\">06560151 - ANTECEDENTES HIST\u00d3RICOS E INTELECTUAIS DA SOCIOLOGIA<\/div><\/td><td>Obrigat\u00f3ria<\/td><td>4<\/td><td>60<\/td><\/tr><tr><th colspan=\"5\" class=\"tabela-quebra\">3\u00ba Semestre<\/th><\/tr><tr><th>C\u00f3digo<\/th><th>Disciplina \/ Pr\u00e9-requisitos<\/th><th>Car\u00e1ter<\/th><th>Cr.<\/th><th>Horas<\/th><\/tr><tr><td>10910088<\/td><td><a href=\"https:\/\/institucional.ufpel.edu.br\/disciplinas\/id\/28957\" target=\"_blank\">ANTROPOLOGIA III<\/a><\/td><td>Obrigat\u00f3ria<\/td><td>4<\/td><td>60<\/td><\/tr><tr><td>06560006<\/td><td><a href=\"https:\/\/institucional.ufpel.edu.br\/disciplinas\/id\/30970\" target=\"_blank\">CI\u00caNCIA POL\u00cdTICA III<\/a><\/td><td>Obrigat\u00f3ria<\/td><td>4<\/td><td>60<\/td><\/tr><tr><td>06560160<\/td><td><a href=\"https:\/\/institucional.ufpel.edu.br\/disciplinas\/id\/46172\" target=\"_blank\">EXTENS\u00c3O E SOCIEDADE 5<\/a><\/td><td>Obrigat\u00f3ria<\/td><td>2<\/td><td>30<\/td><\/tr><tr><td>06560161<\/td><td><a href=\"https:\/\/institucional.ufpel.edu.br\/disciplinas\/id\/46174\" target=\"_blank\">EXTENS\u00c3O E SOCIEDADE 6<\/a><\/td><td>Obrigat\u00f3ria<\/td><td>2<\/td><td>30<\/td><\/tr><tr><td>17360021<\/td><td><a href=\"https:\/\/institucional.ufpel.edu.br\/disciplinas\/id\/30093\" target=\"_blank\">FUNDAMENTOS PSICOL\u00d3GICOS DA EDUCA\u00c7\u00c3O<\/a><\/td><td>Obrigat\u00f3ria<\/td><td>4<\/td><td>60<\/td><\/tr><tr><td>06560159<\/td><td><a href=\"https:\/\/institucional.ufpel.edu.br\/disciplinas\/id\/46170\" target=\"_blank\">PR\u00c1TICA DE ENSINO III<\/a><div class=\"tabela-detalhe-info\">06560152 - PR\u00c1TICA DE ENSINO I<\/div><\/td><td>Obrigat\u00f3ria<\/td><td>6<\/td><td>90<\/td><\/tr><tr><td>06560158<\/td><td><a href=\"https:\/\/institucional.ufpel.edu.br\/disciplinas\/id\/46169\" target=\"_blank\">SOCIOLOGIA P\u00d3S-CL\u00c1SSICA<\/a><div class=\"tabela-detalhe-info\">06560151 - ANTECEDENTES HIST\u00d3RICOS E INTELECTUAIS DA SOCIOLOGIA<\/div><\/td><td>Obrigat\u00f3ria<\/td><td>4<\/td><td>60<\/td><\/tr><tr><th colspan=\"5\" class=\"tabela-quebra\">4\u00ba Semestre<\/th><\/tr><tr><th>C\u00f3digo<\/th><th>Disciplina \/ Pr\u00e9-requisitos<\/th><th>Car\u00e1ter<\/th><th>Cr.<\/th><th>Horas<\/th><\/tr><tr><td>10910089<\/td><td><a href=\"https:\/\/institucional.ufpel.edu.br\/disciplinas\/id\/28958\" target=\"_blank\">ANTROPOLOGIA IV<\/a><\/td><td>Obrigat\u00f3ria<\/td><td>4<\/td><td>60<\/td><\/tr><tr><td>06560008<\/td><td><a href=\"https:\/\/institucional.ufpel.edu.br\/disciplinas\/id\/30972\" target=\"_blank\">CI\u00caNCIA POL\u00cdTICA IV<\/a><\/td><td>Obrigat\u00f3ria<\/td><td>4<\/td><td>60<\/td><\/tr><tr><td>17350230<\/td><td><a href=\"https:\/\/institucional.ufpel.edu.br\/disciplinas\/id\/41361\" target=\"_blank\">EDUCA\u00c7\u00c3O BRASILEIRA: ORGANIZA\u00c7\u00c3O E POL\u00cdTICAS P\u00daBLICAS (EBOPP)<\/a><\/td><td>Obrigat\u00f3ria<\/td><td>4<\/td><td>60<\/td><\/tr><tr><td>06560164<\/td><td><a href=\"https:\/\/institucional.ufpel.edu.br\/disciplinas\/id\/46181\" target=\"_blank\">EXTENS\u00c3O E SOCIEDADE 7<\/a><\/td><td>Obrigat\u00f3ria<\/td><td>2<\/td><td>30<\/td><\/tr><tr><td>06560165<\/td><td><a href=\"https:\/\/institucional.ufpel.edu.br\/disciplinas\/id\/46182\" target=\"_blank\">EXTENS\u00c3O E SOCIEDADE 8<\/a><\/td><td>Obrigat\u00f3ria<\/td><td>2<\/td><td>30<\/td><\/tr><tr><td>06560163<\/td><td><a href=\"https:\/\/institucional.ufpel.edu.br\/disciplinas\/id\/46180\" target=\"_blank\">PR\u00c1TICA DE ENSINO IV<\/a><div class=\"tabela-detalhe-info\">06560152 - PR\u00c1TICA DE ENSINO I<\/div><\/td><td>Obrigat\u00f3ria<\/td><td>6<\/td><td>90<\/td><\/tr><tr><td>06560162<\/td><td><a href=\"https:\/\/institucional.ufpel.edu.br\/disciplinas\/id\/46179\" target=\"_blank\">SOCIOLOGIA CONTEMPOR\u00c2NEA<\/a><div class=\"tabela-detalhe-info\">06560151 - ANTECEDENTES HIST\u00d3RICOS E INTELECTUAIS DA SOCIOLOGIA<\/div><\/td><td>Obrigat\u00f3ria<\/td><td>4<\/td><td>60<\/td><\/tr><tr><th colspan=\"5\" class=\"tabela-quebra\">5\u00ba Semestre<\/th><\/tr><tr><th>C\u00f3digo<\/th><th>Disciplina \/ Pr\u00e9-requisitos<\/th><th>Car\u00e1ter<\/th><th>Cr.<\/th><th>Horas<\/th><\/tr><tr><td>10910090<\/td><td><a href=\"https:\/\/institucional.ufpel.edu.br\/disciplinas\/id\/28959\" target=\"_blank\">ANTROPOLOGIA V<\/a><\/td><td>Obrigat\u00f3ria<\/td><td>4<\/td><td>60<\/td><\/tr><tr><td>06560027<\/td><td><a href=\"https:\/\/institucional.ufpel.edu.br\/disciplinas\/id\/30991\" target=\"_blank\">CI\u00caNCIA POL\u00cdTICA V<\/a><\/td><td>Obrigat\u00f3ria<\/td><td>4<\/td><td>60<\/td><\/tr><tr><td>06560169<\/td><td><a href=\"https:\/\/institucional.ufpel.edu.br\/disciplinas\/id\/46187\" target=\"_blank\">EXTENS\u00c3O E SOCIEDADE 10<\/a><\/td><td>Obrigat\u00f3ria<\/td><td>2<\/td><td>30<\/td><\/tr><tr><td>06560170<\/td><td><a href=\"https:\/\/institucional.ufpel.edu.br\/disciplinas\/id\/46188\" target=\"_blank\">EXTENS\u00c3O E SOCIEDADE 11<\/a><\/td><td>Obrigat\u00f3ria<\/td><td>2<\/td><td>30<\/td><\/tr><tr><td>06560168<\/td><td><a href=\"https:\/\/institucional.ufpel.edu.br\/disciplinas\/id\/46186\" target=\"_blank\">EXTENS\u00c3O E SOCIEDADE 9<\/a><\/td><td>Obrigat\u00f3ria<\/td><td>2<\/td><td>30<\/td><\/tr><tr><td>20000084<\/td><td><a href=\"https:\/\/institucional.ufpel.edu.br\/disciplinas\/id\/28026\" target=\"_blank\">L\u00cdNGUA BRASILEIRA DE SINAIS I ( LIBRAS I )<\/a><\/td><td>Obrigat\u00f3ria<\/td><td>4<\/td><td>60<\/td><\/tr><tr><td>06560167<\/td><td><a href=\"https:\/\/institucional.ufpel.edu.br\/disciplinas\/id\/46185\" target=\"_blank\">PR\u00c1TICA DE ENSINO V<\/a><div class=\"tabela-detalhe-info\">06560152 - PR\u00c1TICA DE ENSINO I<\/div><\/td><td>Obrigat\u00f3ria<\/td><td>7<\/td><td>105<\/td><\/tr><tr><td>06560166<\/td><td><a href=\"https:\/\/institucional.ufpel.edu.br\/disciplinas\/id\/46184\" target=\"_blank\">SOCIOLOGIA BRASILEIRA<\/a><div class=\"tabela-detalhe-info\">06560151 - ANTECEDENTES HIST\u00d3RICOS E INTELECTUAIS DA SOCIOLOGIA<\/div><\/td><td>Obrigat\u00f3ria<\/td><td>4<\/td><td>60<\/td><\/tr><tr><th colspan=\"5\" class=\"tabela-quebra\">6\u00ba Semestre<\/th><\/tr><tr><th>C\u00f3digo<\/th><th>Disciplina \/ Pr\u00e9-requisitos<\/th><th>Car\u00e1ter<\/th><th>Cr.<\/th><th>Horas<\/th><\/tr><tr><td>06560044<\/td><td><a href=\"https:\/\/institucional.ufpel.edu.br\/disciplinas\/id\/31008\" target=\"_blank\">EPISTEMOLOGIA DAS CI\u00caNCIAS SOCIAIS<\/a><\/td><td>Obrigat\u00f3ria<\/td><td>4<\/td><td>60<\/td><\/tr><tr><td>17350239<\/td><td><a href=\"https:\/\/institucional.ufpel.edu.br\/disciplinas\/id\/46406\" target=\"_blank\">EST\u00c1GIO EM CI\u00caNCIAS SOCIAIS I<\/a><div class=\"tabela-detalhe-info\">17350230 - EDUCA\u00c7\u00c3O BRASILEIRA: ORGANIZA\u00c7\u00c3O E POL\u00cdTICAS P\u00daBLICAS (EBOPP)<\/div><div class=\"tabela-detalhe-info\">17360021 - FUNDAMENTOS PSICOL\u00d3GICOS DA EDUCA\u00c7\u00c3O<\/div><div class=\"tabela-detalhe-info\">17360022 - FUND. S\u00d3CIO-HIST\u00d3RICO-FILOS\u00d3FICOS DA EDUCA\u00c7\u00c3O<\/div><div class=\"tabela-detalhe-info\">06560152 - PR\u00c1TICA DE ENSINO I<\/div><div class=\"tabela-detalhe-info\">06560155 - PR\u00c1TICA DE ENSINO II<\/div><div class=\"tabela-detalhe-info\">06560159 - PR\u00c1TICA DE ENSINO III<\/div><div class=\"tabela-detalhe-info\">06560163 - PR\u00c1TICA DE ENSINO IV<\/div><div class=\"tabela-detalhe-info\">06560167 - PR\u00c1TICA DE ENSINO V<\/div><div class=\"tabela-detalhe-info\">17350029 - TEORIA E PR\u00c1TICA PEDAG\u00d3GICA<\/div><\/td><td>Obrigat\u00f3ria<\/td><td>8<\/td><td>120<\/td><\/tr><tr><td>06560094<\/td><td><a href=\"https:\/\/institucional.ufpel.edu.br\/disciplinas\/id\/31058\" target=\"_blank\">SOCIOLOGIA DA EDUCA\u00c7\u00c3O<\/a><\/td><td>Obrigat\u00f3ria<\/td><td>4<\/td><td>60<\/td><\/tr><tr><th colspan=\"5\" class=\"tabela-quebra\">7\u00ba Semestre<\/th><\/tr><tr><th>C\u00f3digo<\/th><th>Disciplina \/ Pr\u00e9-requisitos<\/th><th>Car\u00e1ter<\/th><th>Cr.<\/th><th>Horas<\/th><\/tr><tr><td>17350240<\/td><td><a href=\"https:\/\/institucional.ufpel.edu.br\/disciplinas\/id\/46407\" target=\"_blank\">EST\u00c1GIO EM CI\u00caNCIAS SOCIAIS II<\/a><div class=\"tabela-detalhe-info\">17350239 - EST\u00c1GIO EM CI\u00caNCIAS SOCIAIS I<\/div><\/td><td>Obrigat\u00f3ria<\/td><td>10<\/td><td>150<\/td><\/tr><tr><td>06560075<\/td><td><a href=\"https:\/\/institucional.ufpel.edu.br\/disciplinas\/id\/31039\" target=\"_blank\">METODOLOGIA I <\/a><div class=\"tabela-detalhe-info\">06560044 - EPISTEMOLOGIA DAS CI\u00caNCIAS SOCIAIS<\/div><\/td><td>Obrigat\u00f3ria<\/td><td>4<\/td><td>60<\/td><\/tr><tr><th colspan=\"5\" class=\"tabela-quebra\">8\u00ba Semestre<\/th><\/tr><tr><th>C\u00f3digo<\/th><th>Disciplina \/ Pr\u00e9-requisitos<\/th><th>Car\u00e1ter<\/th><th>Cr.<\/th><th>Horas<\/th><\/tr><tr><td>17350241<\/td><td><a href=\"https:\/\/institucional.ufpel.edu.br\/disciplinas\/id\/46409\" target=\"_blank\">EST\u00c1GIO EM CI\u00caNCIAS SOCIAIS III<\/a><div class=\"tabela-detalhe-info\">17350240 - EST\u00c1GIO EM CI\u00caNCIAS SOCIAIS II<\/div><\/td><td>Obrigat\u00f3ria<\/td><td>10<\/td><td>150<\/td><\/tr><tr><th colspan=\"5\" class=\"tabela-quebra\">COMPLEMENTARES<\/th><\/tr><tr><th>C\u00f3digo<\/th><th>Disciplina \/ Pr\u00e9-requisitos<\/th><th>Car\u00e1ter<\/th><th>Cr.<\/th><th>Horas<\/th><\/tr><tr><td>06560174<\/td><td><a href=\"https:\/\/institucional.ufpel.edu.br\/disciplinas\/id\/46192\" target=\"_blank\">ATIVIDADES COMPLEMENTARES<\/a><\/td><td>Atividade complementar<\/td><td><\/td><td>210<\/td><\/tr><tr><th colspan=\"5\" class=\"tabela-quebra\">OPTATIVAS<\/th><\/tr><tr><th>C\u00f3digo<\/th><th>Disciplina \/ Pr\u00e9-requisitos<\/th><th>Car\u00e1ter<\/th><th>Cr.<\/th><th>Horas<\/th><\/tr><tr><td>06560175<\/td><td><a href=\"https:\/\/institucional.ufpel.edu.br\/disciplinas\/id\/46196\" target=\"_blank\">AN\u00c1LISE DE POL\u00cdTICAS P\u00daBLICAS<\/a><\/td><td>Optativa<\/td><td>4<\/td><td>60<\/td><\/tr><tr><td>06560176<\/td><td><a href=\"https:\/\/institucional.ufpel.edu.br\/disciplinas\/id\/46197\" target=\"_blank\">AN\u00c1LISE DE POL\u00cdTICAS P\u00daBLICAS E SOCIAIS<\/a><\/td><td>Optativa<\/td><td>4<\/td><td>60<\/td><\/tr><tr><td>10910027<\/td><td><a href=\"https:\/\/institucional.ufpel.edu.br\/disciplinas\/id\/28896\" target=\"_blank\">ANTROPOLOGIA DA ALIMENTA\u00c7\u00c3O<\/a><\/td><td>Optativa<\/td><td>4<\/td><td>60<\/td><\/tr><tr><td>10910041<\/td><td><a href=\"https:\/\/institucional.ufpel.edu.br\/disciplinas\/id\/28910\" target=\"_blank\">ANTROPOLOGIA DA SA\u00daDE<\/a><\/td><td>Optativa<\/td><td>4<\/td><td>60<\/td><\/tr><tr><td>10910038<\/td><td><a href=\"https:\/\/institucional.ufpel.edu.br\/disciplinas\/id\/28907\" target=\"_blank\">ANTROPOLOGIA DO CONSUMO<\/a><\/td><td>Optativa<\/td><td>4<\/td><td>60<\/td><\/tr><tr><td>10910135<\/td><td><a href=\"https:\/\/institucional.ufpel.edu.br\/disciplinas\/id\/34817\" target=\"_blank\">ANTROPOLOGIA E MEIO AMBIENTE<\/a><\/td><td>Optativa<\/td><td>4<\/td><td>60<\/td><\/tr><tr><td>10910025<\/td><td><a href=\"https:\/\/institucional.ufpel.edu.br\/disciplinas\/id\/28894\" target=\"_blank\">ANTROPOLOGIA POL\u00cdTICA<\/a><\/td><td>Optativa<\/td><td>4<\/td><td>60<\/td><\/tr><tr><td>06560091<\/td><td><a href=\"https:\/\/institucional.ufpel.edu.br\/disciplinas\/id\/31055\" target=\"_blank\">A SOCIOLOGIA DE HENRI LEFEBVRE<\/a><\/td><td>Optativa<\/td><td>4<\/td><td>60<\/td><\/tr><tr><td>06560177<\/td><td><a href=\"https:\/\/institucional.ufpel.edu.br\/disciplinas\/id\/46198\" target=\"_blank\">AUTORREGULA\u00c7\u00c3O DA APRENDIZAGEM E AS PR\u00c1TICAS EM CONTEXTOS EDUCATIVOS<\/a><\/td><td>Optativa<\/td><td>4<\/td><td>60<\/td><\/tr><tr><td>06560049<\/td><td><a href=\"https:\/\/institucional.ufpel.edu.br\/disciplinas\/id\/31013\" target=\"_blank\">COMPORTAMENTO ELEITORAL<\/a><\/td><td>Optativa<\/td><td>4<\/td><td>60<\/td><\/tr><tr><td>06560050<\/td><td><a href=\"https:\/\/institucional.ufpel.edu.br\/disciplinas\/id\/31014\" target=\"_blank\">CULTURA POL\u00cdTICA<\/a><\/td><td>Optativa<\/td><td>4<\/td><td>60<\/td><\/tr><tr><td>10910052<\/td><td><a href=\"https:\/\/institucional.ufpel.edu.br\/disciplinas\/id\/28921\" target=\"_blank\">ESTUDOS ANTROPOL\u00d3GICOS DE G\u00caNERO E TEORIAS FEMINISTAS<\/a><\/td><td>Optativa<\/td><td>4<\/td><td>60<\/td><\/tr><tr><td>06560178<\/td><td><a href=\"https:\/\/institucional.ufpel.edu.br\/disciplinas\/id\/46199\" target=\"_blank\">ESTUDOS DE CI\u00caNCIA POL\u00cdTICA I<\/a><\/td><td>Optativa<\/td><td>4<\/td><td>60<\/td><\/tr><tr><td>06560179<\/td><td><a href=\"https:\/\/institucional.ufpel.edu.br\/disciplinas\/id\/46200\" target=\"_blank\">ESTUDOS DE CI\u00caNCIA POL\u00cdTICA II<\/a><\/td><td>Optativa<\/td><td>4<\/td><td>60<\/td><\/tr><tr><td>06560180<\/td><td><a href=\"https:\/\/institucional.ufpel.edu.br\/disciplinas\/id\/46201\" target=\"_blank\">ESTUDOS DE G\u00caNERO E TEORIAS FEMINISTAS<\/a><\/td><td>Optativa<\/td><td>4<\/td><td>60<\/td><\/tr><tr><td>06560087<\/td><td><a href=\"https:\/\/institucional.ufpel.edu.br\/disciplinas\/id\/31051\" target=\"_blank\">ETNOGRAFIA SOCIOL\u00d3GICA<\/a><\/td><td>Optativa<\/td><td>4<\/td><td>60<\/td><\/tr><tr><td>10910131<\/td><td><a href=\"https:\/\/institucional.ufpel.edu.br\/disciplinas\/id\/34808\" target=\"_blank\">ETNOLOGIA AFRO-AMERICANA 1<\/a><\/td><td>Optativa<\/td><td>4<\/td><td>60<\/td><\/tr><tr><td>10910130<\/td><td><a href=\"https:\/\/institucional.ufpel.edu.br\/disciplinas\/id\/34805\" target=\"_blank\">ETNOLOGIA AMER\u00cdNDIA I<\/a><\/td><td>Optativa<\/td><td>4<\/td><td>60<\/td><\/tr><tr><td>06730028<\/td><td><a href=\"https:\/\/institucional.ufpel.edu.br\/disciplinas\/id\/29609\" target=\"_blank\">FILOSOFIA<\/a><\/td><td>Optativa<\/td><td>4<\/td><td>60<\/td><\/tr><tr><td>06560184<\/td><td><a href=\"https:\/\/institucional.ufpel.edu.br\/disciplinas\/id\/46205\" target=\"_blank\">INSTITUI\u00c7\u00d5ES E MODELOS DE CAPITALISMOS<\/a><\/td><td>Optativa<\/td><td>4<\/td><td>60<\/td><\/tr><tr><td>06560182<\/td><td><a href=\"https:\/\/institucional.ufpel.edu.br\/disciplinas\/id\/46203\" target=\"_blank\">INSTITUI\u00c7\u00d5ES POL\u00cdTICAS<\/a><\/td><td>Optativa<\/td><td>4<\/td><td>60<\/td><\/tr><tr><td>06560183<\/td><td><a href=\"https:\/\/institucional.ufpel.edu.br\/disciplinas\/id\/46204\" target=\"_blank\">INTRODU\u00c7\u00c3O \u00c0 SOCIOLOGIA DA VIOL\u00caNCIA<\/a><\/td><td>Optativa<\/td><td>4<\/td><td>60<\/td><\/tr><tr><td>06560185<\/td><td><a href=\"https:\/\/institucional.ufpel.edu.br\/disciplinas\/id\/46206\" target=\"_blank\">JUVENTUDES E CI\u00caNCIAS SOCIAIS<\/a><\/td><td>Optativa<\/td><td>4<\/td><td>60<\/td><\/tr><tr><td>10910069<\/td><td><a href=\"https:\/\/institucional.ufpel.edu.br\/disciplinas\/id\/28938\" target=\"_blank\">LEITURAS ETNOGR\u00c1FICAS I<\/a><\/td><td>Optativa<\/td><td>4<\/td><td>60<\/td><\/tr><tr><td>06730045<\/td><td><a href=\"https:\/\/institucional.ufpel.edu.br\/disciplinas\/id\/29626\" target=\"_blank\">MICHEL FOUCAULT E SUA PERSPECTIVA TE\u00d3RICA ESTRUTURALISTA E P\u00d3S-ESTRUTURALISTA<\/a><\/td><td>Optativa<\/td><td>4<\/td><td>60<\/td><\/tr><tr><td>06560080<\/td><td><a href=\"https:\/\/institucional.ufpel.edu.br\/disciplinas\/id\/31044\" target=\"_blank\">MOVIMENTOS SOCIAIS E CIDADANIA<\/a><\/td><td>Optativa<\/td><td>4<\/td><td>60<\/td><\/tr><tr><td>10910053<\/td><td><a href=\"https:\/\/institucional.ufpel.edu.br\/disciplinas\/id\/28922\" target=\"_blank\">OFICINA DE IMAGEM E SOM EM ANTROPOLOGIA<\/a><\/td><td>Optativa<\/td><td>4<\/td><td>60<\/td><\/tr><tr><td>06560186<\/td><td><a href=\"https:\/\/institucional.ufpel.edu.br\/disciplinas\/id\/46207\" target=\"_blank\">OFICINA DE PESQUISA EM SOCIOLOGIA DA EDUCA\u00c7\u00c3O<\/a><\/td><td>Optativa<\/td><td>4<\/td><td>60<\/td><\/tr><tr><td>06560101<\/td><td><a href=\"https:\/\/institucional.ufpel.edu.br\/disciplinas\/id\/31065\" target=\"_blank\">PARTIDOS POL\u00cdTICOS NO BRASIL<\/a><\/td><td>Optativa<\/td><td>4<\/td><td>60<\/td><\/tr><tr><td>10910132<\/td><td><a href=\"https:\/\/institucional.ufpel.edu.br\/disciplinas\/id\/34811\" target=\"_blank\">PATRIM\u00d4NIO CULTURAL<\/a><\/td><td>Optativa<\/td><td>4<\/td><td>60<\/td><\/tr><tr><td>06560081<\/td><td><a href=\"https:\/\/institucional.ufpel.edu.br\/disciplinas\/id\/31045\" target=\"_blank\">PENSAMENTO POL\u00cdTICO BRASILEIRO<\/a><\/td><td>Optativa<\/td><td>4<\/td><td>60<\/td><\/tr><tr><td>10910134<\/td><td><a href=\"https:\/\/institucional.ufpel.edu.br\/disciplinas\/id\/34816\" target=\"_blank\">PESQUISA ETNOGR\u00c1FICA I<\/a><\/td><td>Optativa<\/td><td>4<\/td><td>60<\/td><\/tr><tr><td>06560082<\/td><td><a href=\"https:\/\/institucional.ufpel.edu.br\/disciplinas\/id\/31046\" target=\"_blank\">POL\u00cdTICA COMPARADA<\/a><\/td><td>Optativa<\/td><td>4<\/td><td>60<\/td><\/tr><tr><td>06560188<\/td><td><a href=\"https:\/\/institucional.ufpel.edu.br\/disciplinas\/id\/46209\" target=\"_blank\">POL\u00cdTICA E SOCIEDADE NA AM\u00c9RICA LATINA<\/a><\/td><td>Optativa<\/td><td>4<\/td><td>60<\/td><\/tr><tr><td>06560187<\/td><td><a href=\"https:\/\/institucional.ufpel.edu.br\/disciplinas\/id\/46208\" target=\"_blank\">POL\u00cdTICA SOCIAL<\/a><\/td><td>Optativa<\/td><td>4<\/td><td>60<\/td><\/tr><tr><td>06730046<\/td><td><a href=\"https:\/\/institucional.ufpel.edu.br\/disciplinas\/id\/29627\" target=\"_blank\">P\u00d3S-MOD, P\u00d3S-ESTRUT, P\u00d3S-MARX, P\u00d3S-FUND: UM DEB. TE\u00d3RICO EUROPEU<\/a><\/td><td>Optativa<\/td><td>4<\/td><td>60<\/td><\/tr><tr><td>06560093<\/td><td><a href=\"https:\/\/institucional.ufpel.edu.br\/disciplinas\/id\/31057\" target=\"_blank\">PRODU\u00c7\u00c3O E INTERPRETA\u00c7\u00c3O DE TEXTOS CIENT\u00cdFICOS<\/a><\/td><td>Optativa<\/td><td>4<\/td><td>60<\/td><\/tr><tr><td>06560089<\/td><td><a href=\"https:\/\/institucional.ufpel.edu.br\/disciplinas\/id\/31053\" target=\"_blank\">RA\u00c7A E G\u00caNERO NAS CI\u00caNCIAS SOCIAIS<\/a><\/td><td>Optativa<\/td><td>4<\/td><td>60<\/td><\/tr><tr><td>06560189<\/td><td><a href=\"https:\/\/institucional.ufpel.edu.br\/disciplinas\/id\/46210\" target=\"_blank\">REGIMES E IDEOLOGIAS POL\u00cdTICAS<\/a><\/td><td>Optativa<\/td><td>4<\/td><td>60<\/td><\/tr><tr><td>06560190<\/td><td><a href=\"https:\/\/institucional.ufpel.edu.br\/disciplinas\/id\/46211\" target=\"_blank\">SISTEMA POL\u00cdTICO BRASILEIRO<\/a><\/td><td>Optativa<\/td><td>4<\/td><td>60<\/td><\/tr><tr><td>06560086<\/td><td><a href=\"https:\/\/institucional.ufpel.edu.br\/disciplinas\/id\/31050\" target=\"_blank\">SOCIOLOGIA: CI\u00caNCIA E PROFISS\u00c3O<\/a><\/td><td>Optativa<\/td><td>4<\/td><td>60<\/td><\/tr><tr><td>06560191<\/td><td><a href=\"https:\/\/institucional.ufpel.edu.br\/disciplinas\/id\/46212\" target=\"_blank\">SOCIOLOGIA DA ARTE<\/a><\/td><td>Optativa<\/td><td>4<\/td><td>60<\/td><\/tr><tr><td>06560090<\/td><td><a href=\"https:\/\/institucional.ufpel.edu.br\/disciplinas\/id\/31054\" target=\"_blank\">SOCIOLOGIA DA GLOBALIZA\u00c7\u00c3O<\/a><\/td><td>Optativa<\/td><td>4<\/td><td>60<\/td><\/tr><tr><td>06560197<\/td><td><a href=\"https:\/\/institucional.ufpel.edu.br\/disciplinas\/id\/46218\" target=\"_blank\">SOCIOLOGIA DOS MOVIMENTOS SOCIAIS<\/a><\/td><td>Optativa<\/td><td>4<\/td><td>60<\/td><\/tr><tr><td>06560193<\/td><td><a href=\"https:\/\/institucional.ufpel.edu.br\/disciplinas\/id\/46214\" target=\"_blank\">SOCIOLOGIA DO TRABALHO<\/a><\/td><td>Optativa<\/td><td>4<\/td><td>60<\/td><\/tr><tr><td>06560194<\/td><td><a href=\"https:\/\/institucional.ufpel.edu.br\/disciplinas\/id\/46215\" target=\"_blank\">SOCIOLOGIA DO TRABALHO (EAD)<\/a><\/td><td>Optativa<\/td><td>4<\/td><td>60<\/td><\/tr><tr><td>06560192<\/td><td><a href=\"https:\/\/institucional.ufpel.edu.br\/disciplinas\/id\/46213\" target=\"_blank\">SOCIOLOGIA ECON\u00d4MICA<\/a><\/td><td>Optativa<\/td><td>4<\/td><td>60<\/td><\/tr><tr><td>06560195<\/td><td><a href=\"https:\/\/institucional.ufpel.edu.br\/disciplinas\/id\/46216\" target=\"_blank\">SOCIOLOGIA HIST\u00d3RICA DO ESTADO<\/a><\/td><td>Optativa<\/td><td>4<\/td><td>60<\/td><\/tr><tr><td>06560196<\/td><td><a href=\"https:\/\/institucional.ufpel.edu.br\/disciplinas\/id\/46217\" target=\"_blank\">SOCIOLOGIA LATINO-AMERICANA<\/a><\/td><td>Optativa<\/td><td>4<\/td><td>60<\/td><\/tr><tr><td>06560198<\/td><td><a href=\"https:\/\/institucional.ufpel.edu.br\/disciplinas\/id\/46219\" target=\"_blank\">SOCIOLOGIA, SOCIEDADE E MEIO AMBIENTE<\/a><\/td><td>Optativa<\/td><td>4<\/td><td>60<\/td><\/tr><tr><td>06560199<\/td><td><a href=\"https:\/\/institucional.ufpel.edu.br\/disciplinas\/id\/46220\" target=\"_blank\">TEORIA CR\u00cdTICA E SOCIOLOGIA<\/a><\/td><td>Optativa<\/td><td>4<\/td><td>60<\/td><\/tr><tr><td>06560200<\/td><td><a href=\"https:\/\/institucional.ufpel.edu.br\/disciplinas\/id\/46221\" target=\"_blank\">TEORIA DA REPRESENTA\u00c7\u00c3O POL\u00cdTICA<\/a><\/td><td>Optativa<\/td><td>4<\/td><td>60<\/td><\/tr><tr><td>06560054<\/td><td><a href=\"https:\/\/institucional.ufpel.edu.br\/disciplinas\/id\/31018\" target=\"_blank\">TEORIAS DA DEMOCRACIA<\/a><\/td><td>Optativa<\/td><td>4<\/td><td>60<\/td><\/tr><tr><td>06560201<\/td><td><a href=\"https:\/\/institucional.ufpel.edu.br\/disciplinas\/id\/46222\" target=\"_blank\">TEORIA SOCIAL LATINO-AMERICANA<\/a><\/td><td>Optativa<\/td><td>4<\/td><td>60<\/td><\/tr><tr><td>06560202<\/td><td><a href=\"https:\/\/institucional.ufpel.edu.br\/disciplinas\/id\/46223\" target=\"_blank\">TRABALHO, SOCIEDADE E DESIGUALDADES<\/a><\/td><td>Optativa<\/td><td>4<\/td><td>60<\/td><\/tr><tr><td>06560203<\/td><td><a href=\"https:\/\/institucional.ufpel.edu.br\/disciplinas\/id\/46224\" target=\"_blank\">UNIVERSIDADE E MUNDO DO TRABALHO<\/a><\/td><td>Optativa<\/td><td>4<\/td><td>60<\/td><\/tr><\/table>\n<p>&nbsp;<\/p>\n","protected":false},"excerpt":{"rendered":"<p>Ci\u00eancias Sociais &#8211; Licenciatura &nbsp; &nbsp;<\/p>\n","protected":false},"author":56,"featured_media":0,"parent":931,"menu_order":0,"comment_status":"closed","ping_status":"closed","template":"","meta":{"footnotes":""},"class_list":["post-348","page","type-page","status-publish","hentry"],"_links":{"self":[{"href":"https:\/\/wp.ufpel.edu.br\/cienciassociais\/wp-json\/wp\/v2\/pages\/348","targetHints":{"allow":["GET"]}}],"collection":[{"href":"https:\/\/wp.ufpel.edu.br\/cienciassociais\/wp-json\/wp\/v2\/pages"}],"about":[{"href":"https:\/\/wp.ufpel.edu.br\/cienciassociais\/wp-json\/wp\/v2\/types\/page"}],"author":[{"embeddable":true,"href":"https:\/\/wp.ufpel.edu.br\/cienciassociais\/wp-json\/wp\/v2\/users\/56"}],"replies":[{"embeddable":true,"href":"https:\/\/wp.ufpel.edu.br\/cienciassociais\/wp-json\/wp\/v2\/comments?post=348"}],"version-history":[{"count":9,"href":"https:\/\/wp.ufpel.edu.br\/cienciassociais\/wp-json\/wp\/v2\/pages\/348\/revisions"}],"predecessor-version":[{"id":1403,"href":"https:\/\/wp.ufpel.edu.br\/cienciassociais\/wp-json\/wp\/v2\/pages\/348\/revisions\/1403"}],"up":[{"embeddable":true,"href":"https:\/\/wp.ufpel.edu.br\/cienciassociais\/wp-json\/wp\/v2\/pages\/931"}],"wp:attachment":[{"href":"https:\/\/wp.ufpel.edu.br\/cienciassociais\/wp-json\/wp\/v2\/media?parent=348"}],"curies":[{"name":"wp","href":"https:\/\/api.w.org\/{rel}","templated":true}]}}