{"id":33,"date":"2010-05-03T21:34:14","date_gmt":"2010-05-04T00:34:14","guid":{"rendered":"https:\/\/wp.ufpel.edu.br\/cienciassociais\/?page_id=33"},"modified":"2010-12-01T10:14:49","modified_gmt":"2010-12-01T13:14:49","slug":"pibid","status":"publish","type":"page","link":"https:\/\/wp.ufpel.edu.br\/cienciassociais\/pibid\/","title":{"rendered":"PIBID"},"content":{"rendered":"<p>Atrav\u00e9s dos links abaixo, voc\u00ea pode acessar v\u00e1rios documentos referentes ao Programa Institucional de Bolsas de Inicia\u00e7\u00e3o \u00e0 Doc\u00eancia &#8211; PIBID 2010. S\u00e3o apresentados, ainda, os relat\u00f3rios dos diagn\u00f3sticos elaborados pelos bolsistas sobre as condi\u00e7\u00f5es de ensino e infra-estrutura das escolas vinculadas ao programa.<\/p>\n<p><a href=\"https:\/\/wp.ufpel.edu.br\/cienciassociais\/files\/2010\/05\/Edital-PIBID-20091.pdf\">Edital 2009 Capes PIBID<\/a><\/p>\n<p><a href=\"https:\/\/wp.ufpel.edu.br\/cienciassociais\/files\/2010\/05\/PROJETO-INSTITUCIONAL-PIBID-2010.pdf\">Projeto Institucional PIBID 2010<\/a><\/p>\n<p><a href=\"https:\/\/wp.ufpel.edu.br\/cienciassociais\/files\/2010\/05\/Subprojeto-PIBID-Ci\u00eancias-Sociais-2010.pdf\">Subprojeto Ci\u00eancias Sociais PIBID 2010<\/a><\/p>\n<p><a href=\"https:\/\/wp.ufpel.edu.br\/cienciassociais\/files\/2010\/05\/PCN-Ensino-M\u00e9dio-Bases-Legais.pdf\">PCN Ensino M\u00e9dio Bases Legais<\/a><\/p>\n<p><a href=\"https:\/\/wp.ufpel.edu.br\/cienciassociais\/files\/2010\/05\/PCN-Ensino-M\u00e9dio-Ci\u00eancias-Humanas.pdf\">PCN Ensino M\u00e9dio Ci\u00eancias Humanas e suas Tecnologias<\/a><\/p>\n<p><a href='https:\/\/wp.ufpel.edu.br\/cienciassociais\/files\/2010\/05\/PCN+-Ensino-M\u00e9dio-Ciencias-Humanas-Or.-Comp.2.pdf'>PCN+ Ensino M\u00e9dio Ciencias Humanas Orienta\u00e7\u00f5es Complementares<\/a><\/p>\n<p><a href='https:\/\/wp.ufpel.edu.br\/cienciassociais\/files\/2010\/05\/Orienta\u00e7\u00f5es-Curriculares-para-o-Ensino-M\u00e9dio-Ci\u00eancias-Humanas-e-suas-Tecnologias-Vol.-3.pdf'>Orienta\u00e7\u00f5es Curriculares para o Ensino M\u00e9dio Ci\u00eancias Humanas e suas Tecnologias Vol. 3<\/a><\/p>\n<p><a href='https:\/\/wp.ufpel.edu.br\/cienciassociais\/files\/2010\/05\/Referencial-Curricular-Li\u00e7\u00f5es-do-Rio-Grande-Ci\u00eancias-Humanas-e-suas-tecnologias.pdf'>Referencial Curricular Li\u00e7\u00f5es do Rio Grande Ci\u00eancias Humanas e suas tecnologias<\/a><\/p>\n<p><a href='https:\/\/wp.ufpel.edu.br\/cienciassociais\/files\/2010\/05\/Li\u00e7\u00f5es-do-Rio-Grande-Caderno-do-Professor-Ci\u00eancias-Humanas-e-suas-Tecnologias.pdf'>Li\u00e7\u00f5es do Rio Grande Caderno do Professor Ci\u00eancias Humanas e suas Tecnologias<\/a><\/p>\n<p><a href='https:\/\/wp.ufpel.edu.br\/cienciassociais\/files\/2010\/05\/Li\u00e7\u00f5es-do-Rio-Grande-Caderno-do-Aluno-1\u00ba-ano-do-Ensino-M\u00e9dio.pdf'>Li\u00e7\u00f5es do Rio Grande Caderno do Aluno 1\u00ba ano do Ensino M\u00e9dio<\/a><\/p>\n<p><a href='https:\/\/wp.ufpel.edu.br\/cienciassociais\/files\/2010\/05\/Li\u00e7\u00f5es-do-Rio-Grande-Caderno-do-Aluno-2\u00ba-e-3\u00ba-anos-do-Ensino-M\u00e9dio.pdf'>Li\u00e7\u00f5es do Rio Grande Caderno do Aluno 2\u00ba e 3\u00ba anos do Ensino M\u00e9dio<\/a><\/p>\n<p>Abaixo, s\u00e3o apresentados os relat\u00f3rios dos diagn\u00f3sticos realizados pelos bolsistas do PIBID nas escolas vinculadas ao programa:<\/p>\n<p><a href='https:\/\/wp.ufpel.edu.br\/cienciassociais\/files\/2010\/05\/Relat\u00f3rio-Escola-Sylvia-Mello.doc'>Relat\u00f3rio Escola Sylvia Mello<\/a><\/p>\n<p><a href='https:\/\/wp.ufpel.edu.br\/cienciassociais\/files\/2010\/05\/Relat\u00f3rio-Escola-N.S.-Lourdes.doc'>Relat\u00f3rio Escola N.S. Lourdes<\/a><\/p>\n<p><a href='https:\/\/wp.ufpel.edu.br\/cienciassociais\/files\/2010\/05\/Relat\u00f3rio-Col\u00e9gio-D.J.Braga_.doc'>Relat\u00f3rio Col\u00e9gio D.J.Braga<\/a><\/p>\n<p> <a href='https:\/\/wp.ufpel.edu.br\/cienciassociais\/files\/2010\/05\/Relat\u00f3rio-Escola-Assis-Brasil.doc'>Relat\u00f3rio Escola Assis Brasil<\/a><\/p>\n","protected":false},"excerpt":{"rendered":"<p>Atrav\u00e9s dos links abaixo, voc\u00ea pode acessar v\u00e1rios documentos referentes ao Programa Institucional de Bolsas de Inicia\u00e7\u00e3o \u00e0 Doc\u00eancia &#8211; PIBID 2010. S\u00e3o apresentados, ainda, os relat\u00f3rios dos diagn\u00f3sticos elaborados pelos bolsistas sobre as condi\u00e7\u00f5es de ensino e infra-estrutura das escolas vinculadas ao programa. Edital 2009 Capes PIBID Projeto Institucional PIBID 2010 Subprojeto Ci\u00eancias Sociais [&hellip;]<\/p>\n","protected":false},"author":56,"featured_media":0,"parent":0,"menu_order":7,"comment_status":"closed","ping_status":"open","template":"","meta":{"footnotes":""},"class_list":["post-33","page","type-page","status-publish","hentry"],"_links":{"self":[{"href":"https:\/\/wp.ufpel.edu.br\/cienciassociais\/wp-json\/wp\/v2\/pages\/33","targetHints":{"allow":["GET"]}}],"collection":[{"href":"https:\/\/wp.ufpel.edu.br\/cienciassociais\/wp-json\/wp\/v2\/pages"}],"about":[{"href":"https:\/\/wp.ufpel.edu.br\/cienciassociais\/wp-json\/wp\/v2\/types\/page"}],"author":[{"embeddable":true,"href":"https:\/\/wp.ufpel.edu.br\/cienciassociais\/wp-json\/wp\/v2\/users\/56"}],"replies":[{"embeddable":true,"href":"https:\/\/wp.ufpel.edu.br\/cienciassociais\/wp-json\/wp\/v2\/comments?post=33"}],"version-history":[{"count":22,"href":"https:\/\/wp.ufpel.edu.br\/cienciassociais\/wp-json\/wp\/v2\/pages\/33\/revisions"}],"predecessor-version":[{"id":35,"href":"https:\/\/wp.ufpel.edu.br\/cienciassociais\/wp-json\/wp\/v2\/pages\/33\/revisions\/35"}],"wp:attachment":[{"href":"https:\/\/wp.ufpel.edu.br\/cienciassociais\/wp-json\/wp\/v2\/media?parent=33"}],"curies":[{"name":"wp","href":"https:\/\/api.w.org\/{rel}","templated":true}]}}