{"id":29,"date":"2010-05-03T21:26:24","date_gmt":"2010-05-04T00:26:24","guid":{"rendered":"https:\/\/wp.ufpel.edu.br\/cienciassociais\/?page_id=29"},"modified":"2024-03-12T15:31:06","modified_gmt":"2024-03-12T18:31:06","slug":"projeto-politico-pedagogico","status":"publish","type":"page","link":"https:\/\/wp.ufpel.edu.br\/cienciassociais\/projetos-pedagogicos\/projeto-politico-pedagogico\/","title":{"rendered":"Projetos Pedag\u00f3gicos Bacharelado"},"content":{"rendered":"<p><a href=\"https:\/\/wp.ufpel.edu.br\/cienciassociais\/files\/2024\/03\/PPC_2024_CIENCIAS_SOCIAIS_BACHARELADO.pdf\">Projeto Pedag\u00f3gico CI\u00caNCIAS SOCIAIS &#8211; BACHARELADO 2024<\/a><\/p>\n<h4><a href=\"https:\/\/wp.ufpel.edu.br\/cienciassociais\/files\/2017\/08\/Projeto-Pedag\u00f3gico-Bacharelado.pdf\">Projeto-Pedag\u00f3gico-Bacharelado-2016<\/a><\/h4>\n<h4><a href=\"https:\/\/wp.ufpel.edu.br\/cienciassociais\/files\/2017\/08\/Projeto-Pedag\u00f3gico-Bacharelado-2010.pdf\">Projeto-Pedag\u00f3gico-Bacharelado-2010<\/a><\/h4>\n","protected":false},"excerpt":{"rendered":"<p>Projeto Pedag\u00f3gico CI\u00caNCIAS SOCIAIS &#8211; BACHARELADO 2024 Projeto-Pedag\u00f3gico-Bacharelado-2016 Projeto-Pedag\u00f3gico-Bacharelado-2010<\/p>\n","protected":false},"author":56,"featured_media":0,"parent":931,"menu_order":7,"comment_status":"closed","ping_status":"closed","template":"","meta":{"footnotes":""},"class_list":["post-29","page","type-page","status-publish","hentry"],"_links":{"self":[{"href":"https:\/\/wp.ufpel.edu.br\/cienciassociais\/wp-json\/wp\/v2\/pages\/29","targetHints":{"allow":["GET"]}}],"collection":[{"href":"https:\/\/wp.ufpel.edu.br\/cienciassociais\/wp-json\/wp\/v2\/pages"}],"about":[{"href":"https:\/\/wp.ufpel.edu.br\/cienciassociais\/wp-json\/wp\/v2\/types\/page"}],"author":[{"embeddable":true,"href":"https:\/\/wp.ufpel.edu.br\/cienciassociais\/wp-json\/wp\/v2\/users\/56"}],"replies":[{"embeddable":true,"href":"https:\/\/wp.ufpel.edu.br\/cienciassociais\/wp-json\/wp\/v2\/comments?post=29"}],"version-history":[{"count":25,"href":"https:\/\/wp.ufpel.edu.br\/cienciassociais\/wp-json\/wp\/v2\/pages\/29\/revisions"}],"predecessor-version":[{"id":1425,"href":"https:\/\/wp.ufpel.edu.br\/cienciassociais\/wp-json\/wp\/v2\/pages\/29\/revisions\/1425"}],"up":[{"embeddable":true,"href":"https:\/\/wp.ufpel.edu.br\/cienciassociais\/wp-json\/wp\/v2\/pages\/931"}],"wp:attachment":[{"href":"https:\/\/wp.ufpel.edu.br\/cienciassociais\/wp-json\/wp\/v2\/media?parent=29"}],"curies":[{"name":"wp","href":"https:\/\/api.w.org\/{rel}","templated":true}]}}