{"id":24,"date":"2010-05-03T21:20:31","date_gmt":"2010-05-04T00:20:31","guid":{"rendered":"https:\/\/wp.ufpel.edu.br\/cienciassociais\/?page_id=24"},"modified":"2024-07-29T19:28:49","modified_gmt":"2024-07-29T22:28:49","slug":"linhas-de-pesquisa","status":"publish","type":"page","link":"https:\/\/wp.ufpel.edu.br\/cienciassociais\/linhas-de-pesquisa\/","title":{"rendered":"Projetos"},"content":{"rendered":"<p>Os diversos projetos de Ensino, Pesquisa e Extens\u00e3o das Ci\u00eancias Socais (Licenciatura e Bacharelado) se vinculam aos Laborat\u00f3rios e Grupos de Pesquisas cujo os LINKS de acesso est\u00e3o abaixo:<\/p>\n<p>As atividades se aproximam muitas vezes dos Programas de P\u00f3s-Gradua\u00e7\u00e3o produzindo um ambiente de integra\u00e7\u00e3o entre os cursos, por isso projetos divulgados nessas p\u00e1ginas promovem muitas vezes espa\u00e7o de parti\u00e7\u00e3o para gradua\u00e7\u00e3o.<\/p>\n<hr \/>\n<p style=\"text-align: left\"><strong>Programa de P\u00f3s-Gradua\u00e7\u00e3o em Antropologia<\/strong> \u2013\u00a0<a href=\"https:\/\/wp.ufpel.edu.br\/ppgant\/\">https:\/\/wp.ufpel.edu.br\/ppgant\/<\/a><\/p>\n<p style=\"text-align: left\"><strong>Programa de P\u00f3s-Gradua\u00e7\u00e3o em\u00a0Ci\u00eancia Pol\u00edtica<\/strong> \u2013\u00a0<a href=\"https:\/\/wp.ufpel.edu.br\/ppgcienciapolitica\/\">https:\/\/wp.ufpel.edu.br\/ppgcienciapolitica\/<\/a><\/p>\n<p style=\"text-align: left\"><strong>Programa de P\u00f3s-Gradua\u00e7\u00e3o em Sociologia<\/strong> \u2013\u00a0<a href=\"https:\/\/wp.ufpel.edu.br\/ppgs\/\">https:\/\/wp.ufpel.edu.br\/ppgs\/<\/a><\/p>\n<hr \/>\n<p style=\"text-align: left\"><strong>Grupo de Pesquisa Democracia e Pol\u00edticas P\u00fablicas (Dpop) <\/strong><\/p>\n<p style=\"text-align: left\">\u00a0<a href=\"https:\/\/wp.ufpel.edu.br\/dpop\/o-dpop\/\">https:\/\/www.facebook.com\/grupodpop\/<\/a><\/p>\n<p style=\"text-align: left\"><a href=\"https:\/\/wp.ufpel.edu.br\/dpop\/o-dpop\/\">https:\/\/wp.ufpel.edu.br\/dpop\/o-dpop\/<\/a><\/p>\n<hr \/>\n<p style=\"text-align: left\">\n<p style=\"text-align: left\"><strong>Grupo de Estudos e Pesquisa Novas Sociologias (GENS)<\/strong><\/p>\n<p style=\"text-align: left\"><a href=\"http:\/\/dgp.cnpq.br\/dgp\/espelhogrupo\/501497\">http:\/\/dgp.cnpq.br\/dgp\/espelhogrupo\/501497<\/a><\/p>\n<p style=\"text-align: left\"><a href=\"https:\/\/twitter.com\/genufpel\">https:\/\/twitter.com\/genufpel<\/a><\/p>\n<hr \/>\n<p style=\"text-align: left\"><strong>Observat\u00f3rio Social Do Trabalho<\/strong><\/p>\n<p style=\"text-align: left\"><a href=\"https:\/\/wp.ufpel.edu.br\/observatoriosocial\/\">https:\/\/wp.ufpel.edu.br\/observatoriosocial\/<\/a><\/p>\n<hr \/>\n<p style=\"text-align: left\">\n<p style=\"text-align: left\"><strong>Laborat\u00f3rio de Estudos Agr\u00e1rios e Ambientais<\/strong><\/p>\n<p style=\"text-align: left\"><a href=\"https:\/\/wp.ufpel.edu.br\/leaa\/\">https:\/\/wp.ufpel.edu.br\/leaa\/<\/a><\/p>\n<hr \/>\n<p style=\"text-align: left\"><strong>Laborat\u00f3rio de Ensino e Pesquisa em Antropologia e Arqueologia \u2013 LEPAARQ<\/strong><\/p>\n<p style=\"text-align: left\"><a href=\"https:\/\/wp.ufpel.edu.br\/lepaarq\/\">https:\/\/wp.ufpel.edu.br\/lepaarq\/<\/a><\/p>\n<hr \/>\n<p style=\"text-align: left\"><strong>Laborat\u00f3rio Interdisciplinar de estudos feministas<\/strong><\/p>\n<p style=\"text-align: left\"><a href=\"https:\/\/www.facebook.com\/labfeminista\/\">https:\/\/www.facebook.com\/labfeminista\/<\/a><\/p>\n<hr \/>\n<p style=\"text-align: left\"><strong>Laborat\u00f3rio de Ensino, Pesquisa e Produ\u00e7\u00e3o em Antropologia da Imagem e do Som<\/strong><\/p>\n<p style=\"text-align: left\"><a href=\"https:\/\/leppais.wordpress.com\/\">https:\/\/leppais.wordpress.com\/<\/a><\/p>\n<hr \/>\n<p style=\"text-align: left\"><strong>N\u00facleo de Estudos Feministas e de G\u00eanero (D&#8217;GENERUS)<\/strong><\/p>\n<p style=\"text-align: left\"><a href=\"https:\/\/wp.ufpel.edu.br\/dgenerus\/\">https:\/\/wp.ufpel.edu.br\/dgenerus\/<\/a><\/p>\n<hr \/>\n<p style=\"text-align: left\"><strong>NETA \u2013 N\u00facleo de Etnologia Amer\u00edndia<\/strong><\/p>\n<p style=\"text-align: left\"><a href=\"http:\/\/neta.ufpel.edu.br\/\">http:\/\/neta.ufpel.edu.br\/<\/a><\/p>\n<hr \/>\n<p style=\"text-align: left\"><strong>N\u00facleo de Pesquisa sobre Pol\u00edticas de Mem\u00f3ria (NUPPOME)\u00a0<\/strong><\/p>\n<p style=\"text-align: left\"><a href=\"https:\/\/wp.ufpel.edu.br\/nuppome\/\">https:\/\/wp.ufpel.edu.br\/nuppome\/<\/a><\/p>\n","protected":false},"excerpt":{"rendered":"<p>Os diversos projetos de Ensino, Pesquisa e Extens\u00e3o das Ci\u00eancias Socais (Licenciatura e Bacharelado) se vinculam aos Laborat\u00f3rios e Grupos de Pesquisas cujo os LINKS de acesso est\u00e3o abaixo: As atividades se aproximam muitas vezes dos Programas de P\u00f3s-Gradua\u00e7\u00e3o produzindo um ambiente de integra\u00e7\u00e3o entre os cursos, por isso projetos divulgados nessas p\u00e1ginas promovem muitas [&hellip;]<\/p>\n","protected":false},"author":56,"featured_media":0,"parent":0,"menu_order":5,"comment_status":"closed","ping_status":"closed","template":"","meta":{"footnotes":""},"class_list":["post-24","page","type-page","status-publish","hentry"],"_links":{"self":[{"href":"https:\/\/wp.ufpel.edu.br\/cienciassociais\/wp-json\/wp\/v2\/pages\/24","targetHints":{"allow":["GET"]}}],"collection":[{"href":"https:\/\/wp.ufpel.edu.br\/cienciassociais\/wp-json\/wp\/v2\/pages"}],"about":[{"href":"https:\/\/wp.ufpel.edu.br\/cienciassociais\/wp-json\/wp\/v2\/types\/page"}],"author":[{"embeddable":true,"href":"https:\/\/wp.ufpel.edu.br\/cienciassociais\/wp-json\/wp\/v2\/users\/56"}],"replies":[{"embeddable":true,"href":"https:\/\/wp.ufpel.edu.br\/cienciassociais\/wp-json\/wp\/v2\/comments?post=24"}],"version-history":[{"count":10,"href":"https:\/\/wp.ufpel.edu.br\/cienciassociais\/wp-json\/wp\/v2\/pages\/24\/revisions"}],"predecessor-version":[{"id":1564,"href":"https:\/\/wp.ufpel.edu.br\/cienciassociais\/wp-json\/wp\/v2\/pages\/24\/revisions\/1564"}],"wp:attachment":[{"href":"https:\/\/wp.ufpel.edu.br\/cienciassociais\/wp-json\/wp\/v2\/media?parent=24"}],"curies":[{"name":"wp","href":"https:\/\/api.w.org\/{rel}","templated":true}]}}