{"id":21,"date":"2010-05-03T21:18:34","date_gmt":"2010-05-04T00:18:34","guid":{"rendered":"https:\/\/wp.ufpel.edu.br\/cienciassociais\/?page_id=21"},"modified":"2024-03-11T21:13:41","modified_gmt":"2024-03-12T00:13:41","slug":"professores","status":"publish","type":"page","link":"https:\/\/wp.ufpel.edu.br\/cienciassociais\/professores\/","title":{"rendered":"Professores"},"content":{"rendered":"<p><strong>Professores do Curso de Ci\u00eancias Sociais e respectivas Unidades de lota\u00e7\u00e3o:<\/strong><\/p>\n<p><strong>Departamento de Sociologia e Pol\u00edtica:<\/strong><\/p>\n<p style=\"margin: 0cm;margin-bottom: .0001pt;line-height: 150%\">Prof. Dr. \u00c1lvaro Augusto de Borba Barreto &#8211; IFISP\/UFPel &#8211; <a class=\"\" href=\"mailto:alvaro.barreto@ufpel.edu.br\" data-usuario=\"alvaro.barreto\">alvaro.barreto@ufpel.edu.br<\/a><\/p>\n<p><a href=\"http:\/\/lattes.cnpq.br\/5864253978025307\">Curr\u00edculo Lattes<\/a><\/p>\n<p>&nbsp;<\/p>\n<p>Prof. Dr. Attila Magno e Silva Barbosa &#8211; IFISP\/UFPel &#8211; <a class=\"\" href=\"mailto:attila.barbosa@ufpel.edu.br\" data-usuario=\"attila.barbosa\">\u00a0attila.barbosa@ufpel.edu.br<\/a><\/p>\n<p><a href=\"http:\/\/lattes.cnpq.br\/3439248200454585\">Curr\u00edculo Lattes<\/a><\/p>\n<p>&nbsp;<\/p>\n<p style=\"margin: 0cm;margin-bottom: .0001pt;line-height: 150%\">Prof\u00aa. Dr\u00aa. Bianca de Freitas Linhares &#8211; IFISP\/UFPel &#8211; <a class=\"\" href=\"mailto:bianca.linhares@ufpel.edu.br\" data-usuario=\"bianca.linhares\">bianca.linhares@ufpel.edu.br<\/a><br \/>\n<a href=\"http:\/\/lattes.cnpq.br\/7261471162878192\">Curr\u00edculo Lattes<\/a><\/p>\n<p>&nbsp;<\/p>\n<p style=\"margin: 0cm;margin-bottom: .0001pt;line-height: 150%\">Prof. Dr. Carlos Artur Gallo Cabrera \u2013 IFISP\/UFPel &#8211; <a class=\"\" href=\"mailto:carlos.artur@ufpel.edu.br\" data-usuario=\"carlos.artur\">carlos.artur@ufpel.edu.br<\/a><\/p>\n<p><a href=\"http:\/\/lattes.cnpq.br\/6099239530718796\">Curr\u00edculo Lattes<\/a><\/p>\n<p>&nbsp;<\/p>\n<p style=\"margin: 0cm;margin-bottom: .0001pt;line-height: 150%\">Prof\u00aa. Dr\u00aa. Elaine da Silveira Leite &#8211; IFISP\/UFPel &#8211; <a class=\"\" href=\"mailto:elaine.leite@ufpel.edu.br\" data-usuario=\"elaine.leite\">\u00a0elaine.leite@ufpel.edu.br<\/a><\/p>\n<p><a href=\"http:\/\/lattes.cnpq.br\/7187331231544047\">Curr\u00edculo Lattes<\/a><\/p>\n<p>&nbsp;<\/p>\n<p style=\"margin: 0cm;margin-bottom: .0001pt;line-height: 150%\">Prof. Dr. Daniel de Mendon\u00e7a &#8211; IFISP\/UFPel &#8211; <a class=\"\" href=\"mailto:daniel.mendonca@ufpel.edu.br\" data-usuario=\"daniel.mendonca\">daniel.mendonca@ufpel.edu.br<\/a><\/p>\n<p><a href=\"http:\/\/lattes.cnpq.br\/9251787953915517\">Curr\u00edculo Lattes<\/a><\/p>\n<p>&nbsp;<\/p>\n<p>Prof. Dr. Francisco dos Santos Kieling &#8211; IFISP\/UFPel &#8211; francisco.kieling@ufpel.edu.br<\/p>\n<p><a href=\"http:\/\/lattes.cnpq.br\/0438177015374989\">Curr\u00edculo Lattes<\/a><\/p>\n<p>&nbsp;<\/p>\n<p style=\"margin: 0cm;margin-bottom: .0001pt;line-height: 150%\">Prof. Dr. Francisco Eduardo Beckenkamp Vargas &#8211; IFISP\/UFPel &#8211; <a class=\"\" href=\"mailto:francisco_vargas@ufpel.edu.br\" data-usuario=\"francisco_vargas\">francisco_vargas@ufpel.edu.br<\/a><\/p>\n<p style=\"margin: 0cm;margin-bottom: .0001pt;line-height: 150%\"><a href=\"http:\/\/lattes.cnpq.br\/9208818114078272\">Curr\u00edculo Lattes<\/a><\/p>\n<p>&nbsp;<\/p>\n<p style=\"margin: 0cm;margin-bottom: .0001pt;line-height: 150%\">Prof. Dr. L\u00e9o Peixoto Rodrigues -IFISP\/UFPel &#8211;<br \/>\n<a href=\"http:\/\/lattes.cnpq.br\/0066482228124793\">Curr\u00edculo Lattes<\/a><\/p>\n<p>&nbsp;<\/p>\n<p style=\"margin: 0cm;margin-bottom: .0001pt;line-height: 150%\">Prof. Dr. Marcus Vinicius Spolle &#8211; IFISP\/UFPel &#8211;\u00a0 <a class=\"\" href=\"mailto:marcus.spolle@ufpel.edu.br\" data-usuario=\"marcus.spolle\">marcus.spolle@ufpel.edu.br<\/a><\/p>\n<p><a href=\"http:\/\/lattes.cnpq.br\/7994446298778464\">Curr\u00edculo Lattes<\/a><\/p>\n<p>&nbsp;<\/p>\n<p style=\"margin: 0cm;margin-bottom: .0001pt;line-height: 150%\">Prof\u00aa. Dr\u00aa. Patr\u00edcia Rodrigues Chaves da Cunha &#8211; IFISP\/UFPel &#8211; <a class=\"\" href=\"mailto:prccunha@ufpel.edu.br\" data-usuario=\"prccunha\">prccunha@ufpel.edu.br<\/a><\/p>\n<p><a href=\"http:\/\/lattes.cnpq.br\/4371769396775499\">Curr\u00edculo Lattes<\/a><\/p>\n<p>&nbsp;<\/p>\n<p style=\"margin: 0cm;margin-bottom: .0001pt;line-height: 150%\">Prof. Dr. Pedro Alcides Robertt Niz &#8211; IFISP\/UFPel &#8211; <a class=\"\" href=\"mailto:pedro.robertt@ufpel.edu.br\" data-usuario=\"pedro.robertt\">pedro.robertt@ufpel.edu.br<\/a><\/p>\n<p><a href=\"http:\/\/lattes.cnpq.br\/9769937833285092\">Curr\u00edculo Lattes<\/a><\/p>\n<p>&nbsp;<\/p>\n<p style=\"margin: 0cm;margin-bottom: .0001pt;line-height: 150%\">Prof. Dr. Rom\u00e9rio Kurath &#8211; IFISP\/UFPel &#8211; <a class=\"\" href=\"mailto:romerio.jair.kunrath@ufpel.edu.br\" data-usuario=\"romerio.jair.kunrath\">romerio.jair.kunrath@ufpel.edu.br<\/a><\/p>\n<p><a href=\"http:\/\/lattes.cnpq.br\/4241285895359171\">Curr\u00edculo Lattes<\/a><\/p>\n<p>&nbsp;<\/p>\n<p style=\"margin: 0cm;margin-bottom: .0001pt;line-height: 150%\">Prof\u00aa. Dr\u00aa. Rosangela Marione Schulz -IFISP\/UFPel &#8211; <a class=\"\" href=\"mailto:rosangela.schulz@ufpel.edu.br\" data-usuario=\"rosangela.schulz\">rosangela.schulz@ufpel.edu.br<\/a><\/p>\n<p><a href=\"http:\/\/lattes.cnpq.br\/2049154693803691\">Curr\u00edculo Lattes<\/a><\/p>\n<p>&nbsp;<\/p>\n<p style=\"margin: 0cm;margin-bottom: .0001pt;line-height: 150%\">Prof. Dr. Rodrigo Cantu de Souza &#8211; <a class=\"\" href=\"mailto:rodrigo.cantu@ufpel.edu.br\" data-usuario=\"rodrigo.cantu\">rodrigo.cantu@ufpel.edu.br<\/a>.<\/p>\n<p style=\"margin: 0cm;margin-bottom: .0001pt;line-height: 150%\"><a href=\"http:\/\/lattes.cnpq.br\/0535501830903598\">Curr\u00edculo Lattes<\/a><\/p>\n<p>&nbsp;<\/p>\n<p style=\"margin: 0cm;margin-bottom: .0001pt;line-height: 150%\">Profa. Dra. Simone da Silva Ribeiro Gomes &#8211; <a class=\"\" href=\"mailto:simone.gomes@ufpel.edu.br\" data-usuario=\"simone.gomes\">simone.gomes@ufpel.edu.brLattes: <\/a><\/p>\n<p style=\"margin: 0cm;margin-bottom: .0001pt;line-height: 150%\"><a href=\"http:\/\/lattes.cnpq.br\/4733540920244003\">Curr\u00edculo Lattes<\/a><\/p>\n<p>&nbsp;<\/p>\n<p style=\"margin: 0cm;margin-bottom: .0001pt;line-height: 150%\">Prof\u00aa. Dr\u00aa. Vera L\u00facia dos Santos Schwarz &#8211; IFISP\/UFPel &#8211; <a class=\"\" href=\"mailto:vera_schwarz@ufpel.edu.br\" data-usuario=\"vera_schwarz\">\u00a0vera_schwarz@ufpel.edu.br<\/a><\/p>\n<p><a href=\"http:\/\/lattes.cnpq.br\/4060293177349571\">Curr\u00edculo Lattes<\/a><\/p>\n<p>&nbsp;<\/p>\n<p style=\"margin: 0cm;margin-bottom: .0001pt;line-height: 150%\">Prof. Dr. William Hector Gomez Soto &#8211; IFISP\/UFPel &#8211; <a class=\"\" href=\"mailto:william.hector@ufpel.edu.br\" data-usuario=\"william.hector\">william.hector@ufpel.edu.br<\/a><\/p>\n<p><a href=\"http:\/\/lattes.cnpq.br\/9678696141323658\">Curr\u00edculo Lattes<\/a><\/p>\n<p>&nbsp;<\/p>\n<p><strong>Outros Departamentos<\/strong><\/p>\n<p>Prof. Dr. Manoel Luis C. Vasconcellos\u00a0 &#8211; Dep. Filosofia\/IFISP &#8211; <a class=\"\" href=\"mailto:manoel.vasconcellos@ufpel.edu.br\" data-usuario=\"manoel.vasconcellos\">manoel.vasconcellos@ufpel.edu.br<\/a><\/p>\n<p>Prof\u00aa. Dr\u00aa. Flavia Maria Silva Rieth &#8211; DA\/ICH &#8211; <a class=\"\" href=\"mailto:flavia.rieth@ufpel.edu.br\" data-usuario=\"flavia.rieth\">flavia.rieth@ufpel.edu.br<\/a><\/p>\n<p>Prof. Francisco Luiz Pereira da Silva Neto &#8211; DA\/ICH &#8211; <a class=\"\" href=\"mailto:neto.francisco@ufpel.edu.br\" data-usuario=\"neto.francisco\">neto.francisco@ufpel.edu.br<\/a><\/p>\n<p>Prof\u00aa. Adriane Luisa Rodolpho &#8211; DA\/ICH &#8211; <a class=\"\" href=\"mailto:adriane.rodolpho@ufpel.edu.br\" data-usuario=\"adriane.rodolpho\">adriane.rodolpho@ufpel.edu.br<\/a><\/p>\n<p>Prof. Rogerio Reus Gon\u00e7alves da Rosa &#8211; DA\/ICH &#8211; <a class=\"\" href=\"mailto:rogerio.rosa@ufpel.edu.br\" data-usuario=\"rogerio.rosa\">rogerio.rosa@ufpel.edu.br<\/a><\/p>\n<p>Profa. Rosane Aparecida Rubert &#8211; DA\/ICH &#8211; http:\/\/ich.ufpel.edu.br\/<\/p>\n<p>Prof. Maria Regina Caetano Costa &#8211; DG\/ICH &#8211; <a class=\"\" href=\"mailto:maria.regina@ufpel.edu.br\" data-usuario=\"maria.regina\">maria.regina@ufpel.edu.br<\/a><\/p>\n<p>Profa.\u00a0 Giselda Maria Pereira &#8211; DE\/IFM &#8211; <a class=\"\" href=\"mailto:giselda.pereira@ufpel.edu.br\" data-usuario=\"giselda.pereira\">\u00a0giselda.pereira@ufpel.edu.br<\/a><\/p>\n","protected":false},"excerpt":{"rendered":"<p>Professores do Curso de Ci\u00eancias Sociais e respectivas Unidades de lota\u00e7\u00e3o: Departamento de Sociologia e Pol\u00edtica: Prof. Dr. \u00c1lvaro Augusto de Borba Barreto &#8211; IFISP\/UFPel &#8211; alvaro.barreto@ufpel.edu.br Curr\u00edculo Lattes &nbsp; Prof. Dr. Attila Magno e Silva Barbosa &#8211; IFISP\/UFPel &#8211; \u00a0attila.barbosa@ufpel.edu.br Curr\u00edculo Lattes &nbsp; Prof\u00aa. Dr\u00aa. Bianca de Freitas Linhares &#8211; IFISP\/UFPel &#8211; bianca.linhares@ufpel.edu.br Curr\u00edculo [&hellip;]<\/p>\n","protected":false},"author":56,"featured_media":0,"parent":0,"menu_order":4,"comment_status":"closed","ping_status":"closed","template":"","meta":{"footnotes":""},"class_list":["post-21","page","type-page","status-publish","hentry"],"_links":{"self":[{"href":"https:\/\/wp.ufpel.edu.br\/cienciassociais\/wp-json\/wp\/v2\/pages\/21","targetHints":{"allow":["GET"]}}],"collection":[{"href":"https:\/\/wp.ufpel.edu.br\/cienciassociais\/wp-json\/wp\/v2\/pages"}],"about":[{"href":"https:\/\/wp.ufpel.edu.br\/cienciassociais\/wp-json\/wp\/v2\/types\/page"}],"author":[{"embeddable":true,"href":"https:\/\/wp.ufpel.edu.br\/cienciassociais\/wp-json\/wp\/v2\/users\/56"}],"replies":[{"embeddable":true,"href":"https:\/\/wp.ufpel.edu.br\/cienciassociais\/wp-json\/wp\/v2\/comments?post=21"}],"version-history":[{"count":21,"href":"https:\/\/wp.ufpel.edu.br\/cienciassociais\/wp-json\/wp\/v2\/pages\/21\/revisions"}],"predecessor-version":[{"id":1389,"href":"https:\/\/wp.ufpel.edu.br\/cienciassociais\/wp-json\/wp\/v2\/pages\/21\/revisions\/1389"}],"wp:attachment":[{"href":"https:\/\/wp.ufpel.edu.br\/cienciassociais\/wp-json\/wp\/v2\/media?parent=21"}],"curies":[{"name":"wp","href":"https:\/\/api.w.org\/{rel}","templated":true}]}}