{"id":200,"date":"2010-10-08T09:46:08","date_gmt":"2010-10-08T12:46:08","guid":{"rendered":"https:\/\/wp.ufpel.edu.br\/cienciassociais\/"},"modified":"2024-07-29T19:17:05","modified_gmt":"2024-07-29T22:17:05","slug":"semana-academica","status":"publish","type":"page","link":"https:\/\/wp.ufpel.edu.br\/cienciassociais\/semana-academica\/","title":{"rendered":"Semana Acad\u00eamica 2019"},"content":{"rendered":"<p>A Semana Acad\u00eamica de Ci\u00eancias Sociais\u00a0 ocorreu entre os dias\u00a0 4\/11 a 8\/11\/2019.<br \/>\nMaiores informa\u00e7\u00f5es sobre a programa\u00e7\u00e3o veja\u00a0\u00a0o link\u00a0 da Semana Acad\u00eamica:<br \/>\nhttps:\/\/m.facebook.com\/Semana-Acad\u00eamica-de-Ci\u00eancias-Sociais-2019-102265297849262\/<\/p>\n<p><strong>A PROGRAMA\u00c7\u00c3O DA SEMANA ACAD\u00caMICA DAS CI\u00caNCIAS SOCIAIS- 2019:<\/strong><br \/>\n<strong>TEMA GERAL<\/strong>: \u201cCRISE SOCIAL: AS VEIAS ABERTAS DA AM\u00c9RICA LATINA\u201d<br \/>\nINSCRI\u00c7\u00c3O E CREDENCIAMENTO NO DIA 4\/11\/2019, das\u00a0<strong>18 as 19: 30<\/strong>\u00a0Hora &#8211; SAGU\u00c3O DA BIBLIOTECA DE CI\u00caNCIAS SOCIAIS<br \/>\n<strong>Dia 04\/11\/2019<\/strong><br \/>\n<strong>Tarde e Noite<\/strong>: Atividade Cultural na Rua &#8211; Alberto Rosa 154, entre Benjamin Constant e Alm. Tamandar\u00e9 (Espa\u00e7o de Conviv\u00eancia).<br \/>\n<strong>Dia 05\/11\/2019 &#8211;<\/strong><br \/>\n<strong>Manh\u00e3:<\/strong>\u00a09:00 Horas<br \/>\nGrupos de Trabalho \u2013 Apresenta\u00e7\u00e3o de Trabalhos T\u00e9cnicos e Cient\u00edficos<br \/>\nLocal: Sala 206 &#8211; IFISP<\/p>\n<p><strong>Tarde:<\/strong>\u00a014:00 Horas<br \/>\nOficina do PIBID \u2013 Recursos Did\u00e1ticos para o Ensino M\u00e9dio a partir das experi\u00eancias do PIBID\/UFPel (Profa. Me. Carla Michele Rech \u2013 UFPel.<br \/>\nLocal: Sala 206 &#8211; IFISP<\/p>\n<p><strong>Noite<\/strong>: 19:00 Horas<br \/>\nConfer\u00eancia: Sentidos e significados da resist\u00eancia ind\u00edgena no Brasil<br \/>\nProfa. Me. Jacqueline Parmigiani (Antrop\u00f3loga)<br \/>\nLocal: Audit\u00f3rio da Faculdade de Arquitetura<\/p>\n<p><strong>Dia 06\/11\/2019<\/strong><br \/>\n<strong>Manh\u00e3:<\/strong>\u00a09:00 Horas<br \/>\nGrupos de Trabalho \u2013 Apresenta\u00e7\u00e3o de Trabalhos T\u00e9cnicos e Cient\u00edficos<br \/>\nLocal: Sala 204 &#8211; IFISP<\/p>\n<p><strong>Tarde<\/strong>: 14:00 Horas<br \/>\nOficina \u2013 Base de Dados e Indicadores Estat\u00edsticos de Mercado de Trabalho no Brasil Prof. Dr. Francisco E. B. Vargas \u2013 Observat\u00f3rio do Trabalho &#8211; UFPel.<br \/>\nLocal: Sala C \u2013 Laborat\u00f3rio de Inform\u00e1tica da Gradua\u00e7\u00e3o (T\u00e9rreo do ICH)<br \/>\nVAGAS LIMITADAS \u2013 24 VAGAS<\/p>\n<p><strong>Tarde:\u00a0<\/strong>16:00 Horas<br \/>\nMesa Redonda \u2013 Debates sobre Experi\u00eancias e Viv\u00eancias Acad\u00eamicas.<br \/>\nAcad\u00eamicos\/as dos Programas de P\u00f3s-Gradua\u00e7\u00e3o em Sociologia, Antropologia e Pol\u00edtica da UFPel.<br \/>\nLocal: Sala\u00a0\u00a0 &#8211; IFISP<\/p>\n<p><strong>Noite<\/strong>: 19:00 Horas<br \/>\nConfer\u00eancia: O fazer\u00a0sociol\u00f3gico no contexto das discuss\u00f5es e conflitos ambientais no Brasil: possibilidades e desafios<br \/>\nProf. Dr. S\u00e9rgio Botton Barcelos \u2013 FURG<br \/>\nDebatedor: Prof. Dr. William Hector Gomez Soto \u2013 UFPel<br \/>\nLocal: Audit\u00f3rio da Faculdade de Arquitetura<\/p>\n<p><strong>Dia 07\/11\/2019<\/strong><\/p>\n<p><strong>Manh\u00e3:<\/strong>\u00a09:00 Horas<br \/>\nOficina \u2013 Ateli\u00ea (auto)formativo: Aprender na Universidade<br \/>\nProfa. Vera L\u00facia dos Santos Schwarz \u2013 UFPel<br \/>\nLocal: Sala 206 &#8211; IFISP<\/p>\n<p><strong>Tarde<\/strong>: 14:00 Horas<br \/>\nConfer\u00eancia: Depend\u00eancia e Pol\u00edtica na Am\u00e9rica Latina<br \/>\nLuciano Lima &#8211; Acad\u00eamico do PPGCPOL-UFPel e Presidente do Partido dos Trabalhadores (PT) de Pelotas.<br \/>\nLocal: Audit\u00f3rio da Faculdade de Arquitetura<\/p>\n<p><strong>Tarde<\/strong>: 16:00\u00a0 Horas<br \/>\nConfer\u00eancia: G\u00eanero \u2013 Profa. Dra. Rosangela Marione Schulz &#8211; UFPel.<br \/>\nLocal: Audit\u00f3rio da Faculdade de Arquitetura<\/p>\n<p><strong>Noite<\/strong>: 19:00 Horas<br \/>\nConfer\u00eancia: Mundo do trabalho e a proemin\u00eancia da pedagogia empreendedora.<br \/>\nProfa. Dra. Laura Senna Ferreira \u2013 UFSM<br \/>\nDebatedor: Prof. Dr. Pedro Alcides Robertt Niz &#8211; UFPel<br \/>\nLocal: Audit\u00f3rio da Faculdade de Arquitetura<\/p>\n<p><strong>Dia 08\/11\/2019<\/strong><\/p>\n<p><strong>Manh\u00e3<\/strong>: 9:00 Horas \u2013 Oficina \u2013 Ateli\u00ea (auto)formativo: Aprender na Universidade<br \/>\nProfa. Vera L\u00facia dos Santos Schwarz \u2013 UFPel<br \/>\nLocal: Sala 206 &#8211; IFISP<\/p>\n<p><strong>Tarde<\/strong>: 14:00 Horas<br \/>\nConfer\u00eancia: Feminismo Negro<br \/>\nProfa. Me. Carla Silva de \u00c1vila &#8211; UCPel<br \/>\nLocal: Audit\u00f3rio da Faculdade de Arquitetura<\/p>\n<p><strong>Tarde<\/strong>: 16:30 Horas<br \/>\nOficina: A\u00e7\u00f5es antropo\u00e9ticas entre veias abertas: pela fluidez do m\u00e9todo<br \/>\nProf\u00aa. Dr\u00aa. Daniele Borges Bezerra &#8211; UFPel<br \/>\nLocal: LEPPAIS \u2013 Antropologia Social, Rua Alberto Rosa, 154 \u2013 Sala 126<br \/>\nVAGAS LIMITADAS \u2013 12 VAGAS<\/p>\n<p><strong>Noite<\/strong>: 19:00 Horas<br \/>\nConfer\u00eancia: Pol\u00edtica Comparada na Am\u00e9rica Latina<br \/>\nProf. Dr. Rodrigo S. Gonz\u00e1lez \u2013 UFRGS<br \/>\nDebatedor: Prof. Dr. Romerio Jair Kunrath &#8211; UFPel<br \/>\nLocal: Audit\u00f3rio da Faculdade de Arquitetura- FAURB.<br \/>\nDe 29 de novembro a 03 de dezembro de 2010 ser\u00e1 realizada a Semana Acad\u00eamica do Curso de Ci\u00eancias Sociais do ISP\/UFPel.<br \/>\nAs <strong>inscri\u00e7\u00f5es<\/strong> para o evento j\u00e1 est\u00e3o abertas e podem ser realizadas no hor\u00e1rio das 18 \u00e0s 20:30 horas, no Campus de Ci\u00eancias Sociais.<\/p>\n<p>A Semana Acad\u00eamica \u00e9 um evento promovido pelos alunos do curso, contando tamb\u00e9m com a colabora\u00e7\u00e3o dos professores. O evento \u00e9 organizado na forma de debates, palestras, mesas-redondas, pain\u00e9is, feira de livros, mini-cursos, mostra de pesquisa e apresenta\u00e7\u00f5es cinematogr\u00e1ficas.<br \/>\nNesta edi\u00e7\u00e3o de 2010, o evento abordar\u00e1 o tema \u201cCi\u00eancias Sociais e Interdisciplinaridade: Utopia ou Realidade?\u201d, visando promover a reflex\u00e3o sobre as quest\u00f5es que perpassam o cen\u00e1rio atual, bem como o papel do cientista em pleno s\u00e9culo XXI, seus novos rumos e desafios.<br \/>\nData: de 29 de novembro a 03 dezembro de 2010<br \/>\nLocais: Faculdade de Arquitetura e Urbanismo \u2013 FAURB e<br \/>\nInstituto de Sociologia e Pol\u00edtica \u2013 ISP<br \/>\nEndere\u00e7o FAURB: Rua Benjamim Constant, 1359. Pelotas\/RS \u2013 Brasil<br \/>\nEndere\u00e7o ISP: Rua Alberto Rosa 154. Pelotas\/RS \u2013 Brasil<\/p>\n<p>EDITAL para envio de trabalhos para a Mostra de Pesquisa e Extens\u00e3o:<br \/>\n<a href=\"https:\/\/wp.ufpel.edu.br\/cienciassociais\/files\/2010\/10\/CONDI\u00c7\u00d5ES-PARA-O-ENVIO-DOS-TRABALHOS.pdf\">EDITAL MOSTRA DE PESQUISA E EXTENS\u00c3O SEMANA ACAD\u00caMICA<\/a><\/p>\n<p><strong>Veja, abaixo, a programa\u00e7\u00e3o completa da Semana Acad\u00eamica:<\/strong><\/p>\n<p><strong>Segunda Feira \u2013 Dia 29\/11<\/strong><\/p>\n<p>TARDE<\/p>\n<p>CREDENCIAMENTO &#8211; 15h00<br \/>\nSal\u00e3o FAURB<\/p>\n<p>Apresenta\u00e7\u00e3o Cultural \u2013 16h00<br \/>\nProjeto Quilombos das Artes &#8211; pe\u00e7a \u201cSuper-her\u00f3is\u201d (UFPel)<br \/>\nLocal: Audit\u00f3rio da FAURB<\/p>\n<p>Lan\u00e7amento do livro \u201cEnsaios de Sociologia e Pol\u00edtica\u201d, organizado por Ros\u00e2ngela Schulz<br \/>\nCoffee break \u2013 16h30<br \/>\nLocal: Audit\u00f3rio da FAURB<\/p>\n<p>Abertura Solene \u2013 17h30<br \/>\nLocal: Audit\u00f3rio da FAURB<\/p>\n<p>NOITE<\/p>\n<p>Palestra de abertura \u2013 19h00<br \/>\nTema: Direitos humanos e cidadania<br \/>\nPalestrante: Prof.\u00aa Dr.\u00aa Sheila Stolz (FURG)<br \/>\nLocal: Audit\u00f3rio da FAURB<\/p>\n<p><strong>Ter\u00e7a Feira \u2013 Dia 30\/11 <\/strong><\/p>\n<p>MANH\u00c3<\/p>\n<p>Mini-Curso \u2013 9h00<br \/>\nTema: G\u00eanero e pol\u00edtica: A participa\u00e7\u00e3o da mulher no Brasil<br \/>\nMinistrante: Prof.\u00aa Dr.\u00aa Ros\u00e2ngela Schulz \u2013 UFPEL<br \/>\nLocal: Sala 201 ISP<\/p>\n<p>TARDE<\/p>\n<p>Mostra de trabalhos &#8211; 14h00<\/p>\n<p>Mesa redonda \u2013 16h00<br \/>\nTema: Uni\u00e3o homo afetiva como entidade familiar<br \/>\nDebatedores:<br \/>\nProf.\u00aa Msc. Deise Azevedo Longaray (FURG)<br \/>\nSr. Ricardo Santos e Sr. L\u00e9o Beone &#8211; Associa\u00e7\u00e3o LGBT de Pelotas<br \/>\nProf. Dr. Andr\u00e9 Sidnei Musskopf (te\u00f3logo e escritor ga\u00facho)<br \/>\nLocal: Audit\u00f3rio da FAURB<\/p>\n<p>NOITE<\/p>\n<p>Palestra \u2013 19h00<br \/>\nTema: Produ\u00e7\u00e3o do conhecimento na periferia.<br \/>\nPalestrante. Prof. Dr. Fabr\u00edcio Monteiro Neves (UFSM)<br \/>\nLocal: Audit\u00f3rio da FAURB<\/p>\n<p><strong>Quarta Feira \u2013 Dia 01\/12 <\/strong><\/p>\n<p>MANH\u00c3<\/p>\n<p>Mini-Curso \u2013 9h00 ~ 11h00<br \/>\nTema: O desafio da Interdisciplinaridade<br \/>\nMinistrante: Prof. Dr. L\u00e9o Peixoto Rodrigues \u2013 UFPEL<br \/>\nLocal: Sala 201 ISP<\/p>\n<p>TARDE<\/p>\n<p>Mostra de trabalhos &#8211; 14h00<\/p>\n<p>Mostra de filme \u2013 16h00<br \/>\nTema: Uma percep\u00e7\u00e3o cultural da alimenta\u00e7\u00e3o<br \/>\nFilme: Hist\u00f3rias de Cozinha (Salmer fra Kjokkenet) \u2013 Bent Hamer \u2013 Noruega, Su\u00e9cia \u2013 2003 \u2013 95 min<br \/>\nNome da debatedora: Prof.\u00aa Dr.\u00aa Renata Menasche (UFPEL)<br \/>\nLocal: Audit\u00f3rio da FAURB<\/p>\n<p>NOITE<\/p>\n<p>Painel \u2013 19h00<br \/>\nTema: Corrup\u00e7\u00e3o na pol\u00edtica brasileira e improbidade administrativa x \u00e9tica<br \/>\nNome do Palestrante: Marcus Vinicius Madeira &#8211; Advogado e Servidor P\u00fablico da Justi\u00e7a do RS.<br \/>\nProf . Msc. Renato Della Vechia (UCPel)<br \/>\nLocal: Audit\u00f3rio da FAURB<\/p>\n<p><strong>Quinta-Feira \u2013 Dia 02\/12<\/strong><\/p>\n<p>MANH\u00c3<\/p>\n<p>Mini Curso \u2013 9h00<br \/>\nTema: Economia Solid\u00e1ria<br \/>\nMinistrante: Prof. Dr. Ant\u00f4nio Cruz \u2013 UFPEL<br \/>\nLocal: Sala 201 ISP<\/p>\n<p>TARDE<\/p>\n<p>Mostra de trabalhos &#8211; 14h00<\/p>\n<p>Mesa Redonda \u2013 16h00<br \/>\nTema: Cidadania Ecol\u00f3gica e estimulo ao consumo.<br \/>\nDebatedores: Prof. Dr. Daniel Prado (FURG)<br \/>\nProf. Msc. Paulo Roberto Quintana Rodrigues (UFPEL)<br \/>\nProf. Msc. Daniel Eslab\u00e3o (UFPEL)<br \/>\nLocal: Audit\u00f3rio da FAURB<\/p>\n<p>NOITE<\/p>\n<p>Painel \u2013 19h00<br \/>\nTema: Cultura e comportamento eleitoral<br \/>\nPalestrante:<br \/>\nProf. Dr. Aloisio Ruscheinsks (UNISINOS)<br \/>\nProf. Dr. Gustavo Muller (UFSM)<br \/>\nLocal: Audit\u00f3rio da FAURB<\/p>\n<p><strong>Sexta-Feira \u2013 Dia 03\/12<\/strong><\/p>\n<p>MANH\u00c3<\/p>\n<p>Mini-curso 9h00<br \/>\nTema: Assessoria Popular<br \/>\nMinistrantes: Grupo SURJA \u2013 UFPel<br \/>\nLocal: Sala 201 ISP<\/p>\n<p>TARDE<\/p>\n<p>Mostra de trabalhos &#8211; 14h00<\/p>\n<p>Mesa Redonda \u2013 16h00<br \/>\n\u201cTema: A Sociologia no ensino medio: o cen\u00e1rio ap\u00f3s a lei n. 11.684\u201d.<br \/>\nNome dos debatedores:<br \/>\nProf. Dr. Francisco Vargas \u2013 UFPel<br \/>\nProf. Alexandra Mascarenhas &#8211; IFSul<br \/>\nProf. Msc. Everton Marins &#8211; FURG<br \/>\nLocal: Audit\u00f3rio da FAURB<\/p>\n<p>NOITE<\/p>\n<p>Painel \u2013 19h00<br \/>\nTema: Interdisciplinaridade nas Ci\u00eancias Sociais: um di\u00e1logo necess\u00e1rio.<br \/>\nNome dos Painelistas<br \/>\nProf. Dr. Francisco Vargas \u2013 UFPel<br \/>\nProf. Dr. Rog\u00e9rio Reus Gon\u00e7alves da Rosa \u2013 UFPel<br \/>\nProf.\u00aa Dr.\u00aa Maria Am\u00e9lia Soares Dias da Costa &#8211; UFPel<br \/>\nLocal: Audit\u00f3rio da FAURB<\/p>\n<p><strong>Apresenta\u00e7\u00e3o de trabalhos cient\u00edficos: <\/strong><br \/>\nAs apresenta\u00e7\u00f5es dos trabalhos cient\u00edficos ocorrer\u00e3o do dia 30 de novembro a 03 dezembro de 2010, conforme programa\u00e7\u00e3o abaixo:<\/p>\n<p>Data: 30\/11\/2010 a 03\/12\/2010<br \/>\nHor\u00e1rios: 14:00h~15h45<br \/>\nLocal: FAURB<br \/>\nENDERE\u00c7O FAURB: Rua Benjamim Constant, 1359. Pelotas\/RS \u2013 Brasil<\/p>\n<p>SESS\u00c3O DE POSTER:<br \/>\nData: 30\/11\/2010 a 03\/12\/2010<br \/>\nHor\u00e1rio: 14:00h~15h30<br \/>\nLocal: FAURB<br \/>\nAvalia\u00e7\u00e3o : 03\/12 \u2013 17h00 \u2013 18h00<br \/>\nENDERE\u00c7O: Rua Benjamim Constant, 1359. Pelotas\/RS \u2013 Brasil<\/p>\n<p>Aos alunos que apresentar\u00e3o comunica\u00e7\u00e3o, solicitamos a chegada com 10 minutos de anteced\u00eancia do in\u00edcio das apresenta\u00e7\u00f5es.<br \/>\n\u00c9 imprescind\u00edvel a perman\u00eancia de todos os alunos durante as apresenta\u00e7\u00f5es de seus trabalhos<\/p>\n<p>Contato:<br \/>\nE-mail: cstrabalhos2010@gmail.com<br \/>\nEndere\u00e7o: Universidade Federal de Pelotas<br \/>\nCampus das Ci\u00eancias Sociais<br \/>\nRua Cel. Alberto Rosa, 154 &#8211; Pelotas\/RS<br \/>\nCEP: 96010-770<\/p>\n","protected":false},"excerpt":{"rendered":"<p>A Semana Acad\u00eamica de Ci\u00eancias Sociais\u00a0 ocorreu entre os dias\u00a0 4\/11 a 8\/11\/2019. Maiores informa\u00e7\u00f5es sobre a programa\u00e7\u00e3o veja\u00a0\u00a0o link\u00a0 da Semana Acad\u00eamica: https:\/\/m.facebook.com\/Semana-Acad\u00eamica-de-Ci\u00eancias-Sociais-2019-102265297849262\/ A PROGRAMA\u00c7\u00c3O DA SEMANA ACAD\u00caMICA DAS CI\u00caNCIAS SOCIAIS- 2019: TEMA GERAL: \u201cCRISE SOCIAL: AS VEIAS ABERTAS DA AM\u00c9RICA LATINA\u201d INSCRI\u00c7\u00c3O E CREDENCIAMENTO NO DIA 4\/11\/2019, das\u00a018 as 19: 30\u00a0Hora &#8211; SAGU\u00c3O [&hellip;]<\/p>\n","protected":false},"author":56,"featured_media":0,"parent":0,"menu_order":7,"comment_status":"closed","ping_status":"closed","template":"","meta":{"footnotes":""},"class_list":["post-200","page","type-page","status-publish","hentry"],"_links":{"self":[{"href":"https:\/\/wp.ufpel.edu.br\/cienciassociais\/wp-json\/wp\/v2\/pages\/200","targetHints":{"allow":["GET"]}}],"collection":[{"href":"https:\/\/wp.ufpel.edu.br\/cienciassociais\/wp-json\/wp\/v2\/pages"}],"about":[{"href":"https:\/\/wp.ufpel.edu.br\/cienciassociais\/wp-json\/wp\/v2\/types\/page"}],"author":[{"embeddable":true,"href":"https:\/\/wp.ufpel.edu.br\/cienciassociais\/wp-json\/wp\/v2\/users\/56"}],"replies":[{"embeddable":true,"href":"https:\/\/wp.ufpel.edu.br\/cienciassociais\/wp-json\/wp\/v2\/comments?post=200"}],"version-history":[{"count":27,"href":"https:\/\/wp.ufpel.edu.br\/cienciassociais\/wp-json\/wp\/v2\/pages\/200\/revisions"}],"predecessor-version":[{"id":1562,"href":"https:\/\/wp.ufpel.edu.br\/cienciassociais\/wp-json\/wp\/v2\/pages\/200\/revisions\/1562"}],"wp:attachment":[{"href":"https:\/\/wp.ufpel.edu.br\/cienciassociais\/wp-json\/wp\/v2\/media?parent=200"}],"curies":[{"name":"wp","href":"https:\/\/api.w.org\/{rel}","templated":true}]}}