{"id":1462,"date":"2024-03-12T17:12:01","date_gmt":"2024-03-12T20:12:01","guid":{"rendered":"https:\/\/wp.ufpel.edu.br\/cienciassociais\/?page_id=1462"},"modified":"2024-03-12T17:12:01","modified_gmt":"2024-03-12T20:12:01","slug":"estagio-bacharelado","status":"publish","type":"page","link":"https:\/\/wp.ufpel.edu.br\/cienciassociais\/estagio-bacharelado\/","title":{"rendered":"Est\u00e1gio Bacharelado"},"content":{"rendered":"<p>No Curso de Ci\u00eancias Sociais, os est\u00e1gios podem ser classificados como obrigat\u00f3rios ou n\u00e3o obrigat\u00f3rios, a regulamenta\u00e7\u00e3o dos mesmos estando especificada nos projetos pedag\u00f3gicos.<\/p>\n<p>No Bacharelado, existe apenas o est\u00e1gio n\u00e3o obrigat\u00f3rio, conforme est\u00e1 detalhado no documento abaixo:<\/p>\n<p><a href=\"https:\/\/wp.ufpel.edu.br\/cienciassociais\/files\/2010\/05\/Est\u00e1gios-Ci\u00eancias-Sociais-Bacharelado.pdf\">Est\u00e1gios Ci\u00eancias Sociais Bacharelado<\/a><\/p>\n","protected":false},"excerpt":{"rendered":"<p>No Curso de Ci\u00eancias Sociais, os est\u00e1gios podem ser classificados como obrigat\u00f3rios ou n\u00e3o obrigat\u00f3rios, a regulamenta\u00e7\u00e3o dos mesmos estando especificada nos projetos pedag\u00f3gicos. No Bacharelado, existe apenas o est\u00e1gio n\u00e3o obrigat\u00f3rio, conforme est\u00e1 detalhado no documento abaixo: Est\u00e1gios Ci\u00eancias Sociais Bacharelado<\/p>\n","protected":false},"author":1247,"featured_media":0,"parent":0,"menu_order":0,"comment_status":"closed","ping_status":"closed","template":"","meta":{"footnotes":""},"class_list":["post-1462","page","type-page","status-publish","hentry"],"_links":{"self":[{"href":"https:\/\/wp.ufpel.edu.br\/cienciassociais\/wp-json\/wp\/v2\/pages\/1462","targetHints":{"allow":["GET"]}}],"collection":[{"href":"https:\/\/wp.ufpel.edu.br\/cienciassociais\/wp-json\/wp\/v2\/pages"}],"about":[{"href":"https:\/\/wp.ufpel.edu.br\/cienciassociais\/wp-json\/wp\/v2\/types\/page"}],"author":[{"embeddable":true,"href":"https:\/\/wp.ufpel.edu.br\/cienciassociais\/wp-json\/wp\/v2\/users\/1247"}],"replies":[{"embeddable":true,"href":"https:\/\/wp.ufpel.edu.br\/cienciassociais\/wp-json\/wp\/v2\/comments?post=1462"}],"version-history":[{"count":1,"href":"https:\/\/wp.ufpel.edu.br\/cienciassociais\/wp-json\/wp\/v2\/pages\/1462\/revisions"}],"predecessor-version":[{"id":1466,"href":"https:\/\/wp.ufpel.edu.br\/cienciassociais\/wp-json\/wp\/v2\/pages\/1462\/revisions\/1466"}],"wp:attachment":[{"href":"https:\/\/wp.ufpel.edu.br\/cienciassociais\/wp-json\/wp\/v2\/media?parent=1462"}],"curies":[{"name":"wp","href":"https:\/\/api.w.org\/{rel}","templated":true}]}}