{"id":1440,"date":"2024-03-12T16:19:09","date_gmt":"2024-03-12T19:19:09","guid":{"rendered":"https:\/\/wp.ufpel.edu.br\/cienciassociais\/?page_id=1440"},"modified":"2025-04-18T10:55:06","modified_gmt":"2025-04-18T13:55:06","slug":"fluxograma-bacharelado","status":"publish","type":"page","link":"https:\/\/wp.ufpel.edu.br\/cienciassociais\/fluxograma-bacharelado\/","title":{"rendered":"Fluxograma &#8211; Bacharelado"},"content":{"rendered":"<p>CS \u2013 Bacharelado Projeto Pedag\u00f3gico \u2013 <strong>2024<\/strong><\/p>\n<p>Elementos estruturais da organiza\u00e7\u00e3o do Curso<\/p>\n<p><a href=\"https:\/\/wp.ufpel.edu.br\/cienciassociais\/files\/2025\/04\/Representacao-Grafica-do-Perfil-de-Formacao-extraida-do-Projeto-Pedagogico-de-Curso-BACHARELADO.pdf\">Representa\u00e7\u00e3o Gr\u00e1fica do Perfil de Forma\u00e7\u00e3o extra\u00edda do Projeto Pedag\u00f3gico de Curso &#8211; BACHARELADO<\/a><\/p>\n<p>&nbsp;<\/p>\n<p>CS &#8211; Bacharelado &#8211; Fluxograma &#8211; <strong>2016<\/strong><\/p>\n<p><a href=\"https:\/\/wp.ufpel.edu.br\/cienciassociais\/files\/2025\/04\/Fluxograma-BAC-2016.pdf\">Fluxograma BAC 2016<\/a><\/p>\n<p>&nbsp;<\/p>\n","protected":false},"excerpt":{"rendered":"<p>CS \u2013 Bacharelado Projeto Pedag\u00f3gico \u2013 2024 Elementos estruturais da organiza\u00e7\u00e3o do Curso Representa\u00e7\u00e3o Gr\u00e1fica do Perfil de Forma\u00e7\u00e3o extra\u00edda do Projeto Pedag\u00f3gico de Curso &#8211; BACHARELADO &nbsp; CS &#8211; Bacharelado &#8211; Fluxograma &#8211; 2016 Fluxograma BAC 2016 &nbsp;<\/p>\n","protected":false},"author":56,"featured_media":0,"parent":0,"menu_order":0,"comment_status":"closed","ping_status":"closed","template":"","meta":{"footnotes":""},"class_list":["post-1440","page","type-page","status-publish","hentry"],"_links":{"self":[{"href":"https:\/\/wp.ufpel.edu.br\/cienciassociais\/wp-json\/wp\/v2\/pages\/1440","targetHints":{"allow":["GET"]}}],"collection":[{"href":"https:\/\/wp.ufpel.edu.br\/cienciassociais\/wp-json\/wp\/v2\/pages"}],"about":[{"href":"https:\/\/wp.ufpel.edu.br\/cienciassociais\/wp-json\/wp\/v2\/types\/page"}],"author":[{"embeddable":true,"href":"https:\/\/wp.ufpel.edu.br\/cienciassociais\/wp-json\/wp\/v2\/users\/56"}],"replies":[{"embeddable":true,"href":"https:\/\/wp.ufpel.edu.br\/cienciassociais\/wp-json\/wp\/v2\/comments?post=1440"}],"version-history":[{"count":5,"href":"https:\/\/wp.ufpel.edu.br\/cienciassociais\/wp-json\/wp\/v2\/pages\/1440\/revisions"}],"predecessor-version":[{"id":1666,"href":"https:\/\/wp.ufpel.edu.br\/cienciassociais\/wp-json\/wp\/v2\/pages\/1440\/revisions\/1666"}],"wp:attachment":[{"href":"https:\/\/wp.ufpel.edu.br\/cienciassociais\/wp-json\/wp\/v2\/media?parent=1440"}],"curies":[{"name":"wp","href":"https:\/\/api.w.org\/{rel}","templated":true}]}}