{"id":477,"date":"2022-12-14T13:06:32","date_gmt":"2022-12-14T16:06:32","guid":{"rendered":"https:\/\/wp.ufpel.edu.br\/cienciasbiologicas\/?page_id=477"},"modified":"2024-10-17T14:23:48","modified_gmt":"2024-10-17T17:23:48","slug":"optativas","status":"publish","type":"page","link":"https:\/\/wp.ufpel.edu.br\/cienciasbiologicas\/optativas\/","title":{"rendered":"Introdu\u00e7\u00e3o ao sistema nervoso"},"content":{"rendered":"<p style=\"text-align: justify;\"><strong><img class=\"wp-image-679 aligncenter\" src=\"https:\/\/wp.ufpel.edu.br\/cienciasbiologicas\/files\/2024\/10\/image-removebg-preview-2-400x400.png\" alt=\"\" width=\"207\" height=\"207\" srcset=\"https:\/\/wp.ufpel.edu.br\/cienciasbiologicas\/files\/2024\/10\/image-removebg-preview-2-400x400.png 400w, https:\/\/wp.ufpel.edu.br\/cienciasbiologicas\/files\/2024\/10\/image-removebg-preview-2-200x200.png 200w, https:\/\/wp.ufpel.edu.br\/cienciasbiologicas\/files\/2024\/10\/image-removebg-preview-2.png 500w\" sizes=\"(max-width: 207px) 100vw, 207px\" \/><\/strong><\/p>\n<p style=\"text-align: justify;\"><strong>O sistema nervoso \u00e9 respons\u00e1vel por regular e coordenar as atividades do corpo, permitindo a comunica\u00e7\u00e3o entre diferentes partes e o ambiente externo. Ele \u00e9 dividido em duas principais partes: o Sistema Nervoso Central (SNC) e o Sistema Nervoso Perif\u00e9rico (SNP).<\/strong><\/p>\n<p style=\"text-align: justify;\">1. Sistema Nervoso Central (SNC)<\/p>\n<p style=\"text-align: justify;\">1.1 Estrutura<br \/>\n\u25cf C\u00e9rebro: A parte mais complexa do SNC, dividida em:<br \/>\n\u25cb C\u00f3rtex Cerebral: respons\u00e1vel por fun\u00e7\u00f5es cognitivas superiores, como pensamento e linguagem.<br \/>\n\u25cb Cerebelo: coordena movimentos e equilibra.<br \/>\n\u25cb Tronco Encef\u00e1lico: controla fun\u00e7\u00f5es autom\u00e1ticas, como respira\u00e7\u00e3o e batimentos card\u00edacos.\u00a0 \u00a0 \u00a0 \u00a0 \u00a0 \u00a0 \u00a0 \u00a0 \u00a0 \u00a0 \u00a0 \u00a0 \u00a0 \u00a0 \u00a0 \u00a0 \u00a0 \u00a0 \u00a0 \u00a0 \u00a0 \u00a0 \u00a0 \u25cf Medula Espinhal: Conecta o c\u00e9rebro ao corpo, transmitindo sinais nervosos e coordenando reflexos.<\/p>\n<p style=\"text-align: justify;\">1.2 Fun\u00e7\u00f5es<br \/>\n\u25cf Processamento de Informa\u00e7\u00f5es: Interpreta est\u00edmulos sensoriais.<br \/>\n\u25cf Controle Motor: Coordena e executa movimentos.<br \/>\n\u25cf Fun\u00e7\u00f5es Cognitivas: Racioc\u00ednio, aprendizado e mem\u00f3ria.<br \/>\n\u25cf Regula\u00e7\u00e3o Emocional: Influencia estados emocionais e comportamentos.<\/p>\n<p style=\"text-align: justify;\">2. Sistema Nervoso Perif\u00e9rico (SNP)<\/p>\n<p style=\"text-align: justify;\">2.1 Estrutura<br \/>\n\u25cf Nervos Perif\u00e9ricos: Conjunto de nervos que se estendem por todo o corpo,<br \/>\ndivididos em:<br \/>\n\u25cb NervosSensitivos: Transmitem informa\u00e7\u00f5es dos \u00f3rg\u00e3os dos sentidos ao<br \/>\nSNC.<br \/>\n\u25cb NervosMotores: Enviam comandos do SNC para os m\u00fasculos e gl\u00e2ndulas.<br \/>\n\u25cf Divis\u00e3o Aut\u00f4noma: Controla fun\u00e7\u00f5es involunt\u00e1rias, dividido em:<br \/>\n\u25cb Sistema Simp\u00e1tico: Prepara o corpo para situa\u00e7\u00f5es de estresse (luta ou<br \/>\nfuga).<br \/>\n\u25cb Sistema Parassimp\u00e1tico: Promove o relaxamento e a conserva\u00e7\u00e3o de<br \/>\nenergia.<\/p>\n<p style=\"text-align: justify;\">2.2 Fun\u00e7\u00f5es<br \/>\n\u25cf Conex\u00e3o: Facilita a comunica\u00e7\u00e3o entre o SNC e o restante do corpo.<br \/>\n\u25cf Resposta ao Ambiente: Permite que o corpo reaja a est\u00edmulos externos e internos.<br \/>\n\u25cf Regula\u00e7\u00e3o de Fun\u00e7\u00f5es Aut\u00f4nomas: Mant\u00e9m a homeostase, controlando fun\u00e7\u00f5es<br \/>\ncomo a digest\u00e3o e a frequ\u00eancia card\u00edaca.<\/p>\n<p style=\"text-align: justify;\">3. Intera\u00e7\u00e3o entre SNC e SNP<\/p>\n<p style=\"text-align: justify;\">\u25cf Integra\u00e7\u00e3o: O SNC processa as informa\u00e7\u00f5es recebidas do SNP e, em resposta,<br \/>\nenvia comandos de volta.<br \/>\n\u25cf Reflexos: Algumas respostas (reflexos) ocorrem rapidamente atrav\u00e9s de circuitos<br \/>\nneurais simples que envolvem tanto o SNC quanto o SNP, permitindo rea\u00e7\u00f5es<br \/>\nr\u00e1pidas a est\u00edmulos.<\/p>\n<p style=\"text-align: justify;\">4. Doen\u00e7as e Dist\u00farbios<\/p>\n<p style=\"text-align: justify;\">\u25cf SNC:<br \/>\n\u25cb Acidente Vascular Cerebral (AVC)<br \/>\n\u25cb Esclerose M\u00faltipla<br \/>\n\u25cb Doen\u00e7a de Alzheimer<\/p>\n<p style=\"text-align: justify;\">\u25cf SNP:<br \/>\n\u25cb Neuropatia Perif\u00e9rica<br \/>\n\u25cb S\u00edndrome de Guillain-Barr\u00e9<\/p>\n<p>&nbsp;<\/p>\n<p><strong>Material complementar:<\/strong><\/p>\n<p><a href=\"https:\/\/www2.ibb.unesp.br\/departamentos\/Morfologia\/material_didatico\/Profa_Maeli\/Aulas_Bio\/Aula_nervoso.pdf\">https:\/\/www2.ibb.unesp.br\/departamentos\/Morfologia\/material_didatico\/Profa_Maeli\/Aulas_Bio\/Aula_nervoso.pdf<\/a><\/p>\n<p><a href=\"https:\/\/edisciplinas.usp.br\/pluginfile.php\/4476305\/mod_resource\/content\/1\/Sist-Nervoso.pdf\">https:\/\/edisciplinas.usp.br\/pluginfile.php\/4476305\/mod_resource\/content\/1\/Sist-Nervoso.pdf<\/a><\/p>\n","protected":false},"excerpt":{"rendered":"<p>O sistema nervoso \u00e9 respons\u00e1vel por regular e coordenar as atividades do corpo, permitindo a comunica\u00e7\u00e3o entre diferentes partes e o ambiente externo. Ele \u00e9 dividido em duas principais partes: o Sistema Nervoso Central (SNC) e o Sistema Nervoso Perif\u00e9rico (SNP). 1. Sistema Nervoso Central (SNC) 1.1 Estrutura \u25cf C\u00e9rebro: A parte mais complexa do [&hellip;]<\/p>\n","protected":false},"author":1233,"featured_media":0,"parent":0,"menu_order":0,"comment_status":"closed","ping_status":"closed","template":"","meta":{"footnotes":""},"class_list":["post-477","page","type-page","status-publish","hentry"],"_links":{"self":[{"href":"https:\/\/wp.ufpel.edu.br\/cienciasbiologicas\/wp-json\/wp\/v2\/pages\/477","targetHints":{"allow":["GET"]}}],"collection":[{"href":"https:\/\/wp.ufpel.edu.br\/cienciasbiologicas\/wp-json\/wp\/v2\/pages"}],"about":[{"href":"https:\/\/wp.ufpel.edu.br\/cienciasbiologicas\/wp-json\/wp\/v2\/types\/page"}],"author":[{"embeddable":true,"href":"https:\/\/wp.ufpel.edu.br\/cienciasbiologicas\/wp-json\/wp\/v2\/users\/1233"}],"replies":[{"embeddable":true,"href":"https:\/\/wp.ufpel.edu.br\/cienciasbiologicas\/wp-json\/wp\/v2\/comments?post=477"}],"version-history":[{"count":15,"href":"https:\/\/wp.ufpel.edu.br\/cienciasbiologicas\/wp-json\/wp\/v2\/pages\/477\/revisions"}],"predecessor-version":[{"id":681,"href":"https:\/\/wp.ufpel.edu.br\/cienciasbiologicas\/wp-json\/wp\/v2\/pages\/477\/revisions\/681"}],"wp:attachment":[{"href":"https:\/\/wp.ufpel.edu.br\/cienciasbiologicas\/wp-json\/wp\/v2\/media?parent=477"}],"curies":[{"name":"wp","href":"https:\/\/api.w.org\/{rel}","templated":true}]}}