{"id":248,"date":"2022-09-14T10:23:17","date_gmt":"2022-09-14T13:23:17","guid":{"rendered":"https:\/\/wp.ufpel.edu.br\/cienciasbiologicas\/?page_id=248"},"modified":"2022-09-14T11:03:45","modified_gmt":"2022-09-14T14:03:45","slug":"atribuicoes-do-colegiado-e-coordenacao-do-curso","status":"publish","type":"page","link":"https:\/\/wp.ufpel.edu.br\/cienciasbiologicas\/atribuicoes-do-colegiado-e-coordenacao-do-curso\/","title":{"rendered":"Atribui\u00e7\u00f5es do Colegiado e Coordena\u00e7\u00e3o do Curso"},"content":{"rendered":"<p style=\"text-align: justify;\"><strong>Art.126 \u2013 As atribui\u00e7\u00f5es dos Colegiados de Cursos:<\/strong><\/p>\n<p style=\"text-align: justify;\">I coordenar e supervisionar o curso;<br \/>\nII receber reclama\u00e7\u00f5es e recursos na \u00e1rea do ensino;<br \/>\nIII apreciar os pedidos de transfer\u00eancia e estudar os casos de equival\u00eancia de disciplinas de outras Universidades ou Unidades de Ensino para efeitos de transfer\u00eancia;<br \/>\nIV elaborar ou rever o curr\u00edculo, submetendo-o ao Conselho Coordenador do Ensino da Pesquisa e da Extens\u00e3o;<br \/>\nV propor ao Conselho Coordenador do Ensino da Pesquisa e da Extens\u00e3o, a organiza\u00e7\u00e3o curricular dos cursos correspondentes;<br \/>\nVI emitir parecer sobre os processos relativos a aproveitamento de estudos e adapta\u00e7\u00e3o, mediante requerimento dos interessados;<br \/>\nVII assegurar a articula\u00e7\u00e3o entre o ciclo b\u00e1sico e o ciclo profissional do curso correspondente;<br \/>\nVIII estabelecer normas para o desempenho dos professores orientadores;<br \/>\nIX emitir parecer sobre recursos ou representa\u00e7\u00f5es de alunos sobre mat\u00e9ria did\u00e1tica;<br \/>\nX aprovar o Plano de Ensino das disciplinas do curso correspondente;<br \/>\nXI aprovar a lista de ofertas das disciplinas do curso correspondente para cada per\u00edodo letivo;<br \/>\nXII propor aos Departamentos correspondentes os hor\u00e1rios mais convenientes para as disciplinas de seu interesse;<br \/>\nXIII elaborar seu Regimento, para aprova\u00e7\u00e3o pelo Conselho Coordenador do Ensino da Pesquisa e da Extens\u00e3o.<\/p>\n<p><strong>Art.127<\/strong> \u2013 Compete ao Coordenador do Curso;<br \/>\nI integrar o Conselho Universit\u00e1rio , quando for o caso;<br \/>\nII presidir os trabalhos do Colegiado de Cursos;<br \/>\nIII responder, perante o Conselho Coordenador do Ensino da Pesquisa e da Extens\u00e3o, pela efici\u00eancia do planejamento e coordena\u00e7\u00e3o das atividades de ensino do curso correspondente;<br \/>\nIV fiscalizar o cumprimento da legisla\u00e7\u00e3o federal de ensino relativa ao curso;<br \/>\nV coordenar a atividade de orienta\u00e7\u00e3o discente no \u00e2mbito do respectivo curso;<br \/>\nVI designar os professores-orientadores;<br \/>\nVII receber e encaminhar os processos dirigidos ao Colegiado de Curso;<br \/>\nVIII solicitar aos chefes de Departamentos as provid\u00eancias necess\u00e1rias ao regular funcionamento do curso;<br \/>\nIX cumprir e fazer cumprir as decis\u00f5es do Colegiado de Curso;<br \/>\nX assegurar o regular funcionamento do colegiado de curso, dentro das normas do Estatuto e do Regimento da Universidade e Resolu\u00e7\u00e3o do Conselho Coordenador do Ensino da Pesquisa e da Extens\u00e3o;<br \/>\nXI comunicar ao Diretor da Unidade correspondente as faltas n\u00e3o justificadas de professores \u00e0s reuni\u00f5es do Colegiado.<\/p>\n<blockquote class=\"wp-embedded-content\" data-secret=\"B8G5P1P5O3\"><p><a href=\"https:\/\/wp.ufpel.edu.br\/scs\/regimento\/\">Regimento<\/a><\/p><\/blockquote>\n<p><iframe class=\"wp-embedded-content\" sandbox=\"allow-scripts\" security=\"restricted\" style=\"position: absolute; clip: rect(1px, 1px, 1px, 1px);\" title=\"&#8220;Regimento&#8221; &#8212; Secretaria dos Conselhos Superiores\" src=\"https:\/\/wp.ufpel.edu.br\/scs\/regimento\/embed\/#?secret=KU9iaaXmMJ#?secret=B8G5P1P5O3\" data-secret=\"B8G5P1P5O3\" width=\"500\" height=\"282\" frameborder=\"0\" marginwidth=\"0\" marginheight=\"0\" scrolling=\"no\"><\/iframe><\/p>\n","protected":false},"excerpt":{"rendered":"<p>Art.126 \u2013 As atribui\u00e7\u00f5es dos Colegiados de Cursos: I coordenar e supervisionar o curso; II receber reclama\u00e7\u00f5es e recursos na \u00e1rea do ensino; III apreciar os pedidos de transfer\u00eancia e estudar os casos de equival\u00eancia de disciplinas de outras Universidades ou Unidades de Ensino para efeitos de transfer\u00eancia; IV elaborar ou rever o curr\u00edculo, submetendo-o [&hellip;]<\/p>\n","protected":false},"author":1233,"featured_media":0,"parent":0,"menu_order":0,"comment_status":"closed","ping_status":"closed","template":"","meta":{"footnotes":""},"class_list":["post-248","page","type-page","status-publish","hentry"],"_links":{"self":[{"href":"https:\/\/wp.ufpel.edu.br\/cienciasbiologicas\/wp-json\/wp\/v2\/pages\/248","targetHints":{"allow":["GET"]}}],"collection":[{"href":"https:\/\/wp.ufpel.edu.br\/cienciasbiologicas\/wp-json\/wp\/v2\/pages"}],"about":[{"href":"https:\/\/wp.ufpel.edu.br\/cienciasbiologicas\/wp-json\/wp\/v2\/types\/page"}],"author":[{"embeddable":true,"href":"https:\/\/wp.ufpel.edu.br\/cienciasbiologicas\/wp-json\/wp\/v2\/users\/1233"}],"replies":[{"embeddable":true,"href":"https:\/\/wp.ufpel.edu.br\/cienciasbiologicas\/wp-json\/wp\/v2\/comments?post=248"}],"version-history":[{"count":3,"href":"https:\/\/wp.ufpel.edu.br\/cienciasbiologicas\/wp-json\/wp\/v2\/pages\/248\/revisions"}],"predecessor-version":[{"id":272,"href":"https:\/\/wp.ufpel.edu.br\/cienciasbiologicas\/wp-json\/wp\/v2\/pages\/248\/revisions\/272"}],"wp:attachment":[{"href":"https:\/\/wp.ufpel.edu.br\/cienciasbiologicas\/wp-json\/wp\/v2\/media?parent=248"}],"curies":[{"name":"wp","href":"https:\/\/api.w.org\/{rel}","templated":true}]}}