{"id":175,"date":"2022-08-11T20:10:54","date_gmt":"2022-08-11T23:10:54","guid":{"rendered":"https:\/\/wp.ufpel.edu.br\/cienciasbiologicas\/?page_id=175"},"modified":"2022-12-01T14:58:57","modified_gmt":"2022-12-01T17:58:57","slug":"nucleo-docente-estruturante","status":"publish","type":"page","link":"https:\/\/wp.ufpel.edu.br\/cienciasbiologicas\/nucleo-docente-estruturante\/","title":{"rendered":"N\u00facleo Docente Estruturante"},"content":{"rendered":"<p><strong>Composi\u00e7\u00e3o NDE:<\/strong><\/p>\n<p>Prof. Ricardo Berteaux Robaldo (DFF)<br \/>\nProfa. Izabel Cristina Cust\u00f3dio de Souza (DM)<br \/>\nProfa. Marla Piumbini Rocha (DM)<br \/>\nProfa. Caroline Scherer (DB)<br \/>\nProfa. Juliana Aparecida Fernando (DB)<br \/>\nProf. Monica Laner Blauth (DEZG)<br \/>\nProfa. Juliana Cordeiro (DEZG)<br \/>\nProf. Marcos Marreiro Villela (DMP)<br \/>\nProf. Rodrigo Ferreira Kruger (DMP)<\/p>\n<p><a href=\"https:\/\/wp.ufpel.edu.br\/cienciasbiologicas\/files\/2022\/09\/PORTARIA-NDE.pdf\">PORTARIA NDE<\/a><\/p>\n<p>&nbsp;<\/p>\n","protected":false},"excerpt":{"rendered":"<p>Composi\u00e7\u00e3o NDE: Prof. Ricardo Berteaux Robaldo (DFF) Profa. Izabel Cristina Cust\u00f3dio de Souza (DM) Profa. Marla Piumbini Rocha (DM) Profa. Caroline Scherer (DB) Profa. Juliana Aparecida Fernando (DB) Prof. Monica Laner Blauth (DEZG) Profa. Juliana Cordeiro (DEZG) Prof. Marcos Marreiro Villela (DMP) Prof. Rodrigo Ferreira Kruger (DMP) PORTARIA NDE &nbsp;<\/p>\n","protected":false},"author":1233,"featured_media":0,"parent":0,"menu_order":0,"comment_status":"closed","ping_status":"closed","template":"","meta":{"footnotes":""},"class_list":["post-175","page","type-page","status-publish","hentry"],"_links":{"self":[{"href":"https:\/\/wp.ufpel.edu.br\/cienciasbiologicas\/wp-json\/wp\/v2\/pages\/175","targetHints":{"allow":["GET"]}}],"collection":[{"href":"https:\/\/wp.ufpel.edu.br\/cienciasbiologicas\/wp-json\/wp\/v2\/pages"}],"about":[{"href":"https:\/\/wp.ufpel.edu.br\/cienciasbiologicas\/wp-json\/wp\/v2\/types\/page"}],"author":[{"embeddable":true,"href":"https:\/\/wp.ufpel.edu.br\/cienciasbiologicas\/wp-json\/wp\/v2\/users\/1233"}],"replies":[{"embeddable":true,"href":"https:\/\/wp.ufpel.edu.br\/cienciasbiologicas\/wp-json\/wp\/v2\/comments?post=175"}],"version-history":[{"count":5,"href":"https:\/\/wp.ufpel.edu.br\/cienciasbiologicas\/wp-json\/wp\/v2\/pages\/175\/revisions"}],"predecessor-version":[{"id":269,"href":"https:\/\/wp.ufpel.edu.br\/cienciasbiologicas\/wp-json\/wp\/v2\/pages\/175\/revisions\/269"}],"wp:attachment":[{"href":"https:\/\/wp.ufpel.edu.br\/cienciasbiologicas\/wp-json\/wp\/v2\/media?parent=175"}],"curies":[{"name":"wp","href":"https:\/\/api.w.org\/{rel}","templated":true}]}}