{"id":117,"date":"2022-08-09T22:38:03","date_gmt":"2022-08-10T01:38:03","guid":{"rendered":"https:\/\/wp.ufpel.edu.br\/cienciasbiologicas\/?page_id=117"},"modified":"2022-09-14T11:26:23","modified_gmt":"2022-09-14T14:26:23","slug":"objetivos","status":"publish","type":"page","link":"https:\/\/wp.ufpel.edu.br\/cienciasbiologicas\/objetivos\/","title":{"rendered":"OBJETIVOS"},"content":{"rendered":"<p style=\"text-align: justify;\">O desafio para os cursos de Biologia \u00e9 romper com o modelo atual, onde se evidencia uma forte fragmenta\u00e7\u00e3o curricular, substituindo-o por um novo modelo pedag\u00f3gico, assentado sobre os pilares da flexibilidade e da interdisciplinaridade, bem como da estreita rela\u00e7\u00e3o entre teoria e pr\u00e1tica, entre contexto social e conhecimentos produzidos, numa perspectiva inovadora de forma\u00e7\u00e3o. Da mesma forma \u00e9 igualmente desafiante estabelecer modelos que atendam \u00e0s necessidades atuais e ao mesmo tempo contemplem toda a complexidade e diversidade das quest\u00f5es biol\u00f3gicas.<br \/>\nApesar de n\u00e3o ser uma tarefa simples, deve-se buscar a forma\u00e7\u00e3o de profissionais com orienta\u00e7\u00e3o generalista, humanista, cr\u00edtica e reflexiva, capazes de examinar os fatos em toda a sua complexidade e diversidade, transitando entre as esferas do biol\u00f3gico, do cultural e do social, e refor\u00e7ando a ideia de que os fen\u00f4menos biol\u00f3gicos encontram-se entrela\u00e7ados com quest\u00f5es \u00e9ticas e sociais.<\/p>\n","protected":false},"excerpt":{"rendered":"<p>O desafio para os cursos de Biologia \u00e9 romper com o modelo atual, onde se evidencia uma forte fragmenta\u00e7\u00e3o curricular, substituindo-o por um novo modelo pedag\u00f3gico, assentado sobre os pilares da flexibilidade e da interdisciplinaridade, bem como da estreita rela\u00e7\u00e3o entre teoria e pr\u00e1tica, entre contexto social e conhecimentos produzidos, numa perspectiva inovadora de forma\u00e7\u00e3o. [&hellip;]<\/p>\n","protected":false},"author":1233,"featured_media":0,"parent":0,"menu_order":0,"comment_status":"closed","ping_status":"closed","template":"","meta":{"footnotes":""},"class_list":["post-117","page","type-page","status-publish","hentry"],"_links":{"self":[{"href":"https:\/\/wp.ufpel.edu.br\/cienciasbiologicas\/wp-json\/wp\/v2\/pages\/117","targetHints":{"allow":["GET"]}}],"collection":[{"href":"https:\/\/wp.ufpel.edu.br\/cienciasbiologicas\/wp-json\/wp\/v2\/pages"}],"about":[{"href":"https:\/\/wp.ufpel.edu.br\/cienciasbiologicas\/wp-json\/wp\/v2\/types\/page"}],"author":[{"embeddable":true,"href":"https:\/\/wp.ufpel.edu.br\/cienciasbiologicas\/wp-json\/wp\/v2\/users\/1233"}],"replies":[{"embeddable":true,"href":"https:\/\/wp.ufpel.edu.br\/cienciasbiologicas\/wp-json\/wp\/v2\/comments?post=117"}],"version-history":[{"count":3,"href":"https:\/\/wp.ufpel.edu.br\/cienciasbiologicas\/wp-json\/wp\/v2\/pages\/117\/revisions"}],"predecessor-version":[{"id":290,"href":"https:\/\/wp.ufpel.edu.br\/cienciasbiologicas\/wp-json\/wp\/v2\/pages\/117\/revisions\/290"}],"wp:attachment":[{"href":"https:\/\/wp.ufpel.edu.br\/cienciasbiologicas\/wp-json\/wp\/v2\/media?parent=117"}],"curies":[{"name":"wp","href":"https:\/\/api.w.org\/{rel}","templated":true}]}}